{"id":13714,"date":"2019-09-29T15:00:15","date_gmt":"2019-09-29T13:00:15","guid":{"rendered":"http:\/\/wp.unil.ch\/ateliercritique\/?page_id=13714"},"modified":"2025-02-06T17:36:07","modified_gmt":"2025-02-06T16:36:07","slug":"monique-kountangni","status":"publish","type":"page","link":"https:\/\/wp.unil.ch\/ateliercritique\/lequipe\/monique-kountangni\/","title":{"rendered":"Monique Kountangni"},"content":{"rendered":"<h4>Les critiques de Monique Kountangni :<\/h4>\n\n\n<div class=\"wp-block-query is-layout-flow wp-block-query-is-layout-flow\"><ul class=\"wp-block-post-template is-layout-flow wp-block-post-template-is-layout-flow\"><li class=\"wp-block-post post-14237 post type-post status-publish format-standard has-post-thumbnail category-critique category-expired category-la-grange category-spectacle tag-alicia-carron tag-avi-cagin tag-fadri-gumy tag-jade-lambelet tag-judith-marchal tag-monique-kountangni tag-noe-maggetti tag-stella-wohlers\">\n<h6 class=\"liensouligne wp-block-post-title\"><a href=\"https:\/\/wp.unil.ch\/ateliercritique\/2020\/03\/peer-ou-nous-ne-monterons-pas-peer-gynt\/\" target=\"_self\" >Peer ou, nous ne monterons pas Peer Gynt<\/a><\/h6>\n\n<div class=\"wp-block-post-excerpt\"><p class=\"wp-block-post-excerpt__excerpt\">Concept et mise en sc\u00e8ne de Fabrice Gorgerat \/ La Grange de Dorigny \/ du 25 au 29 f\u00e9vrier 2020 \/ Critiques par No\u00e9 Maggetti, Judith Marchal, Alicia Carron, Monique Kountangni, Jade Lambelet, Av\u00ee Cagnin, Stella Wohlers et Fadri Gumy. <\/p><\/div>\n\n\n<div style=\"height:1px\" aria-hidden=\"true\" class=\"wp-block-spacer\"><\/div>\n\n<\/li><li class=\"wp-block-post post-14222 post type-post status-publish format-standard has-post-thumbnail category-critique category-expired category-la-grange category-spectacle tag-avi-cagin tag-monique-kountangni\">\n<h6 class=\"liensouligne wp-block-post-title\"><a href=\"https:\/\/wp.unil.ch\/ateliercritique\/2020\/03\/les-veilleuses\/\" target=\"_self\" >Les Veilleuses<\/a><\/h6>\n\n<div class=\"wp-block-post-excerpt\"><p class=\"wp-block-post-excerpt__excerpt\">Texte d\u2019Anne-Fr\u00e9d\u00e9rique Rochat \/ Mise en sc\u00e8ne d\u2019Olivier P\u00e9riat \u2013 Cie Interlope \/ La Grange de Dorigny \/ du 12 au 15 mars 2020 \/ Critiques par Monique Kountangni et Av\u00ee Cagin. <\/p><\/div>\n\n\n<div style=\"height:1px\" aria-hidden=\"true\" class=\"wp-block-spacer\"><\/div>\n\n<\/li><li class=\"wp-block-post post-14199 post type-post status-publish format-standard has-post-thumbnail category-critique category-expired category-la-grange category-spectacle tag-avi-cagin tag-monique-kountangni\">\n<h6 class=\"liensouligne wp-block-post-title\"><a href=\"https:\/\/wp.unil.ch\/ateliercritique\/2020\/03\/en-chemin\/\" target=\"_self\" >En chemin<\/a><\/h6>\n\n<div class=\"wp-block-post-excerpt\"><p class=\"wp-block-post-excerpt__excerpt\">Texte et mise en sc\u00e8ne de Gustavo Giacosa \/ La Grange de Dorigny \/ du 5 au 6 mars 2020 \/ Critiques par Av\u00ee Cagin et Monique Kountangni. <\/p><\/div>\n\n\n<div style=\"height:1px\" aria-hidden=\"true\" class=\"wp-block-spacer\"><\/div>\n\n<\/li><li class=\"wp-block-post post-14137 post type-post status-publish format-standard has-post-thumbnail category-critique category-expired category-la-grange category-spectacle tag-margaux-farron tag-monique-kountangni\">\n<h6 class=\"liensouligne wp-block-post-title\"><a href=\"https:\/\/wp.unil.ch\/ateliercritique\/2020\/02\/le-sexe-cest-degoutant\/\" target=\"_self\" >Le sexe c\u2019est d\u00e9go\u00fbtant<\/a><\/h6>\n\n<div class=\"wp-block-post-excerpt\"><p class=\"wp-block-post-excerpt__excerpt\">Texte d&rsquo;Antoine Jaccoud \/ Mise en sc\u00e8ne de Matthias Urban \/ La Grange de Dorigny \/ du 31 janvier au 8 f\u00e9vrier 2020 \/ Critiques par Monique Kountangni et Margaux Farron. <\/p><\/div>\n\n\n<div style=\"height:1px\" aria-hidden=\"true\" class=\"wp-block-spacer\"><\/div>\n\n<\/li><li class=\"wp-block-post post-14124 post type-post status-publish format-standard has-post-thumbnail category-centre-pluriculturel-et-social-douchy category-critique category-expired category-spectacle tag-emmanuel-jung tag-monique-kountangni\">\n<h6 class=\"liensouligne wp-block-post-title\"><a href=\"https:\/\/wp.unil.ch\/ateliercritique\/2020\/02\/retour-a-lexpediteur\/\" target=\"_self\" >Retour \u00e0 l\u2019exp\u00e9diteur<\/a><\/h6>\n\n<div class=\"wp-block-post-excerpt\"><p class=\"wp-block-post-excerpt__excerpt\">Conception et mise en sc\u00e8ne de Katy Hernan et Barbara Schlittler \/ CPO Ouchy \/ du 29 janvier au 2 f\u00e9vrier 2020 \/ Critiques par Monique Kountangni et Emmanuel Jung. <\/p><\/div>\n\n\n<div style=\"height:1px\" aria-hidden=\"true\" class=\"wp-block-spacer\"><\/div>\n\n<\/li><li class=\"wp-block-post post-14054 post type-post status-publish format-standard has-post-thumbnail category-entretien tag-monique-kountangni\">\n<h6 class=\"liensouligne wp-block-post-title\"><a href=\"https:\/\/wp.unil.ch\/ateliercritique\/2019\/12\/entretien-avec-pauline-epiney\/\" target=\"_self\" >Entretien avec Pauline Epiney\u00a0<\/a><\/h6>\n\n<div class=\"wp-block-post-excerpt\"><p class=\"wp-block-post-excerpt__excerpt\">Par Monique Kountangni . <\/p><\/div>\n\n\n<div style=\"height:1px\" aria-hidden=\"true\" class=\"wp-block-spacer\"><\/div>\n\n<\/li><li class=\"wp-block-post post-14062 post type-post status-publish format-standard has-post-thumbnail category-expired category-spectacle tag-emmanuel-jung tag-margaux-farron tag-monique-kountangni\">\n<h6 class=\"liensouligne wp-block-post-title\"><a href=\"https:\/\/wp.unil.ch\/ateliercritique\/2019\/12\/ecritures-dramatiques-contemporaines-partenariat-avec-le-courrier-3\/\" target=\"_self\" >Ecritures dramatiques contemporaines \/ Partenariat avec Le Courrier<\/a><\/h6>\n\n<div class=\"wp-block-post-excerpt\"><p class=\"wp-block-post-excerpt__excerpt\">Deux lundis par mois, pendant l\u2019\u00e9t\u00e9 2019, Le Courrier\u00a0a publi\u00e9 le texte in\u00e9dit (extrait) d\u2019un-e auteur-e de th\u00e9\u00e2tre suisse ou r\u00e9sidant en Suisse. L\u2019Atelier critique a eu acc\u00e8s \u00e0 la version int\u00e9grale de ces oeuvres et en propose aujourd\u2019hui une\u2026 <\/p><\/div>\n\n\n<div style=\"height:1px\" aria-hidden=\"true\" class=\"wp-block-spacer\"><\/div>\n\n<\/li><li class=\"wp-block-post post-14059 post type-post status-publish format-standard has-post-thumbnail category-critique category-expired category-spectacle tag-monique-kountangni\">\n<h6 class=\"liensouligne wp-block-post-title\"><a href=\"https:\/\/wp.unil.ch\/ateliercritique\/2019\/12\/faut-il-tuer-loeuf-dans-la-poule\/\" target=\"_self\" >Et si tu n&rsquo;existais pas, dis moi pourquoi j&rsquo;existerais?<\/a><\/h6>\n\n<div class=\"wp-block-post-excerpt\"><p class=\"wp-block-post-excerpt__excerpt\">De Pauline Epiney \/ Critique par Monique Kountangni. <\/p><\/div>\n\n\n<div style=\"height:1px\" aria-hidden=\"true\" class=\"wp-block-spacer\"><\/div>\n\n<\/li><li class=\"wp-block-post post-14036 post type-post status-publish format-standard has-post-thumbnail category-critique category-expired category-la-grange category-spectacle tag-monique-kountangni\">\n<h6 class=\"liensouligne wp-block-post-title\"><a href=\"https:\/\/wp.unil.ch\/ateliercritique\/2019\/12\/i-am-not-what-i-am\/\" target=\"_self\" >I am not what I am<\/a><\/h6>\n\n<div class=\"wp-block-post-excerpt\"><p class=\"wp-block-post-excerpt__excerpt\">D\u2019apr\u00e8s\u00a0Othello de William Shakespeare \/ Conception et mise en sc\u00e8ne de Sandro De Feo \u2013 Rust Roest Kollectif \/ La Grange de Dorigny \/ du 5 au 7 d\u00e9cembre 2019 \/ Critique par\u00a0Monique Kountangni. <\/p><\/div>\n\n\n<div style=\"height:1px\" aria-hidden=\"true\" class=\"wp-block-spacer\"><\/div>\n\n<\/li><li class=\"wp-block-post post-13856 post type-post status-publish format-standard has-post-thumbnail category-critique category-expired category-theatre-de-larsenic category-spectacle tag-ivan-garcia tag-monique-kountangni\">\n<h6 class=\"liensouligne wp-block-post-title\"><a href=\"https:\/\/wp.unil.ch\/ateliercritique\/2019\/11\/jirai-demain-couvrir-ton-ombre\/\" target=\"_self\" >J&rsquo;irai demain couvrir ton ombre<\/a><\/h6>\n\n<div class=\"wp-block-post-excerpt\"><p class=\"wp-block-post-excerpt__excerpt\">Texte et mise en sc\u00e8ne de Julien Mages \/ Arsenic \u2013 Centre d\u2019art sc\u00e9nique contemporain \/ du 29 octobre au 3 novembre 2019 \/ Critiques par Monique Kountangni\u00a0et Ivan Garcia. <\/p><\/div>\n\n\n<div style=\"height:1px\" aria-hidden=\"true\" class=\"wp-block-spacer\"><\/div>\n\n<\/li><li class=\"wp-block-post post-13802 post type-post status-publish format-standard has-post-thumbnail category-critique category-expired category-spectacle category-theatre-de-vidy tag-emmanuel-jung tag-jade-lambelet tag-manon-lelievre tag-monique-kountangni tag-noe-maggetti tag-sarah-juilland tag-thibault-hugentobler\">\n<h6 class=\"liensouligne wp-block-post-title\"><a href=\"https:\/\/wp.unil.ch\/ateliercritique\/2019\/10\/la-vallee-de-letrange\/\" target=\"_self\" >La Vall\u00e9e de l&rsquo;\u00e9trange<\/a><\/h6>\n\n<div class=\"wp-block-post-excerpt\"><p class=\"wp-block-post-excerpt__excerpt\">Texte de Thomas Melle et Stefan Kaegi (Rimini Protokoll) \/ Mise en sc\u00e8ne de Stefan Kaegi \/ Th\u00e9\u00e2tre de Vidy \/ du 25 septembre au 10 octobre 2019 \/ Critiques par Jade Lambelet, Emmanuel Jung, Sarah Juilland, Thibault Hugentobler, No\u00e9\u2026 <\/p><\/div>\n\n\n<div style=\"height:1px\" aria-hidden=\"true\" class=\"wp-block-spacer\"><\/div>\n\n<\/li><li class=\"wp-block-post post-13770 post type-post status-publish format-standard has-post-thumbnail category-critique category-expired category-spectacle category-theatre-2-21-lausanne tag-monique-kountangni tag-thibault-hugentobler\">\n<h6 class=\"liensouligne wp-block-post-title\"><a href=\"https:\/\/wp.unil.ch\/ateliercritique\/2019\/10\/mama\/\" target=\"_self\" >Mama<\/a><\/h6>\n\n<div class=\"wp-block-post-excerpt\"><p class=\"wp-block-post-excerpt__excerpt\">Cr\u00e9ation et interpr\u00e9tation par Margot van Hove \/ Mise en sc\u00e8ne de Floriane M\u00e9sange \/ Th\u00e9\u00e2tre 2.21 \/ du 8 au 13 octobre 2019 \/ Critiques par Monique Kountagni et Thibault Hugentobler. <\/p><\/div>\n\n\n<div style=\"height:1px\" aria-hidden=\"true\" class=\"wp-block-spacer\"><\/div>\n\n<\/li><\/ul><\/div>\n","protected":false},"excerpt":{"rendered":"<p>Les critiques de Monique Kountangni :<\/p>\n","protected":false},"author":1001835,"featured_media":0,"parent":2716,"menu_order":0,"comment_status":"closed","ping_status":"closed","template":"","meta":{"_seopress_robots_primary_cat":"","_seopress_titles_title":"","_seopress_titles_desc":"","_seopress_robots_index":"","footnotes":""},"class_list":["post-13714","page","type-page","status-publish"],"_links":{"self":[{"href":"https:\/\/wp.unil.ch\/ateliercritique\/wp-json\/wp\/v2\/pages\/13714","targetHints":{"allow":["GET"]}}],"collection":[{"href":"https:\/\/wp.unil.ch\/ateliercritique\/wp-json\/wp\/v2\/pages"}],"about":[{"href":"https:\/\/wp.unil.ch\/ateliercritique\/wp-json\/wp\/v2\/types\/page"}],"author":[{"embeddable":true,"href":"https:\/\/wp.unil.ch\/ateliercritique\/wp-json\/wp\/v2\/users\/1001835"}],"replies":[{"embeddable":true,"href":"https:\/\/wp.unil.ch\/ateliercritique\/wp-json\/wp\/v2\/comments?post=13714"}],"version-history":[{"count":1,"href":"https:\/\/wp.unil.ch\/ateliercritique\/wp-json\/wp\/v2\/pages\/13714\/revisions"}],"predecessor-version":[{"id":22310,"href":"https:\/\/wp.unil.ch\/ateliercritique\/wp-json\/wp\/v2\/pages\/13714\/revisions\/22310"}],"up":[{"embeddable":true,"href":"https:\/\/wp.unil.ch\/ateliercritique\/wp-json\/wp\/v2\/pages\/2716"}],"wp:attachment":[{"href":"https:\/\/wp.unil.ch\/ateliercritique\/wp-json\/wp\/v2\/media?parent=13714"}],"curies":[{"name":"wp","href":"https:\/\/api.w.org\/{rel}","templated":true}]}}