{"id":13213,"date":"2019-03-01T18:52:55","date_gmt":"2019-03-01T17:52:55","guid":{"rendered":"http:\/\/wp.unil.ch\/ateliercritique\/?page_id=13213"},"modified":"2025-02-06T16:57:37","modified_gmt":"2025-02-06T15:57:37","slug":"johanna-codourier","status":"publish","type":"page","link":"https:\/\/wp.unil.ch\/ateliercritique\/lequipe\/johanna-codourier\/","title":{"rendered":"Johanna Codourey"},"content":{"rendered":"<h4>Les critiques de Johanna Codourey :<\/h4>\n\n\n<div class=\"wp-block-query is-layout-flow wp-block-query-is-layout-flow\"><ul class=\"wp-block-post-template is-layout-flow wp-block-post-template-is-layout-flow\"><li class=\"wp-block-post post-15392 post type-post status-publish format-standard has-post-thumbnail category-creation-libre category-critique category-expired category-spectacle tag-johanna-codourey\">\n<h6 class=\"liensouligne wp-block-post-title\"><a href=\"https:\/\/wp.unil.ch\/ateliercritique\/2021\/07\/vous-avez-un-appel\/\" target=\"_self\" >Vous avez un appel<\/a><\/h6>\n\n<div class=\"wp-block-post-excerpt\"><p class=\"wp-block-post-excerpt__excerpt\">Textes d\u2019Antoine Jaccoud \/ R\u00e9alisation par Matthias Urban \/ Enregistrement &amp; mixage par Etienne Curchod \u2013 Alea Jacta \/ Musique par Jos\u00e9phine Maillefer \/Th\u00e9\u00e2tre t\u00e9l\u00e9phonique \/ Appel possible du 16 mars au 30 juin 2021 \/ Critique par Johanna Codourey\u2026 <\/p><\/div>\n\n\n<div style=\"height:1px\" aria-hidden=\"true\" class=\"wp-block-spacer\"><\/div>\n\n<\/li><li class=\"wp-block-post post-15385 post type-post status-publish format-standard has-post-thumbnail category-critique category-expired category-spectacle category-theatre-de-vidy tag-johanna-codourey\">\n<h6 class=\"liensouligne wp-block-post-title\"><a href=\"https:\/\/wp.unil.ch\/ateliercritique\/2021\/07\/boucle-dor-2021\/\" target=\"_self\" >Boucle d&rsquo;or 2021<\/a><\/h6>\n\n<div class=\"wp-block-post-excerpt\"><p class=\"wp-block-post-excerpt__excerpt\">Mise en sc\u00e8ne par Alain Borek \/ Th\u00e9\u00e2tre de Vidy \/ du 15 au 19 juin 2021 \/ Critique par Johanna Codourey . <\/p><\/div>\n\n\n<div style=\"height:1px\" aria-hidden=\"true\" class=\"wp-block-spacer\"><\/div>\n\n<\/li><li class=\"wp-block-post post-15217 post type-post status-publish format-standard has-post-thumbnail category-critique category-expired category-theatre-des-osses category-spectacle tag-johanna-codourey\">\n<h6 class=\"liensouligne wp-block-post-title\"><a href=\"https:\/\/wp.unil.ch\/ateliercritique\/2021\/06\/une-rose-et-un-balai\/\" target=\"_self\" >Une Rose et un balai<\/a><\/h6>\n\n<div class=\"wp-block-post-excerpt\"><p class=\"wp-block-post-excerpt__excerpt\">Une Rose et un balai \/ Texte de Michel Simonet \/ Mise en sc\u00e8ne par Genevi\u00e8ve Pasquier et Nicolas Rossier \/ Th\u00e9\u00e2tre des Osses \/ du 27 mai au 6 juin 2021 \/ Critique par Johanna Codourey. <\/p><\/div>\n\n\n<div style=\"height:1px\" aria-hidden=\"true\" class=\"wp-block-spacer\"><\/div>\n\n<\/li><li class=\"wp-block-post post-15162 post type-post status-publish format-standard has-post-thumbnail category-critique category-expired category-spectacle category-theatre-de-vidy tag-frederique-sautin tag-johanna-codourey\">\n<h6 class=\"liensouligne wp-block-post-title\"><a href=\"https:\/\/wp.unil.ch\/ateliercritique\/2021\/05\/letang\/\" target=\"_self\" >L&rsquo;Etang<\/a><\/h6>\n\n<div class=\"wp-block-post-excerpt\"><p class=\"wp-block-post-excerpt__excerpt\">D\u2019apr\u00e8s Der Teich de Robert Walser \/ Mise en sc\u00e8ne de Gis\u00e8le Vienne \/ Th\u00e9\u00e2tre de Vidy \/ du 4 au 12 mai 2021 \/ Critiques par Fr\u00e9d\u00e9rique Sautin et Johanna Codourey . <\/p><\/div>\n\n\n<div style=\"height:1px\" aria-hidden=\"true\" class=\"wp-block-spacer\"><\/div>\n\n<\/li><li class=\"wp-block-post post-15125 post type-post status-publish format-standard has-post-thumbnail category-critique category-expired category-spectacle category-theatre-2-21-lausanne tag-johanna-codourey tag-sarah-neu\">\n<h6 class=\"liensouligne wp-block-post-title\"><a href=\"https:\/\/wp.unil.ch\/ateliercritique\/2021\/05\/objectif-projet\/\" target=\"_self\" >OBJECTIF PROJET<\/a><\/h6>\n\n<div class=\"wp-block-post-excerpt\"><p class=\"wp-block-post-excerpt__excerpt\">Conception et mise en sc\u00e8ne par le collectif moiti\u00e9 moiti\u00e9 moiti\u00e9 \/ Th\u00e9\u00e2tre 2.21 \u2013 Lausanne \/ du 4 au 9 mai 2021 \/ Critiques par Sarah Neu et Johanna Codourey . <\/p><\/div>\n\n\n<div style=\"height:1px\" aria-hidden=\"true\" class=\"wp-block-spacer\"><\/div>\n\n<\/li><li class=\"wp-block-post post-15108 post type-post status-publish format-standard has-post-thumbnail category-critique category-expired category-spectacle category-theatre-de-vidy tag-frederique-sautin tag-johanna-codourey\">\n<h6 class=\"liensouligne wp-block-post-title\"><a href=\"https:\/\/wp.unil.ch\/ateliercritique\/2021\/05\/aureliens\/\" target=\"_self\" >Aur\u00e9liens<\/a><\/h6>\n\n<div class=\"wp-block-post-excerpt\"><p class=\"wp-block-post-excerpt__excerpt\">D\u2019apr\u00e8s la conf\u00e9rence d\u2019Aur\u00e9lien Barrau \/ Mise en sc\u00e8ne par Fran\u00e7ois Gremaud \/ Captation exp\u00e9rimentale r\u00e9alis\u00e9e au Th\u00e9\u00e2tre de Vidy le 1er\u00a0d\u00e9cembre 2020 \/ Reprogramm\u00e9 du 7 au 10 juillet 2021 \/ Critiques par Johanna Codourey et Fr\u00e9d\u00e9rique Sautin . <\/p><\/div>\n\n\n<div style=\"height:1px\" aria-hidden=\"true\" class=\"wp-block-spacer\"><\/div>\n\n<\/li><li class=\"wp-block-post post-15069 post type-post status-publish format-standard has-post-thumbnail category-critique category-expired category-la-grange category-spectacle tag-cloe-bensai tag-darya-feral tag-frederique-sautin tag-johanna-codourey tag-maelle-aeby-2 tag-michael-rolli tag-sarah-neu tag-valentine-bovey\">\n<h6 class=\"liensouligne wp-block-post-title\"><a href=\"https:\/\/wp.unil.ch\/ateliercritique\/2021\/04\/danse-delhi\/\" target=\"_self\" >Danse \u00ab Delhi \u00bb<\/a><\/h6>\n\n<div class=\"wp-block-post-excerpt\"><p class=\"wp-block-post-excerpt__excerpt\">Texte d\u2019Ivan Viripaev \/ Mise en sc\u00e8ne par C\u00e9dric Dorier (Les C\u00e9l\u00e9brants) \/ Initialement programm\u00e9 \u00e0 La Grange de Dorigny en avril 2021 \/ Captation vid\u00e9o du 28 octobre 2020 au Th\u00e9\u00e2tre Oriental-Vevey \/ Critique par Sarah Neu, Micha\u00ebl Rolli,\u2026 <\/p><\/div>\n\n\n<div style=\"height:1px\" aria-hidden=\"true\" class=\"wp-block-spacer\"><\/div>\n\n<\/li><li class=\"wp-block-post post-15054 post type-post status-publish format-standard has-post-thumbnail category-critique category-expired category-la-grange category-spectacle tag-johanna-codourey tag-valentine-bovey\">\n<h6 class=\"liensouligne wp-block-post-title\"><a href=\"https:\/\/wp.unil.ch\/ateliercritique\/2021\/04\/la-grace\/\" target=\"_self\" >La Gr\u00e2ce<\/a><\/h6>\n\n<div class=\"wp-block-post-excerpt\"><p class=\"wp-block-post-excerpt__excerpt\">Mise en sc\u00e8ne et cr\u00e9ation par Gustavo Giacosa \/ La Grange de Dorigny \/ le vendredi 26 mars 2021 (pour un public professionnel) \/ Critiques par Johanna Codourey et Valentine Bovey . <\/p><\/div>\n\n\n<div style=\"height:1px\" aria-hidden=\"true\" class=\"wp-block-spacer\"><\/div>\n\n<\/li><li class=\"wp-block-post post-15038 post type-post status-publish format-standard has-post-thumbnail category-critique category-expired category-spectacle category-theatre-2-21-lausanne tag-johanna-codourey\">\n<h6 class=\"liensouligne wp-block-post-title\"><a href=\"https:\/\/wp.unil.ch\/ateliercritique\/2021\/03\/les-hommes-ont-les-yeux-qui-brillent\/\" target=\"_self\" >Les hommes ont les yeux qui brillent<\/a><\/h6>\n\n<div class=\"wp-block-post-excerpt\"><p class=\"wp-block-post-excerpt__excerpt\">Mise en sc\u00e8ne par Marion Jeanson \/ Dramaturgie par St\u00e9phanie Mango \/ Th\u00e9\u00e2tre du 2.21 \u2013 Lausanne \/ Le 11 mars 2021 \/ Critique par Johanna Codourey . <\/p><\/div>\n\n\n<div style=\"height:1px\" aria-hidden=\"true\" class=\"wp-block-spacer\"><\/div>\n\n<\/li><li class=\"wp-block-post post-14983 post type-post status-publish format-standard has-post-thumbnail category-critique category-expired category-spectacle tag-johanna-codourey tag-michael-rolli\">\n<h6 class=\"liensouligne wp-block-post-title\"><a href=\"https:\/\/wp.unil.ch\/ateliercritique\/2021\/03\/notre-cabane\/\" target=\"_self\" >Notre cabane<\/a><\/h6>\n\n<div class=\"wp-block-post-excerpt\"><p class=\"wp-block-post-excerpt__excerpt\">\u00c9criture et mise en sc\u00e8ne par Maria Da Silva \/ Sc\u00e9nographie par Fanny Courvoisier, lumi\u00e8res par Vicky Althaus et costumes par Maria Muscalu \/ du 5 au 7 mars 2021 \/ Th\u00e9\u00e2tre de L\u2019\u00c9tincelle \u2013 Gen\u00e8ve \/ Critique par Johanna\u2026 <\/p><\/div>\n\n\n<div style=\"height:1px\" aria-hidden=\"true\" class=\"wp-block-spacer\"><\/div>\n\n<\/li><li class=\"wp-block-post post-14909 post type-post status-publish format-standard has-post-thumbnail category-entretien tag-johanna-codourey\">\n<h6 class=\"liensouligne wp-block-post-title\"><a href=\"https:\/\/wp.unil.ch\/ateliercritique\/2021\/01\/entretien-avec-julia-haenni\/\" target=\"_self\" >Entretien avec Julia Haenni<\/a><\/h6>\n\n<div class=\"wp-block-post-excerpt\"><p class=\"wp-block-post-excerpt__excerpt\">Par Johanna Codourey. <\/p><\/div>\n\n\n<div style=\"height:1px\" aria-hidden=\"true\" class=\"wp-block-spacer\"><\/div>\n\n<\/li><li class=\"wp-block-post post-14905 post type-post status-publish format-standard has-post-thumbnail category-critique category-expired category-spectacle tag-johanna-codourey\">\n<h6 class=\"liensouligne wp-block-post-title\"><a href=\"https:\/\/wp.unil.ch\/ateliercritique\/2021\/01\/lhomme-jete-a-la-mer\/\" target=\"_self\" >L\u2019Homme jet\u00e9 \u00e0 la mer<\/a><\/h6>\n\n<div class=\"wp-block-post-excerpt\"><p class=\"wp-block-post-excerpt__excerpt\">Pi\u00e8ce de Julia Haenni \/ Compte-rendu par Johanna Codourey . <\/p><\/div>\n\n\n<div style=\"height:1px\" aria-hidden=\"true\" class=\"wp-block-spacer\"><\/div>\n\n<\/li><li class=\"wp-block-post post-14728 post type-post status-publish format-standard has-post-thumbnail category-critique category-expired category-spectacle category-theatre-les-halles tag-charlyne-genoud tag-johanna-codourey\">\n<h6 class=\"liensouligne wp-block-post-title\"><a href=\"https:\/\/wp.unil.ch\/ateliercritique\/2020\/10\/here-and-now\/\" target=\"_self\" >HERE AND NOW<\/a><\/h6>\n\n<div class=\"wp-block-post-excerpt\"><p class=\"wp-block-post-excerpt__excerpt\">Cr\u00e9ation et mise en sc\u00e8ne de Tr\u00e2n Tran \/ TLH \u2013 Sierre \/ du 8 au 10 octobre 2020 \/ Critiques par Charlyne Genoud et Johanna Codourey. <\/p><\/div>\n\n\n<div style=\"height:1px\" aria-hidden=\"true\" class=\"wp-block-spacer\"><\/div>\n\n<\/li><li class=\"wp-block-post post-13620 post type-post status-publish format-standard has-post-thumbnail category-critique category-expired category-spectacle category-teatre-du-grutli tag-johanna-codourey tag-julia-cela tag-oceane-forster\">\n<h6 class=\"liensouligne wp-block-post-title\"><a href=\"https:\/\/wp.unil.ch\/ateliercritique\/2019\/05\/happy-island\/\" target=\"_self\" >Biennale Out of the Box<\/a><\/h6>\n\n<div class=\"wp-block-post-excerpt\"><p class=\"wp-block-post-excerpt__excerpt\">Pour sa premi\u00e8re ann\u00e9e en partenariat avec la Biennale des Arts Inclusifs \u00ab\u00a0Out of the Box\u00a0\u00bb (du 20 au 26 mai 2019), l&rsquo;Atelier Critique propose une s\u00e9rie de critiques sur les diff\u00e9rents spectacles de danse du festival. Critiques par Julia\u2026 <\/p><\/div>\n\n\n<div style=\"height:1px\" aria-hidden=\"true\" class=\"wp-block-spacer\"><\/div>\n\n<\/li><li class=\"wp-block-post post-13557 post type-post status-publish format-standard has-post-thumbnail category-entretien tag-johanna-codourey\">\n<h6 class=\"liensouligne wp-block-post-title\"><a href=\"https:\/\/wp.unil.ch\/ateliercritique\/2019\/05\/entretien-avec-julien-mages\/\" target=\"_self\" >Entretien avec Julien Mages<\/a><\/h6>\n\n<div class=\"wp-block-post-excerpt\"><p class=\"wp-block-post-excerpt__excerpt\">Par\u00a0Johanna Codourey . <\/p><\/div>\n\n\n<div style=\"height:1px\" aria-hidden=\"true\" class=\"wp-block-spacer\"><\/div>\n\n<\/li><li class=\"wp-block-post post-13554 post type-post status-publish format-standard has-post-thumbnail category-critique category-expired category-spectacle tag-johanna-codourey\">\n<h6 class=\"liensouligne wp-block-post-title\"><a href=\"https:\/\/wp.unil.ch\/ateliercritique\/2019\/05\/parler-de-lhorreur-en-esquissant-un-mince-sourire\/\" target=\"_self\" >Parler de l\u2019horreur\u2026 en esquissant un mince sourire<\/a><\/h6>\n\n<div class=\"wp-block-post-excerpt\"><p class=\"wp-block-post-excerpt__excerpt\">Pi\u00e8ce de Julien Mages \/ Compte-rendu par Johanna Codourey . <\/p><\/div>\n\n\n<div style=\"height:1px\" aria-hidden=\"true\" class=\"wp-block-spacer\"><\/div>\n\n<\/li><li class=\"wp-block-post post-13532 post type-post status-publish format-standard has-post-thumbnail category-critique category-expired category-spectacle tag-fanny-agostino tag-ivan-garcia tag-johanna-codourey tag-julia-cela tag-maxime-hoffmann tag-oceane-forster\">\n<h6 class=\"liensouligne wp-block-post-title\"><a href=\"https:\/\/wp.unil.ch\/ateliercritique\/2019\/05\/ecritures-dramatiques-contemporaines-partenariat-avec-le-courrier\/\" target=\"_self\" >Ecritures dramatiques contemporaines \/ Partenariat avec Le Courrier<\/a><\/h6>\n\n<div class=\"wp-block-post-excerpt\"><p class=\"wp-block-post-excerpt__excerpt\">Deux lundis par mois, pendant l&rsquo;\u00e9t\u00e9 2018, Le Courrier a publi\u00e9 le texte in\u00e9dit (extrait) d\u2019un-e auteur-e de th\u00e9\u00e2tre suisse ou r\u00e9sidant en Suisse. L\u2019Atelier critique a eu acc\u00e8s \u00e0 la version int\u00e9grale de ces oeuvres et en propose aujourd&rsquo;hui\u2026 <\/p><\/div>\n\n\n<div style=\"height:1px\" aria-hidden=\"true\" class=\"wp-block-spacer\"><\/div>\n\n<\/li><\/ul><\/div>\n","protected":false},"excerpt":{"rendered":"<p>Les critiques de Johanna Codourey :<\/p>\n","protected":false},"author":1001835,"featured_media":0,"parent":2716,"menu_order":0,"comment_status":"closed","ping_status":"closed","template":"","meta":{"_seopress_robots_primary_cat":"","_seopress_titles_title":"","_seopress_titles_desc":"","_seopress_robots_index":"","footnotes":""},"class_list":["post-13213","page","type-page","status-publish"],"_links":{"self":[{"href":"https:\/\/wp.unil.ch\/ateliercritique\/wp-json\/wp\/v2\/pages\/13213","targetHints":{"allow":["GET"]}}],"collection":[{"href":"https:\/\/wp.unil.ch\/ateliercritique\/wp-json\/wp\/v2\/pages"}],"about":[{"href":"https:\/\/wp.unil.ch\/ateliercritique\/wp-json\/wp\/v2\/types\/page"}],"author":[{"embeddable":true,"href":"https:\/\/wp.unil.ch\/ateliercritique\/wp-json\/wp\/v2\/users\/1001835"}],"replies":[{"embeddable":true,"href":"https:\/\/wp.unil.ch\/ateliercritique\/wp-json\/wp\/v2\/comments?post=13213"}],"version-history":[{"count":1,"href":"https:\/\/wp.unil.ch\/ateliercritique\/wp-json\/wp\/v2\/pages\/13213\/revisions"}],"predecessor-version":[{"id":22263,"href":"https:\/\/wp.unil.ch\/ateliercritique\/wp-json\/wp\/v2\/pages\/13213\/revisions\/22263"}],"up":[{"embeddable":true,"href":"https:\/\/wp.unil.ch\/ateliercritique\/wp-json\/wp\/v2\/pages\/2716"}],"wp:attachment":[{"href":"https:\/\/wp.unil.ch\/ateliercritique\/wp-json\/wp\/v2\/media?parent=13213"}],"curies":[{"name":"wp","href":"https:\/\/api.w.org\/{rel}","templated":true}]}}