{"id":13203,"date":"2019-03-01T18:41:54","date_gmt":"2019-03-01T17:41:54","guid":{"rendered":"http:\/\/wp.unil.ch\/ateliercritique\/?page_id=13203"},"modified":"2025-02-06T17:37:47","modified_gmt":"2025-02-06T16:37:47","slug":"lucas-lauth","status":"publish","type":"page","link":"https:\/\/wp.unil.ch\/ateliercritique\/lequipe\/lucas-lauth\/","title":{"rendered":"Lucas Lauth"},"content":{"rendered":"<h4>Les critiques de Lucas Lauth :<\/h4>\n\n\n<div class=\"wp-block-query is-layout-flow wp-block-query-is-layout-flow\"><ul class=\"wp-block-post-template is-layout-flow wp-block-post-template-is-layout-flow\"><li class=\"wp-block-post post-13993 post type-post status-publish format-standard has-post-thumbnail category-critique category-expired category-theatre-de-larsenic category-spectacle tag-lucas-lauth\">\n<h6 class=\"liensouligne wp-block-post-title\"><a href=\"https:\/\/wp.unil.ch\/ateliercritique\/2019\/12\/angels-in-america\/\" target=\"_self\" >Angels in America<\/a><\/h6>\n\n<div class=\"wp-block-post-excerpt\"><p class=\"wp-block-post-excerpt__excerpt\">Texte de Tony Kushner \/ Mise en sc\u00e8ne de Philippe Saire \/ Arsenic \u2013 Centre d\u2019art sc\u00e9nique contemporain \/ du 26 novembre au 1er d\u00e9cembre 2019 \/ Critique par Lucas Lauth. <\/p><\/div>\n\n\n<div style=\"height:1px\" aria-hidden=\"true\" class=\"wp-block-spacer\"><\/div>\n\n<\/li><li class=\"wp-block-post post-13892 post type-post status-publish format-standard has-post-thumbnail category-critique category-expired category-spectacle category-theatre-de-vidy tag-lucas-lauth\">\n<h6 class=\"liensouligne wp-block-post-title\"><a href=\"https:\/\/wp.unil.ch\/ateliercritique\/2019\/11\/bajazet\/\" target=\"_self\" >Bajazet<\/a><\/h6>\n\n<div class=\"wp-block-post-excerpt\"><p class=\"wp-block-post-excerpt__excerpt\">\u00c0 partir des textes de Racine (Bajazet) et d\u2019Antonin Artaud (Le Th\u00e9\u00e2tre et la peste) \/ Mise en sc\u00e8ne de Frank Castorf \/ Th\u00e9\u00e2tre de Vidy \/ du 30 octobre au 10 novembre 2019 \/ Critique de Lucas Lauth. <\/p><\/div>\n\n\n<div style=\"height:1px\" aria-hidden=\"true\" class=\"wp-block-spacer\"><\/div>\n\n<\/li><li class=\"wp-block-post post-13667 post type-post status-publish format-standard has-post-thumbnail category-critique category-expired category-theatre-des-osses category-spectacle tag-lucas-lauth tag-natacha-gallandat\">\n<h6 class=\"liensouligne wp-block-post-title\"><a href=\"https:\/\/wp.unil.ch\/ateliercritique\/2019\/06\/printemps-des-compagnies-2\/\" target=\"_self\" >Printemps des Compagnies<\/a><\/h6>\n\n<div class=\"wp-block-post-excerpt\"><p class=\"wp-block-post-excerpt__excerpt\">Hiver \u00e0 Sokcho\u00a0\/ de Frank Semelet \/\u00a0Cette nuit encore jouer les pierres\u00a0\/ de Julien Mages \/\u00a0Ang\u00e8le et Anatole\u00a0\/ de Thomas Lonchampt et Emma Pluyaut-Biwer \/ Th\u00e9\u00e2tre des Osses \/ du 30 mai au 9 juin 2019 \/ Critiques par Lucas\u2026 <\/p><\/div>\n\n\n<div style=\"height:1px\" aria-hidden=\"true\" class=\"wp-block-spacer\"><\/div>\n\n<\/li><li class=\"wp-block-post post-13615 post type-post status-publish format-standard has-post-thumbnail category-critique category-expired category-spectacle category-theatre-2-21-lausanne tag-amina-gudzevic tag-lucas-lauth\">\n<h6 class=\"liensouligne wp-block-post-title\"><a href=\"https:\/\/wp.unil.ch\/ateliercritique\/2019\/05\/lespace-et-nous\/\" target=\"_self\" >L&rsquo;espace et nous<\/a><\/h6>\n\n<div class=\"wp-block-post-excerpt\"><p class=\"wp-block-post-excerpt__excerpt\">Mise en sc\u00e8ne d\u2019Alain Borek et le Cabinet Cr\u00e9atif \/ Th\u00e9\u00e2tre 2.21 \/ du 28 mai au 2 juin 2019 \/ Critiques par Lucas Lauth et Amina Gudzevic. <\/p><\/div>\n\n\n<div style=\"height:1px\" aria-hidden=\"true\" class=\"wp-block-spacer\"><\/div>\n\n<\/li><li class=\"wp-block-post post-13604 post type-post status-publish format-standard has-post-thumbnail category-critique category-expired category-spectacle category-theatre-de-vidy tag-lucas-lauth\">\n<h6 class=\"liensouligne wp-block-post-title\"><a href=\"https:\/\/wp.unil.ch\/ateliercritique\/2019\/05\/by-heart\/\" target=\"_self\" >By Heart<\/a><\/h6>\n\n<div class=\"wp-block-post-excerpt\"><p class=\"wp-block-post-excerpt__excerpt\">De Tiago Rodrigues \/ Th\u00e9\u00e2tre de Vidy \/ du 14 au 18 mai 2019 \/ Critique par Lucas Lauth <\/p><\/div>\n\n\n<div style=\"height:1px\" aria-hidden=\"true\" class=\"wp-block-spacer\"><\/div>\n\n<\/li><li class=\"wp-block-post post-13574 post type-post status-publish format-standard has-post-thumbnail category-critique category-expired category-spectacle category-theatre-de-vidy tag-amina-gudzevic tag-lucas-lauth\">\n<h6 class=\"liensouligne wp-block-post-title\"><a href=\"https:\/\/wp.unil.ch\/ateliercritique\/2019\/05\/love-is-a-river\/\" target=\"_self\" >Love is a River<\/a><\/h6>\n\n<div class=\"wp-block-post-excerpt\"><p class=\"wp-block-post-excerpt__excerpt\">D\u2019apr\u00e8s Platonov d\u2019Anton Tchekhov \/ Mise en sc\u00e8ne d\u2019Alexandre Doublet \/ Th\u00e9\u00e2tre de Vidy \/ du 8 au 11 mai \/ Critiques par Lucas Lauth et Amina Gudzevic. <\/p><\/div>\n\n\n<div style=\"height:1px\" aria-hidden=\"true\" class=\"wp-block-spacer\"><\/div>\n\n<\/li><li class=\"wp-block-post post-13549 post type-post status-publish format-standard has-post-thumbnail category-critique category-expired category-spectacle category-theatre-2-21-lausanne tag-ivan-garcia tag-lucas-lauth\">\n<h6 class=\"liensouligne wp-block-post-title\"><a href=\"https:\/\/wp.unil.ch\/ateliercritique\/2019\/05\/sweeney-todd-le-diabolique-barbier-de-fleet-street\/\" target=\"_self\" >Sweeney Todd, le diabolique barbier de Fleet Street<\/a><\/h6>\n\n<div class=\"wp-block-post-excerpt\"><p class=\"wp-block-post-excerpt__excerpt\">D\u2019apr\u00e8s le livret de Hugh Wheeler et son adaptation par Christopher Bond \/ Par le Collectif\u00a0 Sondheim \/ Mise en sc\u00e8ne de Fr\u00e9d\u00e9ric Brodard \/ Th\u00e9\u00e2tre 2.21 \/ du 2 au 12 mai 2019 \/ Critiques par Lucas Lauth et\u2026 <\/p><\/div>\n\n\n<div style=\"height:1px\" aria-hidden=\"true\" class=\"wp-block-spacer\"><\/div>\n\n<\/li><li class=\"wp-block-post post-13409 post type-post status-publish format-standard has-post-thumbnail category-critique category-expired category-spectacle category-theatre-de-vidy tag-julia-cela tag-lucas-lauth\">\n<h6 class=\"liensouligne wp-block-post-title\"><a href=\"https:\/\/wp.unil.ch\/ateliercritique\/2019\/04\/una-costilla-sobre-la-mesa-madre-2\/\" target=\"_self\" >Una Costilla Sobre la Mesa : Madre<\/a><\/h6>\n\n<div class=\"wp-block-post-excerpt\"><p class=\"wp-block-post-excerpt__excerpt\">Cr\u00e9ation et mise en sc\u00e8ne d\u2019Ang\u00e9lica Liddell \/ Th\u00e9\u00e2tre de Vidy \/ du 27 mars au 6 avril 2019 \/ Critiques par Lucas Lauth et Julia Cela.\u00a0 <\/p><\/div>\n\n\n<div style=\"height:1px\" aria-hidden=\"true\" class=\"wp-block-spacer\"><\/div>\n\n<\/li><li class=\"wp-block-post post-13315 post type-post status-publish format-standard has-post-thumbnail category-critique category-expired category-spectacle category-theatre-de-carouge tag-ivan-garcia tag-lucas-lauth\">\n<h6 class=\"liensouligne wp-block-post-title\"><a href=\"https:\/\/wp.unil.ch\/ateliercritique\/2019\/04\/je-suis-invisible\/\" target=\"_self\" >Je suis invisible !<\/a><\/h6>\n\n<div class=\"wp-block-post-excerpt\"><p class=\"wp-block-post-excerpt__excerpt\">D\u2019apr\u00e8s\u00a0Le Songe d\u2019une nuit d\u2019\u00e9t\u00e9 de William Shakespeare \/ Mise en sc\u00e8ne de Dan Jemmett \/ Th\u00e9\u00e2tre de Carouge \/ du 26 mars au 14 avril 2019 \/ Critiques par Lucas Lauth et Ivan Garcia. <\/p><\/div>\n\n\n<div style=\"height:1px\" aria-hidden=\"true\" class=\"wp-block-spacer\"><\/div>\n\n<\/li><\/ul><\/div>\n","protected":false},"excerpt":{"rendered":"<p>Les critiques de Lucas Lauth :<\/p>\n","protected":false},"author":1001835,"featured_media":0,"parent":2716,"menu_order":0,"comment_status":"closed","ping_status":"closed","template":"","meta":{"_seopress_robots_primary_cat":"","_seopress_titles_title":"","_seopress_titles_desc":"","_seopress_robots_index":"","footnotes":""},"class_list":["post-13203","page","type-page","status-publish"],"_links":{"self":[{"href":"https:\/\/wp.unil.ch\/ateliercritique\/wp-json\/wp\/v2\/pages\/13203","targetHints":{"allow":["GET"]}}],"collection":[{"href":"https:\/\/wp.unil.ch\/ateliercritique\/wp-json\/wp\/v2\/pages"}],"about":[{"href":"https:\/\/wp.unil.ch\/ateliercritique\/wp-json\/wp\/v2\/types\/page"}],"author":[{"embeddable":true,"href":"https:\/\/wp.unil.ch\/ateliercritique\/wp-json\/wp\/v2\/users\/1001835"}],"replies":[{"embeddable":true,"href":"https:\/\/wp.unil.ch\/ateliercritique\/wp-json\/wp\/v2\/comments?post=13203"}],"version-history":[{"count":1,"href":"https:\/\/wp.unil.ch\/ateliercritique\/wp-json\/wp\/v2\/pages\/13203\/revisions"}],"predecessor-version":[{"id":22313,"href":"https:\/\/wp.unil.ch\/ateliercritique\/wp-json\/wp\/v2\/pages\/13203\/revisions\/22313"}],"up":[{"embeddable":true,"href":"https:\/\/wp.unil.ch\/ateliercritique\/wp-json\/wp\/v2\/pages\/2716"}],"wp:attachment":[{"href":"https:\/\/wp.unil.ch\/ateliercritique\/wp-json\/wp\/v2\/media?parent=13203"}],"curies":[{"name":"wp","href":"https:\/\/api.w.org\/{rel}","templated":true}]}}