{"id":12973,"date":"2018-11-05T17:29:11","date_gmt":"2018-11-05T16:29:11","guid":{"rendered":"http:\/\/wp.unil.ch\/ateliercritique\/?page_id=12973"},"modified":"2025-02-06T17:20:06","modified_gmt":"2025-02-06T16:20:06","slug":"julie-heger","status":"publish","type":"page","link":"https:\/\/wp.unil.ch\/ateliercritique\/lequipe\/julie-heger\/","title":{"rendered":"Julie Heger"},"content":{"rendered":"<div>\n<p><img alt=\"\" loading=\"lazy\" decoding=\"async\" class=\"alignright wp-image-13045\" src=\"https:\/\/wp.unil.ch\/ateliercritique\/files\/2018\/11\/IMG_0100-267x200.jpg\" alt=\"\" width=\"300\" height=\"225\" srcset=\"https:\/\/wp.unil.ch\/ateliercritique\/files\/2018\/11\/IMG_0100-267x200.jpg 267w, https:\/\/wp.unil.ch\/ateliercritique\/files\/2018\/11\/IMG_0100-227x170.jpg 227w, https:\/\/wp.unil.ch\/ateliercritique\/files\/2018\/11\/IMG_0100-768x576.jpg 768w, https:\/\/wp.unil.ch\/ateliercritique\/files\/2018\/11\/IMG_0100-1024x768.jpg 1024w, https:\/\/wp.unil.ch\/ateliercritique\/files\/2018\/11\/IMG_0100-624x468.jpg 624w, https:\/\/wp.unil.ch\/ateliercritique\/files\/2018\/11\/IMG_0100.jpg 1600w\" sizes=\"auto, (max-width: 300px) 100vw, 300px\" \/>Ce qui me fascine particuli\u00e8rement dans le th\u00e9\u00e2tre et la litt\u00e9rature, c\u2019est leur dimension sociale et morale. Une histoire est toujours une mani\u00e8re d\u2019exprimer une opinion subjective questionnant nos normes, habitudes et croyances. La litt\u00e9rature s\u2019applique \u00e0 d\u00e9crire une vision induite de notre environnement, le th\u00e9\u00e2tre, \u00e0 la montrer.<\/p>\n<p>Passionn\u00e9e par les histoires et ce qu\u2019elles trahissent de nos sentiments, l\u2019Atelier Critique me donne l\u2019occasion d\u2019analyser leur forme et contexte, tout en explorant un nouveau pan du monde litt\u00e9raire. En effet, j\u2019\u00e9prouve pour l\u2019\u00e9criture une v\u00e9ritable fr\u00e9n\u00e9sie et je porte m\u00eame en moi ce doux r\u00eave d&rsquo;enfant d\u2019\u00eatre un jour \u00e9crivain.<\/p>\n<p>\u00c9tant actuellement \u00e9tudiante en fran\u00e7ais moderne et en philosophie, j\u2019ai le pouvoir, \u00e0 travers mes critiques, de combiner mes deux disciplines dans une r\u00e9flexion partant de la sc\u00e8ne pour s\u2019\u00e9tendre \u00e0 une r\u00e9alit\u00e9 et j&rsquo;esp\u00e8re r\u00e9ussir \u00e0 colorer mes textes de fa\u00e7on \u00e0 partager cette admiration \u00e0 mes lecteurs.<\/p>\n<\/div>\n<h4>Les critiques de Julie Heger :<\/h4>\n\n\n<div class=\"wp-block-query is-layout-flow wp-block-query-is-layout-flow\"><ul class=\"wp-block-post-template is-layout-flow wp-block-post-template-is-layout-flow\"><li class=\"wp-block-post post-13098 post type-post status-publish format-standard has-post-thumbnail category-critique category-expired category-la-grange category-spectacle tag-julie-heger\">\n<h6 class=\"liensouligne wp-block-post-title\"><a href=\"https:\/\/wp.unil.ch\/ateliercritique\/2018\/12\/cinq-dans-tes-yeux\/\" target=\"_self\" >Cinq dans tes yeux<\/a><\/h6>\n\n<div class=\"wp-block-post-excerpt\"><p class=\"wp-block-post-excerpt__excerpt\">Texte d\u2019Ahmed Belbachir et Anna Budde \/ Mise en sc\u00e8ne d\u2019Ahmed Belbachir et Philippe Macasdar \/ La Grange de Dorigny \/ du 20 au 25 novembre 2018 \/ Critique par Julie Heger. <\/p><\/div>\n\n\n<div style=\"height:1px\" aria-hidden=\"true\" class=\"wp-block-spacer\"><\/div>\n\n<\/li><li class=\"wp-block-post post-13062 post type-post status-publish format-standard has-post-thumbnail category-critique category-expired category-spectacle category-theatre-2-21-lausanne tag-ivan-garcia tag-julie-heger\">\n<h6 class=\"liensouligne wp-block-post-title\"><a href=\"https:\/\/wp.unil.ch\/ateliercritique\/2018\/12\/bernarda\/\" target=\"_self\" >Bernarda<\/a><\/h6>\n\n<div class=\"wp-block-post-excerpt\"><p class=\"wp-block-post-excerpt__excerpt\">Texte de Federico Garcia Lorca \/ Mise en sc\u00e8ne de Giulia Belet \/ Th\u00e9\u00e2tre 2.21 \/ du 30 novembre au 16 d\u00e9cembre 2018 \/ Critiques par Julie Heger et Ivan Garcia.\u00a0 <\/p><\/div>\n\n\n<div style=\"height:1px\" aria-hidden=\"true\" class=\"wp-block-spacer\"><\/div>\n\n<\/li><li class=\"wp-block-post post-12970 post type-post status-publish format-standard has-post-thumbnail category-critique category-expired category-le-petit-theatre category-spectacle tag-jade-lambelet tag-julie-heger\">\n<h6 class=\"liensouligne wp-block-post-title\"><a href=\"https:\/\/wp.unil.ch\/ateliercritique\/2018\/11\/lhiver-quatre-chiens-mordent-mes-pieds-et-mes-mains\/\" target=\"_self\" >L&rsquo;hiver, quatre chiens mordent mes pieds et mes mains<\/a><\/h6>\n\n<div class=\"wp-block-post-excerpt\"><p class=\"wp-block-post-excerpt__excerpt\">Texte de Philippe Dorin \/ Mise en sc\u00e8ne de Matthias Urban \/ Le Petit Th\u00e9\u00e2tre \/ du 31 octobre au 18 novembre 2018 \/ Critiques par Jade Lambelet et Julie Heger. <\/p><\/div>\n\n\n<div style=\"height:1px\" aria-hidden=\"true\" class=\"wp-block-spacer\"><\/div>\n\n<\/li><\/ul><\/div>\n","protected":false},"excerpt":{"rendered":"<p>Ce qui me fascine particuli\u00e8rement dans le th\u00e9\u00e2tre et la litt\u00e9rature, c\u2019est leur dimension sociale et morale. Une histoire est toujours une mani\u00e8re d\u2019exprimer une opinion subjective questionnant nos normes, &hellip; <\/p>\n","protected":false},"author":1001835,"featured_media":0,"parent":2716,"menu_order":0,"comment_status":"closed","ping_status":"closed","template":"","meta":{"_seopress_robots_primary_cat":"","_seopress_titles_title":"","_seopress_titles_desc":"","_seopress_robots_index":"","footnotes":""},"class_list":["post-12973","page","type-page","status-publish"],"_links":{"self":[{"href":"https:\/\/wp.unil.ch\/ateliercritique\/wp-json\/wp\/v2\/pages\/12973","targetHints":{"allow":["GET"]}}],"collection":[{"href":"https:\/\/wp.unil.ch\/ateliercritique\/wp-json\/wp\/v2\/pages"}],"about":[{"href":"https:\/\/wp.unil.ch\/ateliercritique\/wp-json\/wp\/v2\/types\/page"}],"author":[{"embeddable":true,"href":"https:\/\/wp.unil.ch\/ateliercritique\/wp-json\/wp\/v2\/users\/1001835"}],"replies":[{"embeddable":true,"href":"https:\/\/wp.unil.ch\/ateliercritique\/wp-json\/wp\/v2\/comments?post=12973"}],"version-history":[{"count":1,"href":"https:\/\/wp.unil.ch\/ateliercritique\/wp-json\/wp\/v2\/pages\/12973\/revisions"}],"predecessor-version":[{"id":22297,"href":"https:\/\/wp.unil.ch\/ateliercritique\/wp-json\/wp\/v2\/pages\/12973\/revisions\/22297"}],"up":[{"embeddable":true,"href":"https:\/\/wp.unil.ch\/ateliercritique\/wp-json\/wp\/v2\/pages\/2716"}],"wp:attachment":[{"href":"https:\/\/wp.unil.ch\/ateliercritique\/wp-json\/wp\/v2\/media?parent=12973"}],"curies":[{"name":"wp","href":"https:\/\/api.w.org\/{rel}","templated":true}]}}