{"id":12796,"date":"2018-10-01T17:06:12","date_gmt":"2018-10-01T15:06:12","guid":{"rendered":"http:\/\/wp.unil.ch\/ateliercritique\/?page_id=12796"},"modified":"2025-02-06T17:16:13","modified_gmt":"2025-02-06T16:16:13","slug":"amina-gudzevic","status":"publish","type":"page","link":"https:\/\/wp.unil.ch\/ateliercritique\/lequipe\/amina-gudzevic\/","title":{"rendered":"Amina Gudzevic"},"content":{"rendered":"<h4>Les critiques d&rsquo;Amina Gudzevic :<\/h4>\n\n\n<div class=\"wp-block-query is-layout-flow wp-block-query-is-layout-flow\"><ul class=\"wp-block-post-template is-layout-flow wp-block-post-template-is-layout-flow\"><li class=\"wp-block-post post-13615 post type-post status-publish format-standard has-post-thumbnail category-critique category-expired category-spectacle category-theatre-2-21-lausanne tag-amina-gudzevic tag-lucas-lauth\">\n<h6 class=\"liensouligne wp-block-post-title\"><a href=\"https:\/\/wp.unil.ch\/ateliercritique\/2019\/05\/lespace-et-nous\/\" target=\"_self\" >L&rsquo;espace et nous<\/a><\/h6>\n\n<div class=\"wp-block-post-excerpt\"><p class=\"wp-block-post-excerpt__excerpt\">Mise en sc\u00e8ne d\u2019Alain Borek et le Cabinet Cr\u00e9atif \/ Th\u00e9\u00e2tre 2.21 \/ du 28 mai au 2 juin 2019 \/ Critiques par Lucas Lauth et Amina Gudzevic. <\/p><\/div>\n\n\n<div style=\"height:1px\" aria-hidden=\"true\" class=\"wp-block-spacer\"><\/div>\n\n<\/li><li class=\"wp-block-post post-13574 post type-post status-publish format-standard has-post-thumbnail category-critique category-expired category-spectacle category-theatre-de-vidy tag-amina-gudzevic tag-lucas-lauth\">\n<h6 class=\"liensouligne wp-block-post-title\"><a href=\"https:\/\/wp.unil.ch\/ateliercritique\/2019\/05\/love-is-a-river\/\" target=\"_self\" >Love is a River<\/a><\/h6>\n\n<div class=\"wp-block-post-excerpt\"><p class=\"wp-block-post-excerpt__excerpt\">D\u2019apr\u00e8s Platonov d\u2019Anton Tchekhov \/ Mise en sc\u00e8ne d\u2019Alexandre Doublet \/ Th\u00e9\u00e2tre de Vidy \/ du 8 au 11 mai \/ Critiques par Lucas Lauth et Amina Gudzevic. <\/p><\/div>\n\n\n<div style=\"height:1px\" aria-hidden=\"true\" class=\"wp-block-spacer\"><\/div>\n\n<\/li><li class=\"wp-block-post post-13476 post type-post status-publish format-standard has-post-thumbnail category-critique category-expired category-spectacle category-theatre-de-vidy tag-amina-gudzevic tag-julia-cela\">\n<h6 class=\"liensouligne wp-block-post-title\"><a href=\"https:\/\/wp.unil.ch\/ateliercritique\/2019\/04\/retour-a-reims\/\" target=\"_self\" >Retour \u00e0 Reims<\/a><\/h6>\n\n<div class=\"wp-block-post-excerpt\"><p class=\"wp-block-post-excerpt__excerpt\">D\u2019apr\u00e8s le texte de Didier Eribon \/ Mise en sc\u00e8ne de Thomas Ostermeier \/ Th\u00e9\u00e2tre de Vidy \/ du 28 mai au 15 juin 2019 \/ Critiques par Amina Gudzevic et Julia Cela. <\/p><\/div>\n\n\n<div style=\"height:1px\" aria-hidden=\"true\" class=\"wp-block-spacer\"><\/div>\n\n<\/li><li class=\"wp-block-post post-13347 post type-post status-publish format-standard has-post-thumbnail category-critique category-expired category-theatre-de-larsenic category-spectacle tag-amina-gudzevic tag-brice-torriani tag-ivan-garcia tag-jade-lambelet tag-julia-cela tag-noe-maggetti tag-oceane-forster tag-sarah-juilland tag-thibault-hugentobler\">\n<h6 class=\"liensouligne wp-block-post-title\"><a href=\"https:\/\/wp.unil.ch\/ateliercritique\/2019\/04\/imposture-posthume\/\" target=\"_self\" >Imposture posthume<\/a><\/h6>\n\n<div class=\"wp-block-post-excerpt\"><p class=\"wp-block-post-excerpt__excerpt\">Texte, mise en sc\u00e8ne et jeu de Jo\u00ebl Maillard \/ Arsenic \u2013 Centre d\u2019art sc\u00e9nique contemporain \/ du 26 au 31 mars 2019 \/ Critiques par Laurane Quartenoud, Thibault Hugentobler, Amina Gudzevic, Jade Lambelet, Sarah Juilland, Ivan Garcia, Brice Torriani,\u2026 <\/p><\/div>\n\n\n<div style=\"height:1px\" aria-hidden=\"true\" class=\"wp-block-spacer\"><\/div>\n\n<\/li><li class=\"wp-block-post post-13150 post type-post status-publish format-standard has-post-thumbnail category-critique category-expired category-spectacle category-theatre-de-vidy tag-amina-gudzevic tag-ivan-garcia\">\n<h6 class=\"liensouligne wp-block-post-title\"><a href=\"https:\/\/wp.unil.ch\/ateliercritique\/2019\/01\/girl-from-the-fog-machine-factory\/\" target=\"_self\" >Girl from the Fog Machine Factory<\/a><\/h6>\n\n<div class=\"wp-block-post-excerpt\"><p class=\"wp-block-post-excerpt__excerpt\">Cr\u00e9ation et mise en sc\u00e8ne de Thom Luz (Thom Luz \u2013 Bernetta Theaterproduktionen) \/ Th\u00e9\u00e2tre de Vidy \/ du 16 au 19 janvier 2019 \/ Critiques par Ivan Garcia et Amina Gudzevic. <\/p><\/div>\n\n\n<div style=\"height:1px\" aria-hidden=\"true\" class=\"wp-block-spacer\"><\/div>\n\n<\/li><li class=\"wp-block-post post-13137 post type-post status-publish format-standard has-post-thumbnail category-critique category-expired category-spectacle category-theatre-de-carouge tag-amina-gudzevic tag-sacha-toupance\">\n<h6 class=\"liensouligne wp-block-post-title\"><a href=\"https:\/\/wp.unil.ch\/ateliercritique\/2019\/01\/le-misanthrope\/\" target=\"_self\" >Le Misanthrope<\/a><\/h6>\n\n<div class=\"wp-block-post-excerpt\"><p class=\"wp-block-post-excerpt__excerpt\">Texte de Moli\u00e8re \/ Mise en sc\u00e8ne d\u2019Alain Fran\u00e7on \/ Th\u00e9\u00e2tre de Carouge \/ du 9 janvier au 8 f\u00e9vrier 2019 \/ Critiques par Sacha Toupance et Amina Gudzevic.\u00a0 <\/p><\/div>\n\n\n<div style=\"height:1px\" aria-hidden=\"true\" class=\"wp-block-spacer\"><\/div>\n\n<\/li><li class=\"wp-block-post post-13120 post type-post status-publish format-standard has-post-thumbnail category-critique category-expired category-spectacle category-tkm-theatre-kleber-meleau tag-amina-gudzevic tag-maxime-hoffmann\">\n<h6 class=\"liensouligne wp-block-post-title\"><a href=\"https:\/\/wp.unil.ch\/ateliercritique\/2019\/01\/un-instant\/\" target=\"_self\" >Un Instant<\/a><\/h6>\n\n<div class=\"wp-block-post-excerpt\"><p class=\"wp-block-post-excerpt__excerpt\">D\u2019apr\u00e8s Marcel Proust \/ Mise en sc\u00e8ne de Jean Bellorini \/ TKM \u2013 Th\u00e9\u00e2tre Kl\u00e9ber-M\u00e9leau \/ du 8 au 27 janvier 2019 \/ Critiques par Maxime Hoffmann et Amina Gudzevic. <\/p><\/div>\n\n\n<div style=\"height:1px\" aria-hidden=\"true\" class=\"wp-block-spacer\"><\/div>\n\n<\/li><li class=\"wp-block-post post-13107 post type-post status-publish format-standard has-post-thumbnail category-critique category-expired category-le-reflet category-spectacle tag-amina-gudzevic tag-melanie-scyboz\">\n<h6 class=\"liensouligne wp-block-post-title\"><a href=\"https:\/\/wp.unil.ch\/ateliercritique\/2018\/12\/digressions-et-autres-detours-avant-de-jouer\/\" target=\"_self\" >Digressions et autres d\u00e9tours avant de jouer<\/a><\/h6>\n\n<div class=\"wp-block-post-excerpt\"><p class=\"wp-block-post-excerpt__excerpt\">\u00c8ve Bonfanti &amp; Yves Hunstad \/ Le Reflet Th\u00e9\u00e2tre de Vevey \/ du 13 au 14 d\u00e9cembre 2018 \/ Critiques par Amina Gudzevic et M\u00e9lanie Scyboz.\u00a0 <\/p><\/div>\n\n\n<div style=\"height:1px\" aria-hidden=\"true\" class=\"wp-block-spacer\"><\/div>\n\n<\/li><\/ul><\/div>\n","protected":false},"excerpt":{"rendered":"<p>Les critiques d&rsquo;Amina Gudzevic :<\/p>\n","protected":false},"author":1001835,"featured_media":0,"parent":2716,"menu_order":0,"comment_status":"closed","ping_status":"closed","template":"","meta":{"_seopress_robots_primary_cat":"","_seopress_titles_title":"","_seopress_titles_desc":"","_seopress_robots_index":"","footnotes":""},"class_list":["post-12796","page","type-page","status-publish"],"_links":{"self":[{"href":"https:\/\/wp.unil.ch\/ateliercritique\/wp-json\/wp\/v2\/pages\/12796","targetHints":{"allow":["GET"]}}],"collection":[{"href":"https:\/\/wp.unil.ch\/ateliercritique\/wp-json\/wp\/v2\/pages"}],"about":[{"href":"https:\/\/wp.unil.ch\/ateliercritique\/wp-json\/wp\/v2\/types\/page"}],"author":[{"embeddable":true,"href":"https:\/\/wp.unil.ch\/ateliercritique\/wp-json\/wp\/v2\/users\/1001835"}],"replies":[{"embeddable":true,"href":"https:\/\/wp.unil.ch\/ateliercritique\/wp-json\/wp\/v2\/comments?post=12796"}],"version-history":[{"count":1,"href":"https:\/\/wp.unil.ch\/ateliercritique\/wp-json\/wp\/v2\/pages\/12796\/revisions"}],"predecessor-version":[{"id":22291,"href":"https:\/\/wp.unil.ch\/ateliercritique\/wp-json\/wp\/v2\/pages\/12796\/revisions\/22291"}],"up":[{"embeddable":true,"href":"https:\/\/wp.unil.ch\/ateliercritique\/wp-json\/wp\/v2\/pages\/2716"}],"wp:attachment":[{"href":"https:\/\/wp.unil.ch\/ateliercritique\/wp-json\/wp\/v2\/media?parent=12796"}],"curies":[{"name":"wp","href":"https:\/\/api.w.org\/{rel}","templated":true}]}}