{"id":12792,"date":"2018-10-01T17:03:13","date_gmt":"2018-10-01T15:03:13","guid":{"rendered":"http:\/\/wp.unil.ch\/ateliercritique\/?page_id=12792"},"modified":"2025-02-06T17:07:30","modified_gmt":"2025-02-06T16:07:30","slug":"oceane-forster","status":"publish","type":"page","link":"https:\/\/wp.unil.ch\/ateliercritique\/lequipe\/oceane-forster\/","title":{"rendered":"Oc\u00e9ane Forster"},"content":{"rendered":"<p><img alt=\"\" loading=\"lazy\" decoding=\"async\" class=\"alignright wp-image-13285\" src=\"https:\/\/wp.unil.ch\/ateliercritique\/files\/2019\/03\/Portrait-OF-283x200.jpg\" alt=\"\" width=\"300\" height=\"212\" srcset=\"https:\/\/wp.unil.ch\/ateliercritique\/files\/2019\/03\/Portrait-OF-283x200.jpg 283w, https:\/\/wp.unil.ch\/ateliercritique\/files\/2019\/03\/Portrait-OF-241x170.jpg 241w, https:\/\/wp.unil.ch\/ateliercritique\/files\/2019\/03\/Portrait-OF-768x542.jpg 768w, https:\/\/wp.unil.ch\/ateliercritique\/files\/2019\/03\/Portrait-OF-1024x723.jpg 1024w, https:\/\/wp.unil.ch\/ateliercritique\/files\/2019\/03\/Portrait-OF-624x441.jpg 624w, https:\/\/wp.unil.ch\/ateliercritique\/files\/2019\/03\/Portrait-OF.jpg 1699w\" sizes=\"auto, (max-width: 300px) 100vw, 300px\" \/>J\u2019ai d\u00e9couvert le th\u00e9\u00e2tre sur le tard.<br \/>On ne m\u2019emmenait pas voir de velours rouges, ni de trag\u00e9dies masqu\u00e9es.<br \/>J\u2019ai appris \u00e0 aimer la sc\u00e8ne en la foulant, et en aimant toujours plus ceux qui la foulaient de leurs corps, voire leurs mots.<br \/>Plus tard, \u00e9tudiante en Fran\u00e7ais Moderne et Histoire de l\u2019art, si la culture fait partie int\u00e9grante de mes \u00e9tudes ce n\u2019est pas un hasard.<br \/>Des biblioth\u00e8ques aux mus\u00e9es en passant par les sc\u00e8nes alternatives, les galeries, contemporaines, ou non, les festivals en tous genres, les salles de danse et les th\u00e9\u00e2tres sous fumig\u00e8nes\u00a0: tous les domaines de la vie artistique passent dans mon assiette. Et tout cela fr\u00f4le presque la d\u00e9votion.<br \/>Mais toujours le th\u00e9\u00e2tre est irr\u00e9ductible, il colle \u00e0 la peau, il s\u2019immisce partout, et sans demander l\u2019avis de personne, il s\u2019ancre \u00e0 l\u2019avant-sc\u00e8ne.<br \/>Alors je m\u2019y mets s\u00e9rieusement, et de tous les c\u00f4t\u00e9s. Le th\u00e9\u00e2tre, l\u2019\u00e9crire, en faire, en voir, en manger, et surtout, \u00e0 tout prix en parler. Quand c\u2019est bien, ou quand \u00e7a l\u2019est moins\u2026. Trouver le moyen de dire ces choses vues sur les th\u00e9\u00e2tres, mais aussi de r\u00e9fl\u00e9chir \u00e0 l\u2019\u00e9volution et aux enjeux du th\u00e9\u00e2tre contemporain.<br \/>L\u2019Atelier Critique m\u2019a sembl\u00e9 \u00eatre le lieu id\u00e9al pour exp\u00e9rimenter la r\u00e9daction de critiques et apprendre \u00e0 rendre compte avec toujours plus de pertinence de l\u2019actualit\u00e9 sc\u00e9nique romande.<\/p>\n<h4>Les critiques d&rsquo;Oc\u00e9ane Forster :<\/h4>\n\n\n<div class=\"wp-block-query is-layout-flow wp-block-query-is-layout-flow\"><ul class=\"wp-block-post-template is-layout-flow wp-block-post-template-is-layout-flow\"><li class=\"wp-block-post post-13678 post type-post status-publish format-standard has-post-thumbnail category-critique category-expired category-spectacle category-theatre-du-jorat tag-noe-maggetti tag-oceane-forster\">\n<h6 class=\"liensouligne wp-block-post-title\"><a href=\"https:\/\/wp.unil.ch\/ateliercritique\/2019\/06\/traviata-vous-meritez-un-avenir-meilleur\/\" target=\"_self\" >Traviata \u2013 Vous m\u00e9ritez un avenir meilleur<\/a><\/h6>\n\n<div class=\"wp-block-post-excerpt\"><p class=\"wp-block-post-excerpt__excerpt\">Conception par Benjamin Lazar, Florent Hubert et Judith Chemla d\u2019apr\u00e8s Giuseppe Verdi \/ Mise en sc\u00e8ne de Benjamin Lazar \/ Th\u00e9\u00e2tre du Jorat \/ du 12 au 13 juin 2019 \/ Critiques par No\u00e9 Maggetti et Oc\u00e9ane Forster. <\/p><\/div>\n\n\n<div style=\"height:1px\" aria-hidden=\"true\" class=\"wp-block-spacer\"><\/div>\n\n<\/li><li class=\"wp-block-post post-13656 post type-post status-publish format-standard has-post-thumbnail category-entretien tag-oceane-forster\">\n<h6 class=\"liensouligne wp-block-post-title\"><a href=\"https:\/\/wp.unil.ch\/ateliercritique\/2019\/06\/entretien-avec-domenico-carli\/\" target=\"_self\" >Entretien avec Domenico Carli<\/a><\/h6>\n\n<div class=\"wp-block-post-excerpt\"><p class=\"wp-block-post-excerpt__excerpt\">Par\u00a0Oc\u00e9ane Forster . <\/p><\/div>\n\n\n<div style=\"height:1px\" aria-hidden=\"true\" class=\"wp-block-spacer\"><\/div>\n\n<\/li><li class=\"wp-block-post post-13653 post type-post status-publish format-standard has-post-thumbnail category-critique category-expired category-spectacle tag-oceane-forster\">\n<h6 class=\"liensouligne wp-block-post-title\"><a href=\"https:\/\/wp.unil.ch\/ateliercritique\/2019\/06\/mon-theatre-je-le-visualise\/\" target=\"_self\" >\u00ab\u00a0Mon th\u00e9\u00e2tre, je le visualise\u00a0\u00bb<\/a><\/h6>\n\n<div class=\"wp-block-post-excerpt\"><p class=\"wp-block-post-excerpt__excerpt\">De Domenico Carli \/ Critique par Oc\u00e9ane Forster. <\/p><\/div>\n\n\n<div style=\"height:1px\" aria-hidden=\"true\" class=\"wp-block-spacer\"><\/div>\n\n<\/li><li class=\"wp-block-post post-13620 post type-post status-publish format-standard has-post-thumbnail category-critique category-expired category-spectacle category-teatre-du-grutli tag-johanna-codourey tag-julia-cela tag-oceane-forster\">\n<h6 class=\"liensouligne wp-block-post-title\"><a href=\"https:\/\/wp.unil.ch\/ateliercritique\/2019\/05\/happy-island\/\" target=\"_self\" >Biennale Out of the Box<\/a><\/h6>\n\n<div class=\"wp-block-post-excerpt\"><p class=\"wp-block-post-excerpt__excerpt\">Pour sa premi\u00e8re ann\u00e9e en partenariat avec la Biennale des Arts Inclusifs \u00ab\u00a0Out of the Box\u00a0\u00bb (du 20 au 26 mai 2019), l&rsquo;Atelier Critique propose une s\u00e9rie de critiques sur les diff\u00e9rents spectacles de danse du festival. Critiques par Julia\u2026 <\/p><\/div>\n\n\n<div style=\"height:1px\" aria-hidden=\"true\" class=\"wp-block-spacer\"><\/div>\n\n<\/li><li class=\"wp-block-post post-13532 post type-post status-publish format-standard has-post-thumbnail category-critique category-expired category-spectacle tag-fanny-agostino tag-ivan-garcia tag-johanna-codourey tag-julia-cela tag-maxime-hoffmann tag-oceane-forster\">\n<h6 class=\"liensouligne wp-block-post-title\"><a href=\"https:\/\/wp.unil.ch\/ateliercritique\/2019\/05\/ecritures-dramatiques-contemporaines-partenariat-avec-le-courrier\/\" target=\"_self\" >Ecritures dramatiques contemporaines \/ Partenariat avec Le Courrier<\/a><\/h6>\n\n<div class=\"wp-block-post-excerpt\"><p class=\"wp-block-post-excerpt__excerpt\">Deux lundis par mois, pendant l&rsquo;\u00e9t\u00e9 2018, Le Courrier a publi\u00e9 le texte in\u00e9dit (extrait) d\u2019un-e auteur-e de th\u00e9\u00e2tre suisse ou r\u00e9sidant en Suisse. L\u2019Atelier critique a eu acc\u00e8s \u00e0 la version int\u00e9grale de ces oeuvres et en propose aujourd&rsquo;hui\u2026 <\/p><\/div>\n\n\n<div style=\"height:1px\" aria-hidden=\"true\" class=\"wp-block-spacer\"><\/div>\n\n<\/li><li class=\"wp-block-post post-13418 post type-post status-publish format-standard has-post-thumbnail category-centre-pluriculturel-et-social-douchy category-critique category-expired category-spectacle tag-jade-lambelet tag-oceane-forster\">\n<h6 class=\"liensouligne wp-block-post-title\"><a href=\"https:\/\/wp.unil.ch\/ateliercritique\/2019\/04\/poscriptum\/\" target=\"_self\" >Poscriptum<\/a><\/h6>\n\n<div class=\"wp-block-post-excerpt\"><p class=\"wp-block-post-excerpt__excerpt\">Cr\u00e9ation et mise en sc\u00e8ne de la Cie Les Diptik et Sky de Sela \/ CPO d\u2019Ouchy \/ du 6 au 7 avril 2019 \/ Critiques par Jade Lambelet et Oc\u00e9ane Forster.\u00a0 <\/p><\/div>\n\n\n<div style=\"height:1px\" aria-hidden=\"true\" class=\"wp-block-spacer\"><\/div>\n\n<\/li><li class=\"wp-block-post post-13347 post type-post status-publish format-standard has-post-thumbnail category-critique category-expired category-theatre-de-larsenic category-spectacle tag-amina-gudzevic tag-brice-torriani tag-ivan-garcia tag-jade-lambelet tag-julia-cela tag-noe-maggetti tag-oceane-forster tag-sarah-juilland tag-thibault-hugentobler\">\n<h6 class=\"liensouligne wp-block-post-title\"><a href=\"https:\/\/wp.unil.ch\/ateliercritique\/2019\/04\/imposture-posthume\/\" target=\"_self\" >Imposture posthume<\/a><\/h6>\n\n<div class=\"wp-block-post-excerpt\"><p class=\"wp-block-post-excerpt__excerpt\">Texte, mise en sc\u00e8ne et jeu de Jo\u00ebl Maillard \/ Arsenic \u2013 Centre d\u2019art sc\u00e9nique contemporain \/ du 26 au 31 mars 2019 \/ Critiques par Laurane Quartenoud, Thibault Hugentobler, Amina Gudzevic, Jade Lambelet, Sarah Juilland, Ivan Garcia, Brice Torriani,\u2026 <\/p><\/div>\n\n\n<div style=\"height:1px\" aria-hidden=\"true\" class=\"wp-block-spacer\"><\/div>\n\n<\/li><li class=\"wp-block-post post-12876 post type-post status-publish format-standard has-post-thumbnail category-critique category-expired category-maison-saint-gervais category-spectacle tag-oceane-forster\">\n<h6 class=\"liensouligne wp-block-post-title\"><a href=\"https:\/\/wp.unil.ch\/ateliercritique\/2018\/10\/all-can-be-softer\/\" target=\"_self\" >All can be softer<\/a><\/h6>\n\n<div class=\"wp-block-post-excerpt\"><p class=\"wp-block-post-excerpt__excerpt\">Texte et mise en sc\u00e8ne de Ren\u00e9e Van Trier \/ Th\u00e9\u00e2tre Saint-Gervais \/ du 06 au 07 octobre 2018 \/ Critique par Oc\u00e9ane Forster. <\/p><\/div>\n\n\n<div style=\"height:1px\" aria-hidden=\"true\" class=\"wp-block-spacer\"><\/div>\n\n<\/li><li class=\"wp-block-post post-12848 post type-post status-publish format-standard has-post-thumbnail category-critique category-expired category-spectacle category-theatre-du-loup tag-oceane-forster\">\n<h6 class=\"liensouligne wp-block-post-title\"><a href=\"https:\/\/wp.unil.ch\/ateliercritique\/2018\/10\/mais-qui-sont-ces-gens\/\" target=\"_self\" >Mais qui sont ces gens ?<\/a><\/h6>\n\n<div class=\"wp-block-post-excerpt\"><p class=\"wp-block-post-excerpt__excerpt\">De Marion Pulver \/ Mise en sc\u00e8ne de Julien George \/ Th\u00e9\u00e2tre du Loup \/ du 5 au 21 octobre 2018 \/ Critique par Oc\u00e9ane Forster. <\/p><\/div>\n\n\n<div style=\"height:1px\" aria-hidden=\"true\" class=\"wp-block-spacer\"><\/div>\n\n<\/li><\/ul><\/div>\n","protected":false},"excerpt":{"rendered":"<p>J\u2019ai d\u00e9couvert le th\u00e9\u00e2tre sur le tard.On ne m\u2019emmenait pas voir de velours rouges, ni de trag\u00e9dies masqu\u00e9es.J\u2019ai appris \u00e0 aimer la sc\u00e8ne en la foulant, et en aimant toujours &hellip; <\/p>\n","protected":false},"author":1001835,"featured_media":0,"parent":2716,"menu_order":0,"comment_status":"closed","ping_status":"closed","template":"","meta":{"_seopress_robots_primary_cat":"","_seopress_titles_title":"","_seopress_titles_desc":"","_seopress_robots_index":"","footnotes":""},"class_list":["post-12792","page","type-page","status-publish"],"_links":{"self":[{"href":"https:\/\/wp.unil.ch\/ateliercritique\/wp-json\/wp\/v2\/pages\/12792","targetHints":{"allow":["GET"]}}],"collection":[{"href":"https:\/\/wp.unil.ch\/ateliercritique\/wp-json\/wp\/v2\/pages"}],"about":[{"href":"https:\/\/wp.unil.ch\/ateliercritique\/wp-json\/wp\/v2\/types\/page"}],"author":[{"embeddable":true,"href":"https:\/\/wp.unil.ch\/ateliercritique\/wp-json\/wp\/v2\/users\/1001835"}],"replies":[{"embeddable":true,"href":"https:\/\/wp.unil.ch\/ateliercritique\/wp-json\/wp\/v2\/comments?post=12792"}],"version-history":[{"count":1,"href":"https:\/\/wp.unil.ch\/ateliercritique\/wp-json\/wp\/v2\/pages\/12792\/revisions"}],"predecessor-version":[{"id":22278,"href":"https:\/\/wp.unil.ch\/ateliercritique\/wp-json\/wp\/v2\/pages\/12792\/revisions\/22278"}],"up":[{"embeddable":true,"href":"https:\/\/wp.unil.ch\/ateliercritique\/wp-json\/wp\/v2\/pages\/2716"}],"wp:attachment":[{"href":"https:\/\/wp.unil.ch\/ateliercritique\/wp-json\/wp\/v2\/media?parent=12792"}],"curies":[{"name":"wp","href":"https:\/\/api.w.org\/{rel}","templated":true}]}}