{"id":12784,"date":"2018-10-01T16:56:21","date_gmt":"2018-10-01T14:56:21","guid":{"rendered":"http:\/\/wp.unil.ch\/ateliercritique\/?page_id=12784"},"modified":"2025-02-07T09:41:18","modified_gmt":"2025-02-07T08:41:18","slug":"sacha-toupance","status":"publish","type":"page","link":"https:\/\/wp.unil.ch\/ateliercritique\/lequipe\/sacha-toupance\/","title":{"rendered":"Sacha Toupance"},"content":{"rendered":"<h4>Les critiques de Sacha Toupance :<\/h4>\n\n\n<div class=\"wp-block-query is-layout-flow wp-block-query-is-layout-flow\"><ul class=\"wp-block-post-template is-layout-flow wp-block-post-template-is-layout-flow\"><li class=\"wp-block-post post-13321 post type-post status-publish format-standard has-post-thumbnail category-critique category-expired category-theatre-comedie category-spectacle tag-sacha-toupance tag-thibault-hugentobler\">\n<h6 class=\"liensouligne wp-block-post-title\"><a href=\"https:\/\/wp.unil.ch\/ateliercritique\/2019\/04\/vr-i\/\" target=\"_self\" >VR-I<\/a><\/h6>\n\n<div class=\"wp-block-post-excerpt\"><p class=\"wp-block-post-excerpt__excerpt\">Chor\u00e9graphie et conception de Gilles Jobin et Artanim \/ Com\u00e9die de Gen\u00e8ve \/ du 28 mars au 14 avril 2019 \/ Critiques par Thibault Hugentobler et Sacha Toupance.\u00a0 <\/p><\/div>\n\n\n<div style=\"height:1px\" aria-hidden=\"true\" class=\"wp-block-spacer\"><\/div>\n\n<\/li><li class=\"wp-block-post post-13246 post type-post status-publish format-standard has-post-thumbnail category-critique category-expired category-spectacle category-theatre-du-passage tag-lena-rossel tag-sacha-toupance\">\n<h6 class=\"liensouligne wp-block-post-title\"><a href=\"https:\/\/wp.unil.ch\/ateliercritique\/2019\/03\/les-separables\/\" target=\"_self\" >Les S\u00e9parables<\/a><\/h6>\n\n<div class=\"wp-block-post-excerpt\"><p class=\"wp-block-post-excerpt__excerpt\">Texte de Fabrice Melquiot \/ Mise en sc\u00e8ne de Dominique Catton et Christiane Suter \/ Th\u00e9\u00e2tre du Passage \/ 13 mars 2019 \/ Critiques par Lena Rossel et Sacha Toupance.\u00a0 <\/p><\/div>\n\n\n<div style=\"height:1px\" aria-hidden=\"true\" class=\"wp-block-spacer\"><\/div>\n\n<\/li><li class=\"wp-block-post post-13137 post type-post status-publish format-standard has-post-thumbnail category-critique category-expired category-spectacle category-theatre-de-carouge tag-amina-gudzevic tag-sacha-toupance\">\n<h6 class=\"liensouligne wp-block-post-title\"><a href=\"https:\/\/wp.unil.ch\/ateliercritique\/2019\/01\/le-misanthrope\/\" target=\"_self\" >Le Misanthrope<\/a><\/h6>\n\n<div class=\"wp-block-post-excerpt\"><p class=\"wp-block-post-excerpt__excerpt\">Texte de Moli\u00e8re \/ Mise en sc\u00e8ne d\u2019Alain Fran\u00e7on \/ Th\u00e9\u00e2tre de Carouge \/ du 9 janvier au 8 f\u00e9vrier 2019 \/ Critiques par Sacha Toupance et Amina Gudzevic.\u00a0 <\/p><\/div>\n\n\n<div style=\"height:1px\" aria-hidden=\"true\" class=\"wp-block-spacer\"><\/div>\n\n<\/li><li class=\"wp-block-post post-13083 post type-post status-publish format-standard has-post-thumbnail category-critique category-expired category-spectacle category-theatre-de-vidy tag-sacha-toupance\">\n<h6 class=\"liensouligne wp-block-post-title\"><a href=\"https:\/\/wp.unil.ch\/ateliercritique\/2018\/12\/jusque-dans-vos-bras\/\" target=\"_self\" >Jusque dans vos bras<\/a><\/h6>\n\n<div class=\"wp-block-post-excerpt\"><p class=\"wp-block-post-excerpt__excerpt\">Texte issu d\u2019improvisations des acteurs \/ Mise en sc\u00e8ne de Jean-Christophe Meurisse \/ Th\u00e9\u00e2tre de Vidy \/ du 27 au 30 novembre 2018 \/\u00a0 Critique par Sacha Toupance. <\/p><\/div>\n\n\n<div style=\"height:1px\" aria-hidden=\"true\" class=\"wp-block-spacer\"><\/div>\n\n<\/li><li class=\"wp-block-post post-13018 post type-post status-publish format-standard has-post-thumbnail category-critique category-expired category-spectacle category-theatre-des-marionnettes tag-sacha-toupance tag-thibault-hugentobler\">\n<h6 class=\"liensouligne wp-block-post-title\"><a href=\"https:\/\/wp.unil.ch\/ateliercritique\/2018\/11\/meet-fred\/\" target=\"_self\" >Meet Fred<\/a><\/h6>\n\n<div class=\"wp-block-post-excerpt\"><p class=\"wp-block-post-excerpt__excerpt\">De et par Hijinx Theatre en collaboration avec Blind Summit \/ Mise en sc\u00e8ne de Ben Pettitt-Wade \/ Th\u00e9\u00e2tre des Marionnettes de Gen\u00e8ve \/ du 15 au 20 novembre 2018 \/ Critiques par Thubault Hugentobler et Sacha Toupance. <\/p><\/div>\n\n\n<div style=\"height:1px\" aria-hidden=\"true\" class=\"wp-block-spacer\"><\/div>\n\n<\/li><\/ul><\/div>\n","protected":false},"excerpt":{"rendered":"<p>Les critiques de Sacha Toupance :<\/p>\n","protected":false},"author":1001835,"featured_media":0,"parent":2716,"menu_order":0,"comment_status":"closed","ping_status":"closed","template":"","meta":{"_seopress_robots_primary_cat":"","_seopress_titles_title":"","_seopress_titles_desc":"","_seopress_robots_index":"","footnotes":""},"class_list":["post-12784","page","type-page","status-publish"],"_links":{"self":[{"href":"https:\/\/wp.unil.ch\/ateliercritique\/wp-json\/wp\/v2\/pages\/12784","targetHints":{"allow":["GET"]}}],"collection":[{"href":"https:\/\/wp.unil.ch\/ateliercritique\/wp-json\/wp\/v2\/pages"}],"about":[{"href":"https:\/\/wp.unil.ch\/ateliercritique\/wp-json\/wp\/v2\/types\/page"}],"author":[{"embeddable":true,"href":"https:\/\/wp.unil.ch\/ateliercritique\/wp-json\/wp\/v2\/users\/1001835"}],"replies":[{"embeddable":true,"href":"https:\/\/wp.unil.ch\/ateliercritique\/wp-json\/wp\/v2\/comments?post=12784"}],"version-history":[{"count":1,"href":"https:\/\/wp.unil.ch\/ateliercritique\/wp-json\/wp\/v2\/pages\/12784\/revisions"}],"predecessor-version":[{"id":22361,"href":"https:\/\/wp.unil.ch\/ateliercritique\/wp-json\/wp\/v2\/pages\/12784\/revisions\/22361"}],"up":[{"embeddable":true,"href":"https:\/\/wp.unil.ch\/ateliercritique\/wp-json\/wp\/v2\/pages\/2716"}],"wp:attachment":[{"href":"https:\/\/wp.unil.ch\/ateliercritique\/wp-json\/wp\/v2\/media?parent=12784"}],"curies":[{"name":"wp","href":"https:\/\/api.w.org\/{rel}","templated":true}]}}