{"id":12778,"date":"2018-10-01T16:44:38","date_gmt":"2018-10-01T14:44:38","guid":{"rendered":"http:\/\/wp.unil.ch\/ateliercritique\/?page_id=12778"},"modified":"2025-02-06T17:40:03","modified_gmt":"2025-02-06T16:40:03","slug":"noe-maggetti","status":"publish","type":"page","link":"https:\/\/wp.unil.ch\/ateliercritique\/lequipe\/noe-maggetti\/","title":{"rendered":"No\u00e9 Maggetti"},"content":{"rendered":"<p>\u00c9tudiant en master en fran\u00e7ais moderne et en histoire et esth\u00e9tique du cin\u00e9ma \u00e0 l&rsquo;Universit\u00e9 de Lausanne, je m&rsquo;int\u00e9resse aux diff\u00e9rentes formes de mises en r\u00e9cit (roman, th\u00e9\u00e2tre, film&#8230;) et aux possibles ouverts par chacune d&rsquo;entre elles. Les points de contact entre diff\u00e9rents supports artistiques, de l&rsquo;adaptation cin\u00e9matographique d&rsquo;un roman au passage \u00e0 la sc\u00e8ne d&rsquo;un long-m\u00e9trage, me semblent particuli\u00e8rement riches.<\/p>\n<h4>Les critiques de No\u00e9 Maggetti :<\/h4>\n\n\n<div class=\"wp-block-query is-layout-flow wp-block-query-is-layout-flow\"><ul class=\"wp-block-post-template is-layout-flow wp-block-post-template-is-layout-flow\"><li class=\"wp-block-post post-14237 post type-post status-publish format-standard has-post-thumbnail category-critique category-expired category-la-grange category-spectacle tag-alicia-carron tag-avi-cagin tag-fadri-gumy tag-jade-lambelet tag-judith-marchal tag-monique-kountangni tag-noe-maggetti tag-stella-wohlers\">\n<h6 class=\"liensouligne wp-block-post-title\"><a href=\"https:\/\/wp.unil.ch\/ateliercritique\/2020\/03\/peer-ou-nous-ne-monterons-pas-peer-gynt\/\" target=\"_self\" >Peer ou, nous ne monterons pas Peer Gynt<\/a><\/h6>\n\n<div class=\"wp-block-post-excerpt\"><p class=\"wp-block-post-excerpt__excerpt\">Concept et mise en sc\u00e8ne de Fabrice Gorgerat \/ La Grange de Dorigny \/ du 25 au 29 f\u00e9vrier 2020 \/ Critiques par No\u00e9 Maggetti, Judith Marchal, Alicia Carron, Monique Kountangni, Jade Lambelet, Av\u00ee Cagnin, Stella Wohlers et Fadri Gumy. <\/p><\/div>\n\n\n<div style=\"height:1px\" aria-hidden=\"true\" class=\"wp-block-spacer\"><\/div>\n\n<\/li><li class=\"wp-block-post post-14044 post type-post status-publish format-standard has-post-thumbnail category-critique category-expired category-spectacle category-theatre-de-vidy tag-margaux-farron tag-noe-maggetti\">\n<h6 class=\"liensouligne wp-block-post-title\"><a href=\"https:\/\/wp.unil.ch\/ateliercritique\/2019\/12\/crash-park-la-vie-dune-ile\/\" target=\"_self\" >Crash Park, la vie d\u2019une \u00eele<\/a><\/h6>\n\n<div class=\"wp-block-post-excerpt\"><p class=\"wp-block-post-excerpt__excerpt\">Texte et mise en sc\u00e8ne de Philippe Quesne \/ Th\u00e9\u00e2tre de Vidy \/ du 11 au 14 d\u00e9cembre 2019 \/ Critiques par No\u00e9 Maggetti et Margaux Farron. <\/p><\/div>\n\n\n<div style=\"height:1px\" aria-hidden=\"true\" class=\"wp-block-spacer\"><\/div>\n\n<\/li><li class=\"wp-block-post post-13977 post type-post status-publish format-standard has-post-thumbnail category-critique category-expired category-spectacle category-theatre-de-vidy tag-noe-maggetti\">\n<h6 class=\"liensouligne wp-block-post-title\"><a href=\"https:\/\/wp.unil.ch\/ateliercritique\/2019\/12\/congo\/\" target=\"_self\" >Congo<\/a><\/h6>\n\n<div class=\"wp-block-post-excerpt\"><p class=\"wp-block-post-excerpt__excerpt\">Texte d\u2019Eric Vuillard \/ Mise en sc\u00e8ne de Faustin Linyekula \/ Th\u00e9\u00e2tre de Vidy \/ du 27 au 30 novembre 2019 \/ Critique par No\u00e9 Maggetti. <\/p><\/div>\n\n\n<div style=\"height:1px\" aria-hidden=\"true\" class=\"wp-block-spacer\"><\/div>\n\n<\/li><li class=\"wp-block-post post-13907 post type-post status-publish format-standard has-post-thumbnail category-critique category-expired category-la-grange category-spectacle tag-manon-lelievre tag-noe-maggetti\">\n<h6 class=\"liensouligne wp-block-post-title\"><a href=\"https:\/\/wp.unil.ch\/ateliercritique\/2019\/11\/tableau-dune-execution\/\" target=\"_self\" >Tableau d\u2019une ex\u00e9cution<\/a><\/h6>\n\n<div class=\"wp-block-post-excerpt\"><p class=\"wp-block-post-excerpt__excerpt\">Texte de Howard Barker \/ Mise en sc\u00e8ne de Vincent Bonillo \/ La Grange de Dorigny \/ du 7 au 10 novembre 2019 \/ Critiques par No\u00e9 Maggetti et Manon Leli\u00e8vre. <\/p><\/div>\n\n\n<div style=\"height:1px\" aria-hidden=\"true\" class=\"wp-block-spacer\"><\/div>\n\n<\/li><li class=\"wp-block-post post-13802 post type-post status-publish format-standard has-post-thumbnail category-critique category-expired category-spectacle category-theatre-de-vidy tag-emmanuel-jung tag-jade-lambelet tag-manon-lelievre tag-monique-kountangni tag-noe-maggetti tag-sarah-juilland tag-thibault-hugentobler\">\n<h6 class=\"liensouligne wp-block-post-title\"><a href=\"https:\/\/wp.unil.ch\/ateliercritique\/2019\/10\/la-vallee-de-letrange\/\" target=\"_self\" >La Vall\u00e9e de l&rsquo;\u00e9trange<\/a><\/h6>\n\n<div class=\"wp-block-post-excerpt\"><p class=\"wp-block-post-excerpt__excerpt\">Texte de Thomas Melle et Stefan Kaegi (Rimini Protokoll) \/ Mise en sc\u00e8ne de Stefan Kaegi \/ Th\u00e9\u00e2tre de Vidy \/ du 25 septembre au 10 octobre 2019 \/ Critiques par Jade Lambelet, Emmanuel Jung, Sarah Juilland, Thibault Hugentobler, No\u00e9\u2026 <\/p><\/div>\n\n\n<div style=\"height:1px\" aria-hidden=\"true\" class=\"wp-block-spacer\"><\/div>\n\n<\/li><li class=\"wp-block-post post-13678 post type-post status-publish format-standard has-post-thumbnail category-critique category-expired category-spectacle category-theatre-du-jorat tag-noe-maggetti tag-oceane-forster\">\n<h6 class=\"liensouligne wp-block-post-title\"><a href=\"https:\/\/wp.unil.ch\/ateliercritique\/2019\/06\/traviata-vous-meritez-un-avenir-meilleur\/\" target=\"_self\" >Traviata \u2013 Vous m\u00e9ritez un avenir meilleur<\/a><\/h6>\n\n<div class=\"wp-block-post-excerpt\"><p class=\"wp-block-post-excerpt__excerpt\">Conception par Benjamin Lazar, Florent Hubert et Judith Chemla d\u2019apr\u00e8s Giuseppe Verdi \/ Mise en sc\u00e8ne de Benjamin Lazar \/ Th\u00e9\u00e2tre du Jorat \/ du 12 au 13 juin 2019 \/ Critiques par No\u00e9 Maggetti et Oc\u00e9ane Forster. <\/p><\/div>\n\n\n<div style=\"height:1px\" aria-hidden=\"true\" class=\"wp-block-spacer\"><\/div>\n\n<\/li><li class=\"wp-block-post post-13451 post type-post status-publish format-standard has-post-thumbnail category-critique category-expired category-theatre-de-larsenic category-spectacle tag-julia-cela tag-noe-maggetti\">\n<h6 class=\"liensouligne wp-block-post-title\"><a href=\"https:\/\/wp.unil.ch\/ateliercritique\/2019\/04\/maintaining-stranger\/\" target=\"_self\" >Maintaining Stranger<\/a><\/h6>\n\n<div class=\"wp-block-post-excerpt\"><p class=\"wp-block-post-excerpt__excerpt\">Texte de Jen Rosenblit \/ Cr\u00e9ation et mise en sc\u00e8ne de Simone Aughterlony \/ Arsenic \u2013 Centre d\u2019art sc\u00e9nique contemporain \/ du 4 au 7 avril 2019 \/ Critiques par No\u00e9 Maggetti et Julia Cela. <\/p><\/div>\n\n\n<div style=\"height:1px\" aria-hidden=\"true\" class=\"wp-block-spacer\"><\/div>\n\n<\/li><li class=\"wp-block-post post-13347 post type-post status-publish format-standard has-post-thumbnail category-critique category-expired category-theatre-de-larsenic category-spectacle tag-amina-gudzevic tag-brice-torriani tag-ivan-garcia tag-jade-lambelet tag-julia-cela tag-noe-maggetti tag-oceane-forster tag-sarah-juilland tag-thibault-hugentobler\">\n<h6 class=\"liensouligne wp-block-post-title\"><a href=\"https:\/\/wp.unil.ch\/ateliercritique\/2019\/04\/imposture-posthume\/\" target=\"_self\" >Imposture posthume<\/a><\/h6>\n\n<div class=\"wp-block-post-excerpt\"><p class=\"wp-block-post-excerpt__excerpt\">Texte, mise en sc\u00e8ne et jeu de Jo\u00ebl Maillard \/ Arsenic \u2013 Centre d\u2019art sc\u00e9nique contemporain \/ du 26 au 31 mars 2019 \/ Critiques par Laurane Quartenoud, Thibault Hugentobler, Amina Gudzevic, Jade Lambelet, Sarah Juilland, Ivan Garcia, Brice Torriani,\u2026 <\/p><\/div>\n\n\n<div style=\"height:1px\" aria-hidden=\"true\" class=\"wp-block-spacer\"><\/div>\n\n<\/li><li class=\"wp-block-post post-13131 post type-post status-publish format-standard has-post-thumbnail category-critique category-expired category-theatre-comedie category-spectacle tag-noe-maggetti tag-thibault-hugentobler\">\n<h6 class=\"liensouligne wp-block-post-title\"><a href=\"https:\/\/wp.unil.ch\/ateliercritique\/2019\/01\/le-royaume\/\" target=\"_self\" >Le Royaume<\/a><\/h6>\n\n<div class=\"wp-block-post-excerpt\"><p class=\"wp-block-post-excerpt__excerpt\">D\u2019apr\u00e8s Lars Von Trier \/ Mise en sc\u00e8ne d\u2019Oscar G\u00f3mez Mata \/ Com\u00e9die de Gen\u00e8ve \/ du 22 janvier au 6 f\u00e9vrier 2019 \/\u00a0 Critiques par No\u00e9 Maggetti et Thibault Hugentobler. <\/p><\/div>\n\n\n<div style=\"height:1px\" aria-hidden=\"true\" class=\"wp-block-spacer\"><\/div>\n\n<\/li><li class=\"wp-block-post post-13069 post type-post status-publish format-standard has-post-thumbnail category-critique category-expired category-spectacle category-theatre-am-stram-gram-geneve tag-jade-lambelet tag-noe-maggetti\">\n<h6 class=\"liensouligne wp-block-post-title\"><a href=\"https:\/\/wp.unil.ch\/ateliercritique\/2018\/12\/maelstrom\/\" target=\"_self\" >Maelstr\u00f6m<\/a><\/h6>\n\n<div class=\"wp-block-post-excerpt\"><p class=\"wp-block-post-excerpt__excerpt\">Texte de Fabrice Melquiot \/ Mise en sc\u00e8ne de Pascale Daniel-Lacombe \/ Th\u00e9\u00e2tre Am Stram Gram \/ du 29 novembre au 2 d\u00e9cembre 2018 \/ Critiques par No\u00e9 Maggetti et Jade Lambelet.\u00a0 <\/p><\/div>\n\n\n<div style=\"height:1px\" aria-hidden=\"true\" class=\"wp-block-spacer\"><\/div>\n\n<\/li><li class=\"wp-block-post post-12981 post type-post status-publish format-standard has-post-thumbnail category-critique category-expired category-spectacle category-theatre-du-passage tag-noe-maggetti tag-thibault-hugentobler\">\n<h6 class=\"liensouligne wp-block-post-title\"><a href=\"https:\/\/wp.unil.ch\/ateliercritique\/2018\/11\/amphitryon\/\" target=\"_self\" >Amphitryon<\/a><\/h6>\n\n<div class=\"wp-block-post-excerpt\"><p class=\"wp-block-post-excerpt__excerpt\">Texte de Moli\u00e8re \/ Mise en sc\u00e8ne de St\u00e9phanie Tesson \/ Th\u00e9\u00e2tre du Passage \/ 1er novembre 2018 \/ Critiques par No\u00e9 Maggetti et Thibault Hugentobler. <\/p><\/div>\n\n\n<div style=\"height:1px\" aria-hidden=\"true\" class=\"wp-block-spacer\"><\/div>\n\n<\/li><li class=\"wp-block-post post-12857 post type-post status-publish format-standard has-post-thumbnail category-critique category-expired category-spectacle category-tkm-theatre-kleber-meleau tag-brice-torriani tag-jade-lambelet tag-nadege-parent tag-natacha-gallandat tag-noe-maggetti tag-sarah-juilland tag-thibault-hugentobler\">\n<h6 class=\"liensouligne wp-block-post-title\"><a href=\"https:\/\/wp.unil.ch\/ateliercritique\/2018\/10\/flammes\/\" target=\"_self\" >F(l)ammes<\/a><\/h6>\n\n<div class=\"wp-block-post-excerpt\"><p class=\"wp-block-post-excerpt__excerpt\">D\u2019Ahmed Madani \/ TKM \u2013 Th\u00e9\u00e2tre Kl\u00e9ber-M\u00e9leau \/ du 25 au 29 septembre 2018 \/ Critiques par Sarah Juilland, No\u00e9 Maggetti, Thibault Hugentobler, Jade Lambelet, Brice Torriani, Natacha Gallandat et Nad\u00e8ge Parent. <\/p><\/div>\n\n\n<div style=\"height:1px\" aria-hidden=\"true\" class=\"wp-block-spacer\"><\/div>\n\n<\/li><\/ul><\/div>\n","protected":false},"excerpt":{"rendered":"<p>\u00c9tudiant en master en fran\u00e7ais moderne et en histoire et esth\u00e9tique du cin\u00e9ma \u00e0 l&rsquo;Universit\u00e9 de Lausanne, je m&rsquo;int\u00e9resse aux diff\u00e9rentes formes de mises en r\u00e9cit (roman, th\u00e9\u00e2tre, film&#8230;) et &hellip; <\/p>\n","protected":false},"author":1001835,"featured_media":0,"parent":2716,"menu_order":0,"comment_status":"closed","ping_status":"closed","template":"","meta":{"_seopress_robots_primary_cat":"","_seopress_titles_title":"","_seopress_titles_desc":"","_seopress_robots_index":"","footnotes":""},"class_list":["post-12778","page","type-page","status-publish"],"_links":{"self":[{"href":"https:\/\/wp.unil.ch\/ateliercritique\/wp-json\/wp\/v2\/pages\/12778","targetHints":{"allow":["GET"]}}],"collection":[{"href":"https:\/\/wp.unil.ch\/ateliercritique\/wp-json\/wp\/v2\/pages"}],"about":[{"href":"https:\/\/wp.unil.ch\/ateliercritique\/wp-json\/wp\/v2\/types\/page"}],"author":[{"embeddable":true,"href":"https:\/\/wp.unil.ch\/ateliercritique\/wp-json\/wp\/v2\/users\/1001835"}],"replies":[{"embeddable":true,"href":"https:\/\/wp.unil.ch\/ateliercritique\/wp-json\/wp\/v2\/comments?post=12778"}],"version-history":[{"count":1,"href":"https:\/\/wp.unil.ch\/ateliercritique\/wp-json\/wp\/v2\/pages\/12778\/revisions"}],"predecessor-version":[{"id":22317,"href":"https:\/\/wp.unil.ch\/ateliercritique\/wp-json\/wp\/v2\/pages\/12778\/revisions\/22317"}],"up":[{"embeddable":true,"href":"https:\/\/wp.unil.ch\/ateliercritique\/wp-json\/wp\/v2\/pages\/2716"}],"wp:attachment":[{"href":"https:\/\/wp.unil.ch\/ateliercritique\/wp-json\/wp\/v2\/media?parent=12778"}],"curies":[{"name":"wp","href":"https:\/\/api.w.org\/{rel}","templated":true}]}}