{"id":12758,"date":"2018-09-10T08:58:40","date_gmt":"2018-09-10T06:58:40","guid":{"rendered":"http:\/\/wp.unil.ch\/ateliercritique\/?page_id=12758"},"modified":"2025-02-06T17:37:16","modified_gmt":"2025-02-06T16:37:16","slug":"jade-lambelet","status":"publish","type":"page","link":"https:\/\/wp.unil.ch\/ateliercritique\/lequipe\/jade-lambelet\/","title":{"rendered":"Jade Lambelet"},"content":{"rendered":"<p class=\"p1\" style=\"text-align: left\"><span class=\"s1\"><img alt=\"\" loading=\"lazy\" decoding=\"async\" class=\"alignright wp-image-14617 size-medium\" src=\"https:\/\/wp.unil.ch\/ateliercritique\/files\/2020\/05\/IMG_5088-300x200.jpg\" alt=\"\" width=\"300\" height=\"200\" srcset=\"https:\/\/wp.unil.ch\/ateliercritique\/files\/2020\/05\/IMG_5088-300x200.jpg 300w, https:\/\/wp.unil.ch\/ateliercritique\/files\/2020\/05\/IMG_5088-1024x683.jpg 1024w, https:\/\/wp.unil.ch\/ateliercritique\/files\/2020\/05\/IMG_5088-250x167.jpg 250w, https:\/\/wp.unil.ch\/ateliercritique\/files\/2020\/05\/IMG_5088-768x512.jpg 768w, https:\/\/wp.unil.ch\/ateliercritique\/files\/2020\/05\/IMG_5088-1536x1024.jpg 1536w, https:\/\/wp.unil.ch\/ateliercritique\/files\/2020\/05\/IMG_5088.jpg 1800w\" sizes=\"auto, (max-width: 300px) 100vw, 300px\" \/>\u00c9tudiante en Master de Fran\u00e7ais moderne et de Philosophie avec une sp\u00e9cialisation en Dramaturgie et histoire du th\u00e9\u00e2tre, je m\u2019int\u00e9resse \u00e0 toutes les formes d\u2019art et \u00e0 leurs pouvoirs de transmission. J&rsquo;aime les mots, les histoires qu&rsquo;ils racontent, les \u00e9motions et les bouleversements qu&rsquo;ils provoquent. J&rsquo;aime aussi les images, la po\u00e9sie et les myst\u00e8res qu&rsquo;elles rec\u00e8lent. Le th\u00e9\u00e2tre m\u00eale sur sc\u00e8ne ces mots \u2013 parfois \u00e9crits au pr\u00e9alable \u2013 et ces images \u00e0 la pr\u00e9sence des corps, des voix et des mati\u00e8res. Il rassemble, dans un m\u00eame lieu, ces diff\u00e9rentes formes d&rsquo;expression. Il nous rassemble aussi, et rend vivantes les id\u00e9es. C&rsquo;est cette force de rassemblement, de fusion et de transmission que je cherche \u00e0 retrouver dans les spectacles et dont je voudrais donner un avant-go\u00fbt dans mes critiques.<\/span><\/p>\n<h4>Les critiques de Jade Lambelet :<\/h4>\n\n\n<div class=\"wp-block-query is-layout-flow wp-block-query-is-layout-flow\"><ul class=\"wp-block-post-template is-layout-flow wp-block-post-template-is-layout-flow\"><li class=\"wp-block-post post-15032 post type-post status-publish format-standard has-post-thumbnail category-critique category-expired category-spectacle category-theatre-de-vidy tag-jade-lambelet\">\n<h6 class=\"liensouligne wp-block-post-title\"><a href=\"https:\/\/wp.unil.ch\/ateliercritique\/2021\/03\/contre-enquetes\/\" target=\"_self\" >Contre-enqu\u00eates<\/a><\/h6>\n\n<div class=\"wp-block-post-excerpt\"><p class=\"wp-block-post-excerpt__excerpt\">D\u2019apr\u00e8s le roman Meursault, contre-enqu\u00eate de Kamel Daoud \/ Mise en sc\u00e8ne par Nicolas Stemann \/ Th\u00e9\u00e2tre de Vidy \/ Repr\u00e9sentation g\u00e9n\u00e9rale du 6 mars 2021 \/ Critique par Jade Lambelet . <\/p><\/div>\n\n\n<div style=\"height:1px\" aria-hidden=\"true\" class=\"wp-block-spacer\"><\/div>\n\n<\/li><li class=\"wp-block-post post-14237 post type-post status-publish format-standard has-post-thumbnail category-critique category-expired category-la-grange category-spectacle tag-alicia-carron tag-avi-cagin tag-fadri-gumy tag-jade-lambelet tag-judith-marchal tag-monique-kountangni tag-noe-maggetti tag-stella-wohlers\">\n<h6 class=\"liensouligne wp-block-post-title\"><a href=\"https:\/\/wp.unil.ch\/ateliercritique\/2020\/03\/peer-ou-nous-ne-monterons-pas-peer-gynt\/\" target=\"_self\" >Peer ou, nous ne monterons pas Peer Gynt<\/a><\/h6>\n\n<div class=\"wp-block-post-excerpt\"><p class=\"wp-block-post-excerpt__excerpt\">Concept et mise en sc\u00e8ne de Fabrice Gorgerat \/ La Grange de Dorigny \/ du 25 au 29 f\u00e9vrier 2020 \/ Critiques par No\u00e9 Maggetti, Judith Marchal, Alicia Carron, Monique Kountangni, Jade Lambelet, Av\u00ee Cagnin, Stella Wohlers et Fadri Gumy. <\/p><\/div>\n\n\n<div style=\"height:1px\" aria-hidden=\"true\" class=\"wp-block-spacer\"><\/div>\n\n<\/li><li class=\"wp-block-post post-14115 post type-post status-publish format-standard has-post-thumbnail category-critique category-expired category-le-petit-theatre category-spectacle tag-jade-lambelet\">\n<h6 class=\"liensouligne wp-block-post-title\"><a href=\"https:\/\/wp.unil.ch\/ateliercritique\/2020\/01\/nils-le-merveilleux-voyage\/\" target=\"_self\" >Nils, le merveilleux voyage<\/a><\/h6>\n\n<div class=\"wp-block-post-excerpt\"><p class=\"wp-block-post-excerpt__excerpt\">D\u2019apr\u00e8s Selma Lagerl\u00f6f \/ Par La Cie Pied de Biche \/ Texte de Nicolas Yazgi \/ Mise en sc\u00e8ne de Julie Burnier et Fr\u00e9d\u00e9ric Ozier \/ Le Petit Th\u00e9\u00e2tre \/ du 4 au 31 d\u00e9cembre 2019 \/ Critique par Jade\u2026 <\/p><\/div>\n\n\n<div style=\"height:1px\" aria-hidden=\"true\" class=\"wp-block-spacer\"><\/div>\n\n<\/li><li class=\"wp-block-post post-13898 post type-post status-publish format-standard has-post-thumbnail category-critique category-expired category-theatre-de-larsenic category-spectacle tag-emmanuel-jung tag-jade-lambelet\">\n<h6 class=\"liensouligne wp-block-post-title\"><a href=\"https:\/\/wp.unil.ch\/ateliercritique\/2019\/11\/le-souper\/\" target=\"_self\" >Le Souper<\/a><\/h6>\n\n<div class=\"wp-block-post-excerpt\"><p class=\"wp-block-post-excerpt__excerpt\">Conception, \u00e9criture et jeu par Julia Perazzini \/ Arsenic \u2013 Centre d\u2019art sc\u00e9nique contemporain \/ du 5 au 10 novembre 2019 \/ Critiques par Emmanuel Jung et Jade Lambelet. <\/p><\/div>\n\n\n<div style=\"height:1px\" aria-hidden=\"true\" class=\"wp-block-spacer\"><\/div>\n\n<\/li><li class=\"wp-block-post post-13802 post type-post status-publish format-standard has-post-thumbnail category-critique category-expired category-spectacle category-theatre-de-vidy tag-emmanuel-jung tag-jade-lambelet tag-manon-lelievre tag-monique-kountangni tag-noe-maggetti tag-sarah-juilland tag-thibault-hugentobler\">\n<h6 class=\"liensouligne wp-block-post-title\"><a href=\"https:\/\/wp.unil.ch\/ateliercritique\/2019\/10\/la-vallee-de-letrange\/\" target=\"_self\" >La Vall\u00e9e de l&rsquo;\u00e9trange<\/a><\/h6>\n\n<div class=\"wp-block-post-excerpt\"><p class=\"wp-block-post-excerpt__excerpt\">Texte de Thomas Melle et Stefan Kaegi (Rimini Protokoll) \/ Mise en sc\u00e8ne de Stefan Kaegi \/ Th\u00e9\u00e2tre de Vidy \/ du 25 septembre au 10 octobre 2019 \/ Critiques par Jade Lambelet, Emmanuel Jung, Sarah Juilland, Thibault Hugentobler, No\u00e9\u2026 <\/p><\/div>\n\n\n<div style=\"height:1px\" aria-hidden=\"true\" class=\"wp-block-spacer\"><\/div>\n\n<\/li><li class=\"wp-block-post post-13731 post type-post status-publish format-standard has-post-thumbnail category-critique category-expired category-theatre-de-larsenic category-spectacle tag-jade-lambelet tag-margaux-farron\">\n<h6 class=\"liensouligne wp-block-post-title\"><a href=\"https:\/\/wp.unil.ch\/ateliercritique\/2019\/10\/sans-effort\/\" target=\"_self\" >Sans effort<\/a><\/h6>\n\n<div class=\"wp-block-post-excerpt\"><p class=\"wp-block-post-excerpt__excerpt\">Non-\u00e9criture et fabrication de Tiphanie Bovay-Klameth, Jo\u00ebl Maillard et Marie Ripoll \/ Mise en sc\u00e8ne de Jo\u00ebl Maillard \/ Arsenic \u2013 Centre d\u2019art sc\u00e9nique contemporain \/ du 1er au 6 octobre 2019 \/ Critiques de Margaux Farron et Jade Lambelet.\u00a0 <\/p><\/div>\n\n\n<div style=\"height:1px\" aria-hidden=\"true\" class=\"wp-block-spacer\"><\/div>\n\n<\/li><li class=\"wp-block-post post-13418 post type-post status-publish format-standard has-post-thumbnail category-centre-pluriculturel-et-social-douchy category-critique category-expired category-spectacle tag-jade-lambelet tag-oceane-forster\">\n<h6 class=\"liensouligne wp-block-post-title\"><a href=\"https:\/\/wp.unil.ch\/ateliercritique\/2019\/04\/poscriptum\/\" target=\"_self\" >Poscriptum<\/a><\/h6>\n\n<div class=\"wp-block-post-excerpt\"><p class=\"wp-block-post-excerpt__excerpt\">Cr\u00e9ation et mise en sc\u00e8ne de la Cie Les Diptik et Sky de Sela \/ CPO d\u2019Ouchy \/ du 6 au 7 avril 2019 \/ Critiques par Jade Lambelet et Oc\u00e9ane Forster.\u00a0 <\/p><\/div>\n\n\n<div style=\"height:1px\" aria-hidden=\"true\" class=\"wp-block-spacer\"><\/div>\n\n<\/li><li class=\"wp-block-post post-13347 post type-post status-publish format-standard has-post-thumbnail category-critique category-expired category-theatre-de-larsenic category-spectacle tag-amina-gudzevic tag-brice-torriani tag-ivan-garcia tag-jade-lambelet tag-julia-cela tag-noe-maggetti tag-oceane-forster tag-sarah-juilland tag-thibault-hugentobler\">\n<h6 class=\"liensouligne wp-block-post-title\"><a href=\"https:\/\/wp.unil.ch\/ateliercritique\/2019\/04\/imposture-posthume\/\" target=\"_self\" >Imposture posthume<\/a><\/h6>\n\n<div class=\"wp-block-post-excerpt\"><p class=\"wp-block-post-excerpt__excerpt\">Texte, mise en sc\u00e8ne et jeu de Jo\u00ebl Maillard \/ Arsenic \u2013 Centre d\u2019art sc\u00e9nique contemporain \/ du 26 au 31 mars 2019 \/ Critiques par Laurane Quartenoud, Thibault Hugentobler, Amina Gudzevic, Jade Lambelet, Sarah Juilland, Ivan Garcia, Brice Torriani,\u2026 <\/p><\/div>\n\n\n<div style=\"height:1px\" aria-hidden=\"true\" class=\"wp-block-spacer\"><\/div>\n\n<\/li><li class=\"wp-block-post post-13335 post type-post status-publish format-standard has-post-thumbnail category-critique category-expired category-le-poche category-spectacle tag-brice-torriani tag-jade-lambelet\">\n<h6 class=\"liensouligne wp-block-post-title\"><a href=\"https:\/\/wp.unil.ch\/ateliercritique\/2019\/04\/lhistoire-mondiale-de-ton-ame\/\" target=\"_self\" >L\u2019Histoire mondiale de ton \u00e2me<\/a><\/h6>\n\n<div class=\"wp-block-post-excerpt\"><p class=\"wp-block-post-excerpt__excerpt\">Textes d\u2019Enzo Cormann \/ Mise en sc\u00e8ne de Philippe Delaigue et Enzo Cormann \/ Th\u00e9\u00e2tre de Poche GVE \/ du 1er au 14 avril 2019 \/ Critiques par Brice Torriani et Jade Lambelet. <\/p><\/div>\n\n\n<div style=\"height:1px\" aria-hidden=\"true\" class=\"wp-block-spacer\"><\/div>\n\n<\/li><li class=\"wp-block-post post-13280 post type-post status-publish format-standard has-post-thumbnail category-critique category-expired category-le-reflet category-spectacle tag-jade-lambelet tag-sarah-juilland\">\n<h6 class=\"liensouligne wp-block-post-title\"><a href=\"https:\/\/wp.unil.ch\/ateliercritique\/2019\/03\/le-cabaret-des-realites\/\" target=\"_self\" >Le Cabaret des r\u00e9alit\u00e9s<\/a><\/h6>\n\n<div class=\"wp-block-post-excerpt\"><p class=\"wp-block-post-excerpt__excerpt\">D\u2019apr\u00e8s l\u2019\u0153uvre d\u2019Alejandro Jodorowsky \/ Texte et mise en sc\u00e8ne de Sandra Gaudin \/ Th\u00e9\u00e2tre du Reflet \/ 14 mars 2019 \/ Critiques par Sarah Juilland et Jade Lambelet. <\/p><\/div>\n\n\n<div style=\"height:1px\" aria-hidden=\"true\" class=\"wp-block-spacer\"><\/div>\n\n<\/li><li class=\"wp-block-post post-13069 post type-post status-publish format-standard has-post-thumbnail category-critique category-expired category-spectacle category-theatre-am-stram-gram-geneve tag-jade-lambelet tag-noe-maggetti\">\n<h6 class=\"liensouligne wp-block-post-title\"><a href=\"https:\/\/wp.unil.ch\/ateliercritique\/2018\/12\/maelstrom\/\" target=\"_self\" >Maelstr\u00f6m<\/a><\/h6>\n\n<div class=\"wp-block-post-excerpt\"><p class=\"wp-block-post-excerpt__excerpt\">Texte de Fabrice Melquiot \/ Mise en sc\u00e8ne de Pascale Daniel-Lacombe \/ Th\u00e9\u00e2tre Am Stram Gram \/ du 29 novembre au 2 d\u00e9cembre 2018 \/ Critiques par No\u00e9 Maggetti et Jade Lambelet.\u00a0 <\/p><\/div>\n\n\n<div style=\"height:1px\" aria-hidden=\"true\" class=\"wp-block-spacer\"><\/div>\n\n<\/li><li class=\"wp-block-post post-12970 post type-post status-publish format-standard has-post-thumbnail category-critique category-expired category-le-petit-theatre category-spectacle tag-jade-lambelet tag-julie-heger\">\n<h6 class=\"liensouligne wp-block-post-title\"><a href=\"https:\/\/wp.unil.ch\/ateliercritique\/2018\/11\/lhiver-quatre-chiens-mordent-mes-pieds-et-mes-mains\/\" target=\"_self\" >L&rsquo;hiver, quatre chiens mordent mes pieds et mes mains<\/a><\/h6>\n\n<div class=\"wp-block-post-excerpt\"><p class=\"wp-block-post-excerpt__excerpt\">Texte de Philippe Dorin \/ Mise en sc\u00e8ne de Matthias Urban \/ Le Petit Th\u00e9\u00e2tre \/ du 31 octobre au 18 novembre 2018 \/ Critiques par Jade Lambelet et Julie Heger. <\/p><\/div>\n\n\n<div style=\"height:1px\" aria-hidden=\"true\" class=\"wp-block-spacer\"><\/div>\n\n<\/li><li class=\"wp-block-post post-12938 post type-post status-publish format-standard has-post-thumbnail category-critique category-expired category-spectacle category-tpr-la-chaux-de-fonds tag-brice-torriani tag-jade-lambelet\">\n<h6 class=\"liensouligne wp-block-post-title\"><a href=\"https:\/\/wp.unil.ch\/ateliercritique\/2018\/10\/le-large-existe-mobile-1\/\" target=\"_self\" >Le Large existe (mobile 1)<\/a><\/h6>\n\n<div class=\"wp-block-post-excerpt\"><p class=\"wp-block-post-excerpt__excerpt\">D\u2019apr\u00e8s les textes de Marguerite Duras, Guillaume Dustan et Guillaume Poix \/ De Manon Kr\u00fcttli et Jonas B\u00fchler \/ Mise en sc\u00e8ne de Manon Kr\u00fcttli \/ Th\u00e9\u00e2tre populaire romand \/ du 23 au 27 octobre 2018 \/ Critiques par Jade\u2026 <\/p><\/div>\n\n\n<div style=\"height:1px\" aria-hidden=\"true\" class=\"wp-block-spacer\"><\/div>\n\n<\/li><li class=\"wp-block-post post-12857 post type-post status-publish format-standard has-post-thumbnail category-critique category-expired category-spectacle category-tkm-theatre-kleber-meleau tag-brice-torriani tag-jade-lambelet tag-nadege-parent tag-natacha-gallandat tag-noe-maggetti tag-sarah-juilland tag-thibault-hugentobler\">\n<h6 class=\"liensouligne wp-block-post-title\"><a href=\"https:\/\/wp.unil.ch\/ateliercritique\/2018\/10\/flammes\/\" target=\"_self\" >F(l)ammes<\/a><\/h6>\n\n<div class=\"wp-block-post-excerpt\"><p class=\"wp-block-post-excerpt__excerpt\">D\u2019Ahmed Madani \/ TKM \u2013 Th\u00e9\u00e2tre Kl\u00e9ber-M\u00e9leau \/ du 25 au 29 septembre 2018 \/ Critiques par Sarah Juilland, No\u00e9 Maggetti, Thibault Hugentobler, Jade Lambelet, Brice Torriani, Natacha Gallandat et Nad\u00e8ge Parent. <\/p><\/div>\n\n\n<div style=\"height:1px\" aria-hidden=\"true\" class=\"wp-block-spacer\"><\/div>\n\n<\/li><\/ul><\/div>\n","protected":false},"excerpt":{"rendered":"<p>\u00c9tudiante en Master de Fran\u00e7ais moderne et de Philosophie avec une sp\u00e9cialisation en Dramaturgie et histoire du th\u00e9\u00e2tre, je m\u2019int\u00e9resse \u00e0 toutes les formes d\u2019art et \u00e0 leurs pouvoirs de &hellip; <\/p>\n","protected":false},"author":1001607,"featured_media":0,"parent":2716,"menu_order":0,"comment_status":"closed","ping_status":"closed","template":"","meta":{"_seopress_robots_primary_cat":"","_seopress_titles_title":"","_seopress_titles_desc":"","_seopress_robots_index":"","footnotes":""},"class_list":["post-12758","page","type-page","status-publish"],"_links":{"self":[{"href":"https:\/\/wp.unil.ch\/ateliercritique\/wp-json\/wp\/v2\/pages\/12758","targetHints":{"allow":["GET"]}}],"collection":[{"href":"https:\/\/wp.unil.ch\/ateliercritique\/wp-json\/wp\/v2\/pages"}],"about":[{"href":"https:\/\/wp.unil.ch\/ateliercritique\/wp-json\/wp\/v2\/types\/page"}],"author":[{"embeddable":true,"href":"https:\/\/wp.unil.ch\/ateliercritique\/wp-json\/wp\/v2\/users\/1001607"}],"replies":[{"embeddable":true,"href":"https:\/\/wp.unil.ch\/ateliercritique\/wp-json\/wp\/v2\/comments?post=12758"}],"version-history":[{"count":1,"href":"https:\/\/wp.unil.ch\/ateliercritique\/wp-json\/wp\/v2\/pages\/12758\/revisions"}],"predecessor-version":[{"id":22312,"href":"https:\/\/wp.unil.ch\/ateliercritique\/wp-json\/wp\/v2\/pages\/12758\/revisions\/22312"}],"up":[{"embeddable":true,"href":"https:\/\/wp.unil.ch\/ateliercritique\/wp-json\/wp\/v2\/pages\/2716"}],"wp:attachment":[{"href":"https:\/\/wp.unil.ch\/ateliercritique\/wp-json\/wp\/v2\/media?parent=12758"}],"curies":[{"name":"wp","href":"https:\/\/api.w.org\/{rel}","templated":true}]}}