{"id":12403,"date":"2018-02-24T16:50:05","date_gmt":"2018-02-24T15:50:05","guid":{"rendered":"http:\/\/wp.unil.ch\/ateliercritique\/?page_id=12403"},"modified":"2025-02-06T17:33:37","modified_gmt":"2025-02-06T16:33:37","slug":"sarah-juilland","status":"publish","type":"page","link":"https:\/\/wp.unil.ch\/ateliercritique\/lequipe\/sarah-juilland\/","title":{"rendered":"Sarah Juilland"},"content":{"rendered":"<p><img alt=\"\" loading=\"lazy\" decoding=\"async\" class=\"size-medium wp-image-13225 alignright\" src=\"https:\/\/wp.unil.ch\/ateliercritique\/files\/2019\/03\/IMG_0008-175x200.jpg\" alt=\"\" width=\"175\" height=\"200\" srcset=\"https:\/\/wp.unil.ch\/ateliercritique\/files\/2019\/03\/IMG_0008-175x200.jpg 175w, https:\/\/wp.unil.ch\/ateliercritique\/files\/2019\/03\/IMG_0008-149x170.jpg 149w, https:\/\/wp.unil.ch\/ateliercritique\/files\/2019\/03\/IMG_0008-768x877.jpg 768w, https:\/\/wp.unil.ch\/ateliercritique\/files\/2019\/03\/IMG_0008-897x1024.jpg 897w, https:\/\/wp.unil.ch\/ateliercritique\/files\/2019\/03\/IMG_0008-624x712.jpg 624w, https:\/\/wp.unil.ch\/ateliercritique\/files\/2019\/03\/IMG_0008.jpg 1051w\" sizes=\"auto, (max-width: 175px) 100vw, 175px\" \/>\u00c9tudiante en Master de Fran\u00e7ais moderne et Philosophie \u00e0 l\u2019Universit\u00e9 de Lausanne, je souhaite me sp\u00e9cialiser en Sciences historiques de la culture dans l\u2019id\u00e9e de travailler dans le milieu culturel (mus\u00e9es, th\u00e9\u00e2tres). Le monde des arts me passionne car, \u00e0 mes yeux, il symbolise le pouvoir de cr\u00e9ation face \u00e0 la destruction, l\u2019amour et le partage face \u00e0 la haine et l\u2019adversit\u00e9. J\u2019aime la porosit\u00e9 et les interactions entre les diff\u00e9rentes formes d\u2019art, qui peuvent s\u2019unir pour offrir des possibilit\u00e9s de cr\u00e9ation infinies. J\u2019ai d\u00e9cid\u00e9 de rejoindre l\u2019Atelier Critique par curiosit\u00e9 et envie de d\u00e9couvrir un peu plus l\u2019univers du th\u00e9\u00e2tre. Par mes critiques, j\u2019essaie de partager l\u2019atmosph\u00e8re et les \u00e9motions qui se d\u00e9gagent des spectacles.<\/p>\n<h4>Les critiques de Sarah Juilland :<\/h4>\n\n\n<div class=\"wp-block-query is-layout-flow wp-block-query-is-layout-flow\"><ul class=\"wp-block-post-template is-layout-flow wp-block-post-template-is-layout-flow\"><li class=\"wp-block-post post-13970 post type-post status-publish format-standard has-post-thumbnail category-critique category-expired category-spectacle category-theatre-du-passage tag-margaux-farron tag-sarah-juilland\">\n<h6 class=\"liensouligne wp-block-post-title\"><a href=\"https:\/\/wp.unil.ch\/ateliercritique\/2019\/12\/le-roi-se-meurt\/\" target=\"_self\" >Le roi se meurt<\/a><\/h6>\n\n<div class=\"wp-block-post-excerpt\"><p class=\"wp-block-post-excerpt__excerpt\">Texte d\u2019Eug\u00e8ne Ionesco \/ Mise en sc\u00e8ne de C\u00e9dric Dorier \/ Th\u00e9\u00e2tre du Passage \/ 27 novembre 2019 \/ Critiques par Margaux Farron et Sarah Juilland. <\/p><\/div>\n\n\n<div style=\"height:1px\" aria-hidden=\"true\" class=\"wp-block-spacer\"><\/div>\n\n<\/li><li class=\"wp-block-post post-13844 post type-post status-publish format-standard has-post-thumbnail category-critique category-expired category-la-grange category-spectacle tag-judith-marchal tag-sarah-juilland\">\n<h6 class=\"liensouligne wp-block-post-title\"><a href=\"https:\/\/wp.unil.ch\/ateliercritique\/2019\/11\/schmurz\/\" target=\"_self\" >Schm\u00fcrz<\/a><\/h6>\n\n<div class=\"wp-block-post-excerpt\"><p class=\"wp-block-post-excerpt__excerpt\">D\u2019apr\u00e8s Jean-Luc Lagarce et Boris Vian \/ Mise en sc\u00e8ne de Gian Manuel Rau \/ La Grange de Dorigny \/ du 26 octobre au 2 novembre 2019 \/ Critiques par Sarah Juilland et Judith Marchal. <\/p><\/div>\n\n\n<div style=\"height:1px\" aria-hidden=\"true\" class=\"wp-block-spacer\"><\/div>\n\n<\/li><li class=\"wp-block-post post-13802 post type-post status-publish format-standard has-post-thumbnail category-critique category-expired category-spectacle category-theatre-de-vidy tag-emmanuel-jung tag-jade-lambelet tag-manon-lelievre tag-monique-kountangni tag-noe-maggetti tag-sarah-juilland tag-thibault-hugentobler\">\n<h6 class=\"liensouligne wp-block-post-title\"><a href=\"https:\/\/wp.unil.ch\/ateliercritique\/2019\/10\/la-vallee-de-letrange\/\" target=\"_self\" >La Vall\u00e9e de l&rsquo;\u00e9trange<\/a><\/h6>\n\n<div class=\"wp-block-post-excerpt\"><p class=\"wp-block-post-excerpt__excerpt\">Texte de Thomas Melle et Stefan Kaegi (Rimini Protokoll) \/ Mise en sc\u00e8ne de Stefan Kaegi \/ Th\u00e9\u00e2tre de Vidy \/ du 25 septembre au 10 octobre 2019 \/ Critiques par Jade Lambelet, Emmanuel Jung, Sarah Juilland, Thibault Hugentobler, No\u00e9\u2026 <\/p><\/div>\n\n\n<div style=\"height:1px\" aria-hidden=\"true\" class=\"wp-block-spacer\"><\/div>\n\n<\/li><li class=\"wp-block-post post-13753 post type-post status-publish format-standard has-post-thumbnail category-critique category-expired category-spectacle category-tkm-theatre-kleber-meleau tag-sarah-juilland\">\n<h6 class=\"liensouligne wp-block-post-title\"><a href=\"https:\/\/wp.unil.ch\/ateliercritique\/2019\/10\/koburo\/\" target=\"_self\" >Koburo<\/a><\/h6>\n\n<div class=\"wp-block-post-excerpt\"><p class=\"wp-block-post-excerpt__excerpt\">Conception et mise en sc\u00e8ne de Christian Denisart \/ TKM \u2013 Th\u00e9\u00e2tre Kl\u00e9ber-M\u00e9leau \/ du 1er au 6 octobre 2019 \/ Critique de Sarah Juilland. <\/p><\/div>\n\n\n<div style=\"height:1px\" aria-hidden=\"true\" class=\"wp-block-spacer\"><\/div>\n\n<\/li><li class=\"wp-block-post post-13347 post type-post status-publish format-standard has-post-thumbnail category-critique category-expired category-theatre-de-larsenic category-spectacle tag-amina-gudzevic tag-brice-torriani tag-ivan-garcia tag-jade-lambelet tag-julia-cela tag-noe-maggetti tag-oceane-forster tag-sarah-juilland tag-thibault-hugentobler\">\n<h6 class=\"liensouligne wp-block-post-title\"><a href=\"https:\/\/wp.unil.ch\/ateliercritique\/2019\/04\/imposture-posthume\/\" target=\"_self\" >Imposture posthume<\/a><\/h6>\n\n<div class=\"wp-block-post-excerpt\"><p class=\"wp-block-post-excerpt__excerpt\">Texte, mise en sc\u00e8ne et jeu de Jo\u00ebl Maillard \/ Arsenic \u2013 Centre d\u2019art sc\u00e9nique contemporain \/ du 26 au 31 mars 2019 \/ Critiques par Laurane Quartenoud, Thibault Hugentobler, Amina Gudzevic, Jade Lambelet, Sarah Juilland, Ivan Garcia, Brice Torriani,\u2026 <\/p><\/div>\n\n\n<div style=\"height:1px\" aria-hidden=\"true\" class=\"wp-block-spacer\"><\/div>\n\n<\/li><li class=\"wp-block-post post-13280 post type-post status-publish format-standard has-post-thumbnail category-critique category-expired category-le-reflet category-spectacle tag-jade-lambelet tag-sarah-juilland\">\n<h6 class=\"liensouligne wp-block-post-title\"><a href=\"https:\/\/wp.unil.ch\/ateliercritique\/2019\/03\/le-cabaret-des-realites\/\" target=\"_self\" >Le Cabaret des r\u00e9alit\u00e9s<\/a><\/h6>\n\n<div class=\"wp-block-post-excerpt\"><p class=\"wp-block-post-excerpt__excerpt\">D\u2019apr\u00e8s l\u2019\u0153uvre d\u2019Alejandro Jodorowsky \/ Texte et mise en sc\u00e8ne de Sandra Gaudin \/ Th\u00e9\u00e2tre du Reflet \/ 14 mars 2019 \/ Critiques par Sarah Juilland et Jade Lambelet. <\/p><\/div>\n\n\n<div style=\"height:1px\" aria-hidden=\"true\" class=\"wp-block-spacer\"><\/div>\n\n<\/li><li class=\"wp-block-post post-13172 post type-post status-publish format-standard has-post-thumbnail category-critique category-expired category-theatre-des-osses category-spectacle tag-sarah-juilland tag-thibault-hugentobler\">\n<h6 class=\"liensouligne wp-block-post-title\"><a href=\"https:\/\/wp.unil.ch\/ateliercritique\/2019\/02\/le-journal-danne-frank\/\" target=\"_self\" >Le Journal d&rsquo;Anne Frank<\/a><\/h6>\n\n<div class=\"wp-block-post-excerpt\"><p class=\"wp-block-post-excerpt__excerpt\">D\u2019apr\u00e8s les textes d\u2019Anne Frank \/ Mise en sc\u00e8ne de Genevi\u00e8ve Pasquier et Nicolas Rossier \/ Th\u00e9\u00e2tre des Osses \/ du 24 janvier au 10 f\u00e9vrier 2019 \/\u00a0 Critiques par Thibault Hugentobler et Sarah Juilland. <\/p><\/div>\n\n\n<div style=\"height:1px\" aria-hidden=\"true\" class=\"wp-block-spacer\"><\/div>\n\n<\/li><li class=\"wp-block-post post-12952 post type-post status-publish format-standard has-post-thumbnail category-critique category-expired category-la-grange category-spectacle tag-maxime-hoffmann tag-sarah-juilland\">\n<h6 class=\"liensouligne wp-block-post-title\"><a href=\"https:\/\/wp.unil.ch\/ateliercritique\/2018\/10\/songe-dune-nuit-dete\/\" target=\"_self\" >Songe d&rsquo;une nuit d&rsquo;\u00e9t\u00e9<\/a><\/h6>\n\n<div class=\"wp-block-post-excerpt\"><p class=\"wp-block-post-excerpt__excerpt\">D\u2019apr\u00e8s William Shakespeare \/ Mise en sc\u00e8ne de Joan Mompart \/ La Grange de Dorigny \/ du 27 octobre au 3 novembre 2018 \/ Critiques par Sarah Juilland et Maxime Hoffmann. <\/p><\/div>\n\n\n<div style=\"height:1px\" aria-hidden=\"true\" class=\"wp-block-spacer\"><\/div>\n\n<\/li><li class=\"wp-block-post post-12857 post type-post status-publish format-standard has-post-thumbnail category-critique category-expired category-spectacle category-tkm-theatre-kleber-meleau tag-brice-torriani tag-jade-lambelet tag-nadege-parent tag-natacha-gallandat tag-noe-maggetti tag-sarah-juilland tag-thibault-hugentobler\">\n<h6 class=\"liensouligne wp-block-post-title\"><a href=\"https:\/\/wp.unil.ch\/ateliercritique\/2018\/10\/flammes\/\" target=\"_self\" >F(l)ammes<\/a><\/h6>\n\n<div class=\"wp-block-post-excerpt\"><p class=\"wp-block-post-excerpt__excerpt\">D\u2019Ahmed Madani \/ TKM \u2013 Th\u00e9\u00e2tre Kl\u00e9ber-M\u00e9leau \/ du 25 au 29 septembre 2018 \/ Critiques par Sarah Juilland, No\u00e9 Maggetti, Thibault Hugentobler, Jade Lambelet, Brice Torriani, Natacha Gallandat et Nad\u00e8ge Parent. <\/p><\/div>\n\n\n<div style=\"height:1px\" aria-hidden=\"true\" class=\"wp-block-spacer\"><\/div>\n\n<\/li><li class=\"wp-block-post post-12696 post type-post status-publish format-standard has-post-thumbnail category-critique category-expired category-le-reflet category-spectacle tag-louis-vodoz tag-sarah-juilland\">\n<h6 class=\"liensouligne wp-block-post-title\"><a href=\"https:\/\/wp.unil.ch\/ateliercritique\/2018\/05\/infideles\/\" target=\"_self\" >Infid\u00e8les<\/a><\/h6>\n\n<div class=\"wp-block-post-excerpt\"><p class=\"wp-block-post-excerpt__excerpt\">D\u2019apr\u00e8s Ingmar Bergman \/ Par les collectifs tg STAN et de Roovers \/ Le Reflet \/ du 17 au 18 mai 2018 \/ Critiques par Sarah Juilland et Louis Vodoz. <\/p><\/div>\n\n\n<div style=\"height:1px\" aria-hidden=\"true\" class=\"wp-block-spacer\"><\/div>\n\n<\/li><li class=\"wp-block-post post-12601 post type-post status-publish format-standard has-post-thumbnail category-critique category-expired category-la-grange category-spectacle tag-coralie-gil tag-sarah-juilland\">\n<h6 class=\"liensouligne wp-block-post-title\"><a href=\"https:\/\/wp.unil.ch\/ateliercritique\/2018\/04\/automne\/\" target=\"_self\" >Automne<\/a><\/h6>\n\n<div class=\"wp-block-post-excerpt\"><p class=\"wp-block-post-excerpt__excerpt\">De Julien Mages \/ Mise en sc\u00e8ne de Jean-Yves Ruf \/ Th\u00e9\u00e2tre la Grange de Dorigny \/ du 12 au 15 avril 2017 \/ Critiques par Sarah Juilland et Coralie Gil. <\/p><\/div>\n\n\n<div style=\"height:1px\" aria-hidden=\"true\" class=\"wp-block-spacer\"><\/div>\n\n<\/li><li class=\"wp-block-post post-12543 post type-post status-publish format-standard has-post-thumbnail category-critique category-expired category-spectacle category-theatre-de-vidy tag-amalia-devaud tag-basile-seppey tag-fanny-utiger tag-julia-cela tag-lucien-zuchuat tag-pierre-paul-bianchi tag-sarah-juilland\">\n<h6 class=\"liensouligne wp-block-post-title\"><a href=\"https:\/\/wp.unil.ch\/ateliercritique\/2018\/04\/cargo-congo-lausanne\/\" target=\"_self\" >Cargo Congo-Lausanne<\/a><\/h6>\n\n<div class=\"wp-block-post-excerpt\"><p class=\"wp-block-post-excerpt__excerpt\">Cr\u00e9ation Rimini Protokoll \/ Th\u00e9\u00e2tre de Vidy \/ du 1er f\u00e9vrier au 23 mars 2018 \/ Critiques par Lucien Zuchuat, Basile Nelis, Fanny Utiger, Pierre-Paul Bianchi, Julie Cela, Sarah Juilland, Amalia D\u00e9vaud et Basile Seppey. <\/p><\/div>\n\n\n<div style=\"height:1px\" aria-hidden=\"true\" class=\"wp-block-spacer\"><\/div>\n\n<\/li><\/ul><\/div>\n","protected":false},"excerpt":{"rendered":"<p>\u00c9tudiante en Master de Fran\u00e7ais moderne et Philosophie \u00e0 l\u2019Universit\u00e9 de Lausanne, je souhaite me sp\u00e9cialiser en Sciences historiques de la culture dans l\u2019id\u00e9e de travailler dans le milieu culturel &hellip; <\/p>\n","protected":false},"author":1001607,"featured_media":0,"parent":2716,"menu_order":0,"comment_status":"closed","ping_status":"closed","template":"","meta":{"_seopress_robots_primary_cat":"","_seopress_titles_title":"","_seopress_titles_desc":"","_seopress_robots_index":"","footnotes":""},"class_list":["post-12403","page","type-page","status-publish"],"_links":{"self":[{"href":"https:\/\/wp.unil.ch\/ateliercritique\/wp-json\/wp\/v2\/pages\/12403","targetHints":{"allow":["GET"]}}],"collection":[{"href":"https:\/\/wp.unil.ch\/ateliercritique\/wp-json\/wp\/v2\/pages"}],"about":[{"href":"https:\/\/wp.unil.ch\/ateliercritique\/wp-json\/wp\/v2\/types\/page"}],"author":[{"embeddable":true,"href":"https:\/\/wp.unil.ch\/ateliercritique\/wp-json\/wp\/v2\/users\/1001607"}],"replies":[{"embeddable":true,"href":"https:\/\/wp.unil.ch\/ateliercritique\/wp-json\/wp\/v2\/comments?post=12403"}],"version-history":[{"count":1,"href":"https:\/\/wp.unil.ch\/ateliercritique\/wp-json\/wp\/v2\/pages\/12403\/revisions"}],"predecessor-version":[{"id":22306,"href":"https:\/\/wp.unil.ch\/ateliercritique\/wp-json\/wp\/v2\/pages\/12403\/revisions\/22306"}],"up":[{"embeddable":true,"href":"https:\/\/wp.unil.ch\/ateliercritique\/wp-json\/wp\/v2\/pages\/2716"}],"wp:attachment":[{"href":"https:\/\/wp.unil.ch\/ateliercritique\/wp-json\/wp\/v2\/media?parent=12403"}],"curies":[{"name":"wp","href":"https:\/\/api.w.org\/{rel}","templated":true}]}}