{"id":12401,"date":"2018-02-24T16:48:36","date_gmt":"2018-02-24T15:48:36","guid":{"rendered":"http:\/\/wp.unil.ch\/ateliercritique\/?page_id=12401"},"modified":"2025-02-06T17:30:30","modified_gmt":"2025-02-06T16:30:30","slug":"maxime-hoffmann","status":"publish","type":"page","link":"https:\/\/wp.unil.ch\/ateliercritique\/lequipe\/maxime-hoffmann\/","title":{"rendered":"Maxime Hoffmann"},"content":{"rendered":"<h4>Les critiques de Maxime Hoffmann :<\/h4>\n\n\n<div class=\"wp-block-query is-layout-flow wp-block-query-is-layout-flow\"><ul class=\"wp-block-post-template is-layout-flow wp-block-post-template-is-layout-flow\"><li class=\"wp-block-post post-13532 post type-post status-publish format-standard has-post-thumbnail category-critique category-expired category-spectacle tag-fanny-agostino tag-ivan-garcia tag-johanna-codourey tag-julia-cela tag-maxime-hoffmann tag-oceane-forster\">\n<h6 class=\"liensouligne wp-block-post-title\"><a href=\"https:\/\/wp.unil.ch\/ateliercritique\/2019\/05\/ecritures-dramatiques-contemporaines-partenariat-avec-le-courrier\/\" target=\"_self\" >Ecritures dramatiques contemporaines \/ Partenariat avec Le Courrier<\/a><\/h6>\n\n<div class=\"wp-block-post-excerpt\"><p class=\"wp-block-post-excerpt__excerpt\">Deux lundis par mois, pendant l&rsquo;\u00e9t\u00e9 2018, Le Courrier a publi\u00e9 le texte in\u00e9dit (extrait) d\u2019un-e auteur-e de th\u00e9\u00e2tre suisse ou r\u00e9sidant en Suisse. L\u2019Atelier critique a eu acc\u00e8s \u00e0 la version int\u00e9grale de ces oeuvres et en propose aujourd&rsquo;hui\u2026 <\/p><\/div>\n\n\n<div style=\"height:1px\" aria-hidden=\"true\" class=\"wp-block-spacer\"><\/div>\n\n<\/li><li class=\"wp-block-post post-13518 post type-post status-publish format-standard has-post-thumbnail category-critique category-expired category-spectacle tag-maxime-hoffmann\">\n<h6 class=\"liensouligne wp-block-post-title\"><a href=\"https:\/\/wp.unil.ch\/ateliercritique\/2019\/05\/leffondrement-des-images\/\" target=\"_self\" >La Chute des com\u00e8tes et des cosmonautes<\/a><\/h6>\n\n<div class=\"wp-block-post-excerpt\"><p class=\"wp-block-post-excerpt__excerpt\">De Marina Skalova \/ Critique par Maxime Hoffmann. <\/p><\/div>\n\n\n<div style=\"height:1px\" aria-hidden=\"true\" class=\"wp-block-spacer\"><\/div>\n\n<\/li><li class=\"wp-block-post post-13502 post type-post status-publish format-standard has-post-thumbnail category-entretien tag-maxime-hoffmann\">\n<h6 class=\"liensouligne wp-block-post-title\"><a href=\"https:\/\/wp.unil.ch\/ateliercritique\/2019\/05\/entretien-avec-marina-skalova\/\" target=\"_self\" >Entretien avec Marina Skalova<\/a><\/h6>\n\n<div class=\"wp-block-post-excerpt\"><p class=\"wp-block-post-excerpt__excerpt\">Par Maxime Hoffmann . <\/p><\/div>\n\n\n<div style=\"height:1px\" aria-hidden=\"true\" class=\"wp-block-spacer\"><\/div>\n\n<\/li><li class=\"wp-block-post post-13254 post type-post status-publish format-standard has-post-thumbnail category-critique category-expired category-la-grange category-spectacle tag-brice-torriani tag-maxime-hoffmann\">\n<h6 class=\"liensouligne wp-block-post-title\"><a href=\"https:\/\/wp.unil.ch\/ateliercritique\/2019\/03\/la-marquise-do\/\" target=\"_self\" >La marquise d&rsquo;O<\/a><\/h6>\n\n<div class=\"wp-block-post-excerpt\"><p class=\"wp-block-post-excerpt__excerpt\">Texte de Heinrich von Kleist \/ Mise en sc\u00e8ne de Nathalie Sandoz \/ La Grange de Dorigny \/ du 14 au 17 mars 2019 \/\u00a0 Critiques par Brice Torriani et Maxime Hoffmann. <\/p><\/div>\n\n\n<div style=\"height:1px\" aria-hidden=\"true\" class=\"wp-block-spacer\"><\/div>\n\n<\/li><li class=\"wp-block-post post-13234 post type-post status-publish format-standard has-post-thumbnail category-critique category-expired category-la-grange category-spectacle tag-julia-cela tag-maxime-hoffmann\">\n<h6 class=\"liensouligne wp-block-post-title\"><a href=\"https:\/\/wp.unil.ch\/ateliercritique\/2019\/03\/promothee-enchaine\/\" target=\"_self\" >Prom\u00e9th\u00e9e encha\u00een\u00e9<\/a><\/h6>\n\n<div class=\"wp-block-post-excerpt\"><p class=\"wp-block-post-excerpt__excerpt\">D\u2019apr\u00e8s Heiner M\u00fcller \/ Mise en sc\u00e8ne de Vincent Bonillo \/ La Grange de Dorigny \/ du 5 au 10 mars 2019 \/ Critiques par Maxime Hoffmann et Julia Cela.\u00a0 <\/p><\/div>\n\n\n<div style=\"height:1px\" aria-hidden=\"true\" class=\"wp-block-spacer\"><\/div>\n\n<\/li><li class=\"wp-block-post post-13120 post type-post status-publish format-standard has-post-thumbnail category-critique category-expired category-spectacle category-tkm-theatre-kleber-meleau tag-amina-gudzevic tag-maxime-hoffmann\">\n<h6 class=\"liensouligne wp-block-post-title\"><a href=\"https:\/\/wp.unil.ch\/ateliercritique\/2019\/01\/un-instant\/\" target=\"_self\" >Un Instant<\/a><\/h6>\n\n<div class=\"wp-block-post-excerpt\"><p class=\"wp-block-post-excerpt__excerpt\">D\u2019apr\u00e8s Marcel Proust \/ Mise en sc\u00e8ne de Jean Bellorini \/ TKM \u2013 Th\u00e9\u00e2tre Kl\u00e9ber-M\u00e9leau \/ du 8 au 27 janvier 2019 \/ Critiques par Maxime Hoffmann et Amina Gudzevic. <\/p><\/div>\n\n\n<div style=\"height:1px\" aria-hidden=\"true\" class=\"wp-block-spacer\"><\/div>\n\n<\/li><li class=\"wp-block-post post-12959 post type-post status-publish format-standard has-post-thumbnail category-critique category-expired category-theatre-de-larsenic category-spectacle tag-brice-torriani tag-maxime-hoffmann\">\n<h6 class=\"liensouligne wp-block-post-title\"><a href=\"https:\/\/wp.unil.ch\/ateliercritique\/2018\/11\/automne-hiver\/\" target=\"_self\" >Automne-Hiver<\/a><\/h6>\n\n<div class=\"wp-block-post-excerpt\"><p class=\"wp-block-post-excerpt__excerpt\">D\u2019apr\u00e8s les textes de Charles Baudelaire et de Jean Racine \/ Mise en sc\u00e8ne et de Yves-No\u00ebl Genod \/ L\u2019Arsenic \/ du 1 au 4 novembre 2018 \/ Critiques par Brice Torriani et Maxime Hoffmann. <\/p><\/div>\n\n\n<div style=\"height:1px\" aria-hidden=\"true\" class=\"wp-block-spacer\"><\/div>\n\n<\/li><li class=\"wp-block-post post-12952 post type-post status-publish format-standard has-post-thumbnail category-critique category-expired category-la-grange category-spectacle tag-maxime-hoffmann tag-sarah-juilland\">\n<h6 class=\"liensouligne wp-block-post-title\"><a href=\"https:\/\/wp.unil.ch\/ateliercritique\/2018\/10\/songe-dune-nuit-dete\/\" target=\"_self\" >Songe d&rsquo;une nuit d&rsquo;\u00e9t\u00e9<\/a><\/h6>\n\n<div class=\"wp-block-post-excerpt\"><p class=\"wp-block-post-excerpt__excerpt\">D\u2019apr\u00e8s William Shakespeare \/ Mise en sc\u00e8ne de Joan Mompart \/ La Grange de Dorigny \/ du 27 octobre au 3 novembre 2018 \/ Critiques par Sarah Juilland et Maxime Hoffmann. <\/p><\/div>\n\n\n<div style=\"height:1px\" aria-hidden=\"true\" class=\"wp-block-spacer\"><\/div>\n\n<\/li><li class=\"wp-block-post post-12654 post type-post status-publish format-standard has-post-thumbnail category-critique category-equilibre-nuithonie category-expired category-spectacle tag-maxime-hoffmann\">\n<h6 class=\"liensouligne wp-block-post-title\"><a href=\"https:\/\/wp.unil.ch\/ateliercritique\/2018\/05\/eloge-du-mauvais-geste\/\" target=\"_self\" >\u00c9loge du mauvais geste<\/a><\/h6>\n\n<div class=\"wp-block-post-excerpt\"><p class=\"wp-block-post-excerpt__excerpt\">D\u2019apr\u00e8s Olivier Pourriol \/ Mise en sc\u00e8ne de Val\u00e9ry Cordy \/ Nuithonie (Fribourg) \/ du 26 au 28 avril 2018 \/ Critique par Maxime Hoffmann. <\/p><\/div>\n\n\n<div style=\"height:1px\" aria-hidden=\"true\" class=\"wp-block-spacer\"><\/div>\n\n<\/li><li class=\"wp-block-post post-12503 post type-post status-publish format-standard has-post-thumbnail category-critique category-expired category-la-grange category-spectacle tag-amalia-devaud tag-maxime-hoffmann\">\n<h6 class=\"liensouligne wp-block-post-title\"><a href=\"https:\/\/wp.unil.ch\/ateliercritique\/2018\/03\/la-grande-rage-de-philippe-hotz\/\" target=\"_self\" >La Grande Rage de Philippe Hotz<\/a><\/h6>\n\n<div class=\"wp-block-post-excerpt\"><p class=\"wp-block-post-excerpt__excerpt\">De Max Frisch \/ Mise en sc\u00e8ne de Michel Fidanza \/ Th\u00e9\u00e2tre La Grange de Dorigny \/ du 20 au 24 mars 2018 \/ Critiques par Amalia D\u00e9vaud et Maxime Hoffmann. <\/p><\/div>\n\n\n<div style=\"height:1px\" aria-hidden=\"true\" class=\"wp-block-spacer\"><\/div>\n\n<\/li><\/ul><\/div>\n","protected":false},"excerpt":{"rendered":"<p>Les critiques de Maxime Hoffmann :<\/p>\n","protected":false},"author":1001607,"featured_media":0,"parent":2716,"menu_order":0,"comment_status":"closed","ping_status":"closed","template":"","meta":{"_seopress_robots_primary_cat":"","_seopress_titles_title":"","_seopress_titles_desc":"","_seopress_robots_index":"","footnotes":""},"class_list":["post-12401","page","type-page","status-publish"],"_links":{"self":[{"href":"https:\/\/wp.unil.ch\/ateliercritique\/wp-json\/wp\/v2\/pages\/12401","targetHints":{"allow":["GET"]}}],"collection":[{"href":"https:\/\/wp.unil.ch\/ateliercritique\/wp-json\/wp\/v2\/pages"}],"about":[{"href":"https:\/\/wp.unil.ch\/ateliercritique\/wp-json\/wp\/v2\/types\/page"}],"author":[{"embeddable":true,"href":"https:\/\/wp.unil.ch\/ateliercritique\/wp-json\/wp\/v2\/users\/1001607"}],"replies":[{"embeddable":true,"href":"https:\/\/wp.unil.ch\/ateliercritique\/wp-json\/wp\/v2\/comments?post=12401"}],"version-history":[{"count":1,"href":"https:\/\/wp.unil.ch\/ateliercritique\/wp-json\/wp\/v2\/pages\/12401\/revisions"}],"predecessor-version":[{"id":22301,"href":"https:\/\/wp.unil.ch\/ateliercritique\/wp-json\/wp\/v2\/pages\/12401\/revisions\/22301"}],"up":[{"embeddable":true,"href":"https:\/\/wp.unil.ch\/ateliercritique\/wp-json\/wp\/v2\/pages\/2716"}],"wp:attachment":[{"href":"https:\/\/wp.unil.ch\/ateliercritique\/wp-json\/wp\/v2\/media?parent=12401"}],"curies":[{"name":"wp","href":"https:\/\/api.w.org\/{rel}","templated":true}]}}