{"id":12399,"date":"2018-02-24T16:47:15","date_gmt":"2018-02-24T15:47:15","guid":{"rendered":"http:\/\/wp.unil.ch\/ateliercritique\/?page_id=12399"},"modified":"2025-02-06T17:03:11","modified_gmt":"2025-02-06T16:03:11","slug":"amalia-devaud","status":"publish","type":"page","link":"https:\/\/wp.unil.ch\/ateliercritique\/lequipe\/amalia-devaud\/","title":{"rendered":"Amalia D\u00e9vaud"},"content":{"rendered":"\n<h4 class=\"wp-block-heading\">Les critiques de Amalia D\u00e9vaud :<\/h4>\n\n\n\n<div class=\"wp-block-query is-layout-flow wp-block-query-is-layout-flow\"><ul class=\"wp-block-post-template is-layout-flow wp-block-post-template-is-layout-flow\"><li class=\"wp-block-post post-12710 post type-post status-publish format-standard has-post-thumbnail category-critique category-expired category-spectacle category-theatre-du-loup tag-amalia-devaud tag-thomas-flahaut\">\n<h6 class=\"liensouligne wp-block-post-title\"><a href=\"https:\/\/wp.unil.ch\/ateliercritique\/2018\/05\/les-4-chaperons-rouges\/\" target=\"_self\" >Les 4 chaperons rouges<\/a><\/h6>\n\n<div class=\"wp-block-post-excerpt\"><p class=\"wp-block-post-excerpt__excerpt\">De\u00a0Jo\u00ebl Pommerat, Lucie Rausis, C\u00e9dric Simon, Maude Lan\u00e7on et Ludovic Chazaud \/ Th\u00e9\u00e2tre du Loup \/ du 22 mai au 2 juin 2018 \/ Critiques par Thomas Flahaut et Amalia D\u00e9vaud. <\/p><\/div>\n\n\n<div style=\"height:1px\" aria-hidden=\"true\" class=\"wp-block-spacer\"><\/div>\n\n<\/li><li class=\"wp-block-post post-12686 post type-post status-publish format-standard has-post-thumbnail category-critique category-expired category-maison-saint-gervais category-spectacle tag-amalia-devaud tag-aurelien-maignant\">\n<h6 class=\"liensouligne wp-block-post-title\"><a href=\"https:\/\/wp.unil.ch\/ateliercritique\/2018\/05\/la-danse-des-affranchies\/\" target=\"_self\" >La danse des affranchies<\/a><\/h6>\n\n<div class=\"wp-block-post-excerpt\"><p class=\"wp-block-post-excerpt__excerpt\">De Latifa Djerbi \/ Mise en sc\u00e8ne de Julien Mages \/ Th\u00e9\u00e2tre Saint-Gervais \/ du 8 au 19 mai 2018 \/ Critiques par Aur\u00e9lien Maignant et Amalia D\u00e9vaud. <\/p><\/div>\n\n\n<div style=\"height:1px\" aria-hidden=\"true\" class=\"wp-block-spacer\"><\/div>\n\n<\/li><li class=\"wp-block-post post-12674 post type-post status-publish format-standard has-post-thumbnail category-critique category-expired category-spectacle category-theatre-de-lusine-geneve tag-amalia-devaud\">\n<h6 class=\"liensouligne wp-block-post-title\"><a href=\"https:\/\/wp.unil.ch\/ateliercritique\/2018\/05\/self-help\/\" target=\"_self\" >Self-Help<\/a><\/h6>\n\n<div class=\"wp-block-post-excerpt\"><p class=\"wp-block-post-excerpt__excerpt\">Texte et\u00a0et mie en sc\u00e8ne de Tomas Gonzalez, R\u00e9becca Balestra et Igor Cardellini \/ Th\u00e9\u00e2tre de l&rsquo;Usine (Gen\u00e8ve) \/ du 3 au 9 mai 2018 \/ Critique par Amalia D\u00e9vaud. <\/p><\/div>\n\n\n<div style=\"height:1px\" aria-hidden=\"true\" class=\"wp-block-spacer\"><\/div>\n\n<\/li><li class=\"wp-block-post post-12628 post type-post status-publish format-standard has-post-thumbnail category-critique category-expired category-spectacle category-tkm-theatre-kleber-meleau tag-amalia-devaud\">\n<h6 class=\"liensouligne wp-block-post-title\"><a href=\"https:\/\/wp.unil.ch\/ateliercritique\/2018\/04\/la-menagerie-de-verre\/\" target=\"_self\" >La M\u00e9nagerie de verre<\/a><\/h6>\n\n<div class=\"wp-block-post-excerpt\"><p class=\"wp-block-post-excerpt__excerpt\">De Tennessee Williams \/ Mise en sc\u00e8ne de Daniel Jeanneteau \/ Th\u00e9\u00e2tre Kl\u00e9ber-M\u00e9leau \/ du 17 au 22 avril 2018 \/ Critique par Amalia D\u00e9vaud. <\/p><\/div>\n\n\n<div style=\"height:1px\" aria-hidden=\"true\" class=\"wp-block-spacer\"><\/div>\n\n<\/li><li class=\"wp-block-post post-12543 post type-post status-publish format-standard has-post-thumbnail category-critique category-expired category-spectacle category-theatre-de-vidy tag-amalia-devaud tag-basile-seppey tag-fanny-utiger tag-julia-cela tag-lucien-zuchuat tag-pierre-paul-bianchi tag-sarah-juilland\">\n<h6 class=\"liensouligne wp-block-post-title\"><a href=\"https:\/\/wp.unil.ch\/ateliercritique\/2018\/04\/cargo-congo-lausanne\/\" target=\"_self\" >Cargo Congo-Lausanne<\/a><\/h6>\n\n<div class=\"wp-block-post-excerpt\"><p class=\"wp-block-post-excerpt__excerpt\">Cr\u00e9ation Rimini Protokoll \/ Th\u00e9\u00e2tre de Vidy \/ du 1er f\u00e9vrier au 23 mars 2018 \/ Critiques par Lucien Zuchuat, Basile Nelis, Fanny Utiger, Pierre-Paul Bianchi, Julie Cela, Sarah Juilland, Amalia D\u00e9vaud et Basile Seppey. <\/p><\/div>\n\n\n<div style=\"height:1px\" aria-hidden=\"true\" class=\"wp-block-spacer\"><\/div>\n\n<\/li><li class=\"wp-block-post post-12537 post type-post status-publish format-standard has-post-thumbnail category-critique category-expired category-la-grange category-spectacle tag-amalia-devaud tag-pierre-paul-bianchi\">\n<h6 class=\"liensouligne wp-block-post-title\"><a href=\"https:\/\/wp.unil.ch\/ateliercritique\/2018\/04\/un-si-gentil-garcon\/\" target=\"_self\" >Un si gentil gar\u00e7on<\/a><\/h6>\n\n<div class=\"wp-block-post-excerpt\"><p class=\"wp-block-post-excerpt__excerpt\">D\u2019apr\u00e8s le roman de\u00a0Javier Guti\u00e9rrez \/ Mise en sc\u00e8ne de\u00a0Denis Lavalou et C\u00e9dric Dorier \/ Th\u00e9\u00e2tre La Grange de Dorigny \/ du 28 au 30 mars \/ Critiques par Pierre-Paul Bianchi et Amalia D\u00e9vaud. <\/p><\/div>\n\n\n<div style=\"height:1px\" aria-hidden=\"true\" class=\"wp-block-spacer\"><\/div>\n\n<\/li><li class=\"wp-block-post post-12503 post type-post status-publish format-standard has-post-thumbnail category-critique category-expired category-la-grange category-spectacle tag-amalia-devaud tag-maxime-hoffmann\">\n<h6 class=\"liensouligne wp-block-post-title\"><a href=\"https:\/\/wp.unil.ch\/ateliercritique\/2018\/03\/la-grande-rage-de-philippe-hotz\/\" target=\"_self\" >La Grande Rage de Philippe Hotz<\/a><\/h6>\n\n<div class=\"wp-block-post-excerpt\"><p class=\"wp-block-post-excerpt__excerpt\">De Max Frisch \/ Mise en sc\u00e8ne de Michel Fidanza \/ Th\u00e9\u00e2tre La Grange de Dorigny \/ du 20 au 24 mars 2018 \/ Critiques par Amalia D\u00e9vaud et Maxime Hoffmann. <\/p><\/div>\n\n\n<div style=\"height:1px\" aria-hidden=\"true\" class=\"wp-block-spacer\"><\/div>\n\n<\/li><li class=\"wp-block-post post-12466 post type-post status-publish format-standard has-post-thumbnail category-critique category-expired category-theatre-de-larsenic category-spectacle tag-amalia-devaud tag-ivan-garcia\">\n<h6 class=\"liensouligne wp-block-post-title\"><a href=\"https:\/\/wp.unil.ch\/ateliercritique\/2018\/03\/clash-of-gods\/\" target=\"_self\" >Clash of Gods<\/a><\/h6>\n\n<div class=\"wp-block-post-excerpt\"><p class=\"wp-block-post-excerpt__excerpt\">\u00c9crit et mis en sc\u00e8ne par Christophe Jaquet et Thomas Burkhalter \/ Th\u00e9\u00e2tre de l\u2019Arsenic, dans le cadre du festival Programme commun 2018 \/ du 13 au 28 mars 2018 \/ Critiques par Amalia D\u00e9vaud et Ivan Garcia. <\/p><\/div>\n\n\n<div style=\"height:1px\" aria-hidden=\"true\" class=\"wp-block-spacer\"><\/div>\n\n<\/li><\/ul><\/div>\n","protected":false},"excerpt":{"rendered":"<p>Les critiques de Amalia D\u00e9vaud :<\/p>\n","protected":false},"author":1001607,"featured_media":0,"parent":2716,"menu_order":0,"comment_status":"closed","ping_status":"closed","template":"","meta":{"_seopress_robots_primary_cat":"","_seopress_titles_title":"","_seopress_titles_desc":"","_seopress_robots_index":"","footnotes":""},"class_list":["post-12399","page","type-page","status-publish"],"_links":{"self":[{"href":"https:\/\/wp.unil.ch\/ateliercritique\/wp-json\/wp\/v2\/pages\/12399","targetHints":{"allow":["GET"]}}],"collection":[{"href":"https:\/\/wp.unil.ch\/ateliercritique\/wp-json\/wp\/v2\/pages"}],"about":[{"href":"https:\/\/wp.unil.ch\/ateliercritique\/wp-json\/wp\/v2\/types\/page"}],"author":[{"embeddable":true,"href":"https:\/\/wp.unil.ch\/ateliercritique\/wp-json\/wp\/v2\/users\/1001607"}],"replies":[{"embeddable":true,"href":"https:\/\/wp.unil.ch\/ateliercritique\/wp-json\/wp\/v2\/comments?post=12399"}],"version-history":[{"count":3,"href":"https:\/\/wp.unil.ch\/ateliercritique\/wp-json\/wp\/v2\/pages\/12399\/revisions"}],"predecessor-version":[{"id":22271,"href":"https:\/\/wp.unil.ch\/ateliercritique\/wp-json\/wp\/v2\/pages\/12399\/revisions\/22271"}],"up":[{"embeddable":true,"href":"https:\/\/wp.unil.ch\/ateliercritique\/wp-json\/wp\/v2\/pages\/2716"}],"wp:attachment":[{"href":"https:\/\/wp.unil.ch\/ateliercritique\/wp-json\/wp\/v2\/media?parent=12399"}],"curies":[{"name":"wp","href":"https:\/\/api.w.org\/{rel}","templated":true}]}}