{"id":11848,"date":"2017-09-26T10:35:25","date_gmt":"2017-09-26T08:35:25","guid":{"rendered":"http:\/\/wp.unil.ch\/ateliercritique\/?page_id=11848"},"modified":"2025-02-07T09:44:51","modified_gmt":"2025-02-07T08:44:51","slug":"lucien-zuchuat","status":"publish","type":"page","link":"https:\/\/wp.unil.ch\/ateliercritique\/lequipe\/lucien-zuchuat\/","title":{"rendered":"Lucien Zuchuat"},"content":{"rendered":"<h4>Les critiques de Lucien Zuchuat :<\/h4>\n\n\n<div class=\"wp-block-query is-layout-flow wp-block-query-is-layout-flow\"><ul class=\"wp-block-post-template is-layout-flow wp-block-post-template-is-layout-flow\"><li class=\"wp-block-post post-12747 post type-post status-publish format-standard has-post-thumbnail category-critique category-expired category-spectacle category-theatre-du-jorat tag-basile-seppey tag-lucien-zuchuat\">\n<h6 class=\"liensouligne wp-block-post-title\"><a href=\"https:\/\/wp.unil.ch\/ateliercritique\/2018\/07\/bigre\/\" target=\"_self\" >Bigre<\/a><\/h6>\n\n<div class=\"wp-block-post-excerpt\"><p class=\"wp-block-post-excerpt__excerpt\">De Pierre Guillois \/ Co-\u00e9crit avec Agathe l\u2019Huillier et Olivier Martin-Salvan \/ Th\u00e9\u00e2tre du Jorat \/ les 15 et 17 juin 2018 \/ Critique par Lucien Zuchuat et Basile Seppey. <\/p><\/div>\n\n\n<div style=\"height:1px\" aria-hidden=\"true\" class=\"wp-block-spacer\"><\/div>\n\n<\/li><li class=\"wp-block-post post-12736 post type-post status-publish format-standard has-post-thumbnail category-critique category-expired category-spectacle category-theatre-de-vidy tag-basile-seppey tag-lucien-zuchuat\">\n<h6 class=\"liensouligne wp-block-post-title\"><a href=\"https:\/\/wp.unil.ch\/ateliercritique\/2018\/06\/la-reprise-histoires-du-theatre-i\/\" target=\"_self\" >La Reprise\u00a0: Histoire(s) du th\u00e9\u00e2tre (I)<\/a><\/h6>\n\n<div class=\"wp-block-post-excerpt\"><p class=\"wp-block-post-excerpt__excerpt\">De Milo Rau \/ Th\u00e9\u00e2tre de Vidy \/ du 30 mai au 2 juin 2018 \/ Critiques par Lucien Zuchuat et Basile Seppey. <\/p><\/div>\n\n\n<div style=\"height:1px\" aria-hidden=\"true\" class=\"wp-block-spacer\"><\/div>\n\n<\/li><li class=\"wp-block-post post-12637 post type-post status-publish format-standard has-post-thumbnail category-critique category-expired category-spectacle category-theatre-2-21-lausanne tag-lucien-zuchuat\">\n<h6 class=\"liensouligne wp-block-post-title\"><a href=\"https:\/\/wp.unil.ch\/ateliercritique\/2018\/04\/big-crunch\/\" target=\"_self\" >Big Crunch<\/a><\/h6>\n\n<div class=\"wp-block-post-excerpt\"><p class=\"wp-block-post-excerpt__excerpt\">De Renaud Delay &amp; Daniel Vuataz \/ Mise en sc\u00e8ne de Fr\u00e9d\u00e9ric Ozier \/ Th\u00e9\u00e2tre 2.21 \/ du 20 au 29 avril 2018 \/ Critique par Lucien Zuchuat. <\/p><\/div>\n\n\n<div style=\"height:1px\" aria-hidden=\"true\" class=\"wp-block-spacer\"><\/div>\n\n<\/li><li class=\"wp-block-post post-12543 post type-post status-publish format-standard has-post-thumbnail category-critique category-expired category-spectacle category-theatre-de-vidy tag-amalia-devaud tag-basile-seppey tag-fanny-utiger tag-julia-cela tag-lucien-zuchuat tag-pierre-paul-bianchi tag-sarah-juilland\">\n<h6 class=\"liensouligne wp-block-post-title\"><a href=\"https:\/\/wp.unil.ch\/ateliercritique\/2018\/04\/cargo-congo-lausanne\/\" target=\"_self\" >Cargo Congo-Lausanne<\/a><\/h6>\n\n<div class=\"wp-block-post-excerpt\"><p class=\"wp-block-post-excerpt__excerpt\">Cr\u00e9ation Rimini Protokoll \/ Th\u00e9\u00e2tre de Vidy \/ du 1er f\u00e9vrier au 23 mars 2018 \/ Critiques par Lucien Zuchuat, Basile Nelis, Fanny Utiger, Pierre-Paul Bianchi, Julie Cela, Sarah Juilland, Amalia D\u00e9vaud et Basile Seppey. <\/p><\/div>\n\n\n<div style=\"height:1px\" aria-hidden=\"true\" class=\"wp-block-spacer\"><\/div>\n\n<\/li><li class=\"wp-block-post post-12181 post type-post status-publish format-standard has-post-thumbnail category-entretien tag-lucien-zuchuat\">\n<h6 class=\"liensouligne wp-block-post-title\"><a href=\"https:\/\/wp.unil.ch\/ateliercritique\/2018\/01\/entretien-avec-luisa-campanile\/\" target=\"_self\" >Entretien avec Luisa Campanile<\/a><\/h6>\n\n<div class=\"wp-block-post-excerpt\"><p class=\"wp-block-post-excerpt__excerpt\">Par Lucien Zuchuat . <\/p><\/div>\n\n\n<div style=\"height:1px\" aria-hidden=\"true\" class=\"wp-block-spacer\"><\/div>\n\n<\/li><li class=\"wp-block-post post-12177 post type-post status-publish format-standard has-post-thumbnail category-critique category-expired category-spectacle tag-lucien-zuchuat\">\n<h6 class=\"liensouligne wp-block-post-title\"><a href=\"https:\/\/wp.unil.ch\/ateliercritique\/2018\/01\/chez-ces-gamins-la\/\" target=\"_self\" >Le Projet<\/a><\/h6>\n\n<div class=\"wp-block-post-excerpt\"><p class=\"wp-block-post-excerpt__excerpt\">Pi\u00e8ce de Luisa Campanile \/ Compte-rendu par Lucien Zuchuat. <\/p><\/div>\n\n\n<div style=\"height:1px\" aria-hidden=\"true\" class=\"wp-block-spacer\"><\/div>\n\n<\/li><li class=\"wp-block-post post-12108 post type-post status-publish format-standard has-post-thumbnail category-critique category-expired category-spectacle category-teatre-du-grutli tag-lucien-zuchuat\">\n<h6 class=\"liensouligne wp-block-post-title\"><a href=\"https:\/\/wp.unil.ch\/ateliercritique\/2017\/12\/andre-le-magnifique\/\" target=\"_self\" >Andr\u00e9 le Magnifique<\/a><\/h6>\n\n<div class=\"wp-block-post-excerpt\"><p class=\"wp-block-post-excerpt__excerpt\">De Denis Podalyd\u00e8s et al. \/ Mise en sc\u00e8ne d\u2019Antony Mettler \/ Th\u00e9\u00e2tre du Gr\u00fctli \/ du 1er au 17 d\u00e9cembre 2017 \/ Critique par Lucien Zuchuat. <\/p><\/div>\n\n\n<div style=\"height:1px\" aria-hidden=\"true\" class=\"wp-block-spacer\"><\/div>\n\n<\/li><li class=\"wp-block-post post-12000 post type-post status-publish format-standard has-post-thumbnail category-critique category-expired category-la-grange category-spectacle tag-coralie-gil tag-lucien-zuchuat\">\n<h6 class=\"liensouligne wp-block-post-title\"><a href=\"https:\/\/wp.unil.ch\/ateliercritique\/2017\/11\/a-deux-heures-du-matin\/\" target=\"_self\" >\u00c0 deux heures du matin<\/a><\/h6>\n\n<div class=\"wp-block-post-excerpt\"><p class=\"wp-block-post-excerpt__excerpt\">De Falk Richter \/ Mise en sc\u00e8ne de Gabriel Dufay \/ La Grange de Dorigny \/ du 2 au 4 novembre 2017 \/ Critiques par Lucien Zuchuat et Coralie Gil.\u00a0 <\/p><\/div>\n\n\n<div style=\"height:1px\" aria-hidden=\"true\" class=\"wp-block-spacer\"><\/div>\n\n<\/li><li class=\"wp-block-post post-11923 post type-post status-publish format-standard has-post-thumbnail category-critique category-expired category-spectacle category-tkm-theatre-kleber-meleau tag-aurelien-maignant tag-coralie-gil tag-julia-cela tag-laure-salathe tag-lucien-zuchuat tag-pierre-paul-bianchi tag-roberta-alberico tag-thomas-flahaut\">\n<h6 class=\"liensouligne wp-block-post-title\"><a href=\"https:\/\/wp.unil.ch\/ateliercritique\/2017\/10\/romeo-et-juliette\/\" target=\"_self\" >Rom\u00e9o et Juliette<\/a><\/h6>\n\n<div class=\"wp-block-post-excerpt\"><p class=\"wp-block-post-excerpt__excerpt\">Rom\u00e9o et Juliette \/ De William Shakespeare \/ Mise en sc\u00e8ne d\u2019Omar Porras \/ TKM \/ du 19 septembre au 8 octobre 2017 \/ Critiques par Aur\u00e9lien Maignant, Coralie Gil, Thomas Flahaut, Laure Salath\u00e9, Lucien Zuchuat, Pierre-Paul Bianchi, Julia Cela\u2026 <\/p><\/div>\n\n\n<div style=\"height:1px\" aria-hidden=\"true\" class=\"wp-block-spacer\"><\/div>\n\n<\/li><li class=\"wp-block-post post-11893 post type-post status-publish format-standard has-post-thumbnail category-critique category-expired category-le-poche category-spectacle tag-lucien-zuchuat tag-pierre-paul-bianchi\">\n<h6 class=\"liensouligne wp-block-post-title\"><a href=\"https:\/\/wp.unil.ch\/ateliercritique\/2017\/10\/erratiques\/\" target=\"_self\" >Erratiques<\/a><\/h6>\n\n<div class=\"wp-block-post-excerpt\"><p class=\"wp-block-post-excerpt__excerpt\">De Wolfram H\u00f6ll \/ Mise en sc\u00e8ne d\u2019Armand Delado\u00eby \/ Le Poche \/ du 16 octobre au 5 novembre 2017 \/ Critiques par Pierre-Paul Bianchi et Lucien Zuchuat. <\/p><\/div>\n\n\n<div style=\"height:1px\" aria-hidden=\"true\" class=\"wp-block-spacer\"><\/div>\n\n<\/li><\/ul><\/div>\n","protected":false},"excerpt":{"rendered":"<p>Les critiques de Lucien Zuchuat :<\/p>\n","protected":false},"author":1001607,"featured_media":0,"parent":2716,"menu_order":0,"comment_status":"closed","ping_status":"closed","template":"","meta":{"_seopress_robots_primary_cat":"","_seopress_titles_title":"","_seopress_titles_desc":"","_seopress_robots_index":"","footnotes":""},"class_list":["post-11848","page","type-page","status-publish"],"_links":{"self":[{"href":"https:\/\/wp.unil.ch\/ateliercritique\/wp-json\/wp\/v2\/pages\/11848","targetHints":{"allow":["GET"]}}],"collection":[{"href":"https:\/\/wp.unil.ch\/ateliercritique\/wp-json\/wp\/v2\/pages"}],"about":[{"href":"https:\/\/wp.unil.ch\/ateliercritique\/wp-json\/wp\/v2\/types\/page"}],"author":[{"embeddable":true,"href":"https:\/\/wp.unil.ch\/ateliercritique\/wp-json\/wp\/v2\/users\/1001607"}],"replies":[{"embeddable":true,"href":"https:\/\/wp.unil.ch\/ateliercritique\/wp-json\/wp\/v2\/comments?post=11848"}],"version-history":[{"count":1,"href":"https:\/\/wp.unil.ch\/ateliercritique\/wp-json\/wp\/v2\/pages\/11848\/revisions"}],"predecessor-version":[{"id":22368,"href":"https:\/\/wp.unil.ch\/ateliercritique\/wp-json\/wp\/v2\/pages\/11848\/revisions\/22368"}],"up":[{"embeddable":true,"href":"https:\/\/wp.unil.ch\/ateliercritique\/wp-json\/wp\/v2\/pages\/2716"}],"wp:attachment":[{"href":"https:\/\/wp.unil.ch\/ateliercritique\/wp-json\/wp\/v2\/media?parent=11848"}],"curies":[{"name":"wp","href":"https:\/\/api.w.org\/{rel}","templated":true}]}}