{"id":11844,"date":"2017-09-26T10:31:34","date_gmt":"2017-09-26T08:31:34","guid":{"rendered":"http:\/\/wp.unil.ch\/ateliercritique\/?page_id=11844"},"modified":"2025-02-07T09:33:43","modified_gmt":"2025-02-07T08:33:43","slug":"laure-salathe","status":"publish","type":"page","link":"https:\/\/wp.unil.ch\/ateliercritique\/lequipe\/laure-salathe\/","title":{"rendered":"Laure Salath\u00e9"},"content":{"rendered":"<p style=\"text-align: left\"><img alt=\"\" loading=\"lazy\" decoding=\"async\" class=\" wp-image-11857 alignright\" src=\"https:\/\/wp.unil.ch\/ateliercritique\/files\/2017\/09\/LaureS-268x200.png\" alt=\"\" width=\"235\" height=\"175\" srcset=\"https:\/\/wp.unil.ch\/ateliercritique\/files\/2017\/09\/LaureS-268x200.png 268w, https:\/\/wp.unil.ch\/ateliercritique\/files\/2017\/09\/LaureS-228x170.png 228w, https:\/\/wp.unil.ch\/ateliercritique\/files\/2017\/09\/LaureS-768x573.png 768w, https:\/\/wp.unil.ch\/ateliercritique\/files\/2017\/09\/LaureS-1024x764.png 1024w, https:\/\/wp.unil.ch\/ateliercritique\/files\/2017\/09\/LaureS-624x465.png 624w, https:\/\/wp.unil.ch\/ateliercritique\/files\/2017\/09\/LaureS.png 1188w\" sizes=\"auto, (max-width: 235px) 100vw, 235px\" \/>J\u2019ai pass\u00e9 une grande partie de ma vie\u00a0sur sc\u00e8ne. Apr\u00e8s quelques ann\u00e9es de vide, au milieu de mon Bachelor en fran\u00e7ais et en anglais, j&rsquo;entends parler de l&rsquo;Atelier Critique.\u00a0Soudain, je me retrouve dans la salle. Je ne participe pas \u00e0 la repr\u00e9sentation; cette fois, j\u2019y assiste. Plut\u00f4t que de faire passer un message, j\u2019apprends \u00e0 le recevoir et \u00e0 l\u2019interpr\u00e9ter. Exercice\u00a0tout \u00e0 fait d\u00e9routant, mais la passion du th\u00e9\u00e2tre me m\u00e8ne \u00e0 vouloir en faire une exp\u00e9rience globale &#8211; \u00e0 y jouer, pour ainsi dire, tous les r\u00f4les possibles.<\/p>\n<h4>Les critiques de Laure Salath\u00e9 :<\/h4>\n\n\n<div class=\"wp-block-query is-layout-flow wp-block-query-is-layout-flow\"><ul class=\"wp-block-post-template is-layout-flow wp-block-post-template-is-layout-flow\"><li class=\"wp-block-post post-12062 post type-post status-publish format-standard has-post-thumbnail category-critique category-expired category-theatre-de-larsenic category-spectacle tag-julia-cela tag-laure-salathe\">\n<h6 class=\"liensouligne wp-block-post-title\"><a href=\"https:\/\/wp.unil.ch\/ateliercritique\/2017\/11\/where-do-you-wanna-go-today\/\" target=\"_self\" >Where Do You Wanna Go Today\u00a0?<\/a><\/h6>\n\n<div class=\"wp-block-post-excerpt\"><p class=\"wp-block-post-excerpt__excerpt\">De et avec PRICE (Mathias Ringgenberg) \/ L\u2019Arsenic \/ du 7 au 12 novembre 2017 \/\u00a0 Critiques par Julia Cela et Laure Salath\u00e9.\u00a0 <\/p><\/div>\n\n\n<div style=\"height:1px\" aria-hidden=\"true\" class=\"wp-block-spacer\"><\/div>\n\n<\/li><li class=\"wp-block-post post-11954 post type-post status-publish format-standard has-post-thumbnail category-critique category-expired category-la-grange category-spectacle tag-ivan-garcia tag-laure-salathe\">\n<h6 class=\"liensouligne wp-block-post-title\"><a href=\"https:\/\/wp.unil.ch\/ateliercritique\/2017\/10\/macbeth-2\/\" target=\"_self\" >Macbeth<\/a><\/h6>\n\n<div class=\"wp-block-post-excerpt\"><p class=\"wp-block-post-excerpt__excerpt\">D&rsquo;apr\u00e8s William Shakespeare \/ Adaptation et mise en sc\u00e8ne de Valentin Rossier\/ New Helvetic Shakespeare Company \/ La Grange de Dorigny \/ du 21 au 29 octobre 2017 \/ Critiques par Ivan Garcia et Laure Salath\u00e9.\u00a0 <\/p><\/div>\n\n\n<div style=\"height:1px\" aria-hidden=\"true\" class=\"wp-block-spacer\"><\/div>\n\n<\/li><li class=\"wp-block-post post-11923 post type-post status-publish format-standard has-post-thumbnail category-critique category-expired category-spectacle category-tkm-theatre-kleber-meleau tag-aurelien-maignant tag-coralie-gil tag-julia-cela tag-laure-salathe tag-lucien-zuchuat tag-pierre-paul-bianchi tag-roberta-alberico tag-thomas-flahaut\">\n<h6 class=\"liensouligne wp-block-post-title\"><a href=\"https:\/\/wp.unil.ch\/ateliercritique\/2017\/10\/romeo-et-juliette\/\" target=\"_self\" >Rom\u00e9o et Juliette<\/a><\/h6>\n\n<div class=\"wp-block-post-excerpt\"><p class=\"wp-block-post-excerpt__excerpt\">Rom\u00e9o et Juliette \/ De William Shakespeare \/ Mise en sc\u00e8ne d\u2019Omar Porras \/ TKM \/ du 19 septembre au 8 octobre 2017 \/ Critiques par Aur\u00e9lien Maignant, Coralie Gil, Thomas Flahaut, Laure Salath\u00e9, Lucien Zuchuat, Pierre-Paul Bianchi, Julia Cela\u2026 <\/p><\/div>\n\n\n<div style=\"height:1px\" aria-hidden=\"true\" class=\"wp-block-spacer\"><\/div>\n\n<\/li><\/ul><\/div>\n","protected":false},"excerpt":{"rendered":"<p>J\u2019ai pass\u00e9 une grande partie de ma vie\u00a0sur sc\u00e8ne. Apr\u00e8s quelques ann\u00e9es de vide, au milieu de mon Bachelor en fran\u00e7ais et en anglais, j&rsquo;entends parler de l&rsquo;Atelier Critique.\u00a0Soudain, je &hellip; <\/p>\n","protected":false},"author":1001607,"featured_media":0,"parent":2716,"menu_order":0,"comment_status":"closed","ping_status":"closed","template":"","meta":{"_seopress_robots_primary_cat":"","_seopress_titles_title":"","_seopress_titles_desc":"","_seopress_robots_index":"","footnotes":""},"class_list":["post-11844","page","type-page","status-publish"],"_links":{"self":[{"href":"https:\/\/wp.unil.ch\/ateliercritique\/wp-json\/wp\/v2\/pages\/11844","targetHints":{"allow":["GET"]}}],"collection":[{"href":"https:\/\/wp.unil.ch\/ateliercritique\/wp-json\/wp\/v2\/pages"}],"about":[{"href":"https:\/\/wp.unil.ch\/ateliercritique\/wp-json\/wp\/v2\/types\/page"}],"author":[{"embeddable":true,"href":"https:\/\/wp.unil.ch\/ateliercritique\/wp-json\/wp\/v2\/users\/1001607"}],"replies":[{"embeddable":true,"href":"https:\/\/wp.unil.ch\/ateliercritique\/wp-json\/wp\/v2\/comments?post=11844"}],"version-history":[{"count":1,"href":"https:\/\/wp.unil.ch\/ateliercritique\/wp-json\/wp\/v2\/pages\/11844\/revisions"}],"predecessor-version":[{"id":22347,"href":"https:\/\/wp.unil.ch\/ateliercritique\/wp-json\/wp\/v2\/pages\/11844\/revisions\/22347"}],"up":[{"embeddable":true,"href":"https:\/\/wp.unil.ch\/ateliercritique\/wp-json\/wp\/v2\/pages\/2716"}],"wp:attachment":[{"href":"https:\/\/wp.unil.ch\/ateliercritique\/wp-json\/wp\/v2\/media?parent=11844"}],"curies":[{"name":"wp","href":"https:\/\/api.w.org\/{rel}","templated":true}]}}