{"id":11840,"date":"2017-09-26T10:27:40","date_gmt":"2017-09-26T08:27:40","guid":{"rendered":"http:\/\/wp.unil.ch\/ateliercritique\/?page_id=11840"},"modified":"2025-02-06T17:14:02","modified_gmt":"2025-02-06T16:14:02","slug":"coralie-gil","status":"publish","type":"page","link":"https:\/\/wp.unil.ch\/ateliercritique\/lequipe\/coralie-gil\/","title":{"rendered":"Coralie Gil"},"content":{"rendered":"<h4>Les critiques de Coralie Gil :<\/h4>\n\n\n<div class=\"wp-block-query is-layout-flow wp-block-query-is-layout-flow\"><ul class=\"wp-block-post-template is-layout-flow wp-block-post-template-is-layout-flow\"><li class=\"wp-block-post post-12647 post type-post status-publish format-standard has-post-thumbnail category-critique category-expired category-le-poche category-spectacle tag-coralie-gil\">\n<h6 class=\"liensouligne wp-block-post-title\"><a href=\"https:\/\/wp.unil.ch\/ateliercritique\/2018\/04\/change-letat-dagregation-de-ton-chagrin\/\" target=\"_self\" >Change l&rsquo;\u00e9tat d&rsquo;agr\u00e9gation de ton chagrin<\/a><\/h6>\n\n<div class=\"wp-block-post-excerpt\"><p class=\"wp-block-post-excerpt__excerpt\">De\u00a0Katja Brunner \/ Mise en sc\u00e8ne de\u00a0Anna Van Br\u00e9e \/ Le Poche (Gen\u00e8ve) \/ du 23 avril au 13 mai 2018 \/ Critique par Coralie Gil. <\/p><\/div>\n\n\n<div style=\"height:1px\" aria-hidden=\"true\" class=\"wp-block-spacer\"><\/div>\n\n<\/li><li class=\"wp-block-post post-12601 post type-post status-publish format-standard has-post-thumbnail category-critique category-expired category-la-grange category-spectacle tag-coralie-gil tag-sarah-juilland\">\n<h6 class=\"liensouligne wp-block-post-title\"><a href=\"https:\/\/wp.unil.ch\/ateliercritique\/2018\/04\/automne\/\" target=\"_self\" >Automne<\/a><\/h6>\n\n<div class=\"wp-block-post-excerpt\"><p class=\"wp-block-post-excerpt__excerpt\">De Julien Mages \/ Mise en sc\u00e8ne de Jean-Yves Ruf \/ Th\u00e9\u00e2tre la Grange de Dorigny \/ du 12 au 15 avril 2017 \/ Critiques par Sarah Juilland et Coralie Gil. <\/p><\/div>\n\n\n<div style=\"height:1px\" aria-hidden=\"true\" class=\"wp-block-spacer\"><\/div>\n\n<\/li><li class=\"wp-block-post post-12483 post type-post status-publish format-standard has-post-thumbnail category-critique category-expired category-spectacle category-theatre-de-vidy tag-coralie-gil tag-ivan-garcia\">\n<h6 class=\"liensouligne wp-block-post-title\"><a href=\"https:\/\/wp.unil.ch\/ateliercritique\/2018\/03\/evel-knievel-contre-macbeth-na-terra-do-finado-humberto\/\" target=\"_self\" >Evel Knievel contre Macbeth na terra do finado Humberto<\/a><\/h6>\n\n<div class=\"wp-block-post-excerpt\"><p class=\"wp-block-post-excerpt__excerpt\">Cr\u00e9\u00e9 et mis en sc\u00e8ne par Rodrigo Garcia \/ Th\u00e9\u00e2tre de Vidy \/ du jeudi 15 mars au dimanche 18 mars 2018 \/ Critiques par Ivan Garcia et Coralie Gil. <\/p><\/div>\n\n\n<div style=\"height:1px\" aria-hidden=\"true\" class=\"wp-block-spacer\"><\/div>\n\n<\/li><li class=\"wp-block-post post-12201 post type-post status-publish format-standard has-post-thumbnail category-entretien tag-coralie-gil\">\n<h6 class=\"liensouligne wp-block-post-title\"><a href=\"https:\/\/wp.unil.ch\/ateliercritique\/2018\/01\/entretien-avec-dominique-ziegler\/\" target=\"_self\" >Entretien avec Dominique Ziegler<\/a><\/h6>\n\n<div class=\"wp-block-post-excerpt\"><p class=\"wp-block-post-excerpt__excerpt\">Par Coralie Gil . <\/p><\/div>\n\n\n<div style=\"height:1px\" aria-hidden=\"true\" class=\"wp-block-spacer\"><\/div>\n\n<\/li><li class=\"wp-block-post post-12198 post type-post status-publish format-standard has-post-thumbnail category-critique category-expired category-spectacle tag-coralie-gil\">\n<h6 class=\"liensouligne wp-block-post-title\"><a href=\"https:\/\/wp.unil.ch\/ateliercritique\/2018\/01\/moliere-heros-tragique\/\" target=\"_self\" >Moli\u00e8re, h\u00e9ros tragique<\/a><\/h6>\n\n<div class=\"wp-block-post-excerpt\"><p class=\"wp-block-post-excerpt__excerpt\">Pi\u00e8ce de Dominique Ziegler \/ Compte-rendu par Coralie Gil . <\/p><\/div>\n\n\n<div style=\"height:1px\" aria-hidden=\"true\" class=\"wp-block-spacer\"><\/div>\n\n<\/li><li class=\"wp-block-post post-12084 post type-post status-publish format-standard has-post-thumbnail category-critique category-expired category-spectacle category-tkm-theatre-kleber-meleau tag-coralie-gil tag-josefa-terribilini\">\n<h6 class=\"liensouligne wp-block-post-title\"><a href=\"https:\/\/wp.unil.ch\/ateliercritique\/2017\/11\/la-derniere-bande\/\" target=\"_self\" >La Derni\u00e8re Bande<\/a><\/h6>\n\n<div class=\"wp-block-post-excerpt\"><p class=\"wp-block-post-excerpt__excerpt\">D&rsquo;apr\u00e8s Samuel Beckett \/ Avec Omar Porras \/ Mise en sc\u00e8ne de Dan Jemmett \/ TKM \/ du 14 novembre au 3 d\u00e9cembre 2017 \/ Critiques par Josefa Terribilini et Coralie Gil. <\/p><\/div>\n\n\n<div style=\"height:1px\" aria-hidden=\"true\" class=\"wp-block-spacer\"><\/div>\n\n<\/li><li class=\"wp-block-post post-12000 post type-post status-publish format-standard has-post-thumbnail category-critique category-expired category-la-grange category-spectacle tag-coralie-gil tag-lucien-zuchuat\">\n<h6 class=\"liensouligne wp-block-post-title\"><a href=\"https:\/\/wp.unil.ch\/ateliercritique\/2017\/11\/a-deux-heures-du-matin\/\" target=\"_self\" >\u00c0 deux heures du matin<\/a><\/h6>\n\n<div class=\"wp-block-post-excerpt\"><p class=\"wp-block-post-excerpt__excerpt\">De Falk Richter \/ Mise en sc\u00e8ne de Gabriel Dufay \/ La Grange de Dorigny \/ du 2 au 4 novembre 2017 \/ Critiques par Lucien Zuchuat et Coralie Gil.\u00a0 <\/p><\/div>\n\n\n<div style=\"height:1px\" aria-hidden=\"true\" class=\"wp-block-spacer\"><\/div>\n\n<\/li><li class=\"wp-block-post post-11923 post type-post status-publish format-standard has-post-thumbnail category-critique category-expired category-spectacle category-tkm-theatre-kleber-meleau tag-aurelien-maignant tag-coralie-gil tag-julia-cela tag-laure-salathe tag-lucien-zuchuat tag-pierre-paul-bianchi tag-roberta-alberico tag-thomas-flahaut\">\n<h6 class=\"liensouligne wp-block-post-title\"><a href=\"https:\/\/wp.unil.ch\/ateliercritique\/2017\/10\/romeo-et-juliette\/\" target=\"_self\" >Rom\u00e9o et Juliette<\/a><\/h6>\n\n<div class=\"wp-block-post-excerpt\"><p class=\"wp-block-post-excerpt__excerpt\">Rom\u00e9o et Juliette \/ De William Shakespeare \/ Mise en sc\u00e8ne d\u2019Omar Porras \/ TKM \/ du 19 septembre au 8 octobre 2017 \/ Critiques par Aur\u00e9lien Maignant, Coralie Gil, Thomas Flahaut, Laure Salath\u00e9, Lucien Zuchuat, Pierre-Paul Bianchi, Julia Cela\u2026 <\/p><\/div>\n\n\n<div style=\"height:1px\" aria-hidden=\"true\" class=\"wp-block-spacer\"><\/div>\n\n<\/li><\/ul><\/div>\n","protected":false},"excerpt":{"rendered":"<p>Les critiques de Coralie Gil :<\/p>\n","protected":false},"author":1001607,"featured_media":0,"parent":2716,"menu_order":0,"comment_status":"closed","ping_status":"closed","template":"","meta":{"_seopress_robots_primary_cat":"","_seopress_titles_title":"","_seopress_titles_desc":"","_seopress_robots_index":"","footnotes":""},"class_list":["post-11840","page","type-page","status-publish"],"_links":{"self":[{"href":"https:\/\/wp.unil.ch\/ateliercritique\/wp-json\/wp\/v2\/pages\/11840","targetHints":{"allow":["GET"]}}],"collection":[{"href":"https:\/\/wp.unil.ch\/ateliercritique\/wp-json\/wp\/v2\/pages"}],"about":[{"href":"https:\/\/wp.unil.ch\/ateliercritique\/wp-json\/wp\/v2\/types\/page"}],"author":[{"embeddable":true,"href":"https:\/\/wp.unil.ch\/ateliercritique\/wp-json\/wp\/v2\/users\/1001607"}],"replies":[{"embeddable":true,"href":"https:\/\/wp.unil.ch\/ateliercritique\/wp-json\/wp\/v2\/comments?post=11840"}],"version-history":[{"count":1,"href":"https:\/\/wp.unil.ch\/ateliercritique\/wp-json\/wp\/v2\/pages\/11840\/revisions"}],"predecessor-version":[{"id":22287,"href":"https:\/\/wp.unil.ch\/ateliercritique\/wp-json\/wp\/v2\/pages\/11840\/revisions\/22287"}],"up":[{"embeddable":true,"href":"https:\/\/wp.unil.ch\/ateliercritique\/wp-json\/wp\/v2\/pages\/2716"}],"wp:attachment":[{"href":"https:\/\/wp.unil.ch\/ateliercritique\/wp-json\/wp\/v2\/media?parent=11840"}],"curies":[{"name":"wp","href":"https:\/\/api.w.org\/{rel}","templated":true}]}}