{"id":11838,"date":"2017-09-26T10:26:02","date_gmt":"2017-09-26T08:26:02","guid":{"rendered":"http:\/\/wp.unil.ch\/ateliercritique\/?page_id=11838"},"modified":"2025-02-06T17:06:53","modified_gmt":"2025-02-06T16:06:53","slug":"thomas-flahaut","status":"publish","type":"page","link":"https:\/\/wp.unil.ch\/ateliercritique\/lequipe\/thomas-flahaut\/","title":{"rendered":"Thomas Flahaut"},"content":{"rendered":"<h4>Les critiques de Thomas Flahaut :<\/h4>\n\n\n<div class=\"wp-block-query is-layout-flow wp-block-query-is-layout-flow\"><ul class=\"wp-block-post-template is-layout-flow wp-block-post-template-is-layout-flow\"><li class=\"wp-block-post post-12710 post type-post status-publish format-standard has-post-thumbnail category-critique category-expired category-spectacle category-theatre-du-loup tag-amalia-devaud tag-thomas-flahaut\">\n<h6 class=\"liensouligne wp-block-post-title\"><a href=\"https:\/\/wp.unil.ch\/ateliercritique\/2018\/05\/les-4-chaperons-rouges\/\" target=\"_self\" >Les 4 chaperons rouges<\/a><\/h6>\n\n<div class=\"wp-block-post-excerpt\"><p class=\"wp-block-post-excerpt__excerpt\">De\u00a0Jo\u00ebl Pommerat, Lucie Rausis, C\u00e9dric Simon, Maude Lan\u00e7on et Ludovic Chazaud \/ Th\u00e9\u00e2tre du Loup \/ du 22 mai au 2 juin 2018 \/ Critiques par Thomas Flahaut et Amalia D\u00e9vaud. <\/p><\/div>\n\n\n<div style=\"height:1px\" aria-hidden=\"true\" class=\"wp-block-spacer\"><\/div>\n\n<\/li><li class=\"wp-block-post post-12344 post type-post status-publish format-standard has-post-thumbnail category-critique category-expired category-maison-saint-gervais category-spectacle tag-julia-cela tag-thomas-flahaut\">\n<h6 class=\"liensouligne wp-block-post-title\"><a href=\"https:\/\/wp.unil.ch\/ateliercritique\/2018\/01\/quoi-maintenant\/\" target=\"_self\" >Quoi\/Maintenant<\/a><\/h6>\n\n<div class=\"wp-block-post-excerpt\"><p class=\"wp-block-post-excerpt__excerpt\">Par le collectif Tg STAN \/ Th\u00e9\u00e2tre Saint-Gervais \/ du 11 au 13 janvier 2018 \/ Critiques par Thomas Flahaut et Julia Cela. <\/p><\/div>\n\n\n<div style=\"height:1px\" aria-hidden=\"true\" class=\"wp-block-spacer\"><\/div>\n\n<\/li><li class=\"wp-block-post post-12308 post type-post status-publish format-standard has-post-thumbnail category-critique category-expired category-spectacle tag-thomas-flahaut\">\n<h6 class=\"liensouligne wp-block-post-title\"><a href=\"https:\/\/wp.unil.ch\/ateliercritique\/2018\/01\/ecritures-dramatiques-contemporaines-partenariat-avec-le-courrier-2\/\" target=\"_self\" >Ecritures dramatiques contemporaines \/ Partenariat avec Le Courrier<\/a><\/h6>\n\n<div class=\"wp-block-post-excerpt\"><p class=\"wp-block-post-excerpt__excerpt\">Pi\u00e8ce de Julie Gilbert \/ Compte-rendu par Thomas Flahaut . <\/p><\/div>\n\n\n<div style=\"height:1px\" aria-hidden=\"true\" class=\"wp-block-spacer\"><\/div>\n\n<\/li><li class=\"wp-block-post post-12193 post type-post status-publish format-standard has-post-thumbnail category-entretien tag-thomas-flahaut\">\n<h6 class=\"liensouligne wp-block-post-title\"><a href=\"https:\/\/wp.unil.ch\/ateliercritique\/2018\/01\/entretien-avec-julie-gilbert\/\" target=\"_self\" >Entretien avec Julie Gilbert<\/a><\/h6>\n\n<div class=\"wp-block-post-excerpt\"><p class=\"wp-block-post-excerpt__excerpt\">Par Thomas Flahaut . <\/p><\/div>\n\n\n<div style=\"height:1px\" aria-hidden=\"true\" class=\"wp-block-spacer\"><\/div>\n\n<\/li><li class=\"wp-block-post post-12118 post type-post status-publish format-standard has-post-thumbnail category-critique category-expired category-spectacle category-theatre-de-vidy tag-pierre-paul-bianchi tag-thomas-flahaut\">\n<h6 class=\"liensouligne wp-block-post-title\"><a href=\"https:\/\/wp.unil.ch\/ateliercritique\/2017\/12\/guerrilla\/\" target=\"_self\" >Guerrilla<\/a><\/h6>\n\n<div class=\"wp-block-post-excerpt\"><p class=\"wp-block-post-excerpt__excerpt\">Par la compagnie El Conde de Torrefiel \/ Th\u00e9\u00e2tre de Vidy \/ du 8 au 9 d\u00e9cembre 2017 \/ Critiques par Pierre-Paul Bianchi et Thomas Flahaut.\u00a0 <\/p><\/div>\n\n\n<div style=\"height:1px\" aria-hidden=\"true\" class=\"wp-block-spacer\"><\/div>\n\n<\/li><li class=\"wp-block-post post-11988 post type-post status-publish format-standard has-post-thumbnail category-critique category-expired category-theatre-de-larsenic category-spectacle tag-ivan-garcia tag-thomas-flahaut\">\n<h6 class=\"liensouligne wp-block-post-title\"><a href=\"https:\/\/wp.unil.ch\/ateliercritique\/2017\/11\/la-recherche\/\" target=\"_self\" >La Recherche<\/a><\/h6>\n\n<div class=\"wp-block-post-excerpt\"><p class=\"wp-block-post-excerpt__excerpt\">D\u2019apr\u00e8s A la recherche du temps perdu de Marcel Proust \/ Cr\u00e9ation et mise en sc\u00e8ne de Yves-No\u00ebl Genod \/ L\u2019Arsenic \/ du 1er au 5 novembre 2017 \/ Critiques par Ivan Garcia et Thomas Flahaut.\u00a0 <\/p><\/div>\n\n\n<div style=\"height:1px\" aria-hidden=\"true\" class=\"wp-block-spacer\"><\/div>\n\n<\/li><li class=\"wp-block-post post-11923 post type-post status-publish format-standard has-post-thumbnail category-critique category-expired category-spectacle category-tkm-theatre-kleber-meleau tag-aurelien-maignant tag-coralie-gil tag-julia-cela tag-laure-salathe tag-lucien-zuchuat tag-pierre-paul-bianchi tag-roberta-alberico tag-thomas-flahaut\">\n<h6 class=\"liensouligne wp-block-post-title\"><a href=\"https:\/\/wp.unil.ch\/ateliercritique\/2017\/10\/romeo-et-juliette\/\" target=\"_self\" >Rom\u00e9o et Juliette<\/a><\/h6>\n\n<div class=\"wp-block-post-excerpt\"><p class=\"wp-block-post-excerpt__excerpt\">Rom\u00e9o et Juliette \/ De William Shakespeare \/ Mise en sc\u00e8ne d\u2019Omar Porras \/ TKM \/ du 19 septembre au 8 octobre 2017 \/ Critiques par Aur\u00e9lien Maignant, Coralie Gil, Thomas Flahaut, Laure Salath\u00e9, Lucien Zuchuat, Pierre-Paul Bianchi, Julia Cela\u2026 <\/p><\/div>\n\n\n<div style=\"height:1px\" aria-hidden=\"true\" class=\"wp-block-spacer\"><\/div>\n\n<\/li><\/ul><\/div>\n","protected":false},"excerpt":{"rendered":"<p>Les critiques de Thomas Flahaut :<\/p>\n","protected":false},"author":1001607,"featured_media":0,"parent":2716,"menu_order":0,"comment_status":"closed","ping_status":"closed","template":"","meta":{"_seopress_robots_primary_cat":"","_seopress_titles_title":"","_seopress_titles_desc":"","_seopress_robots_index":"","footnotes":""},"class_list":["post-11838","page","type-page","status-publish"],"_links":{"self":[{"href":"https:\/\/wp.unil.ch\/ateliercritique\/wp-json\/wp\/v2\/pages\/11838","targetHints":{"allow":["GET"]}}],"collection":[{"href":"https:\/\/wp.unil.ch\/ateliercritique\/wp-json\/wp\/v2\/pages"}],"about":[{"href":"https:\/\/wp.unil.ch\/ateliercritique\/wp-json\/wp\/v2\/types\/page"}],"author":[{"embeddable":true,"href":"https:\/\/wp.unil.ch\/ateliercritique\/wp-json\/wp\/v2\/users\/1001607"}],"replies":[{"embeddable":true,"href":"https:\/\/wp.unil.ch\/ateliercritique\/wp-json\/wp\/v2\/comments?post=11838"}],"version-history":[{"count":1,"href":"https:\/\/wp.unil.ch\/ateliercritique\/wp-json\/wp\/v2\/pages\/11838\/revisions"}],"predecessor-version":[{"id":22277,"href":"https:\/\/wp.unil.ch\/ateliercritique\/wp-json\/wp\/v2\/pages\/11838\/revisions\/22277"}],"up":[{"embeddable":true,"href":"https:\/\/wp.unil.ch\/ateliercritique\/wp-json\/wp\/v2\/pages\/2716"}],"wp:attachment":[{"href":"https:\/\/wp.unil.ch\/ateliercritique\/wp-json\/wp\/v2\/media?parent=11838"}],"curies":[{"name":"wp","href":"https:\/\/api.w.org\/{rel}","templated":true}]}}