{"id":11107,"date":"2017-03-07T00:07:30","date_gmt":"2017-03-06T23:07:30","guid":{"rendered":"http:\/\/wp.unil.ch\/ateliercritique\/?page_id=11107"},"modified":"2025-02-07T09:32:15","modified_gmt":"2025-02-07T08:32:15","slug":"artemisia-romano","status":"publish","type":"page","link":"https:\/\/wp.unil.ch\/ateliercritique\/lequipe\/artemisia-romano\/","title":{"rendered":"Artemisia Romano"},"content":{"rendered":"<h4>Les critiques de Artemisia Romano\u00a0:<\/h4>\n\n\n<div class=\"wp-block-query is-layout-flow wp-block-query-is-layout-flow\"><ul class=\"wp-block-post-template is-layout-flow wp-block-post-template-is-layout-flow\"><li class=\"wp-block-post post-11713 post type-post status-publish format-standard has-post-thumbnail category-critique category-expired category-spectacle category-theatre-de-vidy tag-artemisia-romano tag-jehanne-denogent\">\n<h6 class=\"liensouligne wp-block-post-title\"><a href=\"https:\/\/wp.unil.ch\/ateliercritique\/2017\/06\/still-in-paradise\/\" target=\"_self\" >Still in paradise<\/a><\/h6>\n\n<div class=\"wp-block-post-excerpt\"><p class=\"wp-block-post-excerpt__excerpt\">Cr\u00e9ation de Yan Duyvendak et Omar Ghayatt \/ Th\u00e9\u00e2tre de Vidy \/ du 6 au 10 juin \u00a02017 \/ Critiques par Jehanne Denogent et Artemisia Romano.\u00a0 <\/p><\/div>\n\n\n<div style=\"height:1px\" aria-hidden=\"true\" class=\"wp-block-spacer\"><\/div>\n\n<\/li><li class=\"wp-block-post post-11666 post type-post status-publish format-standard has-post-thumbnail category-critique category-expired category-theatre-des-osses category-spectacle tag-artemisia-romano tag-laure-elie-hoegen\">\n<h6 class=\"liensouligne wp-block-post-title\"><a href=\"https:\/\/wp.unil.ch\/ateliercritique\/2017\/05\/printemps-des-compagnies\/\" target=\"_self\" >Printemps des compagnies<\/a><\/h6>\n\n<div class=\"wp-block-post-excerpt\"><p class=\"wp-block-post-excerpt__excerpt\">Th\u00e9\u00e2tre des Osses \/ du 19 au 21 mai et du 25 au 27 mai 2017 \/ Critiques par Laure-Elie Hoegen et Artemisia Romano. <\/p><\/div>\n\n\n<div style=\"height:1px\" aria-hidden=\"true\" class=\"wp-block-spacer\"><\/div>\n\n<\/li><li class=\"wp-block-post post-11623 post type-post status-publish format-standard has-post-thumbnail category-critique category-expired category-theatre-de-larsenic category-spectacle tag-artemisia-romano tag-laura-weber\">\n<h6 class=\"liensouligne wp-block-post-title\"><a href=\"https:\/\/wp.unil.ch\/ateliercritique\/2017\/05\/la-cagnotte\/\" target=\"_self\" >La Cagnotte<\/a><\/h6>\n\n<div class=\"wp-block-post-excerpt\"><p class=\"wp-block-post-excerpt__excerpt\">De Eug\u00e8ne Labiche \/ Mise en sc\u00e8ne Cl\u00e9mentine Colpin et Christian Geffroy Schlittler \/ L\u2019Arsenic \/ du 17 au 21 mai 2017 \/ Critiques par Laura Weber et Artemisia Romano.\u00a0 <\/p><\/div>\n\n\n<div style=\"height:1px\" aria-hidden=\"true\" class=\"wp-block-spacer\"><\/div>\n\n<\/li><li class=\"wp-block-post post-11587 post type-post status-publish format-standard has-post-thumbnail category-critique category-expired category-spectacle category-theatre-de-lusine-geneve tag-artemisia-romano tag-margot-prodhom\">\n<h6 class=\"liensouligne wp-block-post-title\"><a href=\"https:\/\/wp.unil.ch\/ateliercritique\/2017\/05\/apres-le-deluge\/\" target=\"_self\" >Apr\u00e8s le D\u00e9luge<\/a><\/h6>\n\n<div class=\"wp-block-post-excerpt\"><p class=\"wp-block-post-excerpt__excerpt\">De Aur\u00e9lia L\u00fcscher, Bastien Semenzato, C\u00e9line Nidegger, Guillaume Cayet \/ Cie Superprod \/ Th\u00e9\u00e2tre de l&rsquo;Usine \/ du 11 au 17 mai 2017 \/ Critiques par Artemisia Romano et Margot Prod&rsquo;hom. <\/p><\/div>\n\n\n<div style=\"height:1px\" aria-hidden=\"true\" class=\"wp-block-spacer\"><\/div>\n\n<\/li><li class=\"wp-block-post post-11517 post type-post status-publish format-standard has-post-thumbnail category-critique category-expired category-spectacle category-theatre-de-vidy tag-artemisia-romano tag-marek-chojecki\">\n<h6 class=\"liensouligne wp-block-post-title\"><a href=\"https:\/\/wp.unil.ch\/ateliercritique\/2017\/05\/mdlsx\/\" target=\"_self\" >MDLSX<\/a><\/h6>\n\n<div class=\"wp-block-post-excerpt\"><p class=\"wp-block-post-excerpt__excerpt\">Compagnie Motus \/ Avec Silvia Calderoni \/ Th\u00e9\u00e2tre de Vidy \/ du 9 mai au 13 mai 2017 \/ Critique par Artemisia Romano et Marek Chojecki.\u00a0 <\/p><\/div>\n\n\n<div style=\"height:1px\" aria-hidden=\"true\" class=\"wp-block-spacer\"><\/div>\n\n<\/li><li class=\"wp-block-post post-11311 post type-post status-publish format-standard has-post-thumbnail category-critique category-expired category-spectacle category-theatre-les-halles tag-artemisia-romano tag-kendra-simons\">\n<h6 class=\"liensouligne wp-block-post-title\"><a href=\"https:\/\/wp.unil.ch\/ateliercritique\/2017\/04\/hamster-lacrymal\/\" target=\"_self\" >Hamster Lacrymal<\/a><\/h6>\n\n<div class=\"wp-block-post-excerpt\"><p class=\"wp-block-post-excerpt__excerpt\">De Pierre Isa\u00efe Duc et la Cie Corsaire Sanglot \/ TLH, Sierre \/ Du 30 mars au 9 avril 2017 \/ Critique par Kendra Simons et Artemisia Romano. <\/p><\/div>\n\n\n<div style=\"height:1px\" aria-hidden=\"true\" class=\"wp-block-spacer\"><\/div>\n\n<\/li><li class=\"wp-block-post post-11217 post type-post status-publish format-standard has-post-thumbnail category-critique category-expired category-spectacle category-theatre-de-lusine-geneve tag-artemisia-romano tag-margot-prodhom\">\n<h6 class=\"liensouligne wp-block-post-title\"><a href=\"https:\/\/wp.unil.ch\/ateliercritique\/2017\/03\/fire-of-emotions-the-abyss\/\" target=\"_self\" >FIRE OF EMOTIONS : THE ABYSS<\/a><\/h6>\n\n<div class=\"wp-block-post-excerpt\"><p class=\"wp-block-post-excerpt__excerpt\">De Pamina de Coulon \/ Th\u00e9\u00e2tre de l&rsquo;Usine \/ du 16 au 22 mars 2017 \/ Critiques par Margot Prod&rsquo;hom et Artemisia Romano. <\/p><\/div>\n\n\n<div style=\"height:1px\" aria-hidden=\"true\" class=\"wp-block-spacer\"><\/div>\n\n<\/li><li class=\"wp-block-post post-11116 post type-post status-publish format-standard has-post-thumbnail category-critique category-expired category-spectacle category-theatre-de-vidy tag-artemisia-romano tag-basile-seppey tag-celine-conus tag-ivan-garcia tag-jehanne-denogent tag-jeremy-berthoud tag-joanne-vaudroz tag-margot-prodhom tag-thomas-cordova\">\n<h6 class=\"liensouligne wp-block-post-title\"><a href=\"https:\/\/wp.unil.ch\/ateliercritique\/2017\/03\/reve-et-folie\/\" target=\"_self\" >R\u00eave et folie<\/a><\/h6>\n\n<div class=\"wp-block-post-excerpt\"><p class=\"wp-block-post-excerpt__excerpt\">De\u00a0Georg Trakl \/ Mise en sc\u00e8ne de Claude R\u00e9gy \/ Th\u00e9\u00e2tre de Vidy \/ du 28 f\u00e9vrier au 4 mars 2017 \/ Textes par J\u00e9r\u00e9my Berthoud, C\u00e9line Conus, Thomas Cordova, Jehanne Denogent, Ivan Garcia, Margot Prod\u2019hom, Artemisia Romano, Basile Seppey\u2026 <\/p><\/div>\n\n\n<div style=\"height:1px\" aria-hidden=\"true\" class=\"wp-block-spacer\"><\/div>\n\n<\/li><\/ul><\/div>\n","protected":false},"excerpt":{"rendered":"<p>Les critiques de Artemisia Romano\u00a0:<\/p>\n","protected":false},"author":784,"featured_media":0,"parent":2716,"menu_order":0,"comment_status":"closed","ping_status":"closed","template":"","meta":{"_seopress_robots_primary_cat":"","_seopress_titles_title":"","_seopress_titles_desc":"","_seopress_robots_index":"","footnotes":""},"class_list":["post-11107","page","type-page","status-publish"],"_links":{"self":[{"href":"https:\/\/wp.unil.ch\/ateliercritique\/wp-json\/wp\/v2\/pages\/11107","targetHints":{"allow":["GET"]}}],"collection":[{"href":"https:\/\/wp.unil.ch\/ateliercritique\/wp-json\/wp\/v2\/pages"}],"about":[{"href":"https:\/\/wp.unil.ch\/ateliercritique\/wp-json\/wp\/v2\/types\/page"}],"author":[{"embeddable":true,"href":"https:\/\/wp.unil.ch\/ateliercritique\/wp-json\/wp\/v2\/users\/784"}],"replies":[{"embeddable":true,"href":"https:\/\/wp.unil.ch\/ateliercritique\/wp-json\/wp\/v2\/comments?post=11107"}],"version-history":[{"count":1,"href":"https:\/\/wp.unil.ch\/ateliercritique\/wp-json\/wp\/v2\/pages\/11107\/revisions"}],"predecessor-version":[{"id":22344,"href":"https:\/\/wp.unil.ch\/ateliercritique\/wp-json\/wp\/v2\/pages\/11107\/revisions\/22344"}],"up":[{"embeddable":true,"href":"https:\/\/wp.unil.ch\/ateliercritique\/wp-json\/wp\/v2\/pages\/2716"}],"wp:attachment":[{"href":"https:\/\/wp.unil.ch\/ateliercritique\/wp-json\/wp\/v2\/media?parent=11107"}],"curies":[{"name":"wp","href":"https:\/\/api.w.org\/{rel}","templated":true}]}}