{"id":11102,"date":"2017-03-06T23:55:49","date_gmt":"2017-03-06T22:55:49","guid":{"rendered":"http:\/\/wp.unil.ch\/ateliercritique\/?page_id=11102"},"modified":"2025-02-06T17:57:02","modified_gmt":"2025-02-06T16:57:02","slug":"margot-prodhom-2","status":"publish","type":"page","link":"https:\/\/wp.unil.ch\/ateliercritique\/lequipe\/margot-prodhom-2\/","title":{"rendered":"Margot Prod\u2019hom"},"content":{"rendered":"<p>Etudiante en master de Philosophie mais aussi passionn\u00e9e de th\u00e9\u00e2tre depuis toute petite, la sp\u00e9cialisation en dramaturgie et \u00e9tudes th\u00e9\u00e2trales s&rsquo;est pr\u00e9sent\u00e9e \u00e0 moi comme une \u00e9vidence. Ayant d\u00e9j\u00e0 beaucoup pratiqu\u00e9 le th\u00e9\u00e2tre \u2013 en tant que spectatrice et \u00e0 travers le jeu principalement, mais aussi l&rsquo;\u00e9criture et la mise en sc\u00e8ne \u2013 l&rsquo;Atelier critique repr\u00e9sente l&rsquo;occasion non seulement de nourrir ma r\u00e9flexion philosophique par des exp\u00e9riences esth\u00e9tiques et th\u00e9\u00e2trales, par les arts vivants de la sc\u00e8ne, mais \u00e9galement, peut-\u00eatre, celle d&rsquo;enrichir en retour l&rsquo;exercice difficile de la critique th\u00e9\u00e2trale par ce que la philosophie m&rsquo;a apport\u00e9. Apr\u00e8s la pratique, j&rsquo;ai trouv\u00e9 extr\u00eamement stimulant d&rsquo;apprendre et d&rsquo;exp\u00e9rimenter son versant th\u00e9orique en pouvant peut-\u00eatre y m\u00ealer des questionnements philosophiques qui me passionnent, tels que \u00ab\u00a0Pourquoi aime-t-on tant aller au th\u00e9\u00e2tre\u00a0?\u00a0\u00bb, \u00ab\u00a0Qu&rsquo;est-ce vraiment que le th\u00e9\u00e2tre aujourd&rsquo;hui\u00a0?\u00a0\u00bb, \u00ab\u00a0En quoi le th\u00e9\u00e2tre peut \u00eatre un vecteur diff\u00e9rent de l&rsquo;\u00e9criture de la philosophie\u00a0?\u00a0\u00bb, \u00ab\u00a0Dans quelle mesure le th\u00e9\u00e2tre est un art singulier qui permet de vivre de mani\u00e8re privil\u00e9gi\u00e9e notre humanit\u00e9\u00a0?\u00a0\u00bb, etc.<\/p>\n<h4>Les critiques de Margot Prod&rsquo;hom\u00a0:<\/h4>\n\n\n<div class=\"wp-block-query is-layout-flow wp-block-query-is-layout-flow\"><ul class=\"wp-block-post-template is-layout-flow wp-block-post-template-is-layout-flow\"><li class=\"wp-block-post post-11587 post type-post status-publish format-standard has-post-thumbnail category-critique category-expired category-spectacle category-theatre-de-lusine-geneve tag-artemisia-romano tag-margot-prodhom\">\n<h6 class=\"liensouligne wp-block-post-title\"><a href=\"https:\/\/wp.unil.ch\/ateliercritique\/2017\/05\/apres-le-deluge\/\" target=\"_self\" >Apr\u00e8s le D\u00e9luge<\/a><\/h6>\n\n<div class=\"wp-block-post-excerpt\"><p class=\"wp-block-post-excerpt__excerpt\">De Aur\u00e9lia L\u00fcscher, Bastien Semenzato, C\u00e9line Nidegger, Guillaume Cayet \/ Cie Superprod \/ Th\u00e9\u00e2tre de l&rsquo;Usine \/ du 11 au 17 mai 2017 \/ Critiques par Artemisia Romano et Margot Prod&rsquo;hom. <\/p><\/div>\n\n\n<div style=\"height:1px\" aria-hidden=\"true\" class=\"wp-block-spacer\"><\/div>\n\n<\/li><li class=\"wp-block-post post-11555 post type-post status-publish format-standard has-post-thumbnail category-critique category-expired category-maison-saint-gervais category-spectacle tag-laure-elie-hoegen tag-margot-prodhom\">\n<h6 class=\"liensouligne wp-block-post-title\"><a href=\"https:\/\/wp.unil.ch\/ateliercritique\/2017\/05\/la-ligne\/\" target=\"_self\" >La Ligne<\/a><\/h6>\n\n<div class=\"wp-block-post-excerpt\"><p class=\"wp-block-post-excerpt__excerpt\">Direction artistique de Jean-Baptiste Roybon \/ Production de la Compagnie Kokodyniack \/ Th\u00e9\u00e2tre Saint-Gervais \/ du 9 au 20 mai 2017 \/ Critique par Margot Prod&rsquo;hom et Laure-Elie Hoegen. <\/p><\/div>\n\n\n<div style=\"height:1px\" aria-hidden=\"true\" class=\"wp-block-spacer\"><\/div>\n\n<\/li><li class=\"wp-block-post post-11395 post type-post status-publish format-standard has-post-thumbnail category-critique category-expired category-theatre-de-larsenic category-spectacle tag-jeremy-berthoud tag-margot-prodhom\">\n<h6 class=\"liensouligne wp-block-post-title\"><a href=\"https:\/\/wp.unil.ch\/ateliercritique\/2017\/04\/mourir-dormir-rever-peut-etre\/\" target=\"_self\" >Mourir, dormir, r\u00eaver peut-\u00eatre<\/a><\/h6>\n\n<div class=\"wp-block-post-excerpt\"><p class=\"wp-block-post-excerpt__excerpt\">De Denis Maillefer et le Th\u00e9\u00e2tre en flammes (CH) \/ Arsenic \/ du 25 avril au 2 mai 2017 \/ Critiques par Margot Prod&rsquo;hom et J\u00e9r\u00e9my Berthoud. <\/p><\/div>\n\n\n<div style=\"height:1px\" aria-hidden=\"true\" class=\"wp-block-spacer\"><\/div>\n\n<\/li><li class=\"wp-block-post post-11330 post type-post status-publish format-standard has-post-thumbnail category-critique category-expired category-theatre-de-larsenic category-spectacle tag-laure-elie-hoegen tag-margot-prodhom\">\n<h6 class=\"liensouligne wp-block-post-title\"><a href=\"https:\/\/wp.unil.ch\/ateliercritique\/2017\/04\/etudes-heretiques-1-7\/\" target=\"_self\" >Etudes h\u00e9r\u00e9tiques 1-7<\/a><\/h6>\n\n<div class=\"wp-block-post-excerpt\"><p class=\"wp-block-post-excerpt__excerpt\">Concept Antonija Livingstone et Nadia Lauro \/ Arsenic \/ du 31 mars au 1er avril 2017 \/ Critiques par Margot Prod&rsquo;hom et Laure-Elie Hoegen. <\/p><\/div>\n\n\n<div style=\"height:1px\" aria-hidden=\"true\" class=\"wp-block-spacer\"><\/div>\n\n<\/li><li class=\"wp-block-post post-11280 post type-post status-publish format-standard has-post-thumbnail category-critique category-expired category-maison-saint-gervais category-spectacle tag-margot-prodhom\">\n<h6 class=\"liensouligne wp-block-post-title\"><a href=\"https:\/\/wp.unil.ch\/ateliercritique\/2017\/03\/les-moliere-de-vitez\/\" target=\"_self\" >Les Moli\u00e8re de Vitez : L&rsquo;Ecole des femmes<\/a><\/h6>\n\n<div class=\"wp-block-post-excerpt\"><p class=\"wp-block-post-excerpt__excerpt\">De Moli\u00e8re \/ Mise en sc\u00e8ne de Gwena\u00ebl Morin \/ Les Moliere de Vitez \/ Par le Th\u00e9\u00e2tre Permanent \/ Th\u00e9\u00e2tre Saint-Gervais \/ du 14 au 25 mars 2017 \/ Critique par Margot Prod&rsquo;hom. <\/p><\/div>\n\n\n<div style=\"height:1px\" aria-hidden=\"true\" class=\"wp-block-spacer\"><\/div>\n\n<\/li><li class=\"wp-block-post post-11217 post type-post status-publish format-standard has-post-thumbnail category-critique category-expired category-spectacle category-theatre-de-lusine-geneve tag-artemisia-romano tag-margot-prodhom\">\n<h6 class=\"liensouligne wp-block-post-title\"><a href=\"https:\/\/wp.unil.ch\/ateliercritique\/2017\/03\/fire-of-emotions-the-abyss\/\" target=\"_self\" >FIRE OF EMOTIONS : THE ABYSS<\/a><\/h6>\n\n<div class=\"wp-block-post-excerpt\"><p class=\"wp-block-post-excerpt__excerpt\">De Pamina de Coulon \/ Th\u00e9\u00e2tre de l&rsquo;Usine \/ du 16 au 22 mars 2017 \/ Critiques par Margot Prod&rsquo;hom et Artemisia Romano. <\/p><\/div>\n\n\n<div style=\"height:1px\" aria-hidden=\"true\" class=\"wp-block-spacer\"><\/div>\n\n<\/li><li class=\"wp-block-post post-11203 post type-post status-publish format-standard has-post-thumbnail category-critique category-expired category-spectacle category-tkm-theatre-kleber-meleau tag-marek-chojecki tag-margot-prodhom\">\n<h6 class=\"liensouligne wp-block-post-title\"><a href=\"https:\/\/wp.unil.ch\/ateliercritique\/2017\/03\/amour-et-psyche\/\" target=\"_self\" >Amour et Psych\u00e9<\/a><\/h6>\n\n<div class=\"wp-block-post-excerpt\"><p class=\"wp-block-post-excerpt__excerpt\">D\u2019apr\u00e8s Moli\u00e8re \/ Mise en sc\u00e8ne Omar Porras \/ Teatro Malandro \/ TKM &#8211; Th\u00e9\u00e2tre Kl\u00e9ber-M\u00e9leau \/ du 14 mars au 9 avril 2017 \/ Critiques par Margot Prod&rsquo;hom et Marek Chojecki. <\/p><\/div>\n\n\n<div style=\"height:1px\" aria-hidden=\"true\" class=\"wp-block-spacer\"><\/div>\n\n<\/li><li class=\"wp-block-post post-11116 post type-post status-publish format-standard has-post-thumbnail category-critique category-expired category-spectacle category-theatre-de-vidy tag-artemisia-romano tag-basile-seppey tag-celine-conus tag-ivan-garcia tag-jehanne-denogent tag-jeremy-berthoud tag-joanne-vaudroz tag-margot-prodhom tag-thomas-cordova\">\n<h6 class=\"liensouligne wp-block-post-title\"><a href=\"https:\/\/wp.unil.ch\/ateliercritique\/2017\/03\/reve-et-folie\/\" target=\"_self\" >R\u00eave et folie<\/a><\/h6>\n\n<div class=\"wp-block-post-excerpt\"><p class=\"wp-block-post-excerpt__excerpt\">De\u00a0Georg Trakl \/ Mise en sc\u00e8ne de Claude R\u00e9gy \/ Th\u00e9\u00e2tre de Vidy \/ du 28 f\u00e9vrier au 4 mars 2017 \/ Textes par J\u00e9r\u00e9my Berthoud, C\u00e9line Conus, Thomas Cordova, Jehanne Denogent, Ivan Garcia, Margot Prod\u2019hom, Artemisia Romano, Basile Seppey\u2026 <\/p><\/div>\n\n\n<div style=\"height:1px\" aria-hidden=\"true\" class=\"wp-block-spacer\"><\/div>\n\n<\/li><\/ul><\/div>\n","protected":false},"excerpt":{"rendered":"<p>Etudiante en master de Philosophie mais aussi passionn\u00e9e de th\u00e9\u00e2tre depuis toute petite, la sp\u00e9cialisation en dramaturgie et \u00e9tudes th\u00e9\u00e2trales s&rsquo;est pr\u00e9sent\u00e9e \u00e0 moi comme une \u00e9vidence. Ayant d\u00e9j\u00e0 beaucoup &hellip; <\/p>\n","protected":false},"author":784,"featured_media":0,"parent":2716,"menu_order":0,"comment_status":"closed","ping_status":"closed","template":"","meta":{"_seopress_robots_primary_cat":"","_seopress_titles_title":"","_seopress_titles_desc":"","_seopress_robots_index":"","footnotes":""},"class_list":["post-11102","page","type-page","status-publish"],"_links":{"self":[{"href":"https:\/\/wp.unil.ch\/ateliercritique\/wp-json\/wp\/v2\/pages\/11102","targetHints":{"allow":["GET"]}}],"collection":[{"href":"https:\/\/wp.unil.ch\/ateliercritique\/wp-json\/wp\/v2\/pages"}],"about":[{"href":"https:\/\/wp.unil.ch\/ateliercritique\/wp-json\/wp\/v2\/types\/page"}],"author":[{"embeddable":true,"href":"https:\/\/wp.unil.ch\/ateliercritique\/wp-json\/wp\/v2\/users\/784"}],"replies":[{"embeddable":true,"href":"https:\/\/wp.unil.ch\/ateliercritique\/wp-json\/wp\/v2\/comments?post=11102"}],"version-history":[{"count":1,"href":"https:\/\/wp.unil.ch\/ateliercritique\/wp-json\/wp\/v2\/pages\/11102\/revisions"}],"predecessor-version":[{"id":22337,"href":"https:\/\/wp.unil.ch\/ateliercritique\/wp-json\/wp\/v2\/pages\/11102\/revisions\/22337"}],"up":[{"embeddable":true,"href":"https:\/\/wp.unil.ch\/ateliercritique\/wp-json\/wp\/v2\/pages\/2716"}],"wp:attachment":[{"href":"https:\/\/wp.unil.ch\/ateliercritique\/wp-json\/wp\/v2\/media?parent=11102"}],"curies":[{"name":"wp","href":"https:\/\/api.w.org\/{rel}","templated":true}]}}