{"id":10544,"date":"2016-11-06T23:08:06","date_gmt":"2016-11-06T22:08:06","guid":{"rendered":"http:\/\/wp.unil.ch\/ateliercritique\/?page_id=10544"},"modified":"2026-02-13T10:33:12","modified_gmt":"2026-02-13T09:33:12","slug":"theatre-des-marionnettes-de-geneve","status":"publish","type":"page","link":"https:\/\/wp.unil.ch\/ateliercritique\/theatres-partenaires\/theatre-des-marionnettes-de-geneve\/","title":{"rendered":"Th\u00e9\u00e2tre des Marionnettes de Gen\u00e8ve"},"content":{"rendered":"\n<figure class=\"wp-block-image is-resized\"><img loading=\"lazy\" decoding=\"async\" width=\"252\" height=\"341\" src=\"https:\/\/wp.unil.ch\/ateliercritique\/files\/2026\/02\/marionnettes-logo.png\" alt=\"marionnettes logo\" class=\"wp-image-23421\" style=\"width:auto;height:220px\" srcset=\"https:\/\/wp.unil.ch\/ateliercritique\/files\/2026\/02\/marionnettes-logo.png 252w, https:\/\/wp.unil.ch\/ateliercritique\/files\/2026\/02\/marionnettes-logo-148x200.png 148w, https:\/\/wp.unil.ch\/ateliercritique\/files\/2026\/02\/marionnettes-logo-126x170.png 126w\" sizes=\"auto, (max-width: 252px) 100vw, 252px\" \/><\/figure>\n\n\n\n<div style=\"height:23px\" aria-hidden=\"true\" class=\"wp-block-spacer\"><\/div>\n\n\n\n<h4 class=\"wp-block-heading\">Critiques par spectacles jou\u00e9s dans ce th\u00e9\u00e2tre :<\/h4>\n\n\n\n<div class=\"wp-block-query is-layout-flow wp-block-query-is-layout-flow\"><ul class=\"wp-block-post-template is-layout-flow wp-block-post-template-is-layout-flow\"><li class=\"wp-block-post post-23039 post type-post status-publish format-standard has-post-thumbnail category-critique category-expired category-spectacle category-theatre-des-marionnettes tag-alexia-gay tag-maxime-grandjean\">\n<h6 class=\"liensouligne wp-block-post-title\"><a href=\"https:\/\/wp.unil.ch\/ateliercritique\/2025\/03\/pouvoir\/\" target=\"_self\" >Pouvoir<\/a><\/h6>\n\n<div class=\"wp-block-post-excerpt\"><p class=\"wp-block-post-excerpt__excerpt\">Conception et mise en sc\u00e8ne par Une Tribu Collectif \/ Th\u00e9\u00e2tre des Marionnettes (Gen\u00e8ve) \/ Du 21 au 30 mars 2025 \/ Critiques par Alexia Gay et Maxime Grandjean . <\/p><\/div>\n\n\n<div style=\"height:1px\" aria-hidden=\"true\" class=\"wp-block-spacer\"><\/div>\n\n<\/li><li class=\"wp-block-post post-17740 post type-post status-publish format-standard has-post-thumbnail category-critique category-expired category-spectacle category-theatre-des-marionnettes tag-marguerite-thery tag-mathilde-feraud\">\n<h6 class=\"liensouligne wp-block-post-title\"><a href=\"https:\/\/wp.unil.ch\/ateliercritique\/2024\/03\/tchaika\/\" target=\"_self\" >Tcha\u00efka<\/a><\/h6>\n\n<div class=\"wp-block-post-excerpt\"><p class=\"wp-block-post-excerpt__excerpt\">Librement inspir\u00e9 de\u00a0La Mouette d\u2019Anton Tchekhov\u00a0\/\u00a0mis en sc\u00e8ne par Natacha Belova et Tita Iacobelli \/ Th\u00e9\u00e2tre des marionnettes (Gen\u00e8ve)\/ du 19 au 24 mars 2024 \/ Critiques par Mathilde Feraud et Marguerite Thery. <\/p><\/div>\n\n\n<div style=\"height:1px\" aria-hidden=\"true\" class=\"wp-block-spacer\"><\/div>\n\n<\/li><li class=\"wp-block-post post-16678 post type-post status-publish format-standard has-post-thumbnail category-critique category-expired category-spectacle category-theatre-des-marionnettes tag-emma-chapatte tag-timon-musy\">\n<h6 class=\"liensouligne wp-block-post-title\"><a href=\"https:\/\/wp.unil.ch\/ateliercritique\/2023\/03\/les-9-coriaces\/\" target=\"_self\" >Les 9 Coriaces<\/a><\/h6>\n\n<div class=\"wp-block-post-excerpt\"><p class=\"wp-block-post-excerpt__excerpt\">D&rsquo;apr\u00e8s Patrick Dubost \/ Mis en sc\u00e8ne par Elise Merrien et Tchavdar Pentchev \/ Compagnie Elyo \/ Th\u00e9\u00e2tre des Marionnettes de Gen\u00e8ve \/ Du 22 au 26 mars 2023 \/ critiques par Emma Chapatte et Timon Musy . <\/p><\/div>\n\n\n<div style=\"height:1px\" aria-hidden=\"true\" class=\"wp-block-spacer\"><\/div>\n\n<\/li><li class=\"wp-block-post post-16434 post type-post status-publish format-standard has-post-thumbnail category-critique category-expired category-spectacle category-theatre-des-marionnettes tag-isabelle-fasnacht\">\n<h6 class=\"liensouligne wp-block-post-title\"><a href=\"https:\/\/wp.unil.ch\/ateliercritique\/2022\/10\/im-wald\/\" target=\"_self\" >Im Wald<\/a><\/h6>\n\n<div class=\"wp-block-post-excerpt\"><p class=\"wp-block-post-excerpt__excerpt\">Compagnie Chamar bell clochette : de et avec Chine Curchod et Roland Bucher \/ Th\u00e9\u00e2tre des Marionnettes de Gen\u00e8ve \/ du 29 septembre au 6 octobre 2022 \/ Critique par Isabelle Fasnacht . <\/p><\/div>\n\n\n<div style=\"height:1px\" aria-hidden=\"true\" class=\"wp-block-spacer\"><\/div>\n\n<\/li><li class=\"wp-block-post post-16267 post type-post status-publish format-standard has-post-thumbnail category-critique category-expired category-spectacle category-theatre-des-marionnettes tag-claire-cornaz tag-manon-lelievre\">\n<h6 class=\"liensouligne wp-block-post-title\"><a href=\"https:\/\/wp.unil.ch\/ateliercritique\/2022\/05\/le-paradis-des-chats\/\" target=\"_self\" >Le Paradis des chats<\/a><\/h6>\n\n<div class=\"wp-block-post-excerpt\"><p class=\"wp-block-post-excerpt__excerpt\">D&rsquo;apr\u00e8s Emile Zola \/ Adaptation et mise en sc\u00e8ne Delphine Barut \/ Th\u00e9\u00e2tre des marionnettes de Gen\u00e8ve \/ du 27 avril au 8 mai 2022 \/ Critiques par Manon Leli\u00e8vre et Claire Cornuz . <\/p><\/div>\n\n\n<div style=\"height:1px\" aria-hidden=\"true\" class=\"wp-block-spacer\"><\/div>\n\n<\/li><li class=\"wp-block-post post-14867 post type-post status-publish format-standard has-post-thumbnail category-critique category-expired category-spectacle category-theatre-des-marionnettes tag-katharine-simblet\">\n<h6 class=\"liensouligne wp-block-post-title\"><a href=\"https:\/\/wp.unil.ch\/ateliercritique\/2020\/12\/la-poupee-cassee\/\" target=\"_self\" >La Poup\u00e9e cass\u00e9e<\/a><\/h6>\n\n<div class=\"wp-block-post-excerpt\"><p class=\"wp-block-post-excerpt__excerpt\">Mise en sc\u00e8ne par Martine Corbat et Christian Scheidt \/ Th\u00e9\u00e2tre des Marionnettes Gen\u00e8ve \/ novembre \u2013 d\u00e9cembre 2020 \/ Critique par Katharine Simblet. <\/p><\/div>\n\n\n<div style=\"height:1px\" aria-hidden=\"true\" class=\"wp-block-spacer\"><\/div>\n\n<\/li><li class=\"wp-block-post post-14818 post type-post status-publish format-standard has-post-thumbnail category-critique category-expired category-spectacle category-theatre-des-marionnettes tag-alicia-carron tag-amilou-parsons tag-charlyne-genoud tag-cloe-bensai tag-darya-feral tag-katharine-simblet tag-sarah-neu tag-simon-henein tag-stella-wohlers tag-valentine-bovey\">\n<h6 class=\"liensouligne wp-block-post-title\"><a href=\"https:\/\/wp.unil.ch\/ateliercritique\/2020\/11\/le-malade-imaginaire\/\" target=\"_self\" >Le Malade Imaginaire<\/a><\/h6>\n\n<div class=\"wp-block-post-excerpt\"><p class=\"wp-block-post-excerpt__excerpt\">De Moli\u00e8re \/ Mise en sc\u00e8ne par Cyril Kaiser (compagnie Le Saule Rieur) \/ Th\u00e9\u00e2tre des marionnettes de Gen\u00e8ve \/ Spectacle programm\u00e9 en novembre 2020 annul\u00e9 apr\u00e8s une repr\u00e9sentation en raison des conditions sanitaires \/ Captation vid\u00e9o r\u00e9alis\u00e9e au Th\u00e9\u00e2tre\u2026 <\/p><\/div>\n\n\n<div style=\"height:1px\" aria-hidden=\"true\" class=\"wp-block-spacer\"><\/div>\n\n<\/li><li class=\"wp-block-post post-13018 post type-post status-publish format-standard has-post-thumbnail category-critique category-expired category-spectacle category-theatre-des-marionnettes tag-sacha-toupance tag-thibault-hugentobler\">\n<h6 class=\"liensouligne wp-block-post-title\"><a href=\"https:\/\/wp.unil.ch\/ateliercritique\/2018\/11\/meet-fred\/\" target=\"_self\" >Meet Fred<\/a><\/h6>\n\n<div class=\"wp-block-post-excerpt\"><p class=\"wp-block-post-excerpt__excerpt\">De et par Hijinx Theatre en collaboration avec Blind Summit \/ Mise en sc\u00e8ne de Ben Pettitt-Wade \/ Th\u00e9\u00e2tre des Marionnettes de Gen\u00e8ve \/ du 15 au 20 novembre 2018 \/ Critiques par Thubault Hugentobler et Sacha Toupance. <\/p><\/div>\n\n\n<div style=\"height:1px\" aria-hidden=\"true\" class=\"wp-block-spacer\"><\/div>\n\n<\/li><li class=\"wp-block-post post-11601 post type-post status-publish format-standard has-post-thumbnail category-critique category-expired category-spectacle category-theatre-des-marionnettes tag-jehanne-denogent\">\n<h6 class=\"liensouligne wp-block-post-title\"><a href=\"https:\/\/wp.unil.ch\/ateliercritique\/2017\/05\/ressacs\/\" target=\"_self\" >Ressacs<\/a><\/h6>\n\n<div class=\"wp-block-post-excerpt\"><p class=\"wp-block-post-excerpt__excerpt\">Cr\u00e9ation de la Cie Gare Centrale (BE) \/ Th\u00e9\u00e2tre des Marionnettes de Gen\u00e8ve \/ du 16 au 21 mai 2017 \/ Critique par Jehanne Denogent.\u00a0 <\/p><\/div>\n\n\n<div style=\"height:1px\" aria-hidden=\"true\" class=\"wp-block-spacer\"><\/div>\n\n<\/li><li class=\"wp-block-post post-10540 post type-post status-publish format-standard has-post-thumbnail category-critique category-expired category-spectacle category-theatre-des-marionnettes tag-jehanne-denogent tag-valmir-rexhepi\">\n<h6 class=\"liensouligne wp-block-post-title\"><a href=\"https:\/\/wp.unil.ch\/ateliercritique\/2016\/11\/landru\/\" target=\"_self\" >Landru<\/a><\/h6>\n\n<div class=\"wp-block-post-excerpt\"><p class=\"wp-block-post-excerpt__excerpt\">Mise en sc\u00e8ne de Yoann Pencol\u00e9 \u2013 Cie Zusvex \/ Th\u00e9\u00e2tre des Marionnettes de Gen\u00e8ve \/ du 4 au 13 novembre 2016 \/ Critiques par Jehanne Denogent et Valmir Rexhepi.\u00a0 <\/p><\/div>\n\n\n<div style=\"height:1px\" aria-hidden=\"true\" class=\"wp-block-spacer\"><\/div>\n\n<\/li><\/ul><\/div>\n","protected":false},"excerpt":{"rendered":"<p>Critiques par spectacles jou\u00e9s dans ce th\u00e9\u00e2tre :<\/p>\n","protected":false},"author":784,"featured_media":0,"parent":2713,"menu_order":0,"comment_status":"closed","ping_status":"closed","template":"","meta":{"_seopress_robots_primary_cat":"","_seopress_titles_title":"","_seopress_titles_desc":"","_seopress_robots_index":"","footnotes":""},"class_list":["post-10544","page","type-page","status-publish"],"_links":{"self":[{"href":"https:\/\/wp.unil.ch\/ateliercritique\/wp-json\/wp\/v2\/pages\/10544","targetHints":{"allow":["GET"]}}],"collection":[{"href":"https:\/\/wp.unil.ch\/ateliercritique\/wp-json\/wp\/v2\/pages"}],"about":[{"href":"https:\/\/wp.unil.ch\/ateliercritique\/wp-json\/wp\/v2\/types\/page"}],"author":[{"embeddable":true,"href":"https:\/\/wp.unil.ch\/ateliercritique\/wp-json\/wp\/v2\/users\/784"}],"replies":[{"embeddable":true,"href":"https:\/\/wp.unil.ch\/ateliercritique\/wp-json\/wp\/v2\/comments?post=10544"}],"version-history":[{"count":3,"href":"https:\/\/wp.unil.ch\/ateliercritique\/wp-json\/wp\/v2\/pages\/10544\/revisions"}],"predecessor-version":[{"id":23438,"href":"https:\/\/wp.unil.ch\/ateliercritique\/wp-json\/wp\/v2\/pages\/10544\/revisions\/23438"}],"up":[{"embeddable":true,"href":"https:\/\/wp.unil.ch\/ateliercritique\/wp-json\/wp\/v2\/pages\/2713"}],"wp:attachment":[{"href":"https:\/\/wp.unil.ch\/ateliercritique\/wp-json\/wp\/v2\/media?parent=10544"}],"curies":[{"name":"wp","href":"https:\/\/api.w.org\/{rel}","templated":true}]}}