{"id":10263,"date":"2016-10-18T00:52:13","date_gmt":"2016-10-17T22:52:13","guid":{"rendered":"http:\/\/wp.unil.ch\/ateliercritique\/?page_id=10263"},"modified":"2025-02-06T17:00:56","modified_gmt":"2025-02-06T16:00:56","slug":"alicia-cuche","status":"publish","type":"page","link":"https:\/\/wp.unil.ch\/ateliercritique\/lequipe\/alicia-cuche\/","title":{"rendered":"Alicia Cuche"},"content":{"rendered":"<div class=\"wp-block-image\">\n<figure class=\"alignright\"><img loading=\"lazy\" decoding=\"async\" width=\"96\" height=\"170\" src=\"https:\/\/wp.unil.ch\/ateliercritique\/files\/2016\/10\/20160704_110052-96x170.jpg\" alt=\"20160704_110052\" class=\"wp-image-10516\" srcset=\"https:\/\/wp.unil.ch\/ateliercritique\/files\/2016\/10\/20160704_110052-96x170.jpg 96w, https:\/\/wp.unil.ch\/ateliercritique\/files\/2016\/10\/20160704_110052-113x200.jpg 113w, https:\/\/wp.unil.ch\/ateliercritique\/files\/2016\/10\/20160704_110052.jpg 450w\" sizes=\"auto, (max-width: 96px) 100vw, 96px\" \/><\/figure>\n<\/div>\n\n\n<p>\u00c9tudiante en Histoire et en Litt\u00e9rature anglaise, je suis impliqu\u00e9e dans le monde du spectacle (danse, op\u00e9ra, th\u00e9\u00e2tre, folklore) de diff\u00e9rentes mani\u00e8res depuis des ann\u00e9es: en tant que participante, spectatrice, employ\u00e9e, guide, aide en coulisse, \u00e9tudiante universitaire. Cet int\u00e9r\u00eat pour le monde du spectacle en g\u00e9n\u00e9ral, et plus particuli\u00e8rement du th\u00e9\u00e2tre dans le cadre de mes \u00e9tudes, m&rsquo;a naturellement pouss\u00e9e \u00e0 suivre la sp\u00e9cialisation \u00ab\u00a0Dramaturgie et histoire du th\u00e9\u00e2tre\u00a0\u00bb durant mon cursus de Master. En parall\u00e8le, j&rsquo;ai \u00e9galement commenc\u00e9 \u00e0 travailler comme placeuse aux th\u00e9\u00e2tres Equilibre et Nuithonie de Fribourg. L&rsquo; Atelier de critique me permet d&rsquo;aborder le th\u00e9\u00e2tre sous un angle encore diff\u00e9rent, enrichissant un peu plus mon parcours d&rsquo;amatrice de la sc\u00e8ne.<\/p>\n\n\n\n<h4 class=\"wp-block-heading\">Les critiques de Alicia Cuche :<\/h4>\n\n\n\n<div class=\"wp-block-query is-layout-flow wp-block-query-is-layout-flow\"><ul class=\"wp-block-post-template is-layout-flow wp-block-post-template-is-layout-flow\"><li class=\"wp-block-post post-11288 post type-post status-publish format-standard has-post-thumbnail category-critique category-equilibre-nuithonie category-expired category-spectacle tag-alicia-cuche\">\n<h6 class=\"liensouligne wp-block-post-title\"><a href=\"https:\/\/wp.unil.ch\/ateliercritique\/2017\/03\/le-bal-des-voleurs\/\" target=\"_self\" >Le Bal des voleurs<\/a><\/h6>\n\n<div class=\"wp-block-post-excerpt\"><p class=\"wp-block-post-excerpt__excerpt\">De Jean Anouilh \/ Mise en sc\u00e8ne Robert Sandoz \/ Th\u00e9\u00e2tre Nuithonie \/ du 23 au 24 mars 2017 \/ Critique par Alicia Cuche. <\/p><\/div>\n\n\n<div style=\"height:1px\" aria-hidden=\"true\" class=\"wp-block-spacer\"><\/div>\n\n<\/li><li class=\"wp-block-post post-11224 post type-post status-publish format-standard has-post-thumbnail category-critique category-expired category-la-grange category-spectacle tag-alicia-cuche tag-celine-conus\">\n<h6 class=\"liensouligne wp-block-post-title\"><a href=\"https:\/\/wp.unil.ch\/ateliercritique\/2017\/03\/faust\/\" target=\"_self\" >Faust<\/a><\/h6>\n\n<div class=\"wp-block-post-excerpt\"><p class=\"wp-block-post-excerpt__excerpt\">De Johann Wolfgang von Goethe \/ Mise en sc\u00e8ne par Darius Peyamiras \/ La Grange de Dorigny \/ du 16 au 19 mars 2017 \/ Critiques par C\u00e9line Conus et Alicia Cuche. <\/p><\/div>\n\n\n<div style=\"height:1px\" aria-hidden=\"true\" class=\"wp-block-spacer\"><\/div>\n\n<\/li><li class=\"wp-block-post post-10991 post type-post status-publish format-standard has-post-thumbnail category-critique category-expired category-spectacle category-theatre-de-vidy tag-alicia-cuche tag-celine-conus\">\n<h6 class=\"liensouligne wp-block-post-title\"><a href=\"https:\/\/wp.unil.ch\/ateliercritique\/2017\/01\/mesure-pour-mesure\/\" target=\"_self\" >Mesure pour mesure<\/a><\/h6>\n\n<div class=\"wp-block-post-excerpt\"><p class=\"wp-block-post-excerpt__excerpt\">de William Shakespeare \/ mise en sc\u00e8ne Karim Bel Kacem \/ Th\u00e9\u00e2tre de Vidy \/ du 18 au 26 janvier 2017 \/ Critiques par Alicia Cuche et C\u00e9line Conus. <\/p><\/div>\n\n\n<div style=\"height:1px\" aria-hidden=\"true\" class=\"wp-block-spacer\"><\/div>\n\n<\/li><li class=\"wp-block-post post-10802 post type-post status-publish format-standard has-post-thumbnail category-critique category-expired category-theatre-des-osses category-spectacle tag-alicia-cuche tag-josefa-terribilini\">\n<h6 class=\"liensouligne wp-block-post-title\"><a href=\"https:\/\/wp.unil.ch\/ateliercritique\/2016\/12\/dada-ou-le-decrassage-des-idees-recues\/\" target=\"_self\" >Dada ou le d\u00e9crassage des id\u00e9es re\u00e7ues<\/a><\/h6>\n\n<div class=\"wp-block-post-excerpt\"><p class=\"wp-block-post-excerpt__excerpt\">Mise en sc\u00e8ne et montage de Genevi\u00e8ve Pasquier \/ Th\u00e9\u00e2tre des Osses \/ du 8 au 23 d\u00e9cembre + 31 d\u00e9cembre 2016 \/ Critiques par Josefa Terribilini et Alicia Cuche.\u00a0 <\/p><\/div>\n\n\n<div style=\"height:1px\" aria-hidden=\"true\" class=\"wp-block-spacer\"><\/div>\n\n<\/li><li class=\"wp-block-post post-10708 post type-post status-publish format-standard has-post-thumbnail category-critique category-expired category-spectacle category-theatre-de-vidy tag-alicia-cuche\">\n<h6 class=\"liensouligne wp-block-post-title\"><a href=\"https:\/\/wp.unil.ch\/ateliercritique\/2016\/11\/dom-juan\/\" target=\"_self\" >Dom Juan<\/a><\/h6>\n\n<div class=\"wp-block-post-excerpt\"><p class=\"wp-block-post-excerpt__excerpt\">De\u00a0Moli\u00e8re \/ mise en sc\u00e8ne de Jean-Fran\u00e7ois Sivadier \/ Th\u00e9\u00e2tre de Vidy \/ du 23 novembre au 3 d\u00e9cembre 2016 \/ Critique par Alicia Cuche. <\/p><\/div>\n\n\n<div style=\"height:1px\" aria-hidden=\"true\" class=\"wp-block-spacer\"><\/div>\n\n<\/li><li class=\"wp-block-post post-10610 post type-post status-publish format-standard has-post-thumbnail category-critique category-equilibre-nuithonie category-expired category-spectacle tag-alicia-cuche tag-celine-conus\">\n<h6 class=\"liensouligne wp-block-post-title\"><a href=\"https:\/\/wp.unil.ch\/ateliercritique\/2016\/11\/histoire-dun-merle-blanc\/\" target=\"_self\" >Histoire d&rsquo;un merle blanc<\/a><\/h6>\n\n<div class=\"wp-block-post-excerpt\"><p class=\"wp-block-post-excerpt__excerpt\">D&rsquo;Alfred de Musset \/ mise en sc\u00e8ne d\u2019Anne Bourgeois \/ Th\u00e9\u00e2tre Equilibre Nuithonie, Fribourg \/ du 16 au 19 novembre 2016 \/ Critiques par C\u00e9line Conus et Alicia Cuche. <\/p><\/div>\n\n\n<div style=\"height:1px\" aria-hidden=\"true\" class=\"wp-block-spacer\"><\/div>\n\n<\/li><li class=\"wp-block-post post-10334 post type-post status-publish format-standard has-post-thumbnail category-critique category-expired category-spectacle category-theatre-de-lusine-geneve tag-alicia-cuche\">\n<h6 class=\"liensouligne wp-block-post-title\"><a href=\"https:\/\/wp.unil.ch\/ateliercritique\/2016\/10\/nouveau-monde\/\" target=\"_self\" >Nouveau monde<\/a><\/h6>\n\n<div class=\"wp-block-post-excerpt\"><p class=\"wp-block-post-excerpt__excerpt\">de Cie Post Tenebras Lux \/ Dramaturgie : Claire Deutsch, Rapha\u00ebl Heyer \/ Th\u00e9\u00e2tre de l\u2019Usine, Gen\u00e8ve \/ du 13 au 19 octobre 2016 \/ Critique par Alicia Cuche.\u00a0 <\/p><\/div>\n\n\n<div style=\"height:1px\" aria-hidden=\"true\" class=\"wp-block-spacer\"><\/div>\n\n<\/li><\/ul><\/div>\n","protected":false},"excerpt":{"rendered":"<p>\u00c9tudiante en Histoire et en Litt\u00e9rature anglaise, je suis impliqu\u00e9e dans le monde du spectacle (danse, op\u00e9ra, th\u00e9\u00e2tre, folklore) de diff\u00e9rentes mani\u00e8res depuis des ann\u00e9es: en tant que participante, spectatrice, &hellip; <\/p>\n","protected":false},"author":784,"featured_media":0,"parent":2716,"menu_order":0,"comment_status":"closed","ping_status":"closed","template":"","meta":{"_seopress_robots_primary_cat":"","_seopress_titles_title":"","_seopress_titles_desc":"","_seopress_robots_index":"","footnotes":""},"class_list":["post-10263","page","type-page","status-publish"],"_links":{"self":[{"href":"https:\/\/wp.unil.ch\/ateliercritique\/wp-json\/wp\/v2\/pages\/10263","targetHints":{"allow":["GET"]}}],"collection":[{"href":"https:\/\/wp.unil.ch\/ateliercritique\/wp-json\/wp\/v2\/pages"}],"about":[{"href":"https:\/\/wp.unil.ch\/ateliercritique\/wp-json\/wp\/v2\/types\/page"}],"author":[{"embeddable":true,"href":"https:\/\/wp.unil.ch\/ateliercritique\/wp-json\/wp\/v2\/users\/784"}],"replies":[{"embeddable":true,"href":"https:\/\/wp.unil.ch\/ateliercritique\/wp-json\/wp\/v2\/comments?post=10263"}],"version-history":[{"count":3,"href":"https:\/\/wp.unil.ch\/ateliercritique\/wp-json\/wp\/v2\/pages\/10263\/revisions"}],"predecessor-version":[{"id":22268,"href":"https:\/\/wp.unil.ch\/ateliercritique\/wp-json\/wp\/v2\/pages\/10263\/revisions\/22268"}],"up":[{"embeddable":true,"href":"https:\/\/wp.unil.ch\/ateliercritique\/wp-json\/wp\/v2\/pages\/2716"}],"wp:attachment":[{"href":"https:\/\/wp.unil.ch\/ateliercritique\/wp-json\/wp\/v2\/media?parent=10263"}],"curies":[{"name":"wp","href":"https:\/\/api.w.org\/{rel}","templated":true}]}}