{"id":10258,"date":"2016-10-18T00:48:51","date_gmt":"2016-10-17T22:48:51","guid":{"rendered":"http:\/\/wp.unil.ch\/ateliercritique\/?page_id=10258"},"modified":"2025-02-07T09:42:22","modified_gmt":"2025-02-07T08:42:22","slug":"joanne-vaudroz","status":"publish","type":"page","link":"https:\/\/wp.unil.ch\/ateliercritique\/lequipe\/joanne-vaudroz\/","title":{"rendered":"Joanne Vaudroz"},"content":{"rendered":"<p>Rentr\u00e9e universitaire 2013 : essayant de sortir la t\u00eate de l\u2019eau non sans difficult\u00e9, je cherchais \u00e0 retrouver mes bons vieux compagnons de route Tartuffe et Alceste. Je d\u00e9couvris alors deux <em>Tartuffe<\/em> bien diff\u00e9rents, l\u2019un \u00e0 la Com\u00e9die Fran\u00e7aise, l\u2019autre au th\u00e9\u00e2tre de l\u2019Od\u00e9on : ce fut ma premi\u00e8re exp\u00e9rience de comparaison de mises en sc\u00e8ne, qui me donna envie de poursuivre \u2026 Rentr\u00e9e 2016 : mon Bachelor en fran\u00e7ais moderne et HSR \u00e0 l&rsquo;UNIL se termine et cependant, quelque chose me manque, une exp\u00e9rience personnelle concr\u00e8te.\u00a0 \u00ab\u00a0Atelier de critique th\u00e9\u00e2trale\u00a0\u00bb : cette fois-ci, je commencerai mon Master sans inqui\u00e9tude, en faisant ce que j\u2019aime profond\u00e9ment, aller au th\u00e9\u00e2tre et y r\u00e9fl\u00e9chir ensuite face \u00e0 ma page blanche\u2026<\/p>\n<h4>Les critiques de Joanne Vaudroz :<\/h4>\n\n\n<div class=\"wp-block-query is-layout-flow wp-block-query-is-layout-flow\"><ul class=\"wp-block-post-template is-layout-flow wp-block-post-template-is-layout-flow\"><li class=\"wp-block-post post-12380 post type-post status-publish format-standard has-post-thumbnail category-critique category-expired category-la-grange category-spectacle tag-aurelien-maignant tag-joanne-vaudroz\">\n<h6 class=\"liensouligne wp-block-post-title\"><a href=\"https:\/\/wp.unil.ch\/ateliercritique\/2018\/01\/la-ferme-des-animaux\/\" target=\"_self\" >La ferme des animaux<\/a><\/h6>\n\n<div class=\"wp-block-post-excerpt\"><p class=\"wp-block-post-excerpt__excerpt\">D\u2019apr\u00e8s\u00a0le roman de George Orwell \/ Adaptation et mise en sc\u00e8ne de Christian Denisart \/ Compagnie Les Voyages Extraordinaires \/ Th\u00e9\u00e2tre de la Grange de Dorigny \/ du 18 au 28 janvier \/ Critiques par Aur\u00e9lien Maignant et Joanne Vaudroz. <\/p><\/div>\n\n\n<div style=\"height:1px\" aria-hidden=\"true\" class=\"wp-block-spacer\"><\/div>\n\n<\/li><li class=\"wp-block-post post-11869 post type-post status-publish format-standard has-post-thumbnail category-critique category-expired category-spectacle category-theatre-les-halles tag-basile-seppey tag-joanne-vaudroz\">\n<h6 class=\"liensouligne wp-block-post-title\"><a href=\"https:\/\/wp.unil.ch\/ateliercritique\/2017\/10\/semelle-au-vent\/\" target=\"_self\" >Semelle au vent<\/a><\/h6>\n\n<div class=\"wp-block-post-excerpt\"><p class=\"wp-block-post-excerpt__excerpt\">Cie Jusqu\u2019\u00e0 m\u2019y fondre \/ Texte de Mali Van Valenberg \/ Mise en sc\u00e8ne d\u2019Olivier Werner \/ Th\u00e9\u00e2tre Les Halles \u00e0 Sierre \/ du 11 au 15 octobre 2017\/ Critiques par Basile Seppey et Joanne Vaudroz. <\/p><\/div>\n\n\n<div style=\"height:1px\" aria-hidden=\"true\" class=\"wp-block-spacer\"><\/div>\n\n<\/li><li class=\"wp-block-post post-11742 post type-post status-publish format-standard has-post-thumbnail category-critique category-expired category-spectacle category-theatre-de-vidy tag-joanne-vaudroz\">\n<h6 class=\"liensouligne wp-block-post-title\"><a href=\"https:\/\/wp.unil.ch\/ateliercritique\/2017\/06\/interview\/\" target=\"_self\" >Interview<\/a><\/h6>\n\n<div class=\"wp-block-post-excerpt\"><p class=\"wp-block-post-excerpt__excerpt\">de Nicolas Truong, Nicolas Bouchaud et Judith Henry \/ Th\u00e9\u00e2tre de Vidy \/ du 20 au 22 juin 2017 \/ Critique par Joanne Vaudroz. <\/p><\/div>\n\n\n<div style=\"height:1px\" aria-hidden=\"true\" class=\"wp-block-spacer\"><\/div>\n\n<\/li><li class=\"wp-block-post post-11323 post type-post status-publish format-standard has-post-thumbnail category-critique category-expired category-la-grange category-spectacle tag-joanne-vaudroz\">\n<h6 class=\"liensouligne wp-block-post-title\"><a href=\"https:\/\/wp.unil.ch\/ateliercritique\/2017\/04\/ombres-sur-moliere\/\" target=\"_self\" >Ombres sur Moli\u00e8re<\/a><\/h6>\n\n<div class=\"wp-block-post-excerpt\"><p class=\"wp-block-post-excerpt__excerpt\">Texte et mise en sc\u00e8ne Dominique Ziegler \/ La Compagnie Les Associ\u00e9s de l\u2019Ombre \/ Th\u00e9\u00e2tre La Grange de Dorigny \/ du 23 au 26 mars 2017 \/ Critique par Joanne Vaudroz. <\/p><\/div>\n\n\n<div style=\"height:1px\" aria-hidden=\"true\" class=\"wp-block-spacer\"><\/div>\n\n<\/li><li class=\"wp-block-post post-11116 post type-post status-publish format-standard has-post-thumbnail category-critique category-expired category-spectacle category-theatre-de-vidy tag-artemisia-romano tag-basile-seppey tag-celine-conus tag-ivan-garcia tag-jehanne-denogent tag-jeremy-berthoud tag-joanne-vaudroz tag-margot-prodhom tag-thomas-cordova\">\n<h6 class=\"liensouligne wp-block-post-title\"><a href=\"https:\/\/wp.unil.ch\/ateliercritique\/2017\/03\/reve-et-folie\/\" target=\"_self\" >R\u00eave et folie<\/a><\/h6>\n\n<div class=\"wp-block-post-excerpt\"><p class=\"wp-block-post-excerpt__excerpt\">De\u00a0Georg Trakl \/ Mise en sc\u00e8ne de Claude R\u00e9gy \/ Th\u00e9\u00e2tre de Vidy \/ du 28 f\u00e9vrier au 4 mars 2017 \/ Textes par J\u00e9r\u00e9my Berthoud, C\u00e9line Conus, Thomas Cordova, Jehanne Denogent, Ivan Garcia, Margot Prod\u2019hom, Artemisia Romano, Basile Seppey\u2026 <\/p><\/div>\n\n\n<div style=\"height:1px\" aria-hidden=\"true\" class=\"wp-block-spacer\"><\/div>\n\n<\/li><li class=\"wp-block-post post-10639 post type-post status-publish format-standard has-post-thumbnail category-critique category-expired category-spectacle category-theatre-les-halles tag-basile-seppey tag-joanne-vaudroz\">\n<h6 class=\"liensouligne wp-block-post-title\"><a href=\"https:\/\/wp.unil.ch\/ateliercritique\/2016\/11\/adishatz-adieu\/\" target=\"_self\" >Adishatz (Adieu)<\/a><\/h6>\n\n<div class=\"wp-block-post-excerpt\"><p class=\"wp-block-post-excerpt__excerpt\">Conception et interpr\u00e9tation de Jonathan Capdevielle\u00a0 \/ Th\u00e9\u00e2tre les Halles \u00e0 Sierre \/ du 17 au 18 novembre 2016 \/ Critiques par Basile Seppey et Joanne Vaudroz. <\/p><\/div>\n\n\n<div style=\"height:1px\" aria-hidden=\"true\" class=\"wp-block-spacer\"><\/div>\n\n<\/li><li class=\"wp-block-post post-10301 post type-post status-publish format-standard has-post-thumbnail category-critique category-expired category-spectacle category-theatre-de-vidy tag-basile-seppey tag-fanny-utiger tag-jeremy-berthoud tag-joanne-vaudroz\">\n<h6 class=\"liensouligne wp-block-post-title\"><a href=\"https:\/\/wp.unil.ch\/ateliercritique\/2016\/10\/empire\/\" target=\"_self\" >Empire<\/a><\/h6>\n\n<div class=\"wp-block-post-excerpt\"><p class=\"wp-block-post-excerpt__excerpt\">de Milo Rau \/ avec Ramo Ali, Akillas Karazissis, Rami Khalaf et Maia Morgenstern \/ Th\u00e9\u00e2tre de Vidy \/ du 5 au 8 octobre 2016 \/ Critiques par J\u00e9r\u00e9my Berthoud, Fanny Utiger, Basile Seppey et Joanne Vaudroz.\u00a0 <\/p><\/div>\n\n\n<div style=\"height:1px\" aria-hidden=\"true\" class=\"wp-block-spacer\"><\/div>\n\n<\/li><\/ul><\/div>\n","protected":false},"excerpt":{"rendered":"<p>Rentr\u00e9e universitaire 2013 : essayant de sortir la t\u00eate de l\u2019eau non sans difficult\u00e9, je cherchais \u00e0 retrouver mes bons vieux compagnons de route Tartuffe et Alceste. Je d\u00e9couvris alors &hellip; <\/p>\n","protected":false},"author":784,"featured_media":0,"parent":2716,"menu_order":0,"comment_status":"closed","ping_status":"closed","template":"","meta":{"_seopress_robots_primary_cat":"","_seopress_titles_title":"","_seopress_titles_desc":"","_seopress_robots_index":"","footnotes":""},"class_list":["post-10258","page","type-page","status-publish"],"_links":{"self":[{"href":"https:\/\/wp.unil.ch\/ateliercritique\/wp-json\/wp\/v2\/pages\/10258","targetHints":{"allow":["GET"]}}],"collection":[{"href":"https:\/\/wp.unil.ch\/ateliercritique\/wp-json\/wp\/v2\/pages"}],"about":[{"href":"https:\/\/wp.unil.ch\/ateliercritique\/wp-json\/wp\/v2\/types\/page"}],"author":[{"embeddable":true,"href":"https:\/\/wp.unil.ch\/ateliercritique\/wp-json\/wp\/v2\/users\/784"}],"replies":[{"embeddable":true,"href":"https:\/\/wp.unil.ch\/ateliercritique\/wp-json\/wp\/v2\/comments?post=10258"}],"version-history":[{"count":1,"href":"https:\/\/wp.unil.ch\/ateliercritique\/wp-json\/wp\/v2\/pages\/10258\/revisions"}],"predecessor-version":[{"id":22363,"href":"https:\/\/wp.unil.ch\/ateliercritique\/wp-json\/wp\/v2\/pages\/10258\/revisions\/22363"}],"up":[{"embeddable":true,"href":"https:\/\/wp.unil.ch\/ateliercritique\/wp-json\/wp\/v2\/pages\/2716"}],"wp:attachment":[{"href":"https:\/\/wp.unil.ch\/ateliercritique\/wp-json\/wp\/v2\/media?parent=10258"}],"curies":[{"name":"wp","href":"https:\/\/api.w.org\/{rel}","templated":true}]}}