{"id":10250,"date":"2016-10-18T00:34:01","date_gmt":"2016-10-17T22:34:01","guid":{"rendered":"http:\/\/wp.unil.ch\/ateliercritique\/?page_id=10250"},"modified":"2025-02-06T16:39:59","modified_gmt":"2025-02-06T15:39:59","slug":"jeremy-berthoud","status":"publish","type":"page","link":"https:\/\/wp.unil.ch\/ateliercritique\/lequipe\/jeremy-berthoud\/","title":{"rendered":"J\u00e9r\u00e9my Berthoud"},"content":{"rendered":"<p>Depuis l\u2019\u00e9cole obligatoire, je suis fascin\u00e9 par les planches. J\u2019ai par la suite li\u00e9 cette passion avec celle de l\u2019improvisation th\u00e9\u00e2trale et de l\u2019\u00e9criture. Aujourd\u2019hui \u00e9tudiant en fran\u00e7ais moderne et en grec ancien, j\u2019ai continu\u00e9 mes tribulations artistiques en m\u2019inscrivant dans la troupe du Dossier K \u00e0 l\u2019EPFL et en r\u00e9digeant des articles sur le th\u00e9\u00e2tre et d\u2019autres joyeuset\u00e9s pour <em>L\u2019auditoire<\/em>. L\u2019Atelier critique se pr\u00e9sente donc comme une nouvelle \u00e9tape que j\u2019ai h\u00e2te d\u2019explorer davantage.<\/p>\n<h4>Les critiques de J\u00e9r\u00e9my Berthoud :<\/h4>\n\n\n<div class=\"wp-block-query is-layout-flow wp-block-query-is-layout-flow\"><ul class=\"wp-block-post-template is-layout-flow wp-block-post-template-is-layout-flow\"><li class=\"wp-block-post post-11395 post type-post status-publish format-standard has-post-thumbnail category-critique category-expired category-theatre-de-larsenic category-spectacle tag-jeremy-berthoud tag-margot-prodhom\">\n<h6 class=\"liensouligne wp-block-post-title\"><a href=\"https:\/\/wp.unil.ch\/ateliercritique\/2017\/04\/mourir-dormir-rever-peut-etre\/\" target=\"_self\" >Mourir, dormir, r\u00eaver peut-\u00eatre<\/a><\/h6>\n\n<div class=\"wp-block-post-excerpt\"><p class=\"wp-block-post-excerpt__excerpt\">De Denis Maillefer et le Th\u00e9\u00e2tre en flammes (CH) \/ Arsenic \/ du 25 avril au 2 mai 2017 \/ Critiques par Margot Prod&rsquo;hom et J\u00e9r\u00e9my Berthoud. <\/p><\/div>\n\n\n<div style=\"height:1px\" aria-hidden=\"true\" class=\"wp-block-spacer\"><\/div>\n\n<\/li><li class=\"wp-block-post post-11193 post type-post status-publish format-standard has-post-thumbnail category-critique category-expired category-le-petit-theatre category-spectacle tag-jeremy-berthoud tag-josefa-terribilini\">\n<h6 class=\"liensouligne wp-block-post-title\"><a href=\"https:\/\/wp.unil.ch\/ateliercritique\/2017\/03\/goupil\/\" target=\"_self\" >Goupil<\/a><\/h6>\n\n<div class=\"wp-block-post-excerpt\"><p class=\"wp-block-post-excerpt__excerpt\">Par Les Compagnons de Pierre M\u00e9nard \/ Mise en sc\u00e8ne de Nicolas Fagart \/ le Petit Th\u00e9\u00e2tre \/ du 8 au 11 mars 2017 \/ Critiques Josefa Terribilini et J\u00e9r\u00e9my Berthoud. <\/p><\/div>\n\n\n<div style=\"height:1px\" aria-hidden=\"true\" class=\"wp-block-spacer\"><\/div>\n\n<\/li><li class=\"wp-block-post post-11139 post type-post status-publish format-standard has-post-thumbnail category-critique category-expired category-spectacle category-theatre-2-21-lausanne tag-ivan-garcia tag-jeremy-berthoud\">\n<h6 class=\"liensouligne wp-block-post-title\"><a href=\"https:\/\/wp.unil.ch\/ateliercritique\/2017\/03\/dautres\/\" target=\"_self\" >D\u2019autres<\/a><\/h6>\n\n<div class=\"wp-block-post-excerpt\"><p class=\"wp-block-post-excerpt__excerpt\">De Tiphanie Bovay-Klameth et Alexis Rime \/ Mise en sc\u00e8ne par Tiphanie Bovay-Klameth et Alain Borek \/ Compagnie TBK \/ Th\u00e9\u00e2tre 2.21 \/ du 28 f\u00e9vrier au 12 mars 2017 \/ Critiques par J\u00e9r\u00e9my Berthoud et Ivan Garcia. <\/p><\/div>\n\n\n<div style=\"height:1px\" aria-hidden=\"true\" class=\"wp-block-spacer\"><\/div>\n\n<\/li><li class=\"wp-block-post post-11116 post type-post status-publish format-standard has-post-thumbnail category-critique category-expired category-spectacle category-theatre-de-vidy tag-artemisia-romano tag-basile-seppey tag-celine-conus tag-ivan-garcia tag-jehanne-denogent tag-jeremy-berthoud tag-joanne-vaudroz tag-margot-prodhom tag-thomas-cordova\">\n<h6 class=\"liensouligne wp-block-post-title\"><a href=\"https:\/\/wp.unil.ch\/ateliercritique\/2017\/03\/reve-et-folie\/\" target=\"_self\" >R\u00eave et folie<\/a><\/h6>\n\n<div class=\"wp-block-post-excerpt\"><p class=\"wp-block-post-excerpt__excerpt\">De\u00a0Georg Trakl \/ Mise en sc\u00e8ne de Claude R\u00e9gy \/ Th\u00e9\u00e2tre de Vidy \/ du 28 f\u00e9vrier au 4 mars 2017 \/ Textes par J\u00e9r\u00e9my Berthoud, C\u00e9line Conus, Thomas Cordova, Jehanne Denogent, Ivan Garcia, Margot Prod\u2019hom, Artemisia Romano, Basile Seppey\u2026 <\/p><\/div>\n\n\n<div style=\"height:1px\" aria-hidden=\"true\" class=\"wp-block-spacer\"><\/div>\n\n<\/li><li class=\"wp-block-post post-11041 post type-post status-publish format-standard has-post-thumbnail category-critique category-expired category-la-grange category-spectacle tag-fanny-utiger tag-jeremy-berthoud\">\n<h6 class=\"liensouligne wp-block-post-title\"><a href=\"https:\/\/wp.unil.ch\/ateliercritique\/2017\/02\/genesis\/\" target=\"_self\" >Genesis<\/a><\/h6>\n\n<div class=\"wp-block-post-excerpt\"><p class=\"wp-block-post-excerpt__excerpt\">de et par Jean-Michel Potiron \/ Compagnie th\u00e9\u00e2tre \u00e0 tout prix \/ La Grange de Dorigny \/ du 2 au 4 f\u00e9vrier 2017 \/ Critiques par J\u00e9r\u00e9my Berthoud et Fanny Utiger. <\/p><\/div>\n\n\n<div style=\"height:1px\" aria-hidden=\"true\" class=\"wp-block-spacer\"><\/div>\n\n<\/li><li class=\"wp-block-post post-10723 post type-post status-publish format-standard has-post-thumbnail category-critique category-expired category-theatre-de-larsenic category-spectacle tag-jeremy-berthoud tag-nadia-hachemi\">\n<h6 class=\"liensouligne wp-block-post-title\"><a href=\"https:\/\/wp.unil.ch\/ateliercritique\/2016\/11\/holes-hills\/\" target=\"_self\" >Holes &amp; Hills<\/a><\/h6>\n\n<div class=\"wp-block-post-excerpt\"><p class=\"wp-block-post-excerpt__excerpt\">De et par Julia Perazzini \/ Arsenic \/ du 26 au 30 novembre \/ Critiques par Nadia Hachemi et J\u00e9r\u00e9my Berthoud. <\/p><\/div>\n\n\n<div style=\"height:1px\" aria-hidden=\"true\" class=\"wp-block-spacer\"><\/div>\n\n<\/li><li class=\"wp-block-post post-10485 post type-post status-publish format-standard has-post-thumbnail category-critique category-expired category-le-petit-theatre category-spectacle tag-jeremy-berthoud tag-kendra-simons\">\n<h6 class=\"liensouligne wp-block-post-title\"><a href=\"https:\/\/wp.unil.ch\/ateliercritique\/2016\/11\/19852045\/\" target=\"_self\" >1985\u20262045<\/a><\/h6>\n\n<div class=\"wp-block-post-excerpt\"><p class=\"wp-block-post-excerpt__excerpt\">De Katy Hernan et Barbara Schlitter \/ par la Compagnie Kajibi Express \/ du 2 au 20 novembre 2016 \/ au Petit Th\u00e9\u00e2tre \/ Critiques par J\u00e9r\u00e9my Berthoud et Kendra Simons. <\/p><\/div>\n\n\n<div style=\"height:1px\" aria-hidden=\"true\" class=\"wp-block-spacer\"><\/div>\n\n<\/li><li class=\"wp-block-post post-10363 post type-post status-publish format-standard has-post-thumbnail category-creation-libre category-critique category-expired category-spectacle tag-alice-moraz tag-ivan-garcia tag-jeremy-berthoud tag-valmir-rexhepi\">\n<h6 class=\"liensouligne wp-block-post-title\"><a href=\"https:\/\/wp.unil.ch\/ateliercritique\/2016\/10\/fete-du-theatre\/\" target=\"_self\" >F\u00eate du Th\u00e9\u00e2tre<\/a><\/h6>\n\n<div class=\"wp-block-post-excerpt\"><p class=\"wp-block-post-excerpt__excerpt\">Gen\u00e8ve \/ du 11 au 16\u00a0octobre 2016 \/ Critiques par J\u00e9r\u00e9my Berthoud, Alice Moraz, Ivan Garcia et Valmir Rexhepi. <\/p><\/div>\n\n\n<div style=\"height:1px\" aria-hidden=\"true\" class=\"wp-block-spacer\"><\/div>\n\n<\/li><li class=\"wp-block-post post-10301 post type-post status-publish format-standard has-post-thumbnail category-critique category-expired category-spectacle category-theatre-de-vidy tag-basile-seppey tag-fanny-utiger tag-jeremy-berthoud tag-joanne-vaudroz\">\n<h6 class=\"liensouligne wp-block-post-title\"><a href=\"https:\/\/wp.unil.ch\/ateliercritique\/2016\/10\/empire\/\" target=\"_self\" >Empire<\/a><\/h6>\n\n<div class=\"wp-block-post-excerpt\"><p class=\"wp-block-post-excerpt__excerpt\">de Milo Rau \/ avec Ramo Ali, Akillas Karazissis, Rami Khalaf et Maia Morgenstern \/ Th\u00e9\u00e2tre de Vidy \/ du 5 au 8 octobre 2016 \/ Critiques par J\u00e9r\u00e9my Berthoud, Fanny Utiger, Basile Seppey et Joanne Vaudroz.\u00a0 <\/p><\/div>\n\n\n<div style=\"height:1px\" aria-hidden=\"true\" class=\"wp-block-spacer\"><\/div>\n\n<\/li><\/ul><\/div>\n","protected":false},"excerpt":{"rendered":"<p>Depuis l\u2019\u00e9cole obligatoire, je suis fascin\u00e9 par les planches. J\u2019ai par la suite li\u00e9 cette passion avec celle de l\u2019improvisation th\u00e9\u00e2trale et de l\u2019\u00e9criture. Aujourd\u2019hui \u00e9tudiant en fran\u00e7ais moderne et &hellip; <\/p>\n","protected":false},"author":784,"featured_media":0,"parent":2716,"menu_order":0,"comment_status":"closed","ping_status":"closed","template":"","meta":{"_seopress_robots_primary_cat":"","_seopress_titles_title":"","_seopress_titles_desc":"","_seopress_robots_index":"","footnotes":""},"class_list":["post-10250","page","type-page","status-publish"],"_links":{"self":[{"href":"https:\/\/wp.unil.ch\/ateliercritique\/wp-json\/wp\/v2\/pages\/10250","targetHints":{"allow":["GET"]}}],"collection":[{"href":"https:\/\/wp.unil.ch\/ateliercritique\/wp-json\/wp\/v2\/pages"}],"about":[{"href":"https:\/\/wp.unil.ch\/ateliercritique\/wp-json\/wp\/v2\/types\/page"}],"author":[{"embeddable":true,"href":"https:\/\/wp.unil.ch\/ateliercritique\/wp-json\/wp\/v2\/users\/784"}],"replies":[{"embeddable":true,"href":"https:\/\/wp.unil.ch\/ateliercritique\/wp-json\/wp\/v2\/comments?post=10250"}],"version-history":[{"count":1,"href":"https:\/\/wp.unil.ch\/ateliercritique\/wp-json\/wp\/v2\/pages\/10250\/revisions"}],"predecessor-version":[{"id":22240,"href":"https:\/\/wp.unil.ch\/ateliercritique\/wp-json\/wp\/v2\/pages\/10250\/revisions\/22240"}],"up":[{"embeddable":true,"href":"https:\/\/wp.unil.ch\/ateliercritique\/wp-json\/wp\/v2\/pages\/2716"}],"wp:attachment":[{"href":"https:\/\/wp.unil.ch\/ateliercritique\/wp-json\/wp\/v2\/media?parent=10250"}],"curies":[{"name":"wp","href":"https:\/\/api.w.org\/{rel}","templated":true}]}}