{"id":887,"date":"2025-10-03T13:26:34","date_gmt":"2025-10-03T11:26:34","guid":{"rendered":"https:\/\/wp.unil.ch\/ateliercomparatiste\/?page_id=887"},"modified":"2026-02-18T18:16:51","modified_gmt":"2026-02-18T17:16:51","slug":"seminaire-intermedialite","status":"publish","type":"page","link":"https:\/\/wp.unil.ch\/ateliercomparatiste\/seminaire-intermedialite\/","title":{"rendered":"S\u00e9minaire Interm\u00e9dialit\u00e9"},"content":{"rendered":"\n<p>Cette rubrique publie les r\u00e9alisations des \u00e9tudiant-es en recherche-cr\u00e9ation dans le cadre du s\u00e9minaire de master <a href=\"https:\/\/applicationspub.unil.ch\/interpub\/noauth\/php\/Ud\/ficheCours.php?v_enstyid=99689&amp;v_langue=fr\" target=\"_blank\" rel=\"noreferrer noopener\">Interm\u00e9dialit\u00e9 et intersensorialit\u00e9&nbsp;: la relation entre les arts, les sens et les concepts<\/a>\u00a0(Prof.&nbsp;Marie Kondrat) depuis le printemps&nbsp;2025. Organis\u00e9 au cours du semestre de printemps ce s\u00e9minaire propose une introduction \u00e0 l\u2019interm\u00e9dialit\u00e9 au prisme des sens et des concepts inters\u00e9miotiques&nbsp;: regard, toucher, couleurs par exemple. Les \u00e9tudiant\u00b7es sont invit\u00e9\u00b7es \u00e0 valider le cours en proposant un projet de recherche-cr\u00e9ation qui accompagnerait leurs recherches personnelles ou en parall\u00e8le de leur m\u00e9moire. Les r\u00e9alisations sont vari\u00e9es et plurim\u00e9diales en suivant la perspective du cours&nbsp;: \u00e9criture, photographie, r\u00e9alisation plastique, cr\u00e9ations sonores. Elles s\u2019appuient sur les pratiques personnelles des \u00e9tudiant\u00b7es au regard du contenu th\u00e9orique propos\u00e9 au cours des s\u00e9ances.<\/p>\n\n\n<ul class=\"wp-block-latest-posts__list has-dates has-author wp-block-latest-posts\"><li><div class=\"wp-block-latest-posts__featured-image\"><img loading=\"lazy\" decoding=\"async\" width=\"150\" height=\"150\" src=\"https:\/\/wp.unil.ch\/ateliercomparatiste\/files\/2025\/12\/face-des-powerpoint-mioniature-150x150.png\" class=\"attachment-thumbnail size-thumbnail wp-post-image\" alt=\"Panneau o\u00f9 l&#039;on voit les d\u00e9s. Les premiers sont le glacier, l&#039;igloo des invit\u00e9s, la cantine, l&#039;atelier d&#039;art, la tour de contr\u00f4le, le laboratoire d&#039;analyse de glace. Ensuite ennui, s\u00e9r\u00e9nit\u00e9, anxi\u00e9t\u00e9, surprise, suspicion, joie\" style=\"\" \/><\/div><a class=\"wp-block-latest-posts__post-title\" href=\"https:\/\/wp.unil.ch\/ateliercomparatiste\/shapeplayer-installer-le-toucher-au-coeur-de-la-narration\/\"><em>Shapeplayer<\/em>&nbsp;: installer le toucher au c\u0153ur de la narration<\/a><div class=\"wp-block-latest-posts__post-author\">par Maxime Fanti<\/div><time datetime=\"2026-01-22T15:04:01+01:00\" class=\"wp-block-latest-posts__post-date\">22 janvier 2026<\/time><div class=\"wp-block-latest-posts__post-excerpt\">Le projet Shapeplayer est un jeu de soci\u00e9t\u00e9 coop\u00e9ratif bas\u00e9 sur le sens du toucher, ainsi que sur la cr\u00e9ation d&rsquo;histoire dans une di\u00e9g\u00e8se d\u00e9limit\u00e9e. <\/div><\/li>\n<\/ul>","protected":false},"excerpt":{"rendered":"<p>Cette rubrique publie les r\u00e9alisations des \u00e9tudiant-es en recherche-cr\u00e9ation dans le cadre du s\u00e9minaire de master Interm\u00e9dialit\u00e9 et intersensorialit\u00e9&nbsp;: la relation entre les arts, les sens et les concepts\u00a0(Prof.&nbsp;Marie Kondrat) depuis le printemps&nbsp;2025. Organis\u00e9 au cours du semestre de printemps ce s\u00e9minaire propose une introduction \u00e0 l\u2019interm\u00e9dialit\u00e9 au prisme des sens et des concepts inters\u00e9miotiques&nbsp;: [&hellip;]<\/p>\n","protected":false},"author":1002274,"featured_media":0,"parent":0,"menu_order":0,"comment_status":"closed","ping_status":"closed","template":"","meta":{"_seopress_robots_primary_cat":"","_seopress_titles_title":"","_seopress_titles_desc":"","_seopress_robots_index":"","footnotes":""},"class_list":["post-887","page","type-page","status-publish"],"_links":{"self":[{"href":"https:\/\/wp.unil.ch\/ateliercomparatiste\/wp-json\/wp\/v2\/pages\/887","targetHints":{"allow":["GET"]}}],"collection":[{"href":"https:\/\/wp.unil.ch\/ateliercomparatiste\/wp-json\/wp\/v2\/pages"}],"about":[{"href":"https:\/\/wp.unil.ch\/ateliercomparatiste\/wp-json\/wp\/v2\/types\/page"}],"author":[{"embeddable":true,"href":"https:\/\/wp.unil.ch\/ateliercomparatiste\/wp-json\/wp\/v2\/users\/1002274"}],"replies":[{"embeddable":true,"href":"https:\/\/wp.unil.ch\/ateliercomparatiste\/wp-json\/wp\/v2\/comments?post=887"}],"version-history":[{"count":4,"href":"https:\/\/wp.unil.ch\/ateliercomparatiste\/wp-json\/wp\/v2\/pages\/887\/revisions"}],"predecessor-version":[{"id":1054,"href":"https:\/\/wp.unil.ch\/ateliercomparatiste\/wp-json\/wp\/v2\/pages\/887\/revisions\/1054"}],"wp:attachment":[{"href":"https:\/\/wp.unil.ch\/ateliercomparatiste\/wp-json\/wp\/v2\/media?parent=887"}],"curies":[{"name":"wp","href":"https:\/\/api.w.org\/{rel}","templated":true}]}}