{"id":6,"date":"2019-11-28T16:00:19","date_gmt":"2019-11-28T15:00:19","guid":{"rendered":"http:\/\/wp.unil.ch\/modele\/?page_id=6"},"modified":"2026-04-06T14:31:30","modified_gmt":"2026-04-06T12:31:30","slug":"home","status":"publish","type":"page","link":"https:\/\/wp.unil.ch\/ateliercomparatiste\/","title":{"rendered":"L&rsquo;Atelier comparatiste"},"content":{"rendered":"\n<p>Les \u00e9tudiant\u00b7e\u00b7x\u00b7s de l&rsquo;Atelier comparatiste de l&rsquo;Universit\u00e9 de Lausanne (UNIL) r\u00e9fl\u00e9chissent aux pratiques de la litt\u00e9rature g\u00e9n\u00e9rale et compar\u00e9e, tout en effectuant une premi\u00e8re r\u00e9alisation professionnelle, cr\u00e9ative ou de recherche dans le domaine.<\/p>\n\n\n<nav class=\"has-text-color has-accent-color has-background has-subtle-background-background-color has-small-font-size is-responsive items-justified-left no-wrap wp-block-navigation is-horizontal is-content-justification-left is-nowrap is-layout-flex wp-container-core-navigation-is-layout-8e8a235c wp-block-navigation-is-layout-flex\" aria-label=\"top\" \n\t\t data-wp-interactive=\"core\/navigation\" data-wp-context='{\"overlayOpenedBy\":{\"click\":false,\"hover\":false,\"focus\":false},\"type\":\"overlay\",\"roleAttribute\":\"\",\"ariaLabel\":\"Menu\"}'><button aria-haspopup=\"dialog\" aria-label=\"Ouvrir le menu\" class=\"wp-block-navigation__responsive-container-open\" \n\t\t\t\tdata-wp-on--click=\"actions.openMenuOnClick\"\n\t\t\t\tdata-wp-on--keydown=\"actions.handleMenuKeydown\"\n\t\t\t><svg width=\"24\" height=\"24\" xmlns=\"http:\/\/www.w3.org\/2000\/svg\" viewBox=\"0 0 24 24\"><path d=\"M5 5v1.5h14V5H5z\"><\/path><path d=\"M5 12.8h14v-1.5H5v1.5z\"><\/path><path d=\"M5 19h14v-1.5H5V19z\"><\/path><\/svg><\/button>\n\t\t\t\t<div class=\"wp-block-navigation__responsive-container\"  id=\"modal-1\" \n\t\t\t\tdata-wp-class--has-modal-open=\"state.isMenuOpen\"\n\t\t\t\tdata-wp-class--is-menu-open=\"state.isMenuOpen\"\n\t\t\t\tdata-wp-watch=\"callbacks.initMenu\"\n\t\t\t\tdata-wp-on--keydown=\"actions.handleMenuKeydown\"\n\t\t\t\tdata-wp-on--focusout=\"actions.handleMenuFocusout\"\n\t\t\t\ttabindex=\"-1\"\n\t\t\t>\n\t\t\t\t\t<div class=\"wp-block-navigation__responsive-close\" tabindex=\"-1\">\n\t\t\t\t\t\t<div class=\"wp-block-navigation__responsive-dialog\" \n\t\t\t\tdata-wp-bind--aria-modal=\"state.ariaModal\"\n\t\t\t\tdata-wp-bind--aria-label=\"state.ariaLabel\"\n\t\t\t\tdata-wp-bind--role=\"state.roleAttribute\"\n\t\t\t>\n\t\t\t\t\t\t\t<button aria-label=\"Fermer le menu\" class=\"wp-block-navigation__responsive-container-close\" \n\t\t\t\tdata-wp-on--click=\"actions.closeMenuOnClick\"\n\t\t\t><svg xmlns=\"http:\/\/www.w3.org\/2000\/svg\" viewBox=\"0 0 24 24\" width=\"24\" height=\"24\" aria-hidden=\"true\" focusable=\"false\"><path d=\"m13.06 12 6.47-6.47-1.06-1.06L12 10.94 5.53 4.47 4.47 5.53 10.94 12l-6.47 6.47 1.06 1.06L12 13.06l6.47 6.47 1.06-1.06L13.06 12Z\"><\/path><\/svg><\/button>\n\t\t\t\t\t\t\t<div class=\"wp-block-navigation__responsive-container-content\" \n\t\t\t\tdata-wp-watch=\"callbacks.focusFirstElement\"\n\t\t\t id=\"modal-1-content\">\n\t\t\t\t\t\t\t\t<ul class=\"wp-block-navigation__container has-text-color has-accent-color has-background has-subtle-background-background-color has-small-font-size is-responsive items-justified-left no-wrap wp-block-navigation has-small-font-size\"><li class=\"has-small-font-size wp-block-navigation-item  menu-item menu-item-type-post_type menu-item-object-page wp-block-navigation-link\"><a class=\"wp-block-navigation-item__content\"  href=\"https:\/\/wp.unil.ch\/ateliercomparatiste\/home\/analyses\/\" title=\"\"><span class=\"wp-block-navigation-item__label\">Analyses &amp; r\u00e9flexions<\/span><\/a><\/li><li class=\"has-small-font-size wp-block-navigation-item  menu-item menu-item-type-post_type menu-item-object-page wp-block-navigation-link\"><a class=\"wp-block-navigation-item__content\"  href=\"https:\/\/wp.unil.ch\/ateliercomparatiste\/home\/enquetes\/\" title=\"\"><span class=\"wp-block-navigation-item__label\">Enqu\u00eates &amp; entretiens<\/span><\/a><\/li><li class=\"has-small-font-size wp-block-navigation-item  menu-item menu-item-type-post_type menu-item-object-page wp-block-navigation-link\"><a class=\"wp-block-navigation-item__content\"  href=\"https:\/\/wp.unil.ch\/ateliercomparatiste\/home\/creations\/\" title=\"\"><span class=\"wp-block-navigation-item__label\">Cr\u00e9ations litt\u00e9raires<\/span><\/a><\/li><li class=\"has-small-font-size wp-block-navigation-item  menu-item menu-item-type-post_type menu-item-object-page wp-block-navigation-link\"><a class=\"wp-block-navigation-item__content\"  href=\"https:\/\/wp.unil.ch\/ateliercomparatiste\/home\/critiques-litteraires\/\" title=\"\"><span class=\"wp-block-navigation-item__label\">Critiques litt\u00e9raires<\/span><\/a><\/li><\/ul>\n\t\t\t\t\t\t\t<\/div>\n\t\t\t\t\t\t<\/div>\n\t\t\t\t\t<\/div>\n\t\t\t\t<\/div><\/nav>\n\n\n<h3 class=\"wp-block-heading\">Analyses<\/h3>\n\n\n<ul class=\"wp-block-latest-posts__list is-grid columns-3 has-dates has-author wp-block-latest-posts has-small-font-size\"><li><div class=\"wp-block-latest-posts__featured-image\"><img loading=\"lazy\" decoding=\"async\" width=\"380\" height=\"518\" src=\"https:\/\/wp.unil.ch\/ateliercomparatiste\/files\/2026\/01\/960px-paul_klee_swiss_-_fish_magic_-_google_art_project-1-e1769093026390.jpeg\" class=\"attachment-large size-large wp-post-image\" alt=\"D\u00e9tail du tableau de Klee : sombre, avec des poissons de multiples couleurs, des formes g\u00e9om\u00e9triques, une horloge.\" style=\"max-width:180px;max-height:256px;\" srcset=\"https:\/\/wp.unil.ch\/ateliercomparatiste\/files\/2026\/01\/960px-paul_klee_swiss_-_fish_magic_-_google_art_project-1-e1769093026390.jpeg 380w, https:\/\/wp.unil.ch\/ateliercomparatiste\/files\/2026\/01\/960px-paul_klee_swiss_-_fish_magic_-_google_art_project-1-e1769093026390-220x300.jpeg 220w\" sizes=\"auto, (max-width: 380px) 100vw, 380px\" \/><\/div><a class=\"wp-block-latest-posts__post-title\" href=\"https:\/\/wp.unil.ch\/ateliercomparatiste\/quand-la-memoire-devient-recit-voix-transmission-et-fragilite\/\">Quand la m\u00e9moire devient r\u00e9cit&nbsp;: voix, transmission et fragilit\u00e9<\/a><div class=\"wp-block-latest-posts__post-author\">par Charles Chevalley<\/div><time datetime=\"2026-01-22T15:42:58+01:00\" class=\"wp-block-latest-posts__post-date\">22 janvier 2026<\/time><\/li>\n<li><div class=\"wp-block-latest-posts__featured-image\"><img loading=\"lazy\" decoding=\"async\" width=\"580\" height=\"992\" src=\"https:\/\/wp.unil.ch\/ateliercomparatiste\/files\/2025\/12\/montage-2-photos-moderne-votre-story-599x1024.jpg\" class=\"attachment-large size-large wp-post-image\" alt=\"Les deux couvertures sont mises en quinconce\" style=\"max-width:180px;max-height:256px;\" srcset=\"https:\/\/wp.unil.ch\/ateliercomparatiste\/files\/2025\/12\/montage-2-photos-moderne-votre-story-599x1024.jpg 599w, https:\/\/wp.unil.ch\/ateliercomparatiste\/files\/2025\/12\/montage-2-photos-moderne-votre-story-176x300.jpg 176w, https:\/\/wp.unil.ch\/ateliercomparatiste\/files\/2025\/12\/montage-2-photos-moderne-votre-story.jpg 702w\" sizes=\"auto, (max-width: 580px) 100vw, 580px\" \/><\/div><a class=\"wp-block-latest-posts__post-title\" href=\"https:\/\/wp.unil.ch\/ateliercomparatiste\/lautobiographie-a-la-barre-la-scene-judiciaire-dans-le-temoignage-du-trauma-sexuel\/\">L\u2019autobiographie \u00e0 la barre&nbsp;: la sc\u00e8ne judiciaire dans le t\u00e9moignage du trauma sexuel<\/a><div class=\"wp-block-latest-posts__post-author\">par Leila Blindenbacher<\/div><time datetime=\"2025-12-09T13:57:32+01:00\" class=\"wp-block-latest-posts__post-date\">9 d\u00e9cembre 2025<\/time><\/li>\n<li><div class=\"wp-block-latest-posts__featured-image\"><img loading=\"lazy\" decoding=\"async\" width=\"580\" height=\"876\" src=\"https:\/\/wp.unil.ch\/ateliercomparatiste\/files\/2025\/06\/page-de-titre-678x1024.png\" class=\"attachment-large size-large wp-post-image\" alt=\"John C. Hartsock, Literary Journalism and the Aesthetics of experience, Amherst, University of Massachusetts Press, 2016.\" style=\"max-width:180px;max-height:256px;\" srcset=\"https:\/\/wp.unil.ch\/ateliercomparatiste\/files\/2025\/06\/page-de-titre-678x1024.png 678w, https:\/\/wp.unil.ch\/ateliercomparatiste\/files\/2025\/06\/page-de-titre-199x300.png 199w, https:\/\/wp.unil.ch\/ateliercomparatiste\/files\/2025\/06\/page-de-titre-768x1160.png 768w, https:\/\/wp.unil.ch\/ateliercomparatiste\/files\/2025\/06\/page-de-titre-e1750693907597.png 400w\" sizes=\"auto, (max-width: 580px) 100vw, 580px\" \/><\/div><a class=\"wp-block-latest-posts__post-title\" href=\"https:\/\/wp.unil.ch\/ateliercomparatiste\/les-concepts-itinerants-peuvent-ils-vraiment-voyager-difficultes-de-traduction-en-contexte-academique\/\">Les concepts itin\u00e9rants peuvent-ils vraiment voyager\u00a0? Difficult\u00e9s de traduction en contexte acad\u00e9mique<\/a><div class=\"wp-block-latest-posts__post-author\">par Maxime Fanti<\/div><time datetime=\"2025-06-23T17:53:05+02:00\" class=\"wp-block-latest-posts__post-date\">23 juin 2025<\/time><\/li>\n<\/ul>\n\n\n<p><strong><a href=\"https:\/\/wp.unil.ch\/ateliercomparatiste\/home\/analyses\/\">La suite\u2026<\/a><\/strong><\/p>\n\n\n\n<hr class=\"wp-block-separator has-alpha-channel-opacity\" \/>\n\n\n\n<h3 class=\"wp-block-heading\">Enqu\u00eates et entretiens<\/h3>\n\n\n<ul class=\"wp-block-latest-posts__list is-grid columns-3 has-dates has-author wp-block-latest-posts has-small-font-size\"><li><div class=\"wp-block-latest-posts__featured-image\"><img loading=\"lazy\" decoding=\"async\" width=\"580\" height=\"385\" src=\"https:\/\/wp.unil.ch\/ateliercomparatiste\/files\/2025\/12\/2cles_edited-copie-153.jpg-1024x680.jpeg\" class=\"attachment-large size-large wp-post-image\" alt=\"2cle\u0301s edited copie (1)[53].jpg\" style=\"max-width:180px;max-height:256px;\" srcset=\"https:\/\/wp.unil.ch\/ateliercomparatiste\/files\/2025\/12\/2cles_edited-copie-153.jpg-1024x680.jpeg 1024w, https:\/\/wp.unil.ch\/ateliercomparatiste\/files\/2025\/12\/2cles_edited-copie-153.jpg-300x199.jpeg 300w, https:\/\/wp.unil.ch\/ateliercomparatiste\/files\/2025\/12\/2cles_edited-copie-153.jpg-768x510.jpeg 768w, https:\/\/wp.unil.ch\/ateliercomparatiste\/files\/2025\/12\/2cles_edited-copie-153.jpg-1200x796.jpeg 1200w, https:\/\/wp.unil.ch\/ateliercomparatiste\/files\/2025\/12\/2cles_edited-copie-153.jpg.jpeg 1335w\" sizes=\"auto, (max-width: 580px) 100vw, 580px\" \/><\/div><a class=\"wp-block-latest-posts__post-title\" href=\"https:\/\/wp.unil.ch\/ateliercomparatiste\/quand-la-memoire-chancelle\/\">Quand la m\u00e9moire chancelle\u00a0: r\u00e9ception et usage de la litt\u00e9rature et du cin\u00e9ma par les personnes confront\u00e9es \u00e0 la maladie d\u2019Alzheimer<\/a><div class=\"wp-block-latest-posts__post-author\">par Fl\u00e1via Lopes Garcia<\/div><time datetime=\"2025-12-29T17:05:39+01:00\" class=\"wp-block-latest-posts__post-date\">29 d\u00e9cembre 2025<\/time><\/li>\n<li><div class=\"wp-block-latest-posts__featured-image\"><img loading=\"lazy\" decoding=\"async\" width=\"580\" height=\"907\" src=\"https:\/\/wp.unil.ch\/ateliercomparatiste\/files\/2025\/06\/dsc_0315-655x1024.jpg\" class=\"attachment-large size-large wp-post-image\" alt=\"Photo en noir et blanc ; un groupe de personnes sur sc\u00e8ne\" style=\"max-width:180px;max-height:256px;\" srcset=\"https:\/\/wp.unil.ch\/ateliercomparatiste\/files\/2025\/06\/dsc_0315-655x1024.jpg 655w, https:\/\/wp.unil.ch\/ateliercomparatiste\/files\/2025\/06\/dsc_0315-192x300.jpg 192w, https:\/\/wp.unil.ch\/ateliercomparatiste\/files\/2025\/06\/dsc_0315-e1750227846586.jpg 384w\" sizes=\"auto, (max-width: 580px) 100vw, 580px\" \/><\/div><a class=\"wp-block-latest-posts__post-title\" href=\"https:\/\/wp.unil.ch\/ateliercomparatiste\/faire-emfiliation-em-entre-litterature-et-performance\/\">Faire <em>filiation<\/em>&nbsp;: entre litt\u00e9rature et performance<\/a><div class=\"wp-block-latest-posts__post-author\">par Steva Rios<\/div><time datetime=\"2025-06-18T08:25:24+02:00\" class=\"wp-block-latest-posts__post-date\">18 juin 2025<\/time><\/li>\n<li><div class=\"wp-block-latest-posts__featured-image\"><img loading=\"lazy\" decoding=\"async\" width=\"580\" height=\"387\" src=\"https:\/\/wp.unil.ch\/ateliercomparatiste\/files\/2025\/05\/capture-decran-2025-06-02-a-08.39.55.png\" class=\"attachment-large size-large wp-post-image\" alt=\"Rachel Falconer et Thomas Honegger\" style=\"max-width:180px;max-height:256px;\" \/><\/div><a class=\"wp-block-latest-posts__post-title\" href=\"https:\/\/wp.unil.ch\/ateliercomparatiste\/comparative-perspectives-on-omentie-nolwe-tolkien-and-ecocriticism\/\">Comparative Perspectives on <em>Omenti\u00eb Nolw\u00eb<\/em>, Tolkien, and Ecocriticism\u00a0<\/a><div class=\"wp-block-latest-posts__post-author\">par Sarah Heinzelmann<\/div><time datetime=\"2025-06-02T08:42:59+02:00\" class=\"wp-block-latest-posts__post-date\">2 juin 2025<\/time><\/li>\n<\/ul>\n\n\n<p><strong><a href=\"https:\/\/wp.unil.ch\/ateliercomparatiste\/enquetes\/\">La suite\u2026<\/a><\/strong><\/p>\n\n\n\n<hr class=\"wp-block-separator has-alpha-channel-opacity\" \/>\n\n\n\n<h3 class=\"wp-block-heading\">Cr\u00e9ations<\/h3>\n\n\n<ul class=\"wp-block-latest-posts__list is-grid columns-3 has-dates has-author wp-block-latest-posts has-small-font-size\"><li><div class=\"wp-block-latest-posts__featured-image\"><img loading=\"lazy\" decoding=\"async\" width=\"266\" height=\"400\" src=\"https:\/\/wp.unil.ch\/ateliercomparatiste\/files\/2025\/06\/photographie-de-paysage-e1749649539229.png\" class=\"attachment-large size-large wp-post-image\" alt=\"Gustave Roud, Chemin de campagne avec vue sur Lussery, 1940-1950, Fonds photographique Gustave Roud, BCU\/Lausanne.\" style=\"max-width:180px;max-height:256px;\" srcset=\"https:\/\/wp.unil.ch\/ateliercomparatiste\/files\/2025\/06\/photographie-de-paysage-e1749649539229.png 266w, https:\/\/wp.unil.ch\/ateliercomparatiste\/files\/2025\/06\/photographie-de-paysage-e1749649539229-200x300.png 200w\" sizes=\"auto, (max-width: 266px) 100vw, 266px\" \/><\/div><a class=\"wp-block-latest-posts__post-title\" href=\"https:\/\/wp.unil.ch\/ateliercomparatiste\/recherche-creation-sur-emair-de-la-solitude-em-de-gustave-roud-entre-poemes-et-photographies\/\">Recherche-cr\u00e9ation sur <em>Air de la solitude<\/em> de Gustave Roud : entre po\u00e8mes et photographies<\/a><div class=\"wp-block-latest-posts__post-author\">par Agathe Magand<\/div><time datetime=\"2025-06-07T11:35:46+02:00\" class=\"wp-block-latest-posts__post-date\">7 juin 2025<\/time><\/li>\n<li><div class=\"wp-block-latest-posts__featured-image\"><img loading=\"lazy\" decoding=\"async\" width=\"580\" height=\"825\" src=\"https:\/\/wp.unil.ch\/ateliercomparatiste\/files\/2025\/05\/fadua_itani_planche1-e1748244748318-720x1024.jpg\" class=\"attachment-large size-large wp-post-image\" alt=\"Planche 1. Premi\u00e8re vignette, une jeune femme tient une langue dans sa main. &quot;Quelle est votre langue maternelle ? Ma m\u00e8re parle cinq langues, mais elle sait r\u00e9pondre \u00e0 la question. Alors que moi, enfant, j&#039;en connaissais trois.&quot; Les trois vignettes suivantes repr\u00e9sentent une jeune femme parler successivement italien, arabe et fran\u00e7ais, faisant de grands gestes de la main qui entrent en \u00e9cho avec certaines des BDs compar\u00e9es par l&#039;autrice. &quot;Et au plus profond de moi-m\u00eame, et \u00e0 l&#039;heure actuelle, je ne sais toujours pas comment r\u00e9pondre \u00e0 la question...&quot;\" style=\"max-width:180px;max-height:256px;\" srcset=\"https:\/\/wp.unil.ch\/ateliercomparatiste\/files\/2025\/05\/fadua_itani_planche1-e1748244748318-720x1024.jpg 720w, https:\/\/wp.unil.ch\/ateliercomparatiste\/files\/2025\/05\/fadua_itani_planche1-e1748244748318-211x300.jpg 211w, https:\/\/wp.unil.ch\/ateliercomparatiste\/files\/2025\/05\/fadua_itani_planche1-e1748244748318-768x1092.jpg 768w, https:\/\/wp.unil.ch\/ateliercomparatiste\/files\/2025\/05\/fadua_itani_planche1-e1748244748318.jpg 840w\" sizes=\"auto, (max-width: 580px) 100vw, 580px\" \/><\/div><a class=\"wp-block-latest-posts__post-title\" href=\"https:\/\/wp.unil.ch\/ateliercomparatiste\/multilinguismes-identite-complexe-et-diglossie-maternelle\/\">Multilinguismes : identit\u00e9 complexe et diglossie maternelle<\/a><div class=\"wp-block-latest-posts__post-author\">par Fadua Itani<\/div><time datetime=\"2025-05-27T12:50:28+02:00\" class=\"wp-block-latest-posts__post-date\">27 mai 2025<\/time><\/li>\n<\/ul>\n\n\n<p><strong><a href=\"https:\/\/wp.unil.ch\/ateliercomparatiste\/creations\/\">La suite\u2026<\/a><\/strong><\/p>\n\n\n\n<hr class=\"wp-block-separator has-alpha-channel-opacity\" \/>\n\n\n\n<h3 class=\"wp-block-heading\">Critiques litt\u00e9raires<\/h3>\n\n\n<ul class=\"wp-block-latest-posts__list is-grid columns-3 has-dates has-author wp-block-latest-posts has-small-font-size\"><li><div class=\"wp-block-latest-posts__featured-image\"><img loading=\"lazy\" decoding=\"async\" width=\"400\" height=\"519\" src=\"https:\/\/wp.unil.ch\/ateliercomparatiste\/files\/2026\/04\/capture-decran-2026-04-06-a-11.10.07-e1775466677361.png\" class=\"attachment-large size-large wp-post-image\" alt=\"Claire May, R\u00eaves d\u2019azote, Vevey, H\u00e9lice H\u00e9las, coll. \u00ab\u00a0Mycelium Mi-Raisin\u00a0\u00bb, 2026.\" style=\"max-width:256px;max-height:256px;\" \/><\/div><a class=\"wp-block-latest-posts__post-title\" href=\"https:\/\/wp.unil.ch\/ateliercomparatiste\/naitre-peut-etre\/\">Na\u00eetre, peut-\u00eatre<\/a><div class=\"wp-block-latest-posts__post-author\">par Albina Haliti<\/div><time datetime=\"2026-04-06T11:12:40+02:00\" class=\"wp-block-latest-posts__post-date\">6 avril 2026<\/time><\/li>\n<li><div class=\"wp-block-latest-posts__featured-image\"><img loading=\"lazy\" decoding=\"async\" width=\"362\" height=\"549\" src=\"https:\/\/wp.unil.ch\/ateliercomparatiste\/files\/2026\/04\/img_8038-e1756121653528.jpg\" class=\"attachment-large size-large wp-post-image\" alt=\"Chirine Sheybani, Inconnue, Gen\u00e8ve, Cousu Mouche, 2025.\" style=\"max-width:256px;max-height:256px;\" srcset=\"https:\/\/wp.unil.ch\/ateliercomparatiste\/files\/2026\/04\/img_8038-e1756121653528.jpg 362w, https:\/\/wp.unil.ch\/ateliercomparatiste\/files\/2026\/04\/img_8038-e1756121653528-198x300.jpg 198w\" sizes=\"auto, (max-width: 362px) 100vw, 362px\" \/><\/div><a class=\"wp-block-latest-posts__post-title\" href=\"https:\/\/wp.unil.ch\/ateliercomparatiste\/a-labri-de-soi\/\">\u00c0 l\u2019abri de soi<\/a><div class=\"wp-block-latest-posts__post-author\">par In\u00e8s Hourcq<\/div><time datetime=\"2026-04-01T21:15:39+02:00\" class=\"wp-block-latest-posts__post-date\">1 avril 2026<\/time><\/li>\n<li><div class=\"wp-block-latest-posts__featured-image\"><img loading=\"lazy\" decoding=\"async\" width=\"400\" height=\"550\" src=\"https:\/\/wp.unil.ch\/ateliercomparatiste\/files\/2026\/03\/livre_galerie_9782707357250-e1774623801240.jpg\" class=\"attachment-large size-large wp-post-image\" alt=\"Jonas Sollberger, Viens \u00c9lie, Paris, Minuit, 2026.\" style=\"max-width:256px;max-height:256px;\" \/><\/div><a class=\"wp-block-latest-posts__post-title\" href=\"https:\/\/wp.unil.ch\/ateliercomparatiste\/la-ou-vont-les-oiseaux\/\">L\u00e0 o\u00f9 vont les oiseaux<\/a><div class=\"wp-block-latest-posts__post-author\">par Elsa Schaerrer<\/div><time datetime=\"2026-03-27T16:01:20+01:00\" class=\"wp-block-latest-posts__post-date\">27 mars 2026<\/time><\/li>\n<\/ul>\n\n\n<p><a href=\"https:\/\/wp.unil.ch\/ateliercomparatiste\/critiques-litteraires\/\"><strong>La suite\u2026<\/strong><\/a><\/p>\n\n\n\n<hr class=\"wp-block-separator has-alpha-channel-opacity\" \/>\n\n\n\n<h3 class=\"wp-block-heading\">Nos contributeur\u00b7rice\u00b7x\u00b7s<\/h3>\n\n\n\n<p>Liste des r\u00e9dacteur\u00b7rice\u00b7x\u00b7s, par ordre antichronologique des premi\u00e8res publications :<\/p>\n\n\n<ul class=\"wp-block-latest-posts__list wp-block-latest-posts has-small-font-size\"><li><a class=\"wp-block-latest-posts__post-title\" href=\"https:\/\/wp.unil.ch\/ateliercomparatiste\/albina-haliti\/\">Albina Haliti<\/a><div class=\"wp-block-latest-posts__post-excerpt\">\u00c9tudiante en anglais et en fran\u00e7ais moderne \u00e0 l\u2019Universit\u00e9 de Lausanne, Albina Haliti s\u2019int\u00e9resse aux repr\u00e9sentations f\u00e9ministes et f\u00e9minines dans la litt\u00e9rature et le cin\u00e9ma. Elle \u00e9crit en parall\u00e8le pour le journal des \u00e9tudiants, <em>L\u2019Auditoire<\/em>.\u00a0<\/div><\/li>\n<li><a class=\"wp-block-latest-posts__post-title\" href=\"https:\/\/wp.unil.ch\/ateliercomparatiste\/ines-hourcq\/\">In\u00e8s Hourcq<\/a><div class=\"wp-block-latest-posts__post-excerpt\">In\u00e8s Hourcq \u00e9tudie le fran\u00e7ais et la philosophie \u00e0 l\u2019Universit\u00e9 de Lausanne, o\u00f9 elle se sp\u00e9cialise en litt\u00e9rature compar\u00e9e. Attir\u00e9e par les coulisses du livre, elle travaille dans l\u2019\u00e9dition en parall\u00e8le de ses \u00e9tudes.<\/div><\/li>\n<li><a class=\"wp-block-latest-posts__post-title\" href=\"https:\/\/wp.unil.ch\/ateliercomparatiste\/elsa-scharrer\/\">Elsa Sch\u00e4rrer<\/a><div class=\"wp-block-latest-posts__post-excerpt\">Elsa Sch\u00e4rrer poursuit un Master en fran\u00e7ais moderne \u00e0 l\u2019UNIL, apr\u00e8s avoir obtenu un Master en cr\u00e9ation litt\u00e9raire \u00e0 la Haute \u00e9cole des arts de Berne (HKB). Elle s\u2019int\u00e9resse notamment aux processus \u00e9ditoriaux et critiques, ainsi qu\u2019\u00e0 l\u2019\u00e9criture cr\u00e9ative.<\/div><\/li>\n<li><a class=\"wp-block-latest-posts__post-title\" href=\"https:\/\/wp.unil.ch\/ateliercomparatiste\/ellie-sherwood\/\">Ellie Sherwood<\/a><div class=\"wp-block-latest-posts__post-excerpt\">Ellie Sherwood \u00e9tudie l&rsquo;anglais \u00e0 l&rsquo;Universit\u00e9 de Lausanne, avec une sp\u00e9cialisation en litt\u00e9rature compar\u00e9e. Elle s&rsquo;int\u00e9resse notamment \u00e0 la langue anglaise comme syst\u00e8me d\u2019oppression ou d\u2019\u00e9mancipation en contexte postcolonial, une approche nourrie par son engagement politique.<\/div><\/li>\n<li><a class=\"wp-block-latest-posts__post-title\" href=\"https:\/\/wp.unil.ch\/ateliercomparatiste\/leila-blindenbacher\/\">Leila Blindenbacher<\/a><div class=\"wp-block-latest-posts__post-excerpt\">Leila Blindenbacher est n\u00e9e \u00e0 Lausanne en 1999. Apr\u00e8s un master en fran\u00e7ais moderne et espagnol r\u00e9alis\u00e9 entre l\u2019Universit\u00e9 de Lausanne et l\u2019Universit\u00e9 autonome de Madrid, elle se sp\u00e9cialise en litt\u00e9rature compar\u00e9e. En 2025, elle fait \u00e9galement partie du jury \u00e9tudiant pour le Choix Goncourt de la Suisse. <\/div><\/li>\n<li><a class=\"wp-block-latest-posts__post-title\" href=\"https:\/\/wp.unil.ch\/ateliercomparatiste\/charles-chevalley\/\">Charles Chevalley<\/a><div class=\"wp-block-latest-posts__post-excerpt\">Charles Chevalley \u00e9tudie l\u2019anglais et l\u2019histoire \u00e0 l\u2019Universit\u00e9 de Lausanne, o\u00f9 il pr\u00e9pare un m\u00e9moire sur la politique f\u00e9d\u00e9rale suisse des ann\u00e9es 1970. Il s\u2019int\u00e9resse aux formes de la critique, \u00e0 leurs enjeux esth\u00e9tiques et aux multiples fa\u00e7ons de saisir le r\u00e9el.<\/div><\/li>\n<li><a class=\"wp-block-latest-posts__post-title\" href=\"https:\/\/wp.unil.ch\/ateliercomparatiste\/bianca-boscolo-detto-sassariolo\/\">Bianca Boscolo detto Sassariolo<\/a><div class=\"wp-block-latest-posts__post-excerpt\">\u00c9tudiante en Master en anglais, allemand et litt\u00e9rature compar\u00e9e \u00e0 l\u2019Universit\u00e9 de Lausanne, Bianca Boscolo detto Sassariolo s\u2019int\u00e9resse principalement \u00e0 la litt\u00e9rature moderne et compar\u00e9e. Elle se focalise sur la litt\u00e9rature satirique de Jonathan Swift, ainsi que sur la fantasy du XX<sup>e<\/sup> si\u00e8cle, les contes de f\u00e9es et leurs r\u00e9\u00e9critures.<\/div><\/li>\n<li><a class=\"wp-block-latest-posts__post-title\" href=\"https:\/\/wp.unil.ch\/ateliercomparatiste\/alicia-saner\/\">Alicia Saner<\/a><div class=\"wp-block-latest-posts__post-excerpt\">Alicia Saner \u00e9tudie l&rsquo;anglais, l&rsquo;histoire et sciences des religions et la litt\u00e9rature compar\u00e9e \u00e0 l&rsquo;Universit\u00e9 de Lausanne. Elle s&rsquo;int\u00e9resse notamment aux interactions entre productions litt\u00e9raires et discours sociaux, \u00e0 la sociolinguistique et \u00e0 l&rsquo;anthropologie religieuse (particuli\u00e8rement aux intersections entre spiritualit\u00e9s et \u00e9cologie).<\/div><\/li>\n<\/ul>\n\n\n<p>La liste compl\u00e8te des contributeur\u00b7rice\u00b7x\u00b7s se trouve sur la page <a href=\"https:\/\/wp.unil.ch\/ateliercomparatiste\/home\/lequipe\/\">\u00c9quipe<\/a>.<\/p>\n\n\n\n<p><\/p>\n","protected":false},"excerpt":{"rendered":"<p>Les \u00e9tudiant\u00b7e\u00b7x\u00b7s de l&rsquo;Atelier comparatiste de l&rsquo;Universit\u00e9 de Lausanne (UNIL) r\u00e9fl\u00e9chissent aux pratiques de la litt\u00e9rature g\u00e9n\u00e9rale et compar\u00e9e, tout en effectuant une premi\u00e8re r\u00e9alisation professionnelle, cr\u00e9ative ou de recherche dans le domaine. Analyses La suite\u2026 Enqu\u00eates et entretiens La suite\u2026 Cr\u00e9ations La suite\u2026 Critiques litt\u00e9raires La suite\u2026 Nos contributeur\u00b7rice\u00b7x\u00b7s Liste des r\u00e9dacteur\u00b7rice\u00b7x\u00b7s, par ordre [&hellip;]<\/p>\n","protected":false},"author":108,"featured_media":0,"parent":0,"menu_order":0,"comment_status":"closed","ping_status":"closed","template":"","meta":{"_seopress_robots_primary_cat":"","_seopress_titles_title":"","_seopress_titles_desc":"","_seopress_robots_index":"","footnotes":""},"class_list":["post-6","page","type-page","status-publish"],"_links":{"self":[{"href":"https:\/\/wp.unil.ch\/ateliercomparatiste\/wp-json\/wp\/v2\/pages\/6","targetHints":{"allow":["GET"]}}],"collection":[{"href":"https:\/\/wp.unil.ch\/ateliercomparatiste\/wp-json\/wp\/v2\/pages"}],"about":[{"href":"https:\/\/wp.unil.ch\/ateliercomparatiste\/wp-json\/wp\/v2\/types\/page"}],"author":[{"embeddable":true,"href":"https:\/\/wp.unil.ch\/ateliercomparatiste\/wp-json\/wp\/v2\/users\/108"}],"replies":[{"embeddable":true,"href":"https:\/\/wp.unil.ch\/ateliercomparatiste\/wp-json\/wp\/v2\/comments?post=6"}],"version-history":[{"count":5,"href":"https:\/\/wp.unil.ch\/ateliercomparatiste\/wp-json\/wp\/v2\/pages\/6\/revisions"}],"predecessor-version":[{"id":1165,"href":"https:\/\/wp.unil.ch\/ateliercomparatiste\/wp-json\/wp\/v2\/pages\/6\/revisions\/1165"}],"wp:attachment":[{"href":"https:\/\/wp.unil.ch\/ateliercomparatiste\/wp-json\/wp\/v2\/media?parent=6"}],"curies":[{"name":"wp","href":"https:\/\/api.w.org\/{rel}","templated":true}]}}