{"id":334,"date":"2025-04-30T17:53:46","date_gmt":"2025-04-30T15:53:46","guid":{"rendered":"https:\/\/wp.unil.ch\/ateliercomparatiste\/?page_id=334"},"modified":"2025-06-23T14:31:11","modified_gmt":"2025-06-23T12:31:11","slug":"enquetes","status":"publish","type":"page","link":"https:\/\/wp.unil.ch\/ateliercomparatiste\/home\/enquetes\/","title":{"rendered":"Enqu\u00eates"},"content":{"rendered":"\n<p>Rencontres avec des acteurs et actrices du monde litt\u00e9raire, propos\u00e9es par les \u00e9tudiant\u00b7e\u00b7x\u00b7s de l&rsquo;Atelier comparatiste de l&rsquo;Universit\u00e9 de Lausanne.<\/p>\n\n\n<ul class=\"wp-block-latest-posts__list has-dates has-author wp-block-latest-posts has-small-font-size\"><li><div class=\"wp-block-latest-posts__featured-image alignleft\"><img loading=\"lazy\" decoding=\"async\" width=\"580\" height=\"385\" src=\"https:\/\/wp.unil.ch\/ateliercomparatiste\/files\/2025\/12\/2cles_edited-copie-153.jpg-1024x680.jpeg\" class=\"attachment-large size-large wp-post-image\" alt=\"2cle\u0301s edited copie (1)[53].jpg\" style=\"max-width:256px;max-height:256px;\" srcset=\"https:\/\/wp.unil.ch\/ateliercomparatiste\/files\/2025\/12\/2cles_edited-copie-153.jpg-1024x680.jpeg 1024w, https:\/\/wp.unil.ch\/ateliercomparatiste\/files\/2025\/12\/2cles_edited-copie-153.jpg-300x199.jpeg 300w, https:\/\/wp.unil.ch\/ateliercomparatiste\/files\/2025\/12\/2cles_edited-copie-153.jpg-768x510.jpeg 768w, https:\/\/wp.unil.ch\/ateliercomparatiste\/files\/2025\/12\/2cles_edited-copie-153.jpg-1200x796.jpeg 1200w, https:\/\/wp.unil.ch\/ateliercomparatiste\/files\/2025\/12\/2cles_edited-copie-153.jpg.jpeg 1335w\" sizes=\"auto, (max-width: 580px) 100vw, 580px\" \/><\/div><a class=\"wp-block-latest-posts__post-title\" href=\"https:\/\/wp.unil.ch\/ateliercomparatiste\/quand-la-memoire-chancelle\/\">Quand la m\u00e9moire chancelle\u00a0: r\u00e9ception et usage de la litt\u00e9rature et du cin\u00e9ma par les personnes confront\u00e9es \u00e0 la maladie d\u2019Alzheimer<\/a><div class=\"wp-block-latest-posts__post-author\">par Fl\u00e1via Lopes Garcia<\/div><time datetime=\"2025-12-29T17:05:39+01:00\" class=\"wp-block-latest-posts__post-date\">29 d\u00e9cembre 2025<\/time><div class=\"wp-block-latest-posts__post-excerpt\">La m\u00e8re de Sophie est atteinte de la maladie d\u2019Alzheimer. C\u2019est un sujet qu\u2019Annie Ernaux, mais aussi Colette Roumanoff et Florian Zeller abordent dans leurs \u0153uvres. Comment Sophie accueille-t-elle ces r\u00e9cits racontant des histoires similaires \u00e0 la sienne ?<\/div><\/li>\n<li><div class=\"wp-block-latest-posts__featured-image alignleft\"><img loading=\"lazy\" decoding=\"async\" width=\"580\" height=\"907\" src=\"https:\/\/wp.unil.ch\/ateliercomparatiste\/files\/2025\/06\/dsc_0315-655x1024.jpg\" class=\"attachment-large size-large wp-post-image\" alt=\"Photo en noir et blanc ; un groupe de personnes sur sc\u00e8ne\" style=\"max-width:256px;max-height:256px;\" srcset=\"https:\/\/wp.unil.ch\/ateliercomparatiste\/files\/2025\/06\/dsc_0315-655x1024.jpg 655w, https:\/\/wp.unil.ch\/ateliercomparatiste\/files\/2025\/06\/dsc_0315-192x300.jpg 192w, https:\/\/wp.unil.ch\/ateliercomparatiste\/files\/2025\/06\/dsc_0315-e1750227846586.jpg 384w\" sizes=\"auto, (max-width: 580px) 100vw, 580px\" \/><\/div><a class=\"wp-block-latest-posts__post-title\" href=\"https:\/\/wp.unil.ch\/ateliercomparatiste\/faire-emfiliation-em-entre-litterature-et-performance\/\">Faire <em>filiation<\/em>&nbsp;: entre litt\u00e9rature et performance<\/a><div class=\"wp-block-latest-posts__post-author\">par Steva Rios<\/div><time datetime=\"2025-06-18T08:25:24+02:00\" class=\"wp-block-latest-posts__post-date\">18 juin 2025<\/time><div class=\"wp-block-latest-posts__post-excerpt\">Les r\u00e9cits fili\u00e9s sont fa\u00e7onn\u00e9s par la pluralit\u00e9 des voix. Dans les performances, la filiation ne se retrouve pas seulement au sein m\u00eame des narrations, mais dans le geste de dire ensemble, autour d\u2019un h\u00e9ritage \u00e0 transmettre ou \u00e0 r\u00e9inventer.\u00a0<\/div><\/li>\n<li><div class=\"wp-block-latest-posts__featured-image alignleft\"><img loading=\"lazy\" decoding=\"async\" width=\"580\" height=\"387\" src=\"https:\/\/wp.unil.ch\/ateliercomparatiste\/files\/2025\/05\/capture-decran-2025-06-02-a-08.39.55.png\" class=\"attachment-large size-large wp-post-image\" alt=\"Rachel Falconer et Thomas Honegger\" style=\"max-width:256px;max-height:256px;\" \/><\/div><a class=\"wp-block-latest-posts__post-title\" href=\"https:\/\/wp.unil.ch\/ateliercomparatiste\/comparative-perspectives-on-omentie-nolwe-tolkien-and-ecocriticism\/\">Comparative Perspectives on <em>Omenti\u00eb Nolw\u00eb<\/em>, Tolkien, and Ecocriticism\u00a0<\/a><div class=\"wp-block-latest-posts__post-author\">par Sarah Heinzelmann<\/div><time datetime=\"2025-06-02T08:42:59+02:00\" class=\"wp-block-latest-posts__post-date\">2 juin 2025<\/time><div class=\"wp-block-latest-posts__post-excerpt\">Interviews with Professor Rachel Falconer and Professor Thomas Honegger, members of the \u201cOmenti\u00eb Nolw\u00eb \u2013\u00a0Zurich Tolkien Conference\u201d organizing committee, about the facets of ecocriticism and the importance of comparative approaches in the context of the conference.<\/div><\/li>\n<\/ul>","protected":false},"excerpt":{"rendered":"<p>Rencontres avec des acteurs et actrices du monde litt\u00e9raire, propos\u00e9es par les \u00e9tudiant\u00b7e\u00b7x\u00b7s de l&rsquo;Atelier comparatiste de l&rsquo;Universit\u00e9 de Lausanne.<\/p>\n","protected":false},"author":1002274,"featured_media":0,"parent":6,"menu_order":0,"comment_status":"closed","ping_status":"closed","template":"","meta":{"_seopress_robots_primary_cat":"","_seopress_titles_title":"","_seopress_titles_desc":"","_seopress_robots_index":"","footnotes":""},"class_list":["post-334","page","type-page","status-publish"],"_links":{"self":[{"href":"https:\/\/wp.unil.ch\/ateliercomparatiste\/wp-json\/wp\/v2\/pages\/334","targetHints":{"allow":["GET"]}}],"collection":[{"href":"https:\/\/wp.unil.ch\/ateliercomparatiste\/wp-json\/wp\/v2\/pages"}],"about":[{"href":"https:\/\/wp.unil.ch\/ateliercomparatiste\/wp-json\/wp\/v2\/types\/page"}],"author":[{"embeddable":true,"href":"https:\/\/wp.unil.ch\/ateliercomparatiste\/wp-json\/wp\/v2\/users\/1002274"}],"replies":[{"embeddable":true,"href":"https:\/\/wp.unil.ch\/ateliercomparatiste\/wp-json\/wp\/v2\/comments?post=334"}],"version-history":[{"count":4,"href":"https:\/\/wp.unil.ch\/ateliercomparatiste\/wp-json\/wp\/v2\/pages\/334\/revisions"}],"predecessor-version":[{"id":708,"href":"https:\/\/wp.unil.ch\/ateliercomparatiste\/wp-json\/wp\/v2\/pages\/334\/revisions\/708"}],"up":[{"embeddable":true,"href":"https:\/\/wp.unil.ch\/ateliercomparatiste\/wp-json\/wp\/v2\/pages\/6"}],"wp:attachment":[{"href":"https:\/\/wp.unil.ch\/ateliercomparatiste\/wp-json\/wp\/v2\/media?parent=334"}],"curies":[{"name":"wp","href":"https:\/\/api.w.org\/{rel}","templated":true}]}}