{"id":188,"date":"2025-04-30T16:20:57","date_gmt":"2025-04-30T14:20:57","guid":{"rendered":"https:\/\/wp.unil.ch\/ateliercomparatiste\/?page_id=188"},"modified":"2026-04-01T21:21:45","modified_gmt":"2026-04-01T19:21:45","slug":"lequipe","status":"publish","type":"page","link":"https:\/\/wp.unil.ch\/ateliercomparatiste\/home\/lequipe\/","title":{"rendered":"L&rsquo;\u00e9quipe"},"content":{"rendered":"\n<p>L&rsquo;Atelier des comparatistes est une proposition du <a href=\"https:\/\/www.unil.ch\/ciel\/fr\/home.html\">Centre interdisciplinaire d&rsquo;\u00e9tude des litt\u00e9ratures (CIEL)<\/a> de l&rsquo;Universit\u00e9 de Lausanne (UNIL).<\/p>\n\n\n\n<p>Contact : <a href=\"mailto:romain.bionda@unil.ch\">romain.bionda@unil.ch<\/a>.<\/p>\n\n\n\n<h2 class=\"wp-block-heading\">Liste des \u00e9tudiant\u00b7e\u00b7x\u00b7s<\/h2>\n\n\n\n<p>Retrouvez ci-dessous la liste des \u00e9tudiantes et \u00e9tudiants ayant particip\u00e9 \u00e0 l&rsquo;Atelier des comparatistes :<\/p>\n\n\n\n<p><strong>2025-2026<\/strong><\/p>\n\n\n\n<p>Laura-Maria Berner | <a href=\"https:\/\/wp.unil.ch\/ateliercomparatiste\/leila-blindenbacher\/\">Leila Blindenbacher<\/a> | <a href=\"https:\/\/wp.unil.ch\/ateliercomparatiste\/charles-chevalley\/\">Charles Chevalley<\/a> | Cristina Ciurea | Tiago Da Cruz Fernandes | Albina Haliti | Morgane Heine | <a href=\"https:\/\/wp.unil.ch\/ateliercomparatiste\/ines-hourcq\/\">In\u00e8s Hourcq<\/a> | <a href=\"https:\/\/wp.unil.ch\/ateliercomparatiste\/elsa-scharrer\/\">Elsa Sch\u00e4rrer<\/a> | <a href=\"https:\/\/wp.unil.ch\/ateliercomparatiste\/ellie-sherwood\/\">Ellie Sherwood<\/a> | Dany Varela Ferreira Lemos<\/p>\n\n\n\n<p><strong>2024-2025<\/strong><\/p>\n\n\n\n<p><a href=\"https:\/\/wp.unil.ch\/ateliercomparatiste\/bianca-boscolo-detto-sassariolo\/\">Bianca Boscolo detto Sassariolo<\/a> | <a href=\"https:\/\/wp.unil.ch\/ateliercomparatiste\/maxime-fanti\/\">Maxime Fanti<\/a> | <a href=\"https:\/\/wp.unil.ch\/ateliercomparatiste\/sarah-heinzelmann\/\">Sarah Heinzelmann<\/a> | <a href=\"https:\/\/wp.unil.ch\/ateliercomparatiste\/fadua-itani\/\">Fadua Itani<\/a> | <a href=\"https:\/\/wp.unil.ch\/ateliercomparatiste\/maxime-jaquet\/\">Maxime Jaquet<\/a> | <a href=\"https:\/\/wp.unil.ch\/ateliercomparatiste\/flavia-lopes-garcia\/\">Fl\u00e1via Lopes Garcia<\/a> | <a href=\"https:\/\/wp.unil.ch\/ateliercomparatiste\/agathe-magand\/\">Agathe Magand<\/a> | <a href=\"https:\/\/wp.unil.ch\/ateliercomparatiste\/leodie-mancini\/\">L\u00e9odie Mancini<\/a> | <a href=\"https:\/\/wp.unil.ch\/ateliercomparatiste\/titouan-menetrey\/\">Titouan Men\u00e9trey<\/a> | <a href=\"https:\/\/wp.unil.ch\/ateliercomparatiste\/steva-rios\/\">Steva Rios<\/a> | <a href=\"https:\/\/wp.unil.ch\/ateliercomparatiste\/alicia-saner\/\">Alicia Saner<\/a> | <a href=\"https:\/\/wp.unil.ch\/ateliercomparatiste\/malika-vorlet\/\">Malika Vorlet<\/a><\/p>\n\n\n\n<h2 class=\"wp-block-heading\">Enseignant\u00b7e\u00b7s<\/h2>\n\n\n\n<figure class=\"wp-block-gallery aligncenter has-nested-images columns-3 is-cropped wp-block-gallery-1 is-layout-flex wp-block-gallery-is-layout-flex\">\n<figure class=\"wp-block-image size-full\"><a href=\"https:\/\/www.unil.ch\/fra\/romainbionda\"><img loading=\"lazy\" decoding=\"async\" width=\"900\" height=\"1200\" data-id=\"190\" src=\"https:\/\/wp.unil.ch\/ateliercomparatiste\/files\/2025\/04\/romain-bionda-portrait-1480x1973-1.jpg\" alt=\"romain bionda portrait 1480x1973\" class=\"wp-image-190\" srcset=\"https:\/\/wp.unil.ch\/ateliercomparatiste\/files\/2025\/04\/romain-bionda-portrait-1480x1973-1.jpg 900w, https:\/\/wp.unil.ch\/ateliercomparatiste\/files\/2025\/04\/romain-bionda-portrait-1480x1973-1-225x300.jpg 225w, https:\/\/wp.unil.ch\/ateliercomparatiste\/files\/2025\/04\/romain-bionda-portrait-1480x1973-1-768x1024.jpg 768w\" sizes=\"auto, (max-width: 900px) 100vw, 900px\" \/><\/a><figcaption class=\"wp-element-caption\"><a href=\"https:\/\/www.unil.ch\/fra\/romainbionda\">Romain Bionda<\/a><br>(toute l&rsquo;ann\u00e9e)<\/figcaption><\/figure>\n\n\n\n<figure class=\"wp-block-image size-full\"><a href=\"https:\/\/applicationspub.unil.ch\/interpub\/noauth\/php\/Un\/UnPers.php?PerNum=1268432&amp;LanCode=37\"><img loading=\"lazy\" decoding=\"async\" width=\"1018\" height=\"1200\" data-id=\"189\" src=\"https:\/\/wp.unil.ch\/ateliercomparatiste\/files\/2025\/04\/catalano_portrait_2024.jpg\" alt=\"catalano portrait 2024\" class=\"wp-image-189\" srcset=\"https:\/\/wp.unil.ch\/ateliercomparatiste\/files\/2025\/04\/catalano_portrait_2024.jpg 1018w, https:\/\/wp.unil.ch\/ateliercomparatiste\/files\/2025\/04\/catalano_portrait_2024-255x300.jpg 255w, https:\/\/wp.unil.ch\/ateliercomparatiste\/files\/2025\/04\/catalano_portrait_2024-869x1024.jpg 869w, https:\/\/wp.unil.ch\/ateliercomparatiste\/files\/2025\/04\/catalano_portrait_2024-768x905.jpg 768w\" sizes=\"auto, (max-width: 1018px) 100vw, 1018px\" \/><\/a><figcaption class=\"wp-element-caption\"><a href=\"https:\/\/applicationspub.unil.ch\/interpub\/noauth\/php\/Un\/UnPers.php?PerNum=1268432&amp;LanCode=37\">Francesca Catalano<\/a><br>(semestre de printemps)<\/figcaption><\/figure>\n\n\n\n<figure class=\"wp-block-image size-full\"><a href=\"https:\/\/applicationspub.unil.ch\/interpub\/noauth\/php\/Un\/UnPers.php?PerNum=1277974&amp;LanCode=37&amp;menu=pub\"><img loading=\"lazy\" decoding=\"async\" width=\"262\" height=\"349\" data-id=\"191\" src=\"https:\/\/wp.unil.ch\/ateliercomparatiste\/files\/2025\/04\/img_20240921_151855.jpg\" alt=\"img 20240921 151855\" class=\"wp-image-191\" srcset=\"https:\/\/wp.unil.ch\/ateliercomparatiste\/files\/2025\/04\/img_20240921_151855.jpg 262w, https:\/\/wp.unil.ch\/ateliercomparatiste\/files\/2025\/04\/img_20240921_151855-225x300.jpg 225w\" sizes=\"auto, (max-width: 262px) 100vw, 262px\" \/><\/a><figcaption class=\"wp-element-caption\"><a href=\"https:\/\/applicationspub.unil.ch\/interpub\/noauth\/php\/Un\/UnPers.php?PerNum=1277974&amp;LanCode=37\">Aurore Turbiau<\/a><br>(semestre d&rsquo;automne)<\/figcaption><\/figure>\n<\/figure>\n\n\n\n<p><strong>Ancien intervenant<\/strong><\/p>\n\n\n\n<p><a href=\"https:\/\/applicationspub.unil.ch\/interpub\/noauth\/php\/Un\/UnPers.php?PerNum=42033&amp;LanCode=37\">Alain Ausoni<\/a>, ma\u00eetre d&rsquo;enseignement et de recherche, ancien directeur du CIEL<\/p>\n\n\n\n<h2 class=\"wp-block-heading\">Partenariat<\/h2>\n\n\n\n<div class=\"wp-block-media-text has-media-on-the-right is-stacked-on-mobile has-subtle-background-background-color has-background\" style=\"grid-template-columns:auto 23%\"><div class=\"wp-block-media-text__content\">\n<p>La section \u00ab&nbsp;Critiques litt\u00e9raires&nbsp;\u00bb de l&rsquo;Atelier comparatiste entretient un partenariat avec la revue <em>Viceversa Litt\u00e9rature \/ Literatur \/ Letteratura<\/em>, o\u00f9 nos critiques sont signal\u00e9es et parfois republi\u00e9es.<\/p>\n<\/div><figure class=\"wp-block-media-text__media\"><img decoding=\"async\" src=\"https:\/\/forum-helveticum.ch\/wp-content\/uploads\/2016\/08\/organisation-60-562x700.png\" alt=\"\" \/><\/figure><\/div>\n","protected":false},"excerpt":{"rendered":"<p>L&rsquo;Atelier des comparatistes est une proposition du Centre interdisciplinaire d&rsquo;\u00e9tude des litt\u00e9ratures (CIEL) de l&rsquo;Universit\u00e9 de Lausanne (UNIL). Contact : romain.bionda@unil.ch. Liste des \u00e9tudiant\u00b7e\u00b7x\u00b7s Retrouvez ci-dessous la liste des \u00e9tudiantes et \u00e9tudiants ayant particip\u00e9 \u00e0 l&rsquo;Atelier des comparatistes : 2025-2026 Laura-Maria Berner | Leila Blindenbacher | Charles Chevalley | Cristina Ciurea | Tiago Da Cruz [&hellip;]<\/p>\n","protected":false},"author":1002274,"featured_media":0,"parent":6,"menu_order":0,"comment_status":"closed","ping_status":"closed","template":"","meta":{"_seopress_robots_primary_cat":"","_seopress_titles_title":"","_seopress_titles_desc":"","_seopress_robots_index":"","footnotes":""},"class_list":["post-188","page","type-page","status-publish"],"_links":{"self":[{"href":"https:\/\/wp.unil.ch\/ateliercomparatiste\/wp-json\/wp\/v2\/pages\/188","targetHints":{"allow":["GET"]}}],"collection":[{"href":"https:\/\/wp.unil.ch\/ateliercomparatiste\/wp-json\/wp\/v2\/pages"}],"about":[{"href":"https:\/\/wp.unil.ch\/ateliercomparatiste\/wp-json\/wp\/v2\/types\/page"}],"author":[{"embeddable":true,"href":"https:\/\/wp.unil.ch\/ateliercomparatiste\/wp-json\/wp\/v2\/users\/1002274"}],"replies":[{"embeddable":true,"href":"https:\/\/wp.unil.ch\/ateliercomparatiste\/wp-json\/wp\/v2\/comments?post=188"}],"version-history":[{"count":5,"href":"https:\/\/wp.unil.ch\/ateliercomparatiste\/wp-json\/wp\/v2\/pages\/188\/revisions"}],"predecessor-version":[{"id":1103,"href":"https:\/\/wp.unil.ch\/ateliercomparatiste\/wp-json\/wp\/v2\/pages\/188\/revisions\/1103"}],"up":[{"embeddable":true,"href":"https:\/\/wp.unil.ch\/ateliercomparatiste\/wp-json\/wp\/v2\/pages\/6"}],"wp:attachment":[{"href":"https:\/\/wp.unil.ch\/ateliercomparatiste\/wp-json\/wp\/v2\/media?parent=188"}],"curies":[{"name":"wp","href":"https:\/\/api.w.org\/{rel}","templated":true}]}}