{"id":228,"date":"2025-12-17T13:35:23","date_gmt":"2025-12-17T12:35:23","guid":{"rendered":"https:\/\/wp.unil.ch\/assises-recherche-fbm\/?page_id=228"},"modified":"2026-02-17T11:59:58","modified_gmt":"2026-02-17T10:59:58","slug":"actualites-infos","status":"publish","type":"page","link":"https:\/\/wp.unil.ch\/assises-recherche-fbm\/actualites-infos\/","title":{"rendered":"Actualit\u00e9s"},"content":{"rendered":"\n<header class=\"wp-block-cover alignfull has-custom-content-position is-position-top-center header-angle header-fond-mobile wp-duotone-unset-2\" style=\"padding-top:var(--wp--preset--spacing--30);padding-right:var(--wp--preset--spacing--30);padding-bottom:var(--wp--preset--spacing--30);padding-left:var(--wp--preset--spacing--30);min-height:484px;aspect-ratio:unset;\"><img alt=\"\" loading=\"lazy\" decoding=\"async\" width=\"2000\" height=\"531\" class=\"wp-block-cover__image-background wp-image-849 size-full\" alt=\"\" src=\"https:\/\/wp.unil.ch\/assises-recherche-fbm\/files\/2026\/01\/header-actu.jpg\" data-object-fit=\"cover\" srcset=\"https:\/\/wp.unil.ch\/assises-recherche-fbm\/files\/2026\/01\/header-actu.jpg 2000w, https:\/\/wp.unil.ch\/assises-recherche-fbm\/files\/2026\/01\/header-actu-300x80.jpg 300w, https:\/\/wp.unil.ch\/assises-recherche-fbm\/files\/2026\/01\/header-actu-1024x272.jpg 1024w, https:\/\/wp.unil.ch\/assises-recherche-fbm\/files\/2026\/01\/header-actu-768x204.jpg 768w, https:\/\/wp.unil.ch\/assises-recherche-fbm\/files\/2026\/01\/header-actu-1536x408.jpg 1536w, https:\/\/wp.unil.ch\/assises-recherche-fbm\/files\/2026\/01\/header-actu-1200x319.jpg 1200w, https:\/\/wp.unil.ch\/assises-recherche-fbm\/files\/2026\/01\/header-actu-1980x526.jpg 1980w\" sizes=\"auto, (max-width: 2000px) 100vw, 2000px\" \/><span aria-hidden=\"true\" class=\"wp-block-cover__background has-background-dim-0 has-background-dim\"><\/span><div class=\"wp-block-cover__inner-container is-layout-flow wp-block-cover-is-layout-flow\">\n<div class=\"wp-block-group alignwide has-contrast-color has-text-color has-link-color wp-elements-b8ca610acc41b3b386bc5f3b0e672050 is-content-justification-space-between is-layout-flex wp-container-core-group-is-layout-fefaeca0 wp-block-group-is-layout-flex\" style=\"padding-top:var(--wp--preset--spacing--30);padding-right:var(--wp--preset--spacing--30);padding-bottom:var(--wp--preset--spacing--30);padding-left:var(--wp--preset--spacing--30)\">\n<div style=\"height:34px;width:0px\" aria-hidden=\"true\" class=\"wp-block-spacer\"><\/div>\n\n\n\n<div class=\"wp-block-group alignfull has-contrast-color has-text-color has-link-color wp-elements-5aff50a5f92a25601e4db205097026e2 is-content-justification-space-between is-layout-flex wp-container-core-group-is-layout-fefaeca0 wp-block-group-is-layout-flex\" style=\"padding-top:var(--wp--preset--spacing--30);padding-right:var(--wp--preset--spacing--30);padding-bottom:var(--wp--preset--spacing--30);padding-left:var(--wp--preset--spacing--30)\">\n<p class=\"logo-home-menu\" style=\"text-decoration:none\"><a href=\"https:\/\/wp.unil.ch\/assises-recherche-fbm\/\" data-type=\"page\" data-id=\"6\"><strong>Facult\u00e9 de biologie et de m\u00e9decine<br><\/strong>Assises de la recherche durable<\/a><\/p>\n\n\n<nav class=\"is-responsive items-justified-right wp-block-navigation is-content-justification-right is-layout-flex wp-container-core-navigation-is-layout-3817c3ed wp-block-navigation-is-layout-flex\" aria-label=\"Menu Fran\u00e7ais\" \n\t\t data-wp-interactive=\"core\/navigation\" data-wp-context='{\"overlayOpenedBy\":{\"click\":false,\"hover\":false,\"focus\":false},\"type\":\"overlay\",\"roleAttribute\":\"\",\"ariaLabel\":\"Menu\"}'><button aria-haspopup=\"dialog\" aria-label=\"Ouvrir le menu\" class=\"wp-block-navigation__responsive-container-open\" \n\t\t\t\tdata-wp-on--click=\"actions.openMenuOnClick\"\n\t\t\t\tdata-wp-on--keydown=\"actions.handleMenuKeydown\"\n\t\t\t><svg width=\"24\" height=\"24\" xmlns=\"http:\/\/www.w3.org\/2000\/svg\" viewBox=\"0 0 24 24\" aria-hidden=\"true\" focusable=\"false\"><path d=\"M4 7.5h16v1.5H4z\"><\/path><path d=\"M4 15h16v1.5H4z\"><\/path><\/svg><\/button>\n\t\t\t\t<div class=\"wp-block-navigation__responsive-container\"  id=\"modal-1\" \n\t\t\t\tdata-wp-class--has-modal-open=\"state.isMenuOpen\"\n\t\t\t\tdata-wp-class--is-menu-open=\"state.isMenuOpen\"\n\t\t\t\tdata-wp-watch=\"callbacks.initMenu\"\n\t\t\t\tdata-wp-on--keydown=\"actions.handleMenuKeydown\"\n\t\t\t\tdata-wp-on--focusout=\"actions.handleMenuFocusout\"\n\t\t\t\ttabindex=\"-1\"\n\t\t\t>\n\t\t\t\t\t<div class=\"wp-block-navigation__responsive-close\" tabindex=\"-1\">\n\t\t\t\t\t\t<div class=\"wp-block-navigation__responsive-dialog\" \n\t\t\t\tdata-wp-bind--aria-modal=\"state.ariaModal\"\n\t\t\t\tdata-wp-bind--aria-label=\"state.ariaLabel\"\n\t\t\t\tdata-wp-bind--role=\"state.roleAttribute\"\n\t\t\t>\n\t\t\t\t\t\t\t<button aria-label=\"Fermer le menu\" class=\"wp-block-navigation__responsive-container-close\" \n\t\t\t\tdata-wp-on--click=\"actions.closeMenuOnClick\"\n\t\t\t><svg xmlns=\"http:\/\/www.w3.org\/2000\/svg\" viewBox=\"0 0 24 24\" width=\"24\" height=\"24\" aria-hidden=\"true\" focusable=\"false\"><path d=\"m13.06 12 6.47-6.47-1.06-1.06L12 10.94 5.53 4.47 4.47 5.53 10.94 12l-6.47 6.47 1.06 1.06L12 13.06l6.47 6.47 1.06-1.06L13.06 12Z\"><\/path><\/svg><\/button>\n\t\t\t\t\t\t\t<div class=\"wp-block-navigation__responsive-container-content\" \n\t\t\t\tdata-wp-watch=\"callbacks.focusFirstElement\"\n\t\t\t id=\"modal-1-content\">\n\t\t\t\t\t\t\t\t<ul class=\"wp-block-navigation__container is-responsive items-justified-right wp-block-navigation\"><li class=\" wp-block-navigation-item wp-block-navigation-link\"><a class=\"wp-block-navigation-item__content\"  href=\"https:\/\/wp.unil.ch\/assises-recherche-fbm\/\"><span class=\"wp-block-navigation-item__label\">Accueil<\/span><\/a><\/li><li class=\" wp-block-navigation-item wp-block-navigation-link\"><a class=\"wp-block-navigation-item__content\"  href=\"https:\/\/wp.unil.ch\/assises-recherche-fbm\/les-assises\/\"><span class=\"wp-block-navigation-item__label\">Les Assises<\/span><\/a><\/li><li class=\" wp-block-navigation-item wp-block-navigation-link\"><a class=\"wp-block-navigation-item__content\"  href=\"https:\/\/wp.unil.ch\/assises-recherche-fbm\/organisation\/\"><span class=\"wp-block-navigation-item__label\">L&rsquo;organisation<\/span><\/a><\/li><li class=\" wp-block-navigation-item wp-block-navigation-link\"><a class=\"wp-block-navigation-item__content\"  href=\"https:\/\/wp.unil.ch\/assises-recherche-fbm\/actualites-infos\/\"><span class=\"wp-block-navigation-item__label\">Actualit\u00e9s<\/span><\/a><\/li><li class=\" wp-block-navigation-item wp-block-navigation-link\"><a class=\"wp-block-navigation-item__content\"  href=\"https:\/\/wp.unil.ch\/assises-recherche-fbm\/contact\/\"><span class=\"wp-block-navigation-item__label\">Contact<\/span><\/a><\/li><\/ul>\n\t\t\t\t\t\t\t<\/div>\n\t\t\t\t\t\t<\/div>\n\t\t\t\t\t<\/div>\n\t\t\t\t<\/div><\/nav><\/div>\n\n\n\n<div style=\"height:20px\" aria-hidden=\"true\" class=\"wp-block-spacer\"><\/div>\n<\/div>\n\n\n\n<h1 class=\"wp-block-heading alignwide has-text-align-left has-background-color has-text-color has-link-color wp-elements-437de596a4b4319fb1f4548a7eaa2c65\" style=\"font-size:60px\">Actualit\u00e9s<\/h1>\n\n\n\n<div style=\"height:100px\" aria-hidden=\"true\" class=\"wp-block-spacer\"><\/div>\n<\/div><\/header>\n\n\n\n<div class=\"wp-block-columns alignwide is-layout-flex wp-container-core-columns-is-layout-9d6595d7 wp-block-columns-is-layout-flex\">\n<div class=\"wp-block-column bloc-gen-articles is-layout-flow wp-block-column-is-layout-flow\" style=\"flex-basis:100%\"><ul class=\"wp-block-latest-posts__list has-dates alignwide bloc-articles-listing  wp-block-latest-posts\"><li><div class=\"wp-block-latest-posts__featured-image alignleft\"><img loading=\"lazy\" decoding=\"async\" width=\"150\" height=\"150\" src=\"https:\/\/wp.unil.ch\/assises-recherche-fbm\/files\/2026\/02\/assisesrd_2-150x150.jpg\" class=\"attachment-thumbnail size-thumbnail wp-post-image\" alt=\"\" style=\"\" \/><\/div><a class=\"wp-block-latest-posts__post-title\" href=\"https:\/\/wp.unil.ch\/assises-recherche-fbm\/la-demarche-des-assises-de-la-recherche-durable-mises-en-lumiere-a-linternational\/\">La d\u00e9marche des Assises de la recherche durable mises en lumi\u00e8re \u00e0 l\u2019international<\/a><time datetime=\"2026-02-12T15:50:41+01:00\" class=\"wp-block-latest-posts__post-date\">12 f\u00e9vrier 2026<\/time><div class=\"wp-block-latest-posts__post-excerpt\">La d\u00e9marche des Assises de la recherche durable, port\u00e9e par la Facult\u00e9 de biologie et de m\u00e9decine de l\u2019Universit\u00e9 de Lausanne, suscite un int\u00e9r\u00eat qui d\u00e9passe le cadre national. Le\u2026 <a class=\"wp-block-latest-posts__read-more\" href=\"https:\/\/wp.unil.ch\/assises-recherche-fbm\/la-demarche-des-assises-de-la-recherche-durable-mises-en-lumiere-a-linternational\/\" rel=\"noopener noreferrer\">Lire la suite<span class=\"screen-reader-text\">\u00a0: La d\u00e9marche des Assises de la recherche durable mises en lumi\u00e8re \u00e0 l\u2019international<\/span><\/a><\/div><\/li>\n<li><div class=\"wp-block-latest-posts__featured-image alignleft\"><img loading=\"lazy\" decoding=\"async\" width=\"150\" height=\"150\" src=\"https:\/\/wp.unil.ch\/assises-recherche-fbm\/files\/2026\/01\/assisesrd_1-150x150.jpg\" class=\"attachment-thumbnail size-thumbnail wp-post-image\" alt=\"\" style=\"\" \/><\/div><a class=\"wp-block-latest-posts__post-title\" href=\"https:\/\/wp.unil.ch\/assises-recherche-fbm\/symposium-sur-la-recherche-durable\/\">Symposium sur la recherche durable<\/a><time datetime=\"2026-01-23T10:08:35+01:00\" class=\"wp-block-latest-posts__post-date\">23 janvier 2026<\/time><div class=\"wp-block-latest-posts__post-excerpt\">Face \u00e0 l\u2019ampleur des crises environnementales et sociales contemporaines, la recherche scientifique se trouve \u00e0 un moment charni\u00e8re de son histoire. Si elle joue un r\u00f4le central dans la production\u2026 <a class=\"wp-block-latest-posts__read-more\" href=\"https:\/\/wp.unil.ch\/assises-recherche-fbm\/symposium-sur-la-recherche-durable\/\" rel=\"noopener noreferrer\">Lire la suite<span class=\"screen-reader-text\">\u00a0: Symposium sur la recherche durable<\/span><\/a><\/div><\/li>\n<\/ul><\/div>\n<\/div>\n\n\n\n<div style=\"height:45px\" aria-hidden=\"true\" class=\"wp-block-spacer\"><\/div>\n\n\n\n<div class=\"wp-block-group alignfull has-background-color footer-custom-assises header-angle-footer has-white-color has-accent-background-color has-text-color has-background has-link-color wp-elements-2f031cefa852b9a4aadc54fcb2a80db3 is-vertical is-content-justification-center is-layout-flex wp-container-core-group-is-layout-8adbaf51 wp-block-group-is-layout-flex\" style=\"min-height:40vh;margin-top:0;margin-bottom:0;padding-top:var(--wp--preset--spacing--60);padding-right:var(--wp--preset--spacing--40);padding-bottom:var(--wp--preset--spacing--60);padding-left:var(--wp--preset--spacing--40)\">\n<div class=\"wp-block-columns alignwide has-small-font-size is-layout-flex wp-container-core-columns-is-layout-9d6595d7 wp-block-columns-is-layout-flex\">\n<div class=\"wp-block-column is-vertically-aligned-top is-layout-flow wp-block-column-is-layout-flow\" style=\"flex-basis:30%\">\n<figure class=\"wp-block-image size-full logo-footer\"><img alt=\"\" loading=\"lazy\" decoding=\"async\" width=\"860\" height=\"400\" src=\"https:\/\/wp.unil.ch\/assises-recherche-fbm\/files\/2026\/01\/unil-logotype-white-cmyk-250513_do-not-share.png\" alt=\"\" class=\"wp-image-983\" srcset=\"https:\/\/wp.unil.ch\/assises-recherche-fbm\/files\/2026\/01\/unil-logotype-white-cmyk-250513_do-not-share.png 860w, https:\/\/wp.unil.ch\/assises-recherche-fbm\/files\/2026\/01\/unil-logotype-white-cmyk-250513_do-not-share-300x140.png 300w, https:\/\/wp.unil.ch\/assises-recherche-fbm\/files\/2026\/01\/unil-logotype-white-cmyk-250513_do-not-share-768x357.png 768w\" sizes=\"auto, (max-width: 860px) 100vw, 860px\" \/><\/figure>\n<\/div>\n\n\n\n<div class=\"wp-block-column is-layout-flow wp-block-column-is-layout-flow\" style=\"flex-basis:70%\"><nav class=\"has-small-font-size items-justified-right is-vertical no-wrap alignwide wp-block-navigation is-content-justification-right is-nowrap is-layout-flex wp-container-core-navigation-is-layout-24ed7bd5 wp-block-navigation-is-layout-flex\" aria-label=\"Menu Fran\u00e7ais 2\"><ul class=\"wp-block-navigation__container has-small-font-size items-justified-right is-vertical no-wrap alignwide wp-block-navigation has-small-font-size\"><li class=\"has-small-font-size wp-block-navigation-item wp-block-navigation-link\"><a class=\"wp-block-navigation-item__content\"  href=\"https:\/\/wp.unil.ch\/assises-recherche-fbm\/\"><span class=\"wp-block-navigation-item__label\">Accueil<\/span><\/a><\/li><li class=\"has-small-font-size wp-block-navigation-item wp-block-navigation-link\"><a class=\"wp-block-navigation-item__content\"  href=\"https:\/\/wp.unil.ch\/assises-recherche-fbm\/les-assises\/\"><span class=\"wp-block-navigation-item__label\">Les Assises<\/span><\/a><\/li><li class=\"has-small-font-size wp-block-navigation-item wp-block-navigation-link\"><a class=\"wp-block-navigation-item__content\"  href=\"https:\/\/wp.unil.ch\/assises-recherche-fbm\/organisation\/\"><span class=\"wp-block-navigation-item__label\">L&rsquo;organisation<\/span><\/a><\/li><li class=\"has-small-font-size wp-block-navigation-item wp-block-navigation-link\"><a class=\"wp-block-navigation-item__content\"  href=\"https:\/\/wp.unil.ch\/assises-recherche-fbm\/actualites-infos\/\"><span class=\"wp-block-navigation-item__label\">Actualit\u00e9s<\/span><\/a><\/li><li class=\"has-small-font-size wp-block-navigation-item wp-block-navigation-link\"><a class=\"wp-block-navigation-item__content\"  href=\"https:\/\/wp.unil.ch\/assises-recherche-fbm\/contact\/\"><span class=\"wp-block-navigation-item__label\">Contact<\/span><\/a><\/li><\/ul><\/nav><\/div>\n<\/div>\n\n\n\n<div class=\"wp-block-group alignwide is-content-justification-center is-layout-flex wp-container-core-group-is-layout-5590e8cb wp-block-group-is-layout-flex\">\n<p class=\"has-text-align-center\" style=\"font-size:14px\">Copyrights \u00a9 2026 Tous droits r\u00e9serv\u00e9s &#8211; Les Assises de la recherche durable \u00e0 la FBM<\/p>\n<\/div>\n<\/div>\n","protected":false},"excerpt":{"rendered":"","protected":false},"author":1003094,"featured_media":0,"parent":0,"menu_order":0,"comment_status":"closed","ping_status":"closed","template":"","meta":{"_seopress_robots_primary_cat":"","_seopress_titles_title":"","_seopress_titles_desc":"","_seopress_robots_index":"","footnotes":""},"class_list":["post-228","page","type-page","status-publish"],"_links":{"self":[{"href":"https:\/\/wp.unil.ch\/assises-recherche-fbm\/wp-json\/wp\/v2\/pages\/228","targetHints":{"allow":["GET"]}}],"collection":[{"href":"https:\/\/wp.unil.ch\/assises-recherche-fbm\/wp-json\/wp\/v2\/pages"}],"about":[{"href":"https:\/\/wp.unil.ch\/assises-recherche-fbm\/wp-json\/wp\/v2\/types\/page"}],"author":[{"embeddable":true,"href":"https:\/\/wp.unil.ch\/assises-recherche-fbm\/wp-json\/wp\/v2\/users\/1003094"}],"replies":[{"embeddable":true,"href":"https:\/\/wp.unil.ch\/assises-recherche-fbm\/wp-json\/wp\/v2\/comments?post=228"}],"version-history":[{"count":5,"href":"https:\/\/wp.unil.ch\/assises-recherche-fbm\/wp-json\/wp\/v2\/pages\/228\/revisions"}],"predecessor-version":[{"id":1416,"href":"https:\/\/wp.unil.ch\/assises-recherche-fbm\/wp-json\/wp\/v2\/pages\/228\/revisions\/1416"}],"wp:attachment":[{"href":"https:\/\/wp.unil.ch\/assises-recherche-fbm\/wp-json\/wp\/v2\/media?parent=228"}],"curies":[{"name":"wp","href":"https:\/\/api.w.org\/{rel}","templated":true}]}}