{"id":1319,"date":"2026-02-12T13:21:38","date_gmt":"2026-02-12T12:21:38","guid":{"rendered":"https:\/\/wp.unil.ch\/assises-recherche-fbm\/?page_id=1319"},"modified":"2026-02-12T14:09:31","modified_gmt":"2026-02-12T13:09:31","slug":"session-1-cadre-et-vision","status":"publish","type":"page","link":"https:\/\/wp.unil.ch\/assises-recherche-fbm\/les-assises\/session-1-cadre-et-vision\/","title":{"rendered":"Session 1 \u2013 Cadre et vision"},"content":{"rendered":"\n<header class=\"wp-block-cover alignfull has-custom-content-position is-position-top-center header-angle header-fond-mobile\" style=\"padding-top:var(--wp--preset--spacing--30);padding-right:var(--wp--preset--spacing--30);padding-bottom:var(--wp--preset--spacing--30);padding-left:var(--wp--preset--spacing--30);min-height:484px;aspect-ratio:unset;\"><img alt=\"\" loading=\"lazy\" decoding=\"async\" width=\"1920\" height=\"1080\" class=\"wp-block-cover__image-background wp-image-1322 size-full\" alt=\"\" src=\"https:\/\/wp.unil.ch\/assises-recherche-fbm\/files\/2026\/02\/header-session01.jpg\" style=\"object-position:47% 21%\" data-object-fit=\"cover\" data-object-position=\"47% 21%\" srcset=\"https:\/\/wp.unil.ch\/assises-recherche-fbm\/files\/2026\/02\/header-session01.jpg 1920w, https:\/\/wp.unil.ch\/assises-recherche-fbm\/files\/2026\/02\/header-session01-300x169.jpg 300w, https:\/\/wp.unil.ch\/assises-recherche-fbm\/files\/2026\/02\/header-session01-1024x576.jpg 1024w, https:\/\/wp.unil.ch\/assises-recherche-fbm\/files\/2026\/02\/header-session01-768x432.jpg 768w, https:\/\/wp.unil.ch\/assises-recherche-fbm\/files\/2026\/02\/header-session01-1536x864.jpg 1536w, https:\/\/wp.unil.ch\/assises-recherche-fbm\/files\/2026\/02\/header-session01-1200x675.jpg 1200w\" sizes=\"auto, (max-width: 1920px) 100vw, 1920px\" \/><span aria-hidden=\"true\" class=\"wp-block-cover__background has-black-background-color has-background-dim-0 has-background-dim\"><\/span><div class=\"wp-block-cover__inner-container is-layout-flow wp-block-cover-is-layout-flow\">\n<div class=\"wp-block-group alignwide has-contrast-color has-text-color has-link-color wp-elements-b8ca610acc41b3b386bc5f3b0e672050 is-content-justification-space-between is-layout-flex wp-container-core-group-is-layout-fefaeca0 wp-block-group-is-layout-flex\" style=\"padding-top:var(--wp--preset--spacing--30);padding-right:var(--wp--preset--spacing--30);padding-bottom:var(--wp--preset--spacing--30);padding-left:var(--wp--preset--spacing--30)\">\n<div style=\"height:34px;width:0px\" aria-hidden=\"true\" class=\"wp-block-spacer\"><\/div>\n\n\n\n<div class=\"wp-block-group alignfull has-contrast-color has-text-color has-link-color wp-elements-5aff50a5f92a25601e4db205097026e2 is-content-justification-space-between is-layout-flex wp-container-core-group-is-layout-fefaeca0 wp-block-group-is-layout-flex\" style=\"padding-top:var(--wp--preset--spacing--30);padding-right:var(--wp--preset--spacing--30);padding-bottom:var(--wp--preset--spacing--30);padding-left:var(--wp--preset--spacing--30)\">\n<p class=\"logo-home-menu\" style=\"text-decoration:none\"><a href=\"https:\/\/wp.unil.ch\/assises-recherche-fbm\/\" data-type=\"page\" data-id=\"6\"><strong>Facult\u00e9 de biologie et de m\u00e9decine<br><\/strong>Assises de la recherche durable<\/a><\/p>\n\n\n<nav class=\"is-responsive items-justified-right wp-block-navigation is-content-justification-right is-layout-flex wp-container-core-navigation-is-layout-3817c3ed wp-block-navigation-is-layout-flex\" aria-label=\"Menu Fran\u00e7ais\" \n\t\t data-wp-interactive=\"core\/navigation\" data-wp-context='{\"overlayOpenedBy\":{\"click\":false,\"hover\":false,\"focus\":false},\"type\":\"overlay\",\"roleAttribute\":\"\",\"ariaLabel\":\"Menu\"}'><button aria-haspopup=\"dialog\" aria-label=\"Ouvrir le menu\" class=\"wp-block-navigation__responsive-container-open\" \n\t\t\t\tdata-wp-on--click=\"actions.openMenuOnClick\"\n\t\t\t\tdata-wp-on--keydown=\"actions.handleMenuKeydown\"\n\t\t\t><svg width=\"24\" height=\"24\" xmlns=\"http:\/\/www.w3.org\/2000\/svg\" viewBox=\"0 0 24 24\" aria-hidden=\"true\" focusable=\"false\"><path d=\"M4 7.5h16v1.5H4z\"><\/path><path d=\"M4 15h16v1.5H4z\"><\/path><\/svg><\/button>\n\t\t\t\t<div class=\"wp-block-navigation__responsive-container\"  id=\"modal-1\" \n\t\t\t\tdata-wp-class--has-modal-open=\"state.isMenuOpen\"\n\t\t\t\tdata-wp-class--is-menu-open=\"state.isMenuOpen\"\n\t\t\t\tdata-wp-watch=\"callbacks.initMenu\"\n\t\t\t\tdata-wp-on--keydown=\"actions.handleMenuKeydown\"\n\t\t\t\tdata-wp-on--focusout=\"actions.handleMenuFocusout\"\n\t\t\t\ttabindex=\"-1\"\n\t\t\t>\n\t\t\t\t\t<div class=\"wp-block-navigation__responsive-close\" tabindex=\"-1\">\n\t\t\t\t\t\t<div class=\"wp-block-navigation__responsive-dialog\" \n\t\t\t\tdata-wp-bind--aria-modal=\"state.ariaModal\"\n\t\t\t\tdata-wp-bind--aria-label=\"state.ariaLabel\"\n\t\t\t\tdata-wp-bind--role=\"state.roleAttribute\"\n\t\t\t>\n\t\t\t\t\t\t\t<button aria-label=\"Fermer le menu\" class=\"wp-block-navigation__responsive-container-close\" \n\t\t\t\tdata-wp-on--click=\"actions.closeMenuOnClick\"\n\t\t\t><svg xmlns=\"http:\/\/www.w3.org\/2000\/svg\" viewBox=\"0 0 24 24\" width=\"24\" height=\"24\" aria-hidden=\"true\" focusable=\"false\"><path d=\"m13.06 12 6.47-6.47-1.06-1.06L12 10.94 5.53 4.47 4.47 5.53 10.94 12l-6.47 6.47 1.06 1.06L12 13.06l6.47 6.47 1.06-1.06L13.06 12Z\"><\/path><\/svg><\/button>\n\t\t\t\t\t\t\t<div class=\"wp-block-navigation__responsive-container-content\" \n\t\t\t\tdata-wp-watch=\"callbacks.focusFirstElement\"\n\t\t\t id=\"modal-1-content\">\n\t\t\t\t\t\t\t\t<ul class=\"wp-block-navigation__container is-responsive items-justified-right wp-block-navigation\"><li class=\" wp-block-navigation-item wp-block-navigation-link\"><a class=\"wp-block-navigation-item__content\"  href=\"https:\/\/wp.unil.ch\/assises-recherche-fbm\/\"><span class=\"wp-block-navigation-item__label\">Accueil<\/span><\/a><\/li><li class=\" wp-block-navigation-item wp-block-navigation-link\"><a class=\"wp-block-navigation-item__content\"  href=\"https:\/\/wp.unil.ch\/assises-recherche-fbm\/les-assises\/\"><span class=\"wp-block-navigation-item__label\">Les Assises<\/span><\/a><\/li><li class=\" wp-block-navigation-item wp-block-navigation-link\"><a class=\"wp-block-navigation-item__content\"  href=\"https:\/\/wp.unil.ch\/assises-recherche-fbm\/organisation\/\"><span class=\"wp-block-navigation-item__label\">L&rsquo;organisation<\/span><\/a><\/li><li class=\" wp-block-navigation-item wp-block-navigation-link\"><a class=\"wp-block-navigation-item__content\"  href=\"https:\/\/wp.unil.ch\/assises-recherche-fbm\/actualites-infos\/\"><span class=\"wp-block-navigation-item__label\">Actualit\u00e9s<\/span><\/a><\/li><li class=\" wp-block-navigation-item wp-block-navigation-link\"><a class=\"wp-block-navigation-item__content\"  href=\"https:\/\/wp.unil.ch\/assises-recherche-fbm\/contact\/\"><span class=\"wp-block-navigation-item__label\">Contact<\/span><\/a><\/li><\/ul>\n\t\t\t\t\t\t\t<\/div>\n\t\t\t\t\t\t<\/div>\n\t\t\t\t\t<\/div>\n\t\t\t\t<\/div><\/nav><\/div>\n\n\n\n<div style=\"height:20px\" aria-hidden=\"true\" class=\"wp-block-spacer\"><\/div>\n<\/div>\n\n\n\n<h1 class=\"wp-block-heading alignwide has-text-align-left has-background-color has-text-color has-link-color wp-elements-0d19e7aa5a6064ab36dfe01d57ef7775\" style=\"font-size:60px\">Session 1 \u2013 Cadre et vision<\/h1>\n\n\n\n<div style=\"height:100px\" aria-hidden=\"true\" class=\"wp-block-spacer\"><\/div>\n<\/div><\/header>\n\n\n\n<div class=\"wp-block-columns alignwide is-layout-flex wp-container-core-columns-is-layout-9d6595d7 wp-block-columns-is-layout-flex\">\n<div class=\"wp-block-column is-layout-flow wp-block-column-is-layout-flow\">\n<p>La premi\u00e8re session des <strong>Assises de la recherche durable<\/strong> s\u2019est tenue le 26 janvier 2026 \u00e0 la Facult\u00e9 de biologie et de m\u00e9decine de l\u2019Universit\u00e9 de Lausanne. Elle a r\u00e9uni 70 pan\u00e9listes, aux profils et parcours vari\u00e9s, ainsi que les partenaires institutionnels du projet, pour lancer une r\u00e9flexion collective sur l\u2019avenir de la recherche \u00e0 l\u2019horizon 2037.<\/p>\n\n\n\n<p><br>Cette journ\u00e9e inaugurale avait pour objectif de poser le cadre de la d\u00e9marche, d\u2019en expliciter les enjeux et d\u2019ouvrir un espace de dialogue autour des tensions, des attentes et des leviers d\u2019action li\u00e9s \u00e0 la recherche durable. Les interventions introductives ont rappel\u00e9 la responsabilit\u00e9 particuli\u00e8re de la recherche face aux limites plan\u00e9taires, tout en soulignant la n\u00e9cessit\u00e9 de pr\u00e9server les conditions d\u2019une recherche rigoureuse, ind\u00e9pendante et socialement utile.<br>Les pan\u00e9listes ont ensuite \u00e9t\u00e9 invit\u00e9s \u00e0 travailler en groupes, \u00e0 partager leurs motivations, leurs pr\u00e9occupations et leurs besoins, puis \u00e0 explorer collectivement plusieurs questions cl\u00e9s, notamment autour des pratiques de recherche, des conditions de travail et des marges de transformation possibles. La journ\u00e9e a \u00e9galement permis de d\u00e9couvrir des outils m\u00e9thodologiques, dont le cadre du \u00ab donut \u00bb, mobilis\u00e9 pour interroger les impacts sociaux et environnementaux de la recherche.<br>Cette premi\u00e8re session marque une \u00e9tape fondatrice du processus des Assises. Elle a permis de poser les bases d\u2019un travail d\u00e9lib\u00e9ratif appel\u00e9 \u00e0 se poursuivre lors des prochaines rencontres.<\/p>\n<\/div>\n<\/div>\n\n\n\n<div class=\"wp-block-buttons alignwide is-vertical is-content-justification-center is-layout-flex wp-container-core-buttons-is-layout-9a7cdcfd wp-block-buttons-is-layout-flex\">\n<div class=\"wp-block-button btn-durable is-style-fill\"><a class=\"wp-block-button__link has-background wp-element-button\" href=\"https:\/\/wp.unil.ch\/assises-recherche-fbm\/files\/2026\/02\/assises1-compte-rendu_enpage_v0.pdf\" style=\"border-top-left-radius:54px;border-top-right-radius:54px;border-bottom-left-radius:54px;border-bottom-right-radius:54px;background-color:#fc5673\" target=\"_blank\" rel=\"noreferrer noopener nofollow\"><strong>T\u00e9l\u00e9charger le compte rendu d\u00e9taill\u00e9 de la journ\u00e9e<\/strong><\/a><\/div>\n\n\n\n<div class=\"wp-block-button is-style-fill\"><a class=\"wp-block-button__link has-background wp-element-button\" href=\"https:\/\/wp.unil.ch\/assises-recherche-fbm\/files\/2026\/02\/slides_260126_ard_session-1.pdf\" style=\"border-top-left-radius:54px;border-top-right-radius:54px;border-bottom-left-radius:54px;border-bottom-right-radius:54px;background-color:#fc5673\" target=\"_blank\" rel=\"noreferrer noopener nofollow\"><strong>T\u00e9l\u00e9charger les slides de pr\u00e9sentation<\/strong><\/a><\/div>\n<\/div>\n\n\n\n<p><\/p>\n","protected":false},"excerpt":{"rendered":"<p>La premi\u00e8re session des Assises de la recherche durable s\u2019est tenue le 26 janvier 2026 \u00e0 la Facult\u00e9 de biologie et de m\u00e9decine de l\u2019Universit\u00e9 de Lausanne. Elle a r\u00e9uni 70 pan\u00e9listes, aux profils et parcours vari\u00e9s, ainsi que les partenaires institutionnels du projet, pour lancer une r\u00e9flexion collective sur l\u2019avenir de la recherche \u00e0 [&hellip;]<\/p>\n","protected":false},"author":1003096,"featured_media":0,"parent":217,"menu_order":0,"comment_status":"closed","ping_status":"closed","template":"","meta":{"_seopress_robots_primary_cat":"","_seopress_titles_title":"","_seopress_titles_desc":"","_seopress_robots_index":"","footnotes":""},"class_list":["post-1319","page","type-page","status-publish"],"_links":{"self":[{"href":"https:\/\/wp.unil.ch\/assises-recherche-fbm\/wp-json\/wp\/v2\/pages\/1319","targetHints":{"allow":["GET"]}}],"collection":[{"href":"https:\/\/wp.unil.ch\/assises-recherche-fbm\/wp-json\/wp\/v2\/pages"}],"about":[{"href":"https:\/\/wp.unil.ch\/assises-recherche-fbm\/wp-json\/wp\/v2\/types\/page"}],"author":[{"embeddable":true,"href":"https:\/\/wp.unil.ch\/assises-recherche-fbm\/wp-json\/wp\/v2\/users\/1003096"}],"replies":[{"embeddable":true,"href":"https:\/\/wp.unil.ch\/assises-recherche-fbm\/wp-json\/wp\/v2\/comments?post=1319"}],"version-history":[{"count":5,"href":"https:\/\/wp.unil.ch\/assises-recherche-fbm\/wp-json\/wp\/v2\/pages\/1319\/revisions"}],"predecessor-version":[{"id":1341,"href":"https:\/\/wp.unil.ch\/assises-recherche-fbm\/wp-json\/wp\/v2\/pages\/1319\/revisions\/1341"}],"up":[{"embeddable":true,"href":"https:\/\/wp.unil.ch\/assises-recherche-fbm\/wp-json\/wp\/v2\/pages\/217"}],"wp:attachment":[{"href":"https:\/\/wp.unil.ch\/assises-recherche-fbm\/wp-json\/wp\/v2\/media?parent=1319"}],"curies":[{"name":"wp","href":"https:\/\/api.w.org\/{rel}","templated":true}]}}