{"id":268,"date":"2026-01-18T17:00:55","date_gmt":"2026-01-18T17:00:55","guid":{"rendered":"https:\/\/wp.unil.ch\/asera\/?page_id=268"},"modified":"2026-01-18T17:00:55","modified_gmt":"2026-01-18T17:00:55","slug":"comite","status":"publish","type":"page","link":"https:\/\/wp.unil.ch\/asera\/comite\/","title":{"rendered":"Comit\u00e9"},"content":{"rendered":"\n<div class=\"wp-block-columns is-layout-flex wp-container-core-columns-is-layout-9d6595d7 wp-block-columns-is-layout-flex\">\n<div class=\"wp-block-column is-layout-flow wp-block-column-is-layout-flow\">\n<p>Sophie Delbarre-B\u00e4rtschi, pr\u00e9sidente<br><br>Evelyne Broillet-Ramjou\u00e9, vice-pr\u00e9sidente<br><br>Alexandra Sp\u00fchler, tr\u00e9sori\u00e8re<br><br>Caroline Kneub\u00fchl, secr\u00e9taire<br><br>Michel Fuchs<\/p>\n<\/div>\n<\/div>\n\n\n\n<p><\/p>\n","protected":false},"excerpt":{"rendered":"<p>Sophie Delbarre-B\u00e4rtschi, pr\u00e9sidente Evelyne Broillet-Ramjou\u00e9, vice-pr\u00e9sidente Alexandra Sp\u00fchler, tr\u00e9sori\u00e8re Caroline Kneub\u00fchl, secr\u00e9taire Michel Fuchs<\/p>\n","protected":false},"author":1003101,"featured_media":0,"parent":0,"menu_order":0,"comment_status":"closed","ping_status":"closed","template":"","meta":{"_seopress_robots_primary_cat":"","_seopress_titles_title":"","_seopress_titles_desc":"","_seopress_robots_index":"","footnotes":""},"class_list":["post-268","page","type-page","status-publish","has-post-thumbnail"],"_links":{"self":[{"href":"https:\/\/wp.unil.ch\/asera\/wp-json\/wp\/v2\/pages\/268","targetHints":{"allow":["GET"]}}],"collection":[{"href":"https:\/\/wp.unil.ch\/asera\/wp-json\/wp\/v2\/pages"}],"about":[{"href":"https:\/\/wp.unil.ch\/asera\/wp-json\/wp\/v2\/types\/page"}],"author":[{"embeddable":true,"href":"https:\/\/wp.unil.ch\/asera\/wp-json\/wp\/v2\/users\/1003101"}],"replies":[{"embeddable":true,"href":"https:\/\/wp.unil.ch\/asera\/wp-json\/wp\/v2\/comments?post=268"}],"version-history":[{"count":2,"href":"https:\/\/wp.unil.ch\/asera\/wp-json\/wp\/v2\/pages\/268\/revisions"}],"predecessor-version":[{"id":270,"href":"https:\/\/wp.unil.ch\/asera\/wp-json\/wp\/v2\/pages\/268\/revisions\/270"}],"wp:attachment":[{"href":"https:\/\/wp.unil.ch\/asera\/wp-json\/wp\/v2\/media?parent=268"}],"curies":[{"name":"wp","href":"https:\/\/api.w.org\/{rel}","templated":true}]}}