{"id":238,"date":"2026-01-18T14:26:24","date_gmt":"2026-01-18T14:26:24","guid":{"rendered":"https:\/\/wp.unil.ch\/asera\/?page_id=238"},"modified":"2026-01-19T17:15:30","modified_gmt":"2026-01-19T17:15:30","slug":"developper-et-maintenir-une-recherche","status":"publish","type":"page","link":"https:\/\/wp.unil.ch\/asera\/","title":{"rendered":"Association suisse pour l&rsquo;\u00e9tude des rev\u00eatements antiques"},"content":{"rendered":"\n<p class=\"has-text-align-left\">Association \u00e0 but non lucratif, l&rsquo;ASERA encourage la recherche interdisciplinaire sur les rev\u00eatements antiques (mosa\u00efques, fresques, stucs et placages), et accompagne des projets de terrain, d&rsquo;\u00e9tude et de diffusion scientifique.<\/p>\n\n\n\n<figure class=\"wp-block-image size-large\"><a href=\"https:\/\/wp.unil.ch\/asera\/files\/2018\/03\/Pully-.-gr.0.-insitu.jpg\"><img alt=\"\" loading=\"lazy\" decoding=\"async\" width=\"1024\" height=\"794\" src=\"https:\/\/wp.unil.ch\/asera\/files\/2018\/03\/Pully-.-gr.0.-insitu-1024x794.jpg\" alt=\"\" class=\"wp-image-73\" srcset=\"https:\/\/wp.unil.ch\/asera\/files\/2018\/03\/Pully-.-gr.0.-insitu-1024x794.jpg 1024w, https:\/\/wp.unil.ch\/asera\/files\/2018\/03\/Pully-.-gr.0.-insitu-300x233.jpg 300w, https:\/\/wp.unil.ch\/asera\/files\/2018\/03\/Pully-.-gr.0.-insitu-768x596.jpg 768w, https:\/\/wp.unil.ch\/asera\/files\/2018\/03\/Pully-.-gr.0.-insitu-624x484.jpg 624w, https:\/\/wp.unil.ch\/asera\/files\/2018\/03\/Pully-.-gr.0.-insitu.jpg 1547w\" sizes=\"auto, (max-width: 1024px) 100vw, 1024px\" \/><\/a><\/figure>\n","protected":false},"excerpt":{"rendered":"<p>Association \u00e0 but non lucratif, l&rsquo;ASERA encourage la recherche interdisciplinaire sur les rev\u00eatements antiques (mosa\u00efques, fresques, stucs et placages), et accompagne des projets de terrain, d&rsquo;\u00e9tude et de&hellip;<\/p>\n","protected":false},"author":1003101,"featured_media":0,"parent":0,"menu_order":0,"comment_status":"closed","ping_status":"closed","template":"","meta":{"_seopress_robots_primary_cat":"","_seopress_titles_title":"","_seopress_titles_desc":"","_seopress_robots_index":"","footnotes":""},"class_list":["post-238","page","type-page","status-publish","has-post-thumbnail"],"_links":{"self":[{"href":"https:\/\/wp.unil.ch\/asera\/wp-json\/wp\/v2\/pages\/238","targetHints":{"allow":["GET"]}}],"collection":[{"href":"https:\/\/wp.unil.ch\/asera\/wp-json\/wp\/v2\/pages"}],"about":[{"href":"https:\/\/wp.unil.ch\/asera\/wp-json\/wp\/v2\/types\/page"}],"author":[{"embeddable":true,"href":"https:\/\/wp.unil.ch\/asera\/wp-json\/wp\/v2\/users\/1003101"}],"replies":[{"embeddable":true,"href":"https:\/\/wp.unil.ch\/asera\/wp-json\/wp\/v2\/comments?post=238"}],"version-history":[{"count":5,"href":"https:\/\/wp.unil.ch\/asera\/wp-json\/wp\/v2\/pages\/238\/revisions"}],"predecessor-version":[{"id":294,"href":"https:\/\/wp.unil.ch\/asera\/wp-json\/wp\/v2\/pages\/238\/revisions\/294"}],"wp:attachment":[{"href":"https:\/\/wp.unil.ch\/asera\/wp-json\/wp\/v2\/media?parent=238"}],"curies":[{"name":"wp","href":"https:\/\/api.w.org\/{rel}","templated":true}]}}