{"id":2,"date":"2013-01-30T11:02:03","date_gmt":"2013-01-30T11:02:03","guid":{"rendered":"http:\/\/wp.unil.ch\/asera\/?page_id=2"},"modified":"2026-01-18T16:24:52","modified_gmt":"2026-01-18T16:24:52","slug":"sample-page","status":"publish","type":"page","link":"https:\/\/wp.unil.ch\/asera\/sample-page\/","title":{"rendered":"Adh\u00e9rer \/ Soutenir"},"content":{"rendered":"\n<p>Peut devenir membre de l\u2019ASERA, selon l\u2019une des trois modalit\u00e9s d\u2019adh\u00e9sion, toute personne ou institution int\u00e9ress\u00e9e par ce domaine de l\u2019arch\u00e9ologie.<\/p>\n\n\n\n<p>L\u2019adh\u00e9sion comme membre actif est r\u00e9serv\u00e9e aux professionnels d\u00e9sirant participer \u00e0 son d\u00e9veloppement, et \u00e0 ce titre, prendre part aux projets de l\u2019Association.<\/p>\n\n\n\n<p><del><\/del>Les adh\u00e9sions comme membre sympathisant ou collectif sont destin\u00e9es \u00e0 soutenir l\u2019effort de l\u2019ASERA et suivre son action. Les candidatures sont \u00e9crites et r\u00e9serv\u00e9es \u00e0 l\u2019approbation de l\u2019assembl\u00e9e g\u00e9n\u00e9rale.<\/p>\n\n\n\n<div class=\"wp-block-columns is-layout-flex wp-container-core-columns-is-layout-9d6595d7 wp-block-columns-is-layout-flex\">\n<div class=\"wp-block-column is-layout-flow wp-block-column-is-layout-flow\">\n<p><span style=\"color: #008ae6\"><strong>Cotisations annuelles<\/strong><\/span><\/p>\n\n\n\n<p><strong>Membres actifs<\/strong><br> frs. 80.-<br> frs. 40.- (formation \/ ch\u00f4mage)<br> <strong>Membres sympathisants<\/strong><br> frs. 50.-<br> <strong>Membres collectifs<\/strong><br> frs. 120.-<\/p>\n<\/div>\n\n\n\n<div class=\"wp-block-column is-layout-flow wp-block-column-is-layout-flow\"><\/div>\n<\/div>\n\n\n\n<p><\/p>\n","protected":false},"excerpt":{"rendered":"<p>Peut devenir membre de l\u2019ASERA, selon l\u2019une des trois modalit\u00e9s d\u2019adh\u00e9sion, toute personne ou institution int\u00e9ress\u00e9e par ce domaine de l\u2019arch\u00e9ologie. L\u2019adh\u00e9sion comme membre actif est r\u00e9serv\u00e9e aux&hellip;<\/p>\n","protected":false},"author":1170,"featured_media":0,"parent":0,"menu_order":0,"comment_status":"closed","ping_status":"closed","template":"","meta":{"_seopress_robots_primary_cat":"","_seopress_titles_title":"","_seopress_titles_desc":"","_seopress_robots_index":"","footnotes":""},"class_list":["post-2","page","type-page","status-publish","has-post-thumbnail"],"_links":{"self":[{"href":"https:\/\/wp.unil.ch\/asera\/wp-json\/wp\/v2\/pages\/2","targetHints":{"allow":["GET"]}}],"collection":[{"href":"https:\/\/wp.unil.ch\/asera\/wp-json\/wp\/v2\/pages"}],"about":[{"href":"https:\/\/wp.unil.ch\/asera\/wp-json\/wp\/v2\/types\/page"}],"author":[{"embeddable":true,"href":"https:\/\/wp.unil.ch\/asera\/wp-json\/wp\/v2\/users\/1170"}],"replies":[{"embeddable":true,"href":"https:\/\/wp.unil.ch\/asera\/wp-json\/wp\/v2\/comments?post=2"}],"version-history":[{"count":4,"href":"https:\/\/wp.unil.ch\/asera\/wp-json\/wp\/v2\/pages\/2\/revisions"}],"predecessor-version":[{"id":260,"href":"https:\/\/wp.unil.ch\/asera\/wp-json\/wp\/v2\/pages\/2\/revisions\/260"}],"wp:attachment":[{"href":"https:\/\/wp.unil.ch\/asera\/wp-json\/wp\/v2\/media?parent=2"}],"curies":[{"name":"wp","href":"https:\/\/api.w.org\/{rel}","templated":true}]}}