{"id":8,"date":"2013-06-25T16:13:20","date_gmt":"2013-06-25T14:13:20","guid":{"rendered":"http:\/\/wp.unil.ch\/arretssurimages\/?page_id=8"},"modified":"2017-12-01T09:03:41","modified_gmt":"2017-12-01T08:03:41","slug":"au-coeur-du-racisme","status":"publish","type":"page","link":"https:\/\/wp.unil.ch\/arretssurimages\/videos\/au-coeur-du-racisme\/","title":{"rendered":"Au c\u0153ur du racisme"},"content":{"rendered":"<div style=\"width: 640px;\" class=\"wp-video\"><video class=\"wp-video-shortcode\" id=\"video-8-1\" width=\"640\" height=\"480\" poster=\"https:\/\/av.unil.ch\/hva\/1194\/au-coeur-du-racisme-640-480.png\" controls=\"controls\"><source type=\"video\/mp4\" src=\"https:\/\/av.unil.ch\/hva\/1194\/au-coeur-du-racisme-640-480.mp4?_=1\" \/><source type=\"video\/webm\" src=\"https:\/\/av.unil.ch\/hva\/1194\/au-coeur-du-racisme-640-480.webm?_=1\" \/><a href=\"https:\/\/av.unil.ch\/hva\/1194\/au-coeur-du-racisme-640-480.mp4\">https:\/\/av.unil.ch\/hva\/1194\/au-coeur-du-racisme-640-480.mp4<\/a><\/video><\/div>\n<p style=\"text-align: justify\">Cette vid\u00e9o pr\u00e9sente une production de la T\u00e9l\u00e9vision Suisse Romande, Au c\u0153ur du racisme, diffus\u00e9e pour la premi\u00e8re fois sur la cha\u00eene en 1984. A partir d\u2019un bref extrait, le r\u00f4le des diff\u00e9rents \u00ab acteurs \u00bb (r\u00e9alisateur, m\u00e9diateur, participants, \u00e9quipe technique), ainsi que les buts et sp\u00e9cificit\u00e9s tant th\u00e9matiques que formelles de l\u2019\u00e9mission sont mis en avant. Celle-ci est ensuite inscrite dans un contexte politique, m\u00e9diatique, et surtout t\u00e9l\u00e9visuel, plus large.<\/p>\n<p style=\"text-align: justify\">L&rsquo;int\u00e9grale de l&rsquo;\u00e9mission sur le site des Archives de la Radio T\u00e9l\u00e9vision Suisse: <a href=\"https:\/\/www.rts.ch\/archives\/tv\/information\/3474988-au-coeur-du-racisme.html\" target=\"_blank\">premi\u00e8re partie<\/a> ; <a href=\"https:\/\/www.rts.ch\/archives\/tv\/information\/3474989-au-coeur-du-racisme.html\" target=\"_blank\">deuxi\u00e8me partie.<\/a><\/p>\n","protected":false},"excerpt":{"rendered":"<p>Cette vid\u00e9o pr\u00e9sente une production de la T\u00e9l\u00e9vision Suisse Romande, Au c\u0153ur du racisme, diffus\u00e9e pour la premi\u00e8re fois sur la cha\u00eene en 1984. A partir d\u2019un bref extrait, le r\u00f4le des diff\u00e9rents \u00ab acteurs \u00bb (r\u00e9alisateur, m\u00e9diateur, participants, \u00e9quipe<\/p>\n","protected":false},"author":825,"featured_media":0,"parent":20,"menu_order":0,"comment_status":"closed","ping_status":"closed","template":"","meta":{"_seopress_robots_primary_cat":"","_seopress_titles_title":"","_seopress_titles_desc":"","_seopress_robots_index":"","ngg_post_thumbnail":0,"footnotes":""},"class_list":["post-8","page","type-page","status-publish"],"_links":{"self":[{"href":"https:\/\/wp.unil.ch\/arretssurimages\/wp-json\/wp\/v2\/pages\/8","targetHints":{"allow":["GET"]}}],"collection":[{"href":"https:\/\/wp.unil.ch\/arretssurimages\/wp-json\/wp\/v2\/pages"}],"about":[{"href":"https:\/\/wp.unil.ch\/arretssurimages\/wp-json\/wp\/v2\/types\/page"}],"author":[{"embeddable":true,"href":"https:\/\/wp.unil.ch\/arretssurimages\/wp-json\/wp\/v2\/users\/825"}],"replies":[{"embeddable":true,"href":"https:\/\/wp.unil.ch\/arretssurimages\/wp-json\/wp\/v2\/comments?post=8"}],"version-history":[{"count":0,"href":"https:\/\/wp.unil.ch\/arretssurimages\/wp-json\/wp\/v2\/pages\/8\/revisions"}],"up":[{"embeddable":true,"href":"https:\/\/wp.unil.ch\/arretssurimages\/wp-json\/wp\/v2\/pages\/20"}],"wp:attachment":[{"href":"https:\/\/wp.unil.ch\/arretssurimages\/wp-json\/wp\/v2\/media?parent=8"}],"curies":[{"name":"wp","href":"https:\/\/api.w.org\/{rel}","templated":true}]}}