{"id":11,"date":"2013-06-25T16:14:02","date_gmt":"2013-06-25T14:14:02","guid":{"rendered":"http:\/\/wp.unil.ch\/arretssurimages\/?page_id=11"},"modified":"2017-12-01T09:05:09","modified_gmt":"2017-12-01T08:05:09","slug":"zarka","status":"publish","type":"page","link":"https:\/\/wp.unil.ch\/arretssurimages\/videos\/zarka\/","title":{"rendered":"Zarka"},"content":{"rendered":"<div style=\"width: 640px;\" class=\"wp-video\"><video class=\"wp-video-shortcode\" id=\"video-11-1\" width=\"640\" height=\"480\" poster=\"https:\/\/av.unil.ch\/hva\/1194\/zarka-640-480.png\" controls=\"controls\"><source type=\"video\/mp4\" src=\"https:\/\/av.unil.ch\/hva\/1194\/zarka-640-480.mp4?_=1\" \/><source type=\"video\/webm\" src=\"https:\/\/av.unil.ch\/hva\/1194\/zarka-640-480.webm?_=1\" \/><a href=\"https:\/\/av.unil.ch\/hva\/1194\/zarka-640-480.mp4\">https:\/\/av.unil.ch\/hva\/1194\/zarka-640-480.mp4<\/a><\/video><\/div>\n<p style=\"text-align: justify\">En 1983, la T\u00e9l\u00e9vision suisse romande revient sur l\u2019affaire Zarka sous la forme d\u2019un docu-fiction. La mise en sc\u00e8ne du d\u00e9tournement, en 1970, de trois avions dont un appartenant \u00e0 la compagnie Swissair, donnera lieu \u00e0 un d\u00e9bat r\u00e9unissant des ex-otages, l\u2019ancien Conseiller f\u00e9d\u00e9ral Pierre Graber et des repr\u00e9sentants de la Croix-Rouge, impliqu\u00e9e dans la r\u00e9solution de cette crise. Des articles de presse et des documents in\u00e9dits \u00e9clairent la vive pol\u00e9mique soulev\u00e9e par cette \u00e9mission.<\/p>\n","protected":false},"excerpt":{"rendered":"<p>En 1983, la T\u00e9l\u00e9vision suisse romande revient sur l\u2019affaire Zarka sous la forme d\u2019un docu-fiction. La mise en sc\u00e8ne du d\u00e9tournement, en 1970, de trois avions dont un appartenant \u00e0 la compagnie Swissair, donnera lieu \u00e0 un d\u00e9bat r\u00e9unissant des<\/p>\n","protected":false},"author":825,"featured_media":0,"parent":20,"menu_order":2,"comment_status":"closed","ping_status":"closed","template":"","meta":{"_seopress_robots_primary_cat":"","_seopress_titles_title":"","_seopress_titles_desc":"","_seopress_robots_index":"","ngg_post_thumbnail":0,"footnotes":""},"class_list":["post-11","page","type-page","status-publish"],"_links":{"self":[{"href":"https:\/\/wp.unil.ch\/arretssurimages\/wp-json\/wp\/v2\/pages\/11","targetHints":{"allow":["GET"]}}],"collection":[{"href":"https:\/\/wp.unil.ch\/arretssurimages\/wp-json\/wp\/v2\/pages"}],"about":[{"href":"https:\/\/wp.unil.ch\/arretssurimages\/wp-json\/wp\/v2\/types\/page"}],"author":[{"embeddable":true,"href":"https:\/\/wp.unil.ch\/arretssurimages\/wp-json\/wp\/v2\/users\/825"}],"replies":[{"embeddable":true,"href":"https:\/\/wp.unil.ch\/arretssurimages\/wp-json\/wp\/v2\/comments?post=11"}],"version-history":[{"count":0,"href":"https:\/\/wp.unil.ch\/arretssurimages\/wp-json\/wp\/v2\/pages\/11\/revisions"}],"up":[{"embeddable":true,"href":"https:\/\/wp.unil.ch\/arretssurimages\/wp-json\/wp\/v2\/pages\/20"}],"wp:attachment":[{"href":"https:\/\/wp.unil.ch\/arretssurimages\/wp-json\/wp\/v2\/media?parent=11"}],"curies":[{"name":"wp","href":"https:\/\/api.w.org\/{rel}","templated":true}]}}