{"id":936,"date":"2017-03-15T00:04:17","date_gmt":"2017-03-14T23:04:17","guid":{"rendered":"http:\/\/wp.unil.ch\/archipelessais\/?page_id=936"},"modified":"2017-03-15T00:30:00","modified_gmt":"2017-03-14T23:30:00","slug":"volume-23","status":"publish","type":"page","link":"https:\/\/wp.unil.ch\/archipelessais\/volume-23\/","title":{"rendered":"Volume 23"},"content":{"rendered":"<p><strong>Des mondes possibles, des romans de J\u00e9r\u00f4me Ferrari<\/strong><\/p>\n<p><strong>Mathilde Zbaeren<br \/>\n<\/strong>Postface de J\u00e9r\u00f4me Meizoz,<br \/>\navec une pr\u00e9face de J\u00e9r\u00f4me Ferrari, 2017.<a href=\"https:\/\/wp.unil.ch\/archipelessais\/files\/2017\/03\/vol_23_1e_couv_petit.jpg\" rel=\"attachment wp-att-889\"><img alt=\"\" loading=\"lazy\" decoding=\"async\" class=\"alignright wp-image-947\" src=\"https:\/\/wp.unil.ch\/archipelessais\/files\/2017\/03\/vol_23_1e_couv_petit.jpg\" alt=\"\" width=\"225\" height=\"375\" srcset=\"https:\/\/wp.unil.ch\/archipelessais\/files\/2017\/03\/vol_23_1e_couv_petit.jpg 383w, https:\/\/wp.unil.ch\/archipelessais\/files\/2017\/03\/vol_23_1e_couv_petit-90x150.jpg 90w, https:\/\/wp.unil.ch\/archipelessais\/files\/2017\/03\/vol_23_1e_couv_petit-180x300.jpg 180w\" sizes=\"auto, (max-width: 225px) 100vw, 225px\" \/><\/a><\/p>\n<p>Comment d\u00e9finir ce qu\u2019est un monde ? Comment expliquer la chute irr\u00e9m\u00e9diable des empires b\u00e2tis par l\u2019homme ? Quelle voie choisir d\u00e8s lors que la condition humaine se r\u00e9v\u00e8le tragique ? Telles sont les implications philosophiques des sept romans de J\u00e9r\u00f4me Ferrari parus \u00e0 ce jour. Ces r\u00e9cits ne se r\u00e9duisent cependant pas \u00e0 de simples questionnements ; ils permettent \u00e0 la philosophie de \u00ab parler la prose du monde \u00bb. C\u2019est ainsi, par des trames narratives aux qualit\u00e9s proprement romanesques, fa\u00e7onnant des intrigues captivantes et des personnages cr\u00e9dibles, autant qu\u2019un univers coh\u00e9rent, que l\u2019auteur offre dans ses romans le d\u00e9voilement d\u2019une v\u00e9rit\u00e9 m\u00e9taphysique.<\/p>\n<p>Afin de susciter un sentiment d\u2019empathie chez le lecteur et d\u2019emp\u00eacher toute identification na\u00efve de sa part, J\u00e9r\u00f4me Ferrari \u00e9labore des r\u00e9cits \u00e0 la structure complexe et \u00e0 la narration polyphonique. Chaque voix porte un univers fictionnel dans lequel les conceptions du monde comme les d\u00e9sirs s\u2019opposent sans se r\u00e9soudre, mais o\u00f9 le chaos finit par former l\u2019harmonie. Au-dessus du tumulte s\u2019\u00e9l\u00e8ve alors une voix, celle de l\u2019oeuvre. Ainsi, par l\u2019\u00e9tude des aspects structurels, th\u00e9matiques et narratifs traversant l\u2019ensemble des romans de J\u00e9r\u00f4me Ferrari, cet essai se propose de mettre en lumi\u00e8re les contours et les principaux \u00e9l\u00e9ments de son univers romanesque.<\/p>\n<p>M. Z.<\/p>\n<p>124 p.<\/p>\n<p><a href=\"https:\/\/wp.unil.ch\/archipelessais\/files\/2017\/03\/Sommaire_vol_23.pdf\">Sommaire<br \/>\n<\/a><a href=\"https:\/\/wp.unil.ch\/archipelessais\/files\/2017\/03\/Extrait_preface_vol_23.pdf\">Extrait de la pr\u00e9face de J\u00e9r\u00f4me Ferrari<\/a><a href=\"https:\/\/wp.unil.ch\/archipelessais\/files\/2016\/01\/archipel_22_sommaire.pdf\"><br \/>\n<\/a><a href=\"https:\/\/wp.unil.ch\/archipelessais\/files\/2017\/03\/Schema_1_vol_23.pdf\">Sch\u00e9ma 1<\/a><a href=\"https:\/\/wp.unil.ch\/archipelessais\/files\/2016\/01\/archipel_22_sommaire.pdf\"><br \/>\n<\/a><a href=\"https:\/\/wp.unil.ch\/archipelessais\/commande\/\">Commande<\/a><\/p>\n<p>Exemplaires en vente chez Basta ! (Dorigny), Payot (Lausanne), La Fontaine (Vevey).<\/p>\n","protected":false},"excerpt":{"rendered":"<p>Des mondes possibles, des romans de J\u00e9r\u00f4me Ferrari Mathilde Zbaeren Postface de J\u00e9r\u00f4me Meizoz, avec une pr\u00e9face de J\u00e9r\u00f4me Ferrari, 2017. Comment d\u00e9finir ce qu\u2019est un monde ? Comment expliquer &hellip; <\/p>\n","protected":false},"author":1002007,"featured_media":0,"parent":0,"menu_order":0,"comment_status":"closed","ping_status":"closed","template":"","meta":{"_seopress_robots_primary_cat":"","_seopress_titles_title":"","_seopress_titles_desc":"","_seopress_robots_index":"","footnotes":""},"class_list":["post-936","page","type-page","status-publish"],"_links":{"self":[{"href":"https:\/\/wp.unil.ch\/archipelessais\/wp-json\/wp\/v2\/pages\/936","targetHints":{"allow":["GET"]}}],"collection":[{"href":"https:\/\/wp.unil.ch\/archipelessais\/wp-json\/wp\/v2\/pages"}],"about":[{"href":"https:\/\/wp.unil.ch\/archipelessais\/wp-json\/wp\/v2\/types\/page"}],"author":[{"embeddable":true,"href":"https:\/\/wp.unil.ch\/archipelessais\/wp-json\/wp\/v2\/users\/1002007"}],"replies":[{"embeddable":true,"href":"https:\/\/wp.unil.ch\/archipelessais\/wp-json\/wp\/v2\/comments?post=936"}],"version-history":[{"count":0,"href":"https:\/\/wp.unil.ch\/archipelessais\/wp-json\/wp\/v2\/pages\/936\/revisions"}],"wp:attachment":[{"href":"https:\/\/wp.unil.ch\/archipelessais\/wp-json\/wp\/v2\/media?parent=936"}],"curies":[{"name":"wp","href":"https:\/\/api.w.org\/{rel}","templated":true}]}}