{"id":874,"date":"2016-01-15T02:54:15","date_gmt":"2016-01-15T01:54:15","guid":{"rendered":"http:\/\/wp.unil.ch\/archipelessais\/?page_id=874"},"modified":"2017-03-14T23:33:00","modified_gmt":"2017-03-14T22:33:00","slug":"volume-21","status":"publish","type":"page","link":"https:\/\/wp.unil.ch\/archipelessais\/volume-21\/","title":{"rendered":"Volume 21"},"content":{"rendered":"<p><strong>\u00c0 propos du\u00a0\u00ab style\u00a0\u00bb de Houellebecq<br \/>\n<\/strong>Retour sur une controverse (1998-2010)<\/p>\n<p><strong>Samuel Estier<br \/>\n<\/strong>Postface de J\u00e9r\u00f4me Meizoz, 2015.<\/p>\n<p>\u00ab Si le style de Lovecraft est d\u00e9plorable, on peut <a href=\"https:\/\/wp.unil.ch\/archipelessais\/files\/2016\/01\/archipel_21_1e_couverture_web-1.jpg\" rel=\"attachment wp-att-889\"><img loading=\"lazy\" decoding=\"async\" class=\"alignright wp-image-889\" src=\"https:\/\/wp.unil.ch\/archipelessais\/files\/2016\/01\/archipel_21_1e_couverture_web-1.jpg\" alt=\"archipel_21_1e_couverture_web\" width=\"223\" height=\"371\" srcset=\"https:\/\/wp.unil.ch\/archipelessais\/files\/2016\/01\/archipel_21_1e_couverture_web-1.jpg 481w, https:\/\/wp.unil.ch\/archipelessais\/files\/2016\/01\/archipel_21_1e_couverture_web-1-90x150.jpg 90w, https:\/\/wp.unil.ch\/archipelessais\/files\/2016\/01\/archipel_21_1e_couverture_web-1-180x300.jpg 180w\" sizes=\"auto, (max-width: 223px) 100vw, 223px\" \/><\/a>gaiement\u00a0conclure que le style n\u2019a, en litt\u00e9rature, pas la moindre\u00a0importance ; et passer \u00e0 autre chose. \u00bb Cette mani\u00e8re franche\u00a0et malicieuse de dynamiter les bruits qui courent est celle\u00a0de Michel Houellebecq dans <em>H. P. Lovecraft. Contre le monde,\u00a0<\/em><em>contre la vie<\/em>, son premier livre publi\u00e9 en 1991. Pressentait-il\u00a0\u00e0 l\u2019\u00e9poque le jugement similaire de certains critiques sur\u00a0son \u00e9criture ? Cela a-t-il eu un r\u00f4le ensuite dans la r\u00e9ception\u00a0de son style ? Difficile \u00e0 dire.<\/p>\n<p>Le fait est que la parution des <em>Particules \u00e9l\u00e9mentaires<\/em>, en\u00a01998, a vu na\u00eetre un nouvel avatar de cette figure paradoxale\u00a0que l\u2019histoire litt\u00e9raire fran\u00e7aise, pour des raisons\u00a0diff\u00e9rentes<br \/>\n\u00e0 chaque fois, ressort p\u00e9riodiquement de ses\u00a0tiroirs : l\u2019\u00e9crivain sans style. Qu\u2019est-ce que l\u2019absence de\u00a0style peut signifier aujourd\u2019hui ?<br \/>\nEt \u00e0 quelles n\u00e9cessit\u00e9s ce\u00a0constat r\u00e9pond-il ?<\/p>\n<p>Jusqu\u2019\u00e0 l\u2019automne 2010 et l\u2019obtention par Houellebecq du\u00a0prix Goncourt, ce sont douze ann\u00e9es de controverse qui\u00a0sont ici analys\u00e9es et mises en perspective. Une tentative\u00a0de retracer les grandes \u00e9tapes de ce d\u00e9bat. Un effort pour\u00a0en d\u00e9gager les facteurs d\u00e9terminants. Une invitation, en\u00a0somme, \u00e0 penser Houellebecq comme un moment o\u00f9 la\u00a0litt\u00e9rature se retourne sur elle-m\u00eame, face aux bouleversements\u00a0majeurs qui l\u2019assaillent de toutes parts.<\/p>\n<p>S. E.<\/p>\n<p>120 p.<\/p>\n<p><a href=\"https:\/\/wp.unil.ch\/archipelessais\/files\/2016\/01\/archipel_21_sommaire.pdf\">Sommaire<br \/>\n<\/a><a href=\"https:\/\/wp.unil.ch\/archipelessais\/commande\/\">Commande<\/a><\/p>\n","protected":false},"excerpt":{"rendered":"<p>\u00c0 propos du\u00a0\u00ab style\u00a0\u00bb de Houellebecq Retour sur une controverse (1998-2010) Samuel Estier Postface de J\u00e9r\u00f4me Meizoz, 2015. \u00ab Si le style de Lovecraft est d\u00e9plorable, on peut gaiement\u00a0conclure que &hellip; <\/p>\n","protected":false},"author":1002007,"featured_media":0,"parent":0,"menu_order":0,"comment_status":"closed","ping_status":"closed","template":"","meta":{"_seopress_robots_primary_cat":"","_seopress_titles_title":"","_seopress_titles_desc":"","_seopress_robots_index":"","footnotes":""},"class_list":["post-874","page","type-page","status-publish"],"_links":{"self":[{"href":"https:\/\/wp.unil.ch\/archipelessais\/wp-json\/wp\/v2\/pages\/874","targetHints":{"allow":["GET"]}}],"collection":[{"href":"https:\/\/wp.unil.ch\/archipelessais\/wp-json\/wp\/v2\/pages"}],"about":[{"href":"https:\/\/wp.unil.ch\/archipelessais\/wp-json\/wp\/v2\/types\/page"}],"author":[{"embeddable":true,"href":"https:\/\/wp.unil.ch\/archipelessais\/wp-json\/wp\/v2\/users\/1002007"}],"replies":[{"embeddable":true,"href":"https:\/\/wp.unil.ch\/archipelessais\/wp-json\/wp\/v2\/comments?post=874"}],"version-history":[{"count":0,"href":"https:\/\/wp.unil.ch\/archipelessais\/wp-json\/wp\/v2\/pages\/874\/revisions"}],"wp:attachment":[{"href":"https:\/\/wp.unil.ch\/archipelessais\/wp-json\/wp\/v2\/media?parent=874"}],"curies":[{"name":"wp","href":"https:\/\/api.w.org\/{rel}","templated":true}]}}