{"id":726,"date":"2013-12-09T19:16:57","date_gmt":"2013-12-09T18:16:57","guid":{"rendered":"http:\/\/wp.unil.ch\/archipelessais\/?page_id=726"},"modified":"2016-01-15T04:29:40","modified_gmt":"2016-01-15T03:29:40","slug":"volume-18","status":"publish","type":"page","link":"https:\/\/wp.unil.ch\/archipelessais\/volume-18\/","title":{"rendered":"Volume 18"},"content":{"rendered":"<h1><\/h1>\n<div>\n<p><strong>La Crois\u00e9e des souffles<\/strong><br \/>\nLa Horde du Contrevent<em> d&rsquo;Alain Damasio<\/em><\/p>\n<p><strong>St\u00e9phane Martin\u00a0&amp;\u00a0Colin Pahlisch<br \/>\n<\/strong>Postfaces de Marc Atallah et Antonio Rodriguez, 2013.<\/p>\n<p><em><strong>Avec une pr\u00e9face d&rsquo;Alain Damasio<\/strong><\/em><\/p>\n<\/div>\n<p><a href=\"https:\/\/wp.unil.ch\/archipelessais\/files\/2013\/12\/vol_18_1e_couv_web.jpg\"><img loading=\"lazy\" decoding=\"async\" class=\"size-medium wp-image-753 alignright\" src=\"https:\/\/wp.unil.ch\/archipelessais\/files\/2013\/12\/vol_18_1e_couv_web-179x300.jpg\" alt=\"vol_18_1e_couv_web\" width=\"179\" height=\"300\" srcset=\"https:\/\/wp.unil.ch\/archipelessais\/files\/2013\/12\/vol_18_1e_couv_web-179x300.jpg 179w, https:\/\/wp.unil.ch\/archipelessais\/files\/2013\/12\/vol_18_1e_couv_web-89x150.jpg 89w, https:\/\/wp.unil.ch\/archipelessais\/files\/2013\/12\/vol_18_1e_couv_web.jpg 479w\" sizes=\"auto, (max-width: 179px) 100vw, 179px\" \/><\/a>Auteur de deux romans de science-fiction, <i>La Zone du Dehors <\/i>(1999) et <i>La Horde du Contrevent <\/i>(2004), ainsi que d\u2019un recueil de nouvelles, <i>Aucun souvenir assez solide <\/i>(2012), Alain Damasio cr\u00e9e, par une narration polyphonique, des territoires imaginaires incarn\u00e9s et nourris de philosophie. Ainsi, les inventions langagi\u00e8res propres \u00e0 son \u00e9criture se fondent sur la n\u00e9cessit\u00e9 de rendre \u00e0 la cr\u00e9ation litt\u00e9raire l\u2019une de ses vertus fondamentales : celle de faire vivre un univers qui invite le lecteur \u00e0 r\u00e9fl\u00e9chir sur ce qu\u2019<i>\u00eatre vivant <\/i>signifie.<\/p>\n<p>L\u2019\u00e9tude de St\u00e9phane Martin retrace le parcours \u00e9ditorial original de l\u2019\u00e9crivain, avant d\u2019aborder la sensualit\u00e9 inh\u00e9rente \u00e0 la po\u00e9tique de <i>La Horde du Contrevent<\/i>. Colin Pahlisch, quant \u00e0 lui, met en lumi\u00e8re les racines et implications philosophiques de l\u2019oeuvre d\u2019Alain Damasio, par l\u2019analyse de la communaut\u00e9 et du rapport \u00e0 l\u2019Autre. La r\u00e9union de ces deux perspectives critiques dans un m\u00eame ouvrage a ainsi pour ambition d\u2019enrichir d\u2019un souffle pluriel l\u2019exp\u00e9rience de cette qu\u00eate intime qui guide tout lecteur \u00e0 travers le texte.<\/p>\n<p>S. M. &amp; C. P.<\/p>\n<p>106 p.<br \/>\n<a href=\"https:\/\/wp.unil.ch\/archipelessais\/files\/2013\/12\/Sommaire-vol-18.pdf\">Sommaire<br \/>\n<\/a><a href=\"https:\/\/wp.unil.ch\/archipelessais\/files\/2013\/12\/Extrait-pr\u00e9face-Damasio.pdf\">Extrait de la pr\u00e9face d&rsquo;Alain Damasio<\/a><br \/>\n<a href=\"https:\/\/wp.unil.ch\/archipelessais\/files\/2013\/11\/Annexe-C.pdf\">Annexe C<br \/>\n<\/a><a href=\"https:\/\/wp.unil.ch\/archipelessais\/commande\/\">Commande<br \/>\n<\/a><\/p>\n<p>&nbsp;<\/p>\n","protected":false},"excerpt":{"rendered":"<p>La Crois\u00e9e des souffles La Horde du Contrevent d&rsquo;Alain Damasio St\u00e9phane Martin\u00a0&amp;\u00a0Colin Pahlisch Postfaces de Marc Atallah et Antonio Rodriguez, 2013. Avec une pr\u00e9face d&rsquo;Alain Damasio Auteur de deux romans &hellip; <\/p>\n","protected":false},"author":1002007,"featured_media":0,"parent":0,"menu_order":0,"comment_status":"closed","ping_status":"closed","template":"","meta":{"_seopress_robots_primary_cat":"","_seopress_titles_title":"","_seopress_titles_desc":"","_seopress_robots_index":"","footnotes":""},"class_list":["post-726","page","type-page","status-publish"],"_links":{"self":[{"href":"https:\/\/wp.unil.ch\/archipelessais\/wp-json\/wp\/v2\/pages\/726","targetHints":{"allow":["GET"]}}],"collection":[{"href":"https:\/\/wp.unil.ch\/archipelessais\/wp-json\/wp\/v2\/pages"}],"about":[{"href":"https:\/\/wp.unil.ch\/archipelessais\/wp-json\/wp\/v2\/types\/page"}],"author":[{"embeddable":true,"href":"https:\/\/wp.unil.ch\/archipelessais\/wp-json\/wp\/v2\/users\/1002007"}],"replies":[{"embeddable":true,"href":"https:\/\/wp.unil.ch\/archipelessais\/wp-json\/wp\/v2\/comments?post=726"}],"version-history":[{"count":0,"href":"https:\/\/wp.unil.ch\/archipelessais\/wp-json\/wp\/v2\/pages\/726\/revisions"}],"wp:attachment":[{"href":"https:\/\/wp.unil.ch\/archipelessais\/wp-json\/wp\/v2\/media?parent=726"}],"curies":[{"name":"wp","href":"https:\/\/api.w.org\/{rel}","templated":true}]}}