{"id":724,"date":"2013-12-09T18:08:17","date_gmt":"2013-12-09T17:08:17","guid":{"rendered":"http:\/\/wp.unil.ch\/archipelessais\/?page_id=724"},"modified":"2016-01-15T04:27:39","modified_gmt":"2016-01-15T03:27:39","slug":"volume-17","status":"publish","type":"page","link":"https:\/\/wp.unil.ch\/archipelessais\/volume-17\/","title":{"rendered":"Volume 17"},"content":{"rendered":"<h1><\/h1>\n<div>\n<p><strong>Variations sur un standard<\/strong><br \/>\n<em>Jeux et m\u00e9tamorphoses dans les trois romans biographiques de Jean Echenoz<\/em><\/p>\n<p><strong>Emilien Sermier<\/strong><br \/>\nPostface de Jean Kaempfer, 2013.<\/p>\n<p style=\"text-align: left\"><a href=\"https:\/\/wp.unil.ch\/archipelessais\/files\/2013\/12\/1e_couv_web.jpg\"><img loading=\"lazy\" decoding=\"async\" class=\"size-medium wp-image-741 alignright\" src=\"https:\/\/wp.unil.ch\/archipelessais\/files\/2013\/12\/1e_couv_web-179x300.jpg\" alt=\"1e_couv_web\" width=\"179\" height=\"300\" srcset=\"https:\/\/wp.unil.ch\/archipelessais\/files\/2013\/12\/1e_couv_web-179x300.jpg 179w, https:\/\/wp.unil.ch\/archipelessais\/files\/2013\/12\/1e_couv_web-89x150.jpg 89w, https:\/\/wp.unil.ch\/archipelessais\/files\/2013\/12\/1e_couv_web.jpg 479w\" sizes=\"auto, (max-width: 179px) 100vw, 179px\" \/><\/a>Tel un standard musical, le mod\u00e8le de la biographie est aujourd\u2019hui repris et rejou\u00e9 par d\u2019innombrables \u00e9crivains. Pierre Michon, Patrick Deville, Guy Goffette, Pascal Quignard ou Emmanuel Carr\u00e8re : tous ont compos\u00e9 des r\u00e9cits biographiques, \u00e0 leur fa\u00e7on. Et r\u00e9cemment, \u00e0 son tour, le romancier Jean Echenoz a invent\u00e9 ses propres variations autour du genre. De mani\u00e8re originale, il a mis en r\u00e9cits les vies de Maurice Ravel (<i>Ravel<\/i>, 2006), d\u2019\u00c9mile Zatopek (<i>Courir<\/i>, 2008), de Nikola Tesla (<i>Des \u00e9clairs<\/i>, 2010).<\/p>\n<p style=\"text-align: left\">Parus aux \u00c9ditions de Minuit, ces trois romans biographiques forment un corpus homog\u00e8ne, dont la pr\u00e9sente \u00e9tude cerne les constantes formelles et th\u00e9matiques. \u00c0 chaque fois, comme par jeu, Jean Echenoz s\u2019amuse autour d\u2019une forme fixe qu\u2019il parodie et d\u00e9tourne ; virtuose, son \u00e9criture s\u2019adapte \u00e0 la vie et \u00e0 l\u2019oeuvre du biographi\u00e9. Mais une m\u00e9tamorphose, aussi, s\u2019accomplit, car la r\u00e9alit\u00e9 historique est revisit\u00e9e par le regard singulier du romancier. Les biographi\u00e9s deviennent alors de v\u00e9ritables personnages \u00e9chenoziens ; et ils permettent, \u00e0 l\u2019\u00e9crivain, d\u2019esquisser un autoportrait en creux.<\/p>\n<p style=\"text-align: left\">E. S.<\/p>\n<\/div>\n<div style=\"text-align: left\"><\/div>\n<div style=\"text-align: left\">106 p.<\/div>\n<div style=\"text-align: left\"><\/div>\n<div style=\"text-align: left\"><\/div>\n<div style=\"text-align: left\"><a href=\"https:\/\/wp.unil.ch\/archipelessais\/files\/2013\/12\/Sommaire-vol-17.pdf\">Sommaire<\/a><\/div>\n<div style=\"text-align: left\"><a href=\"https:\/\/wp.unil.ch\/archipelessais\/commande\/\">Commande<\/a><\/div>\n<div style=\"text-align: left\"><\/div>\n","protected":false},"excerpt":{"rendered":"<p>Variations sur un standard Jeux et m\u00e9tamorphoses dans les trois romans biographiques de Jean Echenoz Emilien Sermier Postface de Jean Kaempfer, 2013. Tel un standard musical, le mod\u00e8le de la &hellip; <\/p>\n","protected":false},"author":1002007,"featured_media":0,"parent":0,"menu_order":0,"comment_status":"closed","ping_status":"closed","template":"","meta":{"_seopress_robots_primary_cat":"","_seopress_titles_title":"","_seopress_titles_desc":"","_seopress_robots_index":"","footnotes":""},"class_list":["post-724","page","type-page","status-publish"],"_links":{"self":[{"href":"https:\/\/wp.unil.ch\/archipelessais\/wp-json\/wp\/v2\/pages\/724","targetHints":{"allow":["GET"]}}],"collection":[{"href":"https:\/\/wp.unil.ch\/archipelessais\/wp-json\/wp\/v2\/pages"}],"about":[{"href":"https:\/\/wp.unil.ch\/archipelessais\/wp-json\/wp\/v2\/types\/page"}],"author":[{"embeddable":true,"href":"https:\/\/wp.unil.ch\/archipelessais\/wp-json\/wp\/v2\/users\/1002007"}],"replies":[{"embeddable":true,"href":"https:\/\/wp.unil.ch\/archipelessais\/wp-json\/wp\/v2\/comments?post=724"}],"version-history":[{"count":0,"href":"https:\/\/wp.unil.ch\/archipelessais\/wp-json\/wp\/v2\/pages\/724\/revisions"}],"wp:attachment":[{"href":"https:\/\/wp.unil.ch\/archipelessais\/wp-json\/wp\/v2\/media?parent=724"}],"curies":[{"name":"wp","href":"https:\/\/api.w.org\/{rel}","templated":true}]}}