{"id":66,"date":"2012-01-20T09:04:42","date_gmt":"2012-01-20T08:04:42","guid":{"rendered":"http:\/\/wp.unil.ch\/archipelessais\/?page_id=66"},"modified":"2026-02-09T13:26:46","modified_gmt":"2026-02-09T12:26:46","slug":"parutions","status":"publish","type":"page","link":"https:\/\/wp.unil.ch\/archipelessais\/parutions\/","title":{"rendered":"Parutions"},"content":{"rendered":"<p><img alt=\"\" loading=\"lazy\" decoding=\"async\" class=\"alignleft size-full wp-image-31\" src=\"https:\/\/wp.unil.ch\/archipelessais\/files\/2011\/08\/dessin2_bleu-copie.jpg\" alt=\"\" width=\"1000\" height=\"231\" srcset=\"https:\/\/wp.unil.ch\/archipelessais\/files\/2011\/08\/dessin2_bleu-copie.jpg 1000w, https:\/\/wp.unil.ch\/archipelessais\/files\/2011\/08\/dessin2_bleu-copie-300x69.jpg 300w, https:\/\/wp.unil.ch\/archipelessais\/files\/2011\/08\/dessin2_bleu-copie-500x115.jpg 500w\" sizes=\"auto, (max-width: 1000px) 100vw, 1000px\" \/><\/p>\n<p>Volume 39 \u2014 Marie Schmidhauser,<a href=\"https:\/\/wp.unil.ch\/archipelessais\/volume-39\/\"><strong> <em>Sartre autobiographe. Enjeux de posture auctoriale autour des<\/em>\u00a0Mots<\/strong><\/a>,\u00a0 2025, Postface de J\u00e9r\u00f4me Meizoz.<\/p>\n<p>Volume 38\u2014 Lo\u00efc Dalle,<strong>\u00a0<em><a href=\"https:\/\/wp.unil.ch\/archipelessais\/nouvelle-parution-janvier-2026\/\">Le livre mat\u00e9rialis\u00e9. L\u2019imaginaire litt\u00e9raire de l\u2019objet-livre de 1880 \u00e0 1890<\/a><\/em>, <\/strong>2025, Postface de Marta Caraion.<\/p>\n<p>Volume 37 \u2014 Aim\u00e9 Guex, <strong><em><a href=\"https:\/\/wp.unil.ch\/archipelessais\/volume-37\/\">La Po\u00e9tique de la bestialit\u00e9. Une esquisse litt\u00e9raire des marges \u00e9rotiques et ontologiques, de Sade \u00e0 Rachilde<\/a><\/em><\/strong>,\u00a0 2024, Postface de Dominique Kunz Westerhoff.<\/p>\n<p>Volume 36\u00a0 \u2014 Diane Kalms, <a href=\"https:\/\/wp.unil.ch\/archipelessais\/volume-36\/\"><strong><em>Se faire te\u0301moin. Une lecture pragmatique de Primo Levi et Charlotte Delbo<\/em><\/strong><\/a>, 2024, Postface de Gilles Philippe.<\/p>\n<p>Volume 35 \u2014 Ga\u00ebtan Zinder, <strong><a href=\"https:\/\/wp.unil.ch\/archipelessais\/volume-35\/\"><em>Faire voir Victor Hugo. Une correspondance avec Nadar, de la photographie \u00e0 l&rsquo;a\u00e9ronautique<\/em><\/a><\/strong>, 2024, postface de Marta Caraion<\/p>\n<p>Volume 34\u00a0 \u2014 Ang\u00e9lique Chevalley, <a href=\"https:\/\/wp.unil.ch\/archipelessais\/volume-34\/\"><strong><em>Le Th\u00e9\u00e2tre des f\u00e9es. Les sc\u00e8nes du merveilleux f\u00e9erique de la Com\u00e9die-Italienne aux boulevards (1762-1789)<\/em><\/strong><\/a>, 2024, postface de Lise Michel<\/p>\n<p>Volume 33 \u2014 Alexis Rime, <em><a href=\"https:\/\/wp.unil.ch\/archipelessais\/volume-33\/\"><strong>Les Feintes d&rsquo;une fin. Boris Vian continu\u00e9 par l&rsquo;Oulipo<\/strong><\/a><\/em>, 2022, postface de Marc Escola.<\/p>\n<p>Volume 32 \u2014 Arthur Br\u00fcgger, <em><a href=\"https:\/\/wp.unil.ch\/archipelessais\/volume-32\/\"><strong>La Quatri\u00e8me case. Essai sur le roman au\u00a0<\/strong><\/a><\/em><a href=\"https:\/\/wp.unil.ch\/archipelessais\/volume-32\/(ouvre un nouvel onglet)\" data-wplink-url-error=\"true\"><strong>nous<\/strong><\/a>, 2022, postface de Gilles Philippe<\/p>\n<p>Volume 31 \u2014 Julia Cela, <a href=\"https:\/\/wp.unil.ch\/archipelessais\/volume-31\/\" target=\"_blank\" rel=\"noopener\"><strong><em>Le Rap, litt\u00e9rature du monde social. Du<\/em> featuring <em>au mythe de la banlieue<\/em><\/strong><\/a>, 2021, postface de J\u00e9r\u00f4me Meizoz<\/p>\n<p>Volume 30 \u2014 Vivien Poltier, <a href=\"https:\/\/wp.unil.ch\/archipelessais\/volume-30\/\" target=\"_blank\" rel=\"noopener\"><em><strong>Une contradiction fondamentale dans la litt\u00e9rature du travail. Les spectres du conflit dans la litt\u00e9rature contemporaine (1980-2020)<\/strong><\/em><\/a>, 2021, postface de Marta Caraion<\/p>\n<p>Volume 29 \u2014 Josefa Terribilini, <a href=\"https:\/\/wp.unil.ch\/archipelessais\/volume-29\/\" target=\"_blank\" rel=\"noopener\"><em><strong>\u00c0 Ch\u0153ur perdu. Les traces du ch\u0153ur antique dans la trag\u00e9die fran\u00e7aise du XVIIe si\u00e8cle<\/strong><\/em><\/a>, 2020, postface de Lise Michel<\/p>\n<p>Volume 28 \u2014 Aur\u00e9lien Maignant, <a href=\"https:\/\/wp.unil.ch\/archipelessais\/volume-28\/\" target=\"_blank\" rel=\"noopener\"><strong><em>Cohabiter la fiction. Lecture ordinaire, univers de croyances et interpr\u00e9tation des mondes litt\u00e9raires<\/em><\/strong><\/a>, 2020, postface de Marc Escola.<\/p>\n<p>Volume 27 \u2014 Delphine Abrecht <em>et al.<\/em>, <a href=\"https:\/\/wp.unil.ch\/archipelessais\/volume-27\/\"><em><strong>Faire litt\u00e9rature. Usages et pratiques du litt\u00e9raire (XIXe-XXIe si\u00e8cles)<\/strong><\/em><\/a>, 2018.<\/p>\n<p>Volume 26 \u2014 Michael Roelli, <a href=\"https:\/\/wp.unil.ch\/archipelessais\/volume-26\/\"><em><strong>La science plus imm\u00e9diate du r\u00eave. Esquisses litt\u00e9raires d&rsquo;une th\u00e9orie qui n&rsquo;aura jamais vu le jour<\/strong><\/em><\/a>, postface de Christophe Imperiali, 2018.<\/p>\n<p>Volume 25 \u2014 Oc\u00e9ane Guillemin, <a href=\"https:\/\/wp.unil.ch\/archipelessais\/volume-25\/\"><em><strong>D&rsquo;H\u00e9l\u00e8ne \u00e0 Lilith. Figures de femmes \u00e9trang\u00e8res en Suisse romande (1890-1914)<\/strong><\/em><\/a>, postface de Daniel Maggetti, 2017.<\/p>\n<p>Volume 24 \u2014 Marion Glauser, <a href=\"https:\/\/wp.unil.ch\/archipelessais\/volume-24\/\"><em><strong>Le polar hors-la-loi ? Ren\u00e9 Belletto : le genre en question<\/strong><\/em><\/a>, postface d&rsquo;Antonio Rodriguez, entretien avec Paul Otchakovsky-Laurens, 2017.<\/p>\n<p>Volume 23 \u2014 Mathilde Zbaeren, <a href=\"https:\/\/wp.unil.ch\/archipelessais\/volume-23\/\"><em><strong>Des mondes possibles, des romans de J\u00e9r\u00f4me Ferrari<\/strong><\/em><\/a>, postface de J\u00e9r\u00f4me Meizoz, avec une pr\u00e9face de J\u00e9r\u00f4me Ferrari, 2017.<\/p>\n<p>Volume 22 \u2014 Sophie-Valentine Borloz, <a href=\"https:\/\/wp.unil.ch\/archipelessais\/volume-22\/\"><em><strong>\u00ab Les femmes qui se parfument doivent \u00eatre admir\u00e9es de loin\u00a0\u00bb. Les odeurs f\u00e9minines dans <\/strong><\/em><strong>Nana<\/strong><em><strong> de Zola, <\/strong><\/em><strong>Notre\u00a0c\u0153ur<\/strong><em><strong>\u00a0de Maupassant et <\/strong><\/em><strong>L&rsquo;\u00c8ve future<\/strong><em><strong> de Villiers de L&rsquo;Isle-Adam<\/strong><\/em><\/a>, postface de Marta Caraion, 2015.<\/p>\n<p>Volume 21 \u2014 Samuel Estier, <a href=\"https:\/\/wp.unil.ch\/archipelessais\/volume-21\/\"><em><strong>\u00c0 propos du\u00a0\u00ab style\u00a0\u00bb de Houellebecq. Retour sur une controverse (1998-2010)<\/strong><\/em><\/a>, postface de J\u00e9r\u00f4me Meizoz, 2015.<\/p>\n<p>Volume 20 \u2014 Claudine Gaetzi, <a href=\"https:\/\/wp.unil.ch\/archipelessais\/volume-20\/\"><em><strong>L&rsquo;art de d\u00e9jouer le t\u00e9moignage par la fiction.\u00a0<\/strong><\/em><strong>Verre Cass\u00e9<\/strong><em><strong> d&rsquo;Alain Mabanckou<\/strong><\/em><\/a>, postface de Christine Le Quellec Cottier, 2014.<\/p>\n<p>Volume 19 \u2014 G\u00e9raldine Toniutti, <a href=\"https:\/\/wp.unil.ch\/archipelessais\/volume-19\/\"><em><strong>Pour une po\u00e9tique de l&rsquo;implicitation.\u00a0<\/strong><\/em><strong>Cristal et Clarie\u00a0<\/strong><em><strong>ou l&rsquo;art de faire du neuf avec de l&rsquo;ancien<\/strong><\/em><\/a>, pr\u00e9face de Barbara Wahlen, 2014.<\/p>\n<p>Volume 18 \u2014 St\u00e9phane Martin &amp; Colin Pahlisch, <a href=\"https:\/\/wp.unil.ch\/archipelessais\/volume-18\/\"><em><strong>La Crois\u00e9e des souffles.\u00a0<\/strong><\/em><strong>La Horde du Contrevent\u00a0<\/strong><em><strong>d&rsquo;Alain Damasio<\/strong><\/em><\/a>, postfaces de Marc Atallah et Antonio Rodriguez, avec une pr\u00e9face d&rsquo;Alain Damasio,<em>\u00a0<\/em>2013.<\/p>\n<p>Volume 17 \u2014 \u00c9milien Sermier, <a href=\"https:\/\/wp.unil.ch\/archipelessais\/volume-17\/\"><em><strong>Variations sur un standard. Jeux et m\u00e9tamorphoses dans les trois romans biographiques de Jean Echenoz<\/strong><\/em><\/a>, postface de Jean Kaempfer, 2013.<\/p>\n<p>Volume 16 \u2014 Jean Kaempfer (\u00e9d.), <a title=\"Lafon\" href=\"https:\/\/wp.unil.ch\/archipelessais\/441-2\/\"><strong><em>Tensions toniques. Les r\u00e9cits de Marie-H\u00e9l\u00e8ne Lafon<\/em><\/strong><\/a>,<br \/>\navec des textes in\u00e9dits de Marie-H\u00e9l\u00e8ne Lafon, 2012.<\/p>\n<p>Volume 15 \u2014 Laure-Adrienne Rochat, <a title=\"Rochat\" href=\"https:\/\/wp.unil.ch\/archipelessais\/vol-15-rochat\/\" target=\"_blank\" rel=\"noopener noreferrer\"><strong><em>De l\u2019\u00e9pop\u00e9e au roman. Une lecture de <\/em>Monn\u00e9, outrages et d\u00e9fis<em> d\u2019Ahmadou Kourouma<\/em><\/strong><\/a>, postface de Christine Le Quellec Cottier, 2011.<\/p>\n<p>Volume 14 \u2014 Antonio Rodriguez (\u00e9d.), <a title=\"vol. 14 Rodriguez\" href=\"https:\/\/wp.unil.ch\/archipelessais\/parutions\/110-2\/\"><strong><em>Po\u00e9sie contemporaine et tensions de l\u2019identification de 1985 \u00e0 nos jours<\/em><\/strong><\/a>, 2008.<\/p>\n<p>Volume 13 \u2014 V\u00e9ronique Rohrbach, <a title=\"Rohrbach\" href=\"https:\/\/wp.unil.ch\/archipelessais\/188-2\/\"><strong><em>Politique du polar. Jean-Bernard Pouy<\/em><\/strong><\/a>, pr\u00e9face de J. Meizoz, 2007.<\/p>\n<p>Volume 12 \u2014 Fabienne Jan, <a title=\"Jean\" href=\"https:\/\/wp.unil.ch\/archipelessais\/jean\/\"><strong><em>De la dorveille \u00e0 la merveille. L\u2019imaginaire onirique dans les lais f\u00e9eriques des XIIe et XIIIe si\u00e8cles<\/em><\/strong><\/a>, postface d\u2019A. Corbellari, 2007.<\/p>\n<p>Volume 11 \u2014 Marta Caraion (\u00e9d.), <a title=\"Caraion\" href=\"https:\/\/wp.unil.ch\/archipelessais\/caraion\/\"><strong><em>Objets en libert\u00e9<\/em><\/strong><\/a>, 2005.<\/p>\n<p>Volume 10 \u2014 Annick Panchaud, <a title=\"Panchaud\" href=\"https:\/\/wp.unil.ch\/archipelessais\/panchaud\/\"><strong><em>Quand l\u2019agneau se couche aux c\u00f4t\u00e9s du tigre. \u00c9tude comparative de <\/em>La Belle et la B\u00eate<em> (1756) de Jeanne Marie Leprince de Beaumont et de <\/em>The Courtship of Mr Lyon<em> et <\/em>The Tiger\u2019s Bride<em> (1979) d\u2019Angela Carter<\/em><\/strong><\/a>, pr\u00e9face de M. Hennard Dutheil de la Roch\u00e8re et U. Heidmann, 2005.<\/p>\n<p>Volume 9 \u2014 Maryline Cettou, <a title=\"Cettou\" href=\"https:\/\/wp.unil.ch\/archipelessais\/179-2\/\"><strong><em>Jardin d\u2019hiver et de papier. Regards crois\u00e9s sur le jardin d\u2019hiver dans le Paris et la litt\u00e9rature fin-de-si\u00e8cle : un espace entre science et imaginaire<\/em><\/strong><\/a>, pr\u00e9face de Ph. Junod et postface de C. Reichler, 2005.<\/p>\n<p>Volume 8 \u2014 Maxime Laurent, <a title=\"Laurent\" href=\"https:\/\/wp.unil.ch\/archipelessais\/laurent\/\"><strong><em>Le pur et le puissant. Callimaque et Segalen. Enqu\u00eate sur l\u2019\u00e9nonc\u00e9 litt\u00e9raire<\/em><\/strong><\/a>, pr\u00e9face de N. Cordonier et M. Steinrueck, 2003.<\/p>\n<p>Volume 7 \u2014 Mathieu Mermoud, <a title=\"Mermoud\" href=\"https:\/\/wp.unil.ch\/archipelessais\/mermoud\/\"><strong><em>La parole magique. \u00c9tude sur la performativit\u00e9<\/em><\/strong><\/a>, postface de J.-M. Adam, 2003.<\/p>\n<p>Volume 6 \u2014 Sonya Florey, <a title=\"Florey\" href=\"https:\/\/wp.unil.ch\/archipelessais\/florey\/\"><strong><em>Ren\u00e9 Girard, critique litt\u00e9raire ?<\/em><\/strong><\/a>, postface de N. Cordonier, 2003.<\/p>\n<p>Volume 5 \u2014 Annie Charpilloz, <a title=\"Charpilloz\" href=\"https:\/\/wp.unil.ch\/archipelessais\/charpilloz\/\"><strong><em>De Murphy \u00e0 Molloy. Deux figures de Beckett<\/em><\/strong><\/a>, postface de J. Kaempfer, 2003.<\/p>\n<p>Volume 4 \u2014 Barbara Wahlen, <a title=\"Wahlen\" href=\"https:\/\/wp.unil.ch\/archipelessais\/wahlen\/\"><strong><em>\u00ab Je n\u2019en feray que che que j\u2019en ay empens\u00e9 ! \u00bb Le nain Tronc dans <\/em>Ysa\u00ffe le Triste<\/strong><\/a>, pr\u00e9face de J.-C. M\u00fchlethaler, 2002.<\/p>\n<p>Volume 3 \u2014 Filippo Zanghi, <a title=\"Zanghi\" href=\"https:\/\/wp.unil.ch\/archipelessais\/vol-3-zanghi\/\"><strong><em>Un h\u00e9r\u00e9tique de l\u2019espace. Notations de l\u2019exp\u00e9rience chez Henri Michaux<\/em><\/strong><\/a>, postface de Ph. Moret et C. Reichler, 2002.<\/p>\n<p>Volume 2<a title=\"Bulliard\" href=\"https:\/\/wp.unil.ch\/archipelessais\/vol-2-melanie-bulliard\/\" target=\"_blank\" rel=\"noopener noreferrer\"> \u2014 <\/a>M\u00e9lanie Bulliard, <a title=\"Bulliard\" href=\"https:\/\/wp.unil.ch\/archipelessais\/vol-2-melanie-bulliard\/\" target=\"_blank\" rel=\"noopener noreferrer\"><strong><em>L\u2019enjeu des origines. Les romans pr\u00e9historiques de J.-H. Rosny a\u00een\u00e9<\/em><\/strong><\/a>, postface de D. Chaperon, 2001.<\/p>\n<p>Volume 1 \u2014 Rapha\u00ebl Micheli, <a title=\"Micheli\" href=\"https:\/\/wp.unil.ch\/archipelessais\/volume1\/\"><strong><em>La nouvelle-instant : un cas-limite de narrativit\u00e9 ? L\u2019exemple de deux nouvelles d\u2019Albert Camus<\/em><\/strong><\/a>, postface de J.-M. Adam et J.-D. Gollut, 2001.<\/p>\n","protected":false},"excerpt":{"rendered":"<p>Volume 39 \u2014 Marie Schmidhauser, Sartre autobiographe. Enjeux de posture auctoriale autour des\u00a0Mots,\u00a0 2025, Postface de J\u00e9r\u00f4me Meizoz. Volume 38\u2014 Lo\u00efc Dalle,\u00a0Le livre mat\u00e9rialis\u00e9. L\u2019imaginaire litt\u00e9raire de l\u2019objet-livre de 1880 &hellip; <\/p>\n","protected":false},"author":108,"featured_media":0,"parent":0,"menu_order":1,"comment_status":"closed","ping_status":"closed","template":"","meta":{"_seopress_robots_primary_cat":"","_seopress_titles_title":"","_seopress_titles_desc":"","_seopress_robots_index":"","footnotes":""},"class_list":["post-66","page","type-page","status-publish"],"_links":{"self":[{"href":"https:\/\/wp.unil.ch\/archipelessais\/wp-json\/wp\/v2\/pages\/66","targetHints":{"allow":["GET"]}}],"collection":[{"href":"https:\/\/wp.unil.ch\/archipelessais\/wp-json\/wp\/v2\/pages"}],"about":[{"href":"https:\/\/wp.unil.ch\/archipelessais\/wp-json\/wp\/v2\/types\/page"}],"author":[{"embeddable":true,"href":"https:\/\/wp.unil.ch\/archipelessais\/wp-json\/wp\/v2\/users\/108"}],"replies":[{"embeddable":true,"href":"https:\/\/wp.unil.ch\/archipelessais\/wp-json\/wp\/v2\/comments?post=66"}],"version-history":[{"count":5,"href":"https:\/\/wp.unil.ch\/archipelessais\/wp-json\/wp\/v2\/pages\/66\/revisions"}],"predecessor-version":[{"id":1381,"href":"https:\/\/wp.unil.ch\/archipelessais\/wp-json\/wp\/v2\/pages\/66\/revisions\/1381"}],"wp:attachment":[{"href":"https:\/\/wp.unil.ch\/archipelessais\/wp-json\/wp\/v2\/media?parent=66"}],"curies":[{"name":"wp","href":"https:\/\/api.w.org\/{rel}","templated":true}]}}