{"id":441,"date":"2012-06-14T12:11:18","date_gmt":"2012-06-14T10:11:18","guid":{"rendered":"http:\/\/wp.unil.ch\/archipelessais\/?page_id=441"},"modified":"2014-02-01T17:15:40","modified_gmt":"2014-02-01T16:15:40","slug":"441-2","status":"publish","type":"page","link":"https:\/\/wp.unil.ch\/archipelessais\/441-2\/","title":{"rendered":"Volume 16"},"content":{"rendered":"<h1>Tensions toniques<\/h1>\n<div><em>Les r\u00e9cits de Marie-H\u00e9l\u00e8ne Lafon<br \/>\n<\/em><\/div>\n<div style=\"text-align: left\"><strong><strong><strong>\u00c9dit\u00e9 par Jean Kaempfer, 2012.<br \/>\nAvec des textes in\u00e9dits de Marie-H\u00e9l\u00e8ne Lafon<\/strong><\/strong><\/strong><\/div>\n<div style=\"text-align: left\"><span style=\"color: #ffffff\">Cantal, o\u00f9 la beaut\u00e9 des \u00ab\u00a0choses vertes\u00a0\u00bb contraste avec la d\u00e9r\u00e9liction morale de ceux qui sont rest\u00e9s\u00a0: fratries vieillissantes r\u00e9gnant, dans leurs maisons devenues trop grandes, sur des domaines agricoles en<\/span><\/div>\n<div style=\"text-align: left\">\n<p><a href=\"https:\/\/wp.unil.ch\/archipelessais\/files\/2012\/06\/CouvertureLafon1-copie.gif\"><img alt=\"\" loading=\"lazy\" decoding=\"async\" class=\"size-medium wp-image-446 alignleft\" alt=\"\" src=\"https:\/\/wp.unil.ch\/archipelessais\/files\/2012\/06\/CouvertureLafon1-copie-184x300.gif\" width=\"184\" height=\"300\" srcset=\"https:\/\/wp.unil.ch\/archipelessais\/files\/2012\/06\/CouvertureLafon1-copie-184x300.gif 184w, https:\/\/wp.unil.ch\/archipelessais\/files\/2012\/06\/CouvertureLafon1-copie-92x150.gif 92w, https:\/\/wp.unil.ch\/archipelessais\/files\/2012\/06\/CouvertureLafon1-copie.gif 492w\" sizes=\"auto, (max-width: 184px) 100vw, 184px\" \/><\/a><strong><br \/>\nArchipel Essais fait para\u00eetre un num\u00e9ro d\u00e9di\u00e9 \u00e0 l\u2019\u00e9crivaine fran\u00e7aise Marie-H\u00e9l\u00e8ne Lafon, auteure de r\u00e9cits remarqu\u00e9s, dont <em>Les Derniers Indiens<\/em> (Buchet Chastel 2008, Folio 2009), <em>L\u2019Annonce<\/em> (Buchet Chastel, 2009) ou <em>Sur la photo<\/em> (Buchet Chastel, 2003).<\/strong><\/p>\n<p>&nbsp;<\/p>\n<p>&nbsp;<\/p>\n<p>&nbsp;<\/p>\n<p>&nbsp;<\/p>\n<ul>\n<li>Cette premi\u00e8re monographie consacr\u00e9e \u00e0 Marie-H\u00e9l\u00e8ne Lafon r\u00e9unit des contributions d\u2019\u00e9tudiant-e-s issues d\u2019un s\u00e9minaire de ma\u00eetrise dirig\u00e9 par le prof. Jean Kaempfer. Elles arpentent un paysage narratif model\u00e9 par les contraintes d\u2019une soci\u00e9t\u00e9 rurale sur le d\u00e9clin, dans laquelle l\u2019\u00e9crivaine, n\u00e9e \u00e0 Aurillac, a grandit. Elles restituent les \u00ab\u00a0tensions toniques\u00a0\u00bb propres \u00e0 ces r\u00e9cits \u00e0 la fois tendres et amers de fratries paysannes en crise. Surtout, ces articles prennent la mesure de \u00ab\u00a0ce que les textes de Marie-H\u00e9l\u00e8ne Lafon <em>font<\/em> \u00e0 la sociologie et \u00e0 la psychologie, en r\u00e9fractant ces modes de compr\u00e9hension de l\u2019agir humain dans l\u2019espace singularisant d\u2019une langue propre\u00a0\u00bb (Jean Kaempfer).<\/li>\n<\/ul>\n<ul>\n<li><em>Tensions toniques<\/em> accueille \u00e9galement des textes in\u00e9dits de Marie-H\u00e9l\u00e8ne Lafon, qui retracent, du Cantal \u00e0 Paris et en les m\u00ealant subtilement, une trajectoire d\u2019\u00e9crivaine et de lectrice. Elle \u00e9voque, avec une pr\u00e9cision qui fait mouche et non sans humour, les livres qui l\u2019ont marqu\u00e9e : lectures d\u2019enfance au \u00ab\u00a0go\u00fbt de chagrin, d\u2019irr\u00e9m\u00e9diable\u00a0\u00bb, lectures familiales, scolaires, lectures litt\u00e9raires\u2026 de \u00ab\u00a0Paris-Match\u00a0\u00bb, <em>Poule rousse<\/em>, <em>Sans famille<\/em> \u00e0 Claude Simon, Pierre Michon, Richard Millet et bien d\u2019autres.<\/li>\n<\/ul>\n<p><strong>\u00ab\u00a0La mati\u00e8re romanesque pr\u00e9pond\u00e9rante de Marie-H\u00e9l\u00e8ne Lafon, c\u2019est un coin de pays rugueux, au nord du Cantal, o\u00f9 la beaut\u00e9 des \u00ab\u00a0choses vertes\u00a0\u00bb contraste avec la d\u00e9r\u00e9liction morale de ceux qui sont rest\u00e9s\u00a0: fratries vieillissantes r\u00e9gnant, dans leurs maisons devenues trop grandes, sur des domaines agricoles en d\u00e9clin. Cette d\u00e9l\u00e9gitimation formidable de la paysannerie, qui a p\u00e9rim\u00e9 en quelques d\u00e9cennies un ordre immuable, Marie-H\u00e9l\u00e8ne Lafon a entrepris de la porter \u00e0 la pr\u00e9sence litt\u00e9raire \u2013 sans pathos, mais non sans tendresse. Heureuse ambivalence de la fiction, o\u00f9 l\u2019ironie et l\u2019implication peuvent ainsi composer leurs effets\u00a0! La \u00ab\u00a0tentative de restitution\u00a0\u00bb (Claude Simon) engag\u00e9e par Marie-H\u00e9l\u00e8ne Lafon trouve l\u00e0 sa tonicit\u00e9, sa tension propres, comme en t\u00e9moignent les \u00e9tudes r\u00e9unies dans ce volume.\u00a0\u00bb<\/strong><\/p>\n<\/div>\n<div>\n<p>191 p.<\/p>\n<\/div>\n<div>\n<p><a href=\"https:\/\/wp.unil.ch\/archipelessais\/files\/2012\/06\/Tensions_toniques-Extraits.pdf\">Sommaire et Avant-propos<\/a><a title=\"Commande et contact\" href=\"https:\/\/wp.unil.ch\/archipelessais\/commande\/\"><br \/>\nCommande<\/a><a href=\"https:\/\/wp.unil.ch\/archipelessais\/files\/2012\/06\/Tensions_toniques-Extraits.pdf\"><br \/>\n<\/a><a href=\"https:\/\/wp.unil.ch\/archipelessais\/files\/2012\/06\/Tensions_toniques-Extraits.pdf\"><br \/>\n<\/a><\/p>\n<\/div>\n","protected":false},"excerpt":{"rendered":"<p>Tensions toniques Les r\u00e9cits de Marie-H\u00e9l\u00e8ne Lafon \u00c9dit\u00e9 par Jean Kaempfer, 2012. Avec des textes in\u00e9dits de Marie-H\u00e9l\u00e8ne Lafon Cantal, o\u00f9 la beaut\u00e9 des \u00ab\u00a0choses vertes\u00a0\u00bb contraste avec la d\u00e9r\u00e9liction &hellip; <\/p>\n","protected":false},"author":241,"featured_media":0,"parent":0,"menu_order":0,"comment_status":"closed","ping_status":"closed","template":"","meta":{"_seopress_robots_primary_cat":"","_seopress_titles_title":"","_seopress_titles_desc":"","_seopress_robots_index":"","footnotes":""},"class_list":["post-441","page","type-page","status-publish"],"_links":{"self":[{"href":"https:\/\/wp.unil.ch\/archipelessais\/wp-json\/wp\/v2\/pages\/441","targetHints":{"allow":["GET"]}}],"collection":[{"href":"https:\/\/wp.unil.ch\/archipelessais\/wp-json\/wp\/v2\/pages"}],"about":[{"href":"https:\/\/wp.unil.ch\/archipelessais\/wp-json\/wp\/v2\/types\/page"}],"author":[{"embeddable":true,"href":"https:\/\/wp.unil.ch\/archipelessais\/wp-json\/wp\/v2\/users\/241"}],"replies":[{"embeddable":true,"href":"https:\/\/wp.unil.ch\/archipelessais\/wp-json\/wp\/v2\/comments?post=441"}],"version-history":[{"count":0,"href":"https:\/\/wp.unil.ch\/archipelessais\/wp-json\/wp\/v2\/pages\/441\/revisions"}],"wp:attachment":[{"href":"https:\/\/wp.unil.ch\/archipelessais\/wp-json\/wp\/v2\/media?parent=441"}],"curies":[{"name":"wp","href":"https:\/\/api.w.org\/{rel}","templated":true}]}}