{"id":36,"date":"2012-01-13T10:01:41","date_gmt":"2012-01-13T09:01:41","guid":{"rendered":"http:\/\/wp.unil.ch\/archipelessais\/?page_id=36"},"modified":"2022-11-15T08:30:05","modified_gmt":"2022-11-15T07:30:05","slug":"on-en-parle","status":"publish","type":"page","link":"https:\/\/wp.unil.ch\/archipelessais\/on-en-parle\/","title":{"rendered":"On en parle"},"content":{"rendered":"<p><a title=\"Rohrbach\" href=\"..\/188-2\/\"><img alt=\"\" loading=\"lazy\" decoding=\"async\" class=\"alignleft wp-image-374\" src=\"https:\/\/wp.unil.ch\/archipelessais\/files\/2012\/03\/dessin1.jpg\" alt=\"\" width=\"900\" height=\"388\" srcset=\"https:\/\/wp.unil.ch\/archipelessais\/files\/2012\/03\/dessin1.jpg 1000w, https:\/\/wp.unil.ch\/archipelessais\/files\/2012\/03\/dessin1-150x64.jpg 150w, https:\/\/wp.unil.ch\/archipelessais\/files\/2012\/03\/dessin1-300x129.jpg 300w, https:\/\/wp.unil.ch\/archipelessais\/files\/2012\/03\/dessin1-500x215.jpg 500w\" sizes=\"auto, (max-width: 900px) 100vw, 900px\" \/><\/a><\/p>\n<p>Vivien Poltier, <a href=\"https:\/\/wp.unil.ch\/archipelessais\/volume-30\/\"><strong>Une contradiction fondamentale dans la litt\u00e9rature du travail. Les spectres du conflit dans la litt\u00e9rature contemporaine (1980-2020)<\/strong><\/a>, Postface de Marta Caraion, 2021.<\/p>\n<ul>\n<li>Corinne Grenouillet, <a href=\"https:\/\/www.fabula.org\/acta\/document15049.php\">Trois \u00e9crivains contemporains face au travail \u00ab mat\u00e9riel \u00bb, Acta Fabula, vol. 23, n. 9, Dossier critique \u00ab\u00a0M\u00e9moires du travail\u00a0\u00bb, novembre 2022<\/a>.<\/li>\n<\/ul>\n<p>Aur\u00e9lien Maignant, <em><strong><a href=\"https:\/\/wp.unil.ch\/archipelessais\/volume-28\/\" target=\"_blank\" rel=\"noopener\">Cohabiter la fiction. Lectures ordinaires, univers de croyance et interpr\u00e9tation des mondes litt\u00e9raires<\/a><\/strong><\/em>, postface de Marc Escola, 2020.<\/p>\n<ul>\n<li>Jean-Fran\u00e7ois Vernay, <a href=\"https:\/\/www.vox-poetica.org\/entretiens\/intMaignant.html\" target=\"_blank\" rel=\"noopener\">\u00ab\u00a0Cohabiter la fiction. Entretien avec Aur\u00e9lien Maignant\u00a0\u00bb,\u00a0<em>Vox Poetica,\u00a0<\/em>publi\u00e9 le 4\/03\/2022.<\/a><\/li>\n<\/ul>\n<p><a href=\"https:\/\/wp.unil.ch\/archipelessais\/volume-29\/\">Josefa Terribilini,\u00a0<strong><em>\u00c0 ch\u0153ur perdu. Les traces du ch\u0153ur antique dans la trag\u00e9die fran\u00e7aise du XVIIe si\u00e8cle<\/em><\/strong><\/a>, postface de Lise Michel, 2020.<\/p>\n<ul>\n<li>Tristan Alonge, <a href=\"https:\/\/wp.unil.ch\/archipelessais\/files\/2021\/09\/Vol-29_Alonge_Terribilini-book-review_French-studies_august-2021.pdf\" target=\"_blank\" rel=\"noopener\"><span class=\"s1\">\u00ab <\/span><em>\u00c0 ch\u0153ur perdu : les traces du ch\u0153ur antique dans la trag\u00e9die fran\u00e7aise du XVIIe si\u00e8cle<\/em>. Par JOSEFA <span style=\"font-size: revert\">Terribilini; postface de Lise Michel <span class=\"s1\">\u00bb<\/span>, <em>French Studies,\u00a0<\/em>vol. 75, issue 3, 2021.<\/span><\/a><\/li>\n<\/ul>\n<p><a href=\"https:\/\/wp.unil.ch\/archipelessais\/volume-27\/\">Delphine Abrecht\u00a0<em>et al.<\/em>,\u00a0<em><strong>Faire litt\u00e9rature. Usages et pratiques du litt\u00e9raire (XIXe-XXIe si\u00e8cles)<\/strong><\/em><\/a>, 2018.<\/p>\n<ul>\n<li>Serge Martin, <a href=\"https:\/\/wp.unil.ch\/archipelessais\/files\/2019\/11\/2019-MARTIN-cr-Faire-litte\u0301rature.pdf\" target=\"_blank\" rel=\"noopener\">\u00ab Delphine Abrecht, Romain Bionda et al., <em>Faire litt\u00e9rature. Usages et pratiques du litt\u00e9raire (XIX<span class=\"s1\">e<\/span>-XXI<span class=\"s1\">e <\/span>si\u00e8cles<\/em>) \u00bb, <em>Lectures<\/em> [En ligne], Les comptes rendus, 2019, mis en ligne le 02 novembre 2019<\/a>.<\/li>\n<\/ul>\n<ul>\n<li>\n<p class=\"p1\"><span class=\"s1\">Luana\u00a0Doni, \u00ab\u00a0<i>Faire Litt\u00e9rature. Usages et pratiques du litt\u00e9raire (xix<\/i><\/span><span class=\"s2\"><i><sup>e<\/sup><\/i><\/span><span class=\"s1\"><i>\u2011xxi<\/i><\/span><span class=\"s2\"><i><sup>e<\/sup><\/i><\/span><span class=\"s1\"><i>\u00a0si\u00e8cles)<\/i>, dir. D. Abrecht, R. Bionda et .al \u00bb, <i>Studi\u00a0Francesi<\/i>, n\u00b0 190, \u00ab Rassegna bibliografica : opere generali e comparatistica \u00bb, 2020. URL : <a href=\"https:\/\/journals.openedition.org\/studifrancesi\/23362\">https:\/\/journals.openedition.org\/studifrancesi\/23362<\/a><\/span><\/p>\n<\/li>\n<li><span class=\"s1\">Olivier Mouginot, \u00ab <em>Faire litt\u00e9rature<\/em> ou faire langage ? Retours sur un parcours interdisciplinaire et relationnel avec les \u0153uvres litt\u00e9raires \u00bb, <i>Acta fabula <\/i>[en ligne], vol. 21, n\u00b0 1, 2020. URL : <a href=\"https:\/\/www.fabula.org\/revue\/document12589.php\"><span class=\"s2\">https:\/\/www.fabula.org\/revue\/document12589.php<\/span><\/a>.<\/span><\/li>\n<\/ul>\n<p><a href=\"https:\/\/wp.unil.ch\/archipelessais\/volume-25\/\">Oc\u00e9ane Guillemin,\u00a0<strong>D&rsquo;H\u00e9l\u00e8ne \u00e0 Lilith. Figures de femmes \u00e9trang\u00e8res en Suisse romande (1890-1914)<\/strong><\/a>, postface de Daniel Maggetti, 2017.<\/p>\n<ul>\n<li>C\u00e9cile Rousselet, \u00ab Visages de l&rsquo;alt\u00e9rit\u00e9. Figures de femmes \u00e9trang\u00e8res en Suisse romande au tournant du XIXe si\u00e8cle \u00bb, <em>Acta Fabula<\/em>, Notes de lecture, mis en ligne le 17 septembre 2018.<br \/>\nURL :<a href=\"https:\/\/www.fabula.org\/revue\/document11532.php\">https:\/\/www.fabula.org\/revue\/document11532.php<\/a><\/li>\n<\/ul>\n<p><a href=\"https:\/\/wp.unil.ch\/archipelessais\/volume-22\/\">Sophie-Valentine Borloz,\u00a0<strong>\u00ab Les femmes qui se parfument doivent \u00eatre admir\u00e9es de loin\u00a0\u00bb. Les odeurs f\u00e9minines dans <em>Nana<\/em> de Zola, <em>Notre\u00a0c\u0153ur<\/em>\u00a0de Maupassant et <em>L&rsquo;\u00c8ve future<\/em> de Villiers de L&rsquo;Isle-Adam<\/strong><\/a>, postface de Marta Caraion, 2015.<\/p>\n<ul>\n<li>Chiara Pasetti,\u00a0\u00ab Pagine che profumano puzzano, inebriano \u00bb, <em>Il Sole 24 Ore<\/em>\u00a0[En ligne], mis en ligne le 24 juillet\u00a02016.<br \/>\nURL : <a href=\"https:\/\/mobile.ilsole24ore.com\/solemobile\/main\/art\/cultura\/2016-07-22\/pagine-che-profumano-puzzano-inebriano-153842.shtml?uuid=AD3gK1v&amp;refresh_ce=1\" target=\"_blank\" rel=\"noopener noreferrer\">https:\/\/mobile.ilsole24ore.com\/solemobile\/main\/art\/cultura\/2016-07-22\/pagine-che-profumano-puzzano-inebriano-153842.shtml?uuid=AD3gK1v&amp;refresh_ce=1<\/a><\/li>\n<\/ul>\n<ul>\n<li>\u00c9rica Wicky,\u00a0\u00ab Sophie-Valentine Borloz, <em>\u00ab\u00a0Les femmes qui se parfument doivent \u00eatre admir\u00e9es de loin\u00a0\u00bb. Les odeurs f\u00e9minines dans<\/em> Nana<em> de Zola,<\/em> Notre coeur<em> de Maupassant et<\/em> L&rsquo;\u00c8ve future<em> de Villiers de L&rsquo;Isle-Adam<\/em>\u00a0\u00bb, <em>Romantisme<\/em>,\u00a0n<sup>o\u00a0<\/sup>175, 2017, <a href=\"https:\/\/wp.unil.ch\/archipelessais\/files\/2017\/04\/Compte-rendu-Romantisme-Sophie-Valentine.pdf\" target=\"_blank\" rel=\"noopener noreferrer\">pp. 130-131<\/a>.<\/li>\n<\/ul>\n<h6><\/h6>\n<ul>\n<li>No\u00eblle Benhamou, \u00ab Sophie-Valentine Borloz, <em>\u00ab\u00a0Les femmes qui se parfument doivent \u00eatre admir\u00e9es de loin\u00a0\u00bb. Les odeurs f\u00e9minines dans<\/em> Nana<em> de Zola,<\/em> Notre coeur<em> de Maupassant et<\/em> L&rsquo;\u00c8ve future<em> de Villiers de L&rsquo;Isle-Adam<\/em>\u00a0\u00bb, <em>Revue d\u2019histoire litt\u00e9raire de la France<\/em>, n\u00b02, 2017, <a href=\"https:\/\/wp.unil.ch\/archipelessais\/files\/2018\/06\/Vol-22-Sophie-Valentine-Borloz-Revue-d\u2019histoire-litt\u00e9raire-de-la-France-20172-470-472.pdf\">pp. 470-472<\/a>.<\/li>\n<\/ul>\n<p><a href=\"https:\/\/wp.unil.ch\/archipelessais\/volume-21\/\">Samuel Estier, <strong>\u00c0 propos du\u00a0\u00ab style\u00a0\u00bb de Houellebecq. Retour sur une controverse (1998-2010)<\/strong><\/a>,\u00a0postface de J\u00e9r\u00f4me Meizoz, 2015.<\/p>\n<ul>\n<li>Isabelle Falconnier,\u00a0\u00ab Samuel Estier : \u00ab\u00a0Chez Houellebecq, le style, c&rsquo;est l&rsquo;homme. Cela d\u00e9range\u00a0\u00bb\u00a0\u00bb, <em>L&rsquo;Hebdo<\/em>\u00a0[En ligne], mis en ligne le 4 f\u00e9vrier 2016.<br \/>\nURL :\u00a0<a href=\"https:\/\/www.hebdo.ch\/hebdo\/culture\/detail\/samuel-estier-%C2%ABchez-houellebecq-le-style-c%E2%80%99est-l%E2%80%99homme-cela-d%C3%A9range%C2%BB\" target=\"_blank\" rel=\"noopener noreferrer\">https:\/\/www.hebdo.ch\/hebdo\/culture\/detail\/samuel-estier-%C2%ABchez-houellebecq-le-style-c%E2%80%99est-l%E2%80%99homme-cela-d%C3%A9range%C2%BB<\/a><\/li>\n<\/ul>\n<ul>\n<li>Nadine Richon,\u00a0\u00ab \u00c0 chacun son Houellebecq \u00bb,\u00a0<em><em>L&rsquo;Uniscope,\u00a0<\/em><\/em>n<sup><sup>o\u00a0<\/sup><\/sup>611, 29 f\u00e9vrier &#8211; 27 mars 2016, <a href=\"https:\/\/wp.unil.ch\/archipelessais\/files\/2016\/03\/Article-Samuel-Uniscope.pdf\" target=\"_blank\" rel=\"noopener noreferrer\">pp. 12-13<\/a>.<\/li>\n<\/ul>\n<ul>\n<li>Marin de Viry,\u00a0\u00ab Houellebecq\u00a0: la grande guerre contre son style\u00a0\u00bb, <em>Revue des Deux Mondes<\/em>\u00a0[En ligne], mis en ligne le 1 avril\u00a02016.<br \/>\nURL :\u00a0<a href=\"https:\/\/www.revuedesdeuxmondes.fr\/a-propos-du-style-de-houellebecq\/\" target=\"_blank\" rel=\"noopener noreferrer\">https:\/\/www.revuedesdeuxmondes.fr\/a-propos-du-style-de-houellebecq\/<\/a><\/li>\n<\/ul>\n<p><a href=\"https:\/\/wp.unil.ch\/archipelessais\/volume-20\/\">Claudine Gaetzi, <strong>L&rsquo;art de d\u00e9jouer le t\u00e9moignage par la fiction.\u00a0<em>Verre Cass\u00e9<\/em> d&rsquo;Alain Mabanckou<\/strong><\/a>, postface de Christine Le Quellec Cottier, 2014.<\/p>\n<ul>\n<li>Alexandre Calvanese,\u00a0\u00ab C. Gaetzi, <em>L&rsquo;art de d\u00e9jouer le t\u00e9moignage par la fiction.<\/em> Verre Cass\u00e9\u00a0<em>d&rsquo;Alain Mabanckou\u00a0<\/em>\u00bb,\u00a0<em>Francofonia<em>,\u00a0<\/em><\/em>n<sup><sup>o <\/sup><\/sup>70, printemps\u00a02016, <a href=\"https:\/\/wp.unil.ch\/archipelessais\/files\/2016\/07\/Compte-rendu-Gaetzi.pdf\" target=\"_blank\" rel=\"noopener noreferrer\">pp. 173-176<\/a>.<\/li>\n<\/ul>\n<p><a href=\"https:\/\/wp.unil.ch\/archipelessais\/volume-19\/\">G\u00e9raldine Toniutti,\u00a0<strong>Pour une po\u00e9tique de l&rsquo;implicitation.\u00a0<em>Cristal et Clarie\u00a0<\/em>ou l&rsquo;art de faire du neuf avec de l&rsquo;ancien<\/strong><\/a>, pr\u00e9face de Barbara Wahlen, 2014.<\/p>\n<ul>\n<li>No\u00e9mie Chardonnens,\u00a0\u00ab G\u00e9raldine Toniutti,\u00a0<em>Pour une po\u00e9tique de l&rsquo;implicitation : <\/em>Cristal et Clarie<em> ou l&rsquo;art de faire du neuf avec de l&rsquo;ancien<\/em>\u00a0\u00bb,\u00a0<em>Le Moyen Fran\u00e7ais<\/em>, 75, 2014, <a href=\"https:\/\/wp.unil.ch\/archipelessais\/files\/2017\/03\/Compte-rendu-G\u00e9raldine-par-No\u00e9mie.pdf\" target=\"_blank\" rel=\"noopener noreferrer\">pp. 156-159<\/a>.<\/li>\n<\/ul>\n<ul>\n<li>Jane H. M. Taylor,\u00a0\u00ab G\u00e9raldine Toniutti,\u00a0<em>Pour une po\u00e9tique de l&rsquo;implicitation : <\/em>Cristal et Clarie<em> ou l&rsquo;art de faire du neuf avec de l&rsquo;ancien<\/em>\u00a0\u00bb,\u00a0<em>Perspectives m\u00e9di\u00e9vales<\/em>\u00a0[En ligne], 36\/2015, mis en ligne le 1 janvier\u00a02015. URL : <a href=\"https:\/\/peme.revues.org\/9197\" target=\"_blank\" rel=\"noopener noreferrer\">https:\/\/peme.revues.org\/9197<\/a><\/li>\n<\/ul>\n<ul>\n<li>Friedrich Wolfzettel,\u00a0\u00ab G\u00e9raldine Toniutti,\u00a0<em>Pour une po\u00e9tique de l&rsquo;implicitation : <\/em>Cristal et Clarie<em> ou l&rsquo;art de faire du neuf avec de l&rsquo;ancien<\/em>\u00a0\u00bb,\u00a0<em>Zeitschrift f\u00fcr romanische Philologie<\/em>, vol. 131\/4, novembre\u00a02015,\u00a0<a href=\"https:\/\/wp.unil.ch\/archipelessais\/files\/2016\/01\/Compte-rendu-GT.pdf\" target=\"_blank\" rel=\"noopener noreferrer\">pp.\u00a01245\u20131246<\/a>.<\/li>\n<\/ul>\n<ul>\n<li>Martina Crosio,\u00a0\u00ab G\u00e9raldine Toniutti,\u00a0<em>Pour une po\u00e9tique de l&rsquo;implicitation : <\/em>Cristal et Clarie<em> ou l&rsquo;art de faire du neuf avec de l&rsquo;ancien<\/em>\u00a0\u00bb,\u00a0<em>Studi Francesi\u00a0<\/em>[En ligne], 179 (LX | II), 2016, mis en ligne le 1\u00a0septembre 2016. URL :\u00a0<a href=\"https:\/\/studifrancesi.revues.org\/4286\" target=\"_blank\" rel=\"noopener noreferrer\">https:\/\/studifrancesi.revues.org\/4286<\/a><\/li>\n<\/ul>\n<p><a title=\"Rochat\" href=\"..\/vol-15-rochat\/\">Laure-Adrienne Rochat, <strong><em>De l\u2019\u00e9pop\u00e9e au roman. Une lecture de <\/em>Monn\u00e9, outrages et d\u00e9fis<em> d\u2019Ahmadou Kourouma<\/em><\/strong><\/a>, postface de Christine Le Quellec Cottier, 2011.<\/p>\n<ul>\n<li>Thomas Bar\u00e8ge, \u00ab La litt\u00e9rature africaine entre \u00e9pique et antique \u00bb, <em>Acta Fabula<\/em>, Essais critiques, mis en ligne le 12 septembre 2011.<br \/>\nURL : <a href=\"https:\/\/www.fabula.org\/revue\/document6473.php\" target=\"_blank\" rel=\"noopener noreferrer\">https:\/\/www.fabula.org\/revue\/document6473.php<\/a><\/li>\n<\/ul>\n<p><a title=\"Rohrbach\" href=\"..\/188-2\/\">V\u00e9ronique Rohrbach,<strong> <em>Politique du polar. Jean-Bernard Pouy<\/em><\/strong><\/a>, pr\u00e9face de J. Meizoz, 2007.<\/p>\n<ul>\n<li>Sarah Sindaco, \u00ab\u00a0Compte rendu de Rohrbach (V\u00e9ronique), <em>Politique du polar. Jean-Bernard Pouy<\/em>\u00a0\u00bb, <em>COnTEXTES<\/em> [En ligne], Notes de lecture, mis en ligne le 2 octobre 2007. URL:<a href=\"https:\/\/contextes.revues.org\/index432.html\" target=\"_blank\" rel=\"noopener noreferrer\"> https:\/\/contextes.revues.org\/index432.html<\/a><\/li>\n<\/ul>\n<p><a title=\"Jean\" href=\"..\/jean\/\">Fabienne Jan, <strong><em>De la dorveille \u00e0 la merveille. L\u2019imaginaire onirique dans les lais f\u00e9eriques des XIIe et XIIIe si\u00e8cles<\/em><\/strong><\/a>, postface d\u2019A. Corbellari, 2007.<\/p>\n<ul>\n<li>Jane H. M. Taylor, Book Review, <em>Medium Aevum<\/em>, mars 2010, <a href=\"https:\/\/wp.unil.ch\/archipelessais\/files\/2012\/01\/JanReview1.pdf\">pp. 178-179<\/a>.<\/li>\n<\/ul>\n<div>\n<ul>\n<li>Mireille Demaules, Compte rendu, <em>Le Moyen Age. Revue d&rsquo;histoire et de philologie<\/em>, 2009\/1 (Tome CXV), <a href=\"https:\/\/wp.unil.ch\/archipelessais\/files\/2012\/01\/RMA_151_01471.pdf\">pp. 183-184<\/a>.<\/li>\n<\/ul>\n<ul>\n<li>Val\u00e9rie Gont\u00e9ro-Lauze,\u00a0\u00ab Fabienne Jan,\u00a0<em>De la dorveille \u00e0 la merveille. L&rsquo;imaginaire onirique dans les lais f\u00e9eriques des XIIe et XIIIe si\u00e8cles<\/em>\u00a0\u00bb,\u00a0<em>Perspectives m\u00e9di\u00e9vales<\/em>\u00a0[En ligne], 33\/2009, mis en ligne le 1 septembre 2012.<br \/>\nURL : <a href=\"https:\/\/peme.revues.org\/3013\" target=\"_blank\" rel=\"noopener noreferrer\">https:\/\/peme.revues.org\/3013<\/a><\/li>\n<\/ul>\n<\/div>\n","protected":false},"excerpt":{"rendered":"<p>Vivien Poltier, Une contradiction fondamentale dans la litt\u00e9rature du travail. Les spectres du conflit dans la litt\u00e9rature contemporaine (1980-2020), Postface de Marta Caraion, 2021. Corinne Grenouillet, Trois \u00e9crivains contemporains face &hellip; <\/p>\n","protected":false},"author":108,"featured_media":0,"parent":0,"menu_order":4,"comment_status":"closed","ping_status":"closed","template":"","meta":{"_seopress_robots_primary_cat":"","_seopress_titles_title":"","_seopress_titles_desc":"","_seopress_robots_index":"","footnotes":""},"class_list":["post-36","page","type-page","status-publish"],"_links":{"self":[{"href":"https:\/\/wp.unil.ch\/archipelessais\/wp-json\/wp\/v2\/pages\/36","targetHints":{"allow":["GET"]}}],"collection":[{"href":"https:\/\/wp.unil.ch\/archipelessais\/wp-json\/wp\/v2\/pages"}],"about":[{"href":"https:\/\/wp.unil.ch\/archipelessais\/wp-json\/wp\/v2\/types\/page"}],"author":[{"embeddable":true,"href":"https:\/\/wp.unil.ch\/archipelessais\/wp-json\/wp\/v2\/users\/108"}],"replies":[{"embeddable":true,"href":"https:\/\/wp.unil.ch\/archipelessais\/wp-json\/wp\/v2\/comments?post=36"}],"version-history":[{"count":0,"href":"https:\/\/wp.unil.ch\/archipelessais\/wp-json\/wp\/v2\/pages\/36\/revisions"}],"wp:attachment":[{"href":"https:\/\/wp.unil.ch\/archipelessais\/wp-json\/wp\/v2\/media?parent=36"}],"curies":[{"name":"wp","href":"https:\/\/api.w.org\/{rel}","templated":true}]}}