{"id":33,"date":"2012-01-13T10:00:17","date_gmt":"2012-01-13T09:00:17","guid":{"rendered":"http:\/\/wp.unil.ch\/archipelessais\/?page_id=33"},"modified":"2013-08-08T11:25:00","modified_gmt":"2013-08-08T09:25:00","slug":"volume1","status":"publish","type":"page","link":"https:\/\/wp.unil.ch\/archipelessais\/volume1\/","title":{"rendered":"Volume 1"},"content":{"rendered":"<h1>La \u00ab\u00a0nouvelle-instant\u00a0\u00bb: un cas-limite de narrativit\u00e9?<\/h1>\n<div><em>L&rsquo;exemple de deux nouvelles d&rsquo;Albert Camus<\/em><\/div>\n<div>\n<div><strong>Rapha\u00ebl Micheli<\/strong><\/div>\n<\/div>\n<p><strong><em><\/em><\/strong>Postface de Jean-Michel Adam et Jean-Daniel Gollut, 2001.<\/p>\n<p><strong><br \/>\nL&rsquo;<\/strong>ouvrage prend pour point de d\u00e9part la notion de \u00ab\u00a0nouvelle-instant\u00a0\u00bb propos\u00e9e par Ren\u00e9 <a href=\"https:\/\/wp.unil.ch\/archipelessais\/files\/2012\/01\/Essais1couv1.gif\"><img alt=\"\" loading=\"lazy\" decoding=\"async\" class=\"alignright size-medium wp-image-49\" alt=\"\" src=\"https:\/\/wp.unil.ch\/archipelessais\/files\/2012\/01\/Essais1couv1-180x300.gif\" width=\"180\" height=\"300\" srcset=\"https:\/\/wp.unil.ch\/archipelessais\/files\/2012\/01\/Essais1couv1-180x300.gif 180w, https:\/\/wp.unil.ch\/archipelessais\/files\/2012\/01\/Essais1couv1.gif 480w\" sizes=\"auto, (max-width: 180px) 100vw, 180px\" \/><\/a>Godenne dans le cadre de ses travaux sur la nouvelle moderne. Selon le critique, \u00ab\u00a0certains auteurs ne pr\u00e9tendent plus vouloir raconter une histoire en bonne et due forme, mais ram\u00e8nent le sujet de la nouvelle \u00e0 la seule \u00e9vocation, et \u00e0 l&rsquo;approfondissement, d&rsquo;un instant pr\u00e9cis de vie [&#8230;]. La notion n&rsquo;inclut pas &#8211; ou si peu &#8211; une id\u00e9e narrative\u00a0\u00bb. Le but du travail est de reprendre la notion de \u00a0\u00bb nouvelle-instant \u00a0\u00bb pour l&rsquo;affiner th\u00e9oriquement et la mettre \u00e0 l&rsquo;\u00e9preuve d&rsquo;une approche linguistique de deux nouvelles de l&rsquo;<em>Exilet le royaume<\/em> d&rsquo;Albert Camus (La femme adult\u00e8re et Les muets). La premi\u00e8re partie est ainsi enti\u00e8rement consacr\u00e9e \u00e0 une relecture de la notion de \u00a0\u00bb nouvelle-instant \u00a0\u00bb , \u00e0 la lumi\u00e8re des th\u00e9ories du r\u00e9cit et de l&rsquo;action. Les termes cl\u00e9s d&rsquo;instant, d&rsquo;action et de mise en intrigue y sont soumis \u00e0 une tentative de red\u00e9finition. Forte de cette mise au point th\u00e9orique, la deuxi\u00e8me partie s&rsquo;ouvre \u00e0 une analyse stylistique des nouvelles du corpus. L&rsquo;enjeu central est de montrer que la dilatation temporelle dans l&rsquo;instant va de pair avec un effritement de l&rsquo;action humaine et de son organisation textuelle par la mise en intrigue. Les nouvelles camusiennes apparaissent alors comme des cas limites de narrativit\u00e9 o\u00f9 le r\u00e9cit est fondamentalement d\u00e9cevant. L\u2019ouvrage vise ainsi \u00e0 une r\u00e9flexion sur la d\u00e9narrativisation \u00e0 l&rsquo;\u0153uvre dans la \u00a0\u00bb nouvelle-instant \u00a0\u00bb par une approche situ\u00e9e au carrefour de la po\u00e9tique de la nouvelle, des th\u00e9ories du r\u00e9cit et de l&rsquo;action, ainsi que d&rsquo;une stylistique linguistique.<\/p>\n<p style=\"text-align: justify\">140 p.<\/p>\n<p>&nbsp;<\/p>\n<p>&nbsp;<\/p>\n<p>&nbsp;<\/p>\n<p>&nbsp;<\/p>\n<p>&nbsp;<\/p>\n<p>&nbsp;<\/p>\n","protected":false},"excerpt":{"rendered":"<p>La \u00ab\u00a0nouvelle-instant\u00a0\u00bb: un cas-limite de narrativit\u00e9? L&rsquo;exemple de deux nouvelles d&rsquo;Albert Camus Rapha\u00ebl Micheli Postface de Jean-Michel Adam et Jean-Daniel Gollut, 2001. L&rsquo;ouvrage prend pour point de d\u00e9part la notion &hellip; <\/p>\n","protected":false},"author":241,"featured_media":0,"parent":0,"menu_order":15,"comment_status":"closed","ping_status":"closed","template":"sidebar-page.php","meta":{"_seopress_robots_primary_cat":"","_seopress_titles_title":"","_seopress_titles_desc":"","_seopress_robots_index":"","footnotes":""},"class_list":["post-33","page","type-page","status-publish"],"_links":{"self":[{"href":"https:\/\/wp.unil.ch\/archipelessais\/wp-json\/wp\/v2\/pages\/33","targetHints":{"allow":["GET"]}}],"collection":[{"href":"https:\/\/wp.unil.ch\/archipelessais\/wp-json\/wp\/v2\/pages"}],"about":[{"href":"https:\/\/wp.unil.ch\/archipelessais\/wp-json\/wp\/v2\/types\/page"}],"author":[{"embeddable":true,"href":"https:\/\/wp.unil.ch\/archipelessais\/wp-json\/wp\/v2\/users\/241"}],"replies":[{"embeddable":true,"href":"https:\/\/wp.unil.ch\/archipelessais\/wp-json\/wp\/v2\/comments?post=33"}],"version-history":[{"count":0,"href":"https:\/\/wp.unil.ch\/archipelessais\/wp-json\/wp\/v2\/pages\/33\/revisions"}],"wp:attachment":[{"href":"https:\/\/wp.unil.ch\/archipelessais\/wp-json\/wp\/v2\/media?parent=33"}],"curies":[{"name":"wp","href":"https:\/\/api.w.org\/{rel}","templated":true}]}}