{"id":2,"date":"2011-08-09T13:30:34","date_gmt":"2011-08-09T13:30:34","guid":{"rendered":"http:\/\/wp.unil.ch\/archipelessais\/?page_id=2"},"modified":"2026-02-05T18:19:25","modified_gmt":"2026-02-05T17:19:25","slug":"page-d-exemple","status":"publish","type":"page","link":"https:\/\/wp.unil.ch\/archipelessais\/","title":{"rendered":""},"content":{"rendered":"\n<h1 class=\"wp-block-heading has-text-align-center\"><strong><mark style=\"background-color:#ffffff;color:#00469e\" class=\"has-inline-color\">NOUVELLES PARUTIONS 2026<\/mark><\/strong><\/h1>\n\n\n\n<figure class=\"wp-block-image size-large\"><img loading=\"lazy\" decoding=\"async\" width=\"1024\" height=\"457\" src=\"https:\/\/wp.unil.ch\/archipelessais\/files\/2026\/02\/capture-decran-2026-02-05-a-17.20.22-1024x457.png\" alt=\"capture d\u2019e\u0301cran 2026 02 05 a\u0300 17.20.22\" class=\"wp-image-1334\" srcset=\"https:\/\/wp.unil.ch\/archipelessais\/files\/2026\/02\/capture-decran-2026-02-05-a-17.20.22-1024x457.png 1024w, https:\/\/wp.unil.ch\/archipelessais\/files\/2026\/02\/capture-decran-2026-02-05-a-17.20.22-300x134.png 300w, https:\/\/wp.unil.ch\/archipelessais\/files\/2026\/02\/capture-decran-2026-02-05-a-17.20.22-150x67.png 150w, https:\/\/wp.unil.ch\/archipelessais\/files\/2026\/02\/capture-decran-2026-02-05-a-17.20.22-768x343.png 768w, https:\/\/wp.unil.ch\/archipelessais\/files\/2026\/02\/capture-decran-2026-02-05-a-17.20.22-1536x686.png 1536w, https:\/\/wp.unil.ch\/archipelessais\/files\/2026\/02\/capture-decran-2026-02-05-a-17.20.22.png 1920w\" sizes=\"auto, (max-width: 1024px) 100vw, 1024px\" \/><\/figure>\n\n\n\n<div class=\"wp-block-group is-nowrap is-layout-flex wp-container-core-group-is-layout-ad2f72ca wp-block-group-is-layout-flex\">\n<p>Depuis 2001, la collection&nbsp;<span style=\"text-align: right\">Archipel Essais publie des m\u00e9moires et des num\u00e9ros th\u00e9matiques de chercheur\u00b7euse\u00b7s et d&rsquo;\u00e9tudiant\u00b7e\u00b7s de la Section de fran\u00e7ais de l\u2019Universit\u00e9 de Lausanne. Les textes sont choisis par un comit\u00e9 de lecture compos\u00e9 d&rsquo;enseignant\u00b7e\u00b7s de la Section. La s\u00e9lection m\u00eale des crit\u00e8res de divers ordres, qui ne sont pas exclusivement acad\u00e9miques : outre la qualit\u00e9 intellectuelle du travail, la nature du sujet ou le confort de lecture sont d\u00e9terminants.<\/span><\/p>\n<\/div>\n\n\n\n<p>Le r\u00e9sultat est une collection proposant des \u00e9tudes accessibles \u00e0 un large public, originales et vari\u00e9es : on y parle du n\u00e9o-polar, du roman pr\u00e9historique, de la po\u00e9sie sonore, de la litt\u00e9rature m\u00e9di\u00e9vale, de la place des objets dans la fiction, de Camus, Beckett, Kourouma\u2026 Autant d&rsquo;essais qui t\u00e9moignent de la richesse critique des \u00e9tudes en langue et litt\u00e9ratures fran\u00e7aises \u00e0 l\u2019Unil.<\/p>\n\n\n\n<figure class=\"wp-block-image size-large\"><img loading=\"lazy\" decoding=\"async\" width=\"1024\" height=\"357\" src=\"https:\/\/wp.unil.ch\/archipelessais\/files\/2026\/02\/capture-decran-2026-02-05-a-17.36.54-1024x357.png\" alt=\"capture d\u2019e\u0301cran 2026 02 05 a\u0300 17.36.54\" class=\"wp-image-1343\" srcset=\"https:\/\/wp.unil.ch\/archipelessais\/files\/2026\/02\/capture-decran-2026-02-05-a-17.36.54-1024x357.png 1024w, https:\/\/wp.unil.ch\/archipelessais\/files\/2026\/02\/capture-decran-2026-02-05-a-17.36.54-300x105.png 300w, https:\/\/wp.unil.ch\/archipelessais\/files\/2026\/02\/capture-decran-2026-02-05-a-17.36.54-150x52.png 150w, https:\/\/wp.unil.ch\/archipelessais\/files\/2026\/02\/capture-decran-2026-02-05-a-17.36.54-768x268.png 768w, https:\/\/wp.unil.ch\/archipelessais\/files\/2026\/02\/capture-decran-2026-02-05-a-17.36.54-1536x535.png 1536w, https:\/\/wp.unil.ch\/archipelessais\/files\/2026\/02\/capture-decran-2026-02-05-a-17.36.54.png 1934w\" sizes=\"auto, (max-width: 1024px) 100vw, 1024px\" \/><\/figure>\n\n\n\n<p><\/p>\n\n\n\n<p class=\"has-text-align-center\"><strong>Lien vers les pages des ouvrages :<\/strong><\/p>\n\n\n\n<p class=\"has-text-align-center\">N\u00b0 38 \u2013 <a href=\"https:\/\/wp.unil.ch\/archipelessais\/nouvelle-parution-janvier-2026\/\">Lo\u00efc Dalle, <em>Le Livre mat\u00e9rialis\u00e9<\/em>. <\/a> <\/p>\n\n\n\n<p class=\"has-text-align-center\">N\u00b039 \u2013 <a href=\"https:\/\/wp.unil.ch\/archipelessais\/volume-39\/\">Marie Schmidhauser, <em>Sartre autobiographe.<\/em><\/a><\/p>\n\n\n\n<p><\/p>\n\n\n\n<p class=\"has-text-align-center\"><a href=\"https:\/\/wp.unil.ch\/archipelessais\/commande\/\">Commander les volumes<\/a><\/p>\n\n\n\n<p><\/p>\n\n\n\n<p><\/p>\n\n\n<div class=\"wp-block-image\">\n<figure class=\"alignleft\"><img alt=\"\" loading=\"lazy\" decoding=\"async\" width=\"1000\" height=\"231\" src=\"https:\/\/wp.unil.ch\/archipelessais\/files\/2012\/06\/dessin2_noirblanc-unil.jpg\" alt=\"\" class=\"wp-image-643\" srcset=\"https:\/\/wp.unil.ch\/archipelessais\/files\/2012\/06\/dessin2_noirblanc-unil.jpg 1000w, https:\/\/wp.unil.ch\/archipelessais\/files\/2012\/06\/dessin2_noirblanc-unil-150x34.jpg 150w, https:\/\/wp.unil.ch\/archipelessais\/files\/2012\/06\/dessin2_noirblanc-unil-300x69.jpg 300w, https:\/\/wp.unil.ch\/archipelessais\/files\/2012\/06\/dessin2_noirblanc-unil-500x115.jpg 500w\" sizes=\"auto, (max-width: 1000px) 100vw, 1000px\" \/><\/figure>\n<\/div>","protected":false},"excerpt":{"rendered":"<p>NOUVELLES PARUTIONS 2026 Depuis 2001, la collection&nbsp;Archipel Essais publie des m\u00e9moires et des num\u00e9ros th\u00e9matiques de chercheur\u00b7euse\u00b7s et d&rsquo;\u00e9tudiant\u00b7e\u00b7s de la Section de fran\u00e7ais de l\u2019Universit\u00e9 de Lausanne. Les textes &hellip; <\/p>\n","protected":false},"author":108,"featured_media":0,"parent":0,"menu_order":0,"comment_status":"open","ping_status":"open","template":"","meta":{"_seopress_robots_primary_cat":"","_seopress_titles_title":"","_seopress_titles_desc":"","_seopress_robots_index":"","footnotes":""},"class_list":["post-2","page","type-page","status-publish"],"_links":{"self":[{"href":"https:\/\/wp.unil.ch\/archipelessais\/wp-json\/wp\/v2\/pages\/2","targetHints":{"allow":["GET"]}}],"collection":[{"href":"https:\/\/wp.unil.ch\/archipelessais\/wp-json\/wp\/v2\/pages"}],"about":[{"href":"https:\/\/wp.unil.ch\/archipelessais\/wp-json\/wp\/v2\/types\/page"}],"author":[{"embeddable":true,"href":"https:\/\/wp.unil.ch\/archipelessais\/wp-json\/wp\/v2\/users\/108"}],"replies":[{"embeddable":true,"href":"https:\/\/wp.unil.ch\/archipelessais\/wp-json\/wp\/v2\/comments?post=2"}],"version-history":[{"count":5,"href":"https:\/\/wp.unil.ch\/archipelessais\/wp-json\/wp\/v2\/pages\/2\/revisions"}],"predecessor-version":[{"id":1366,"href":"https:\/\/wp.unil.ch\/archipelessais\/wp-json\/wp\/v2\/pages\/2\/revisions\/1366"}],"wp:attachment":[{"href":"https:\/\/wp.unil.ch\/archipelessais\/wp-json\/wp\/v2\/media?parent=2"}],"curies":[{"name":"wp","href":"https:\/\/api.w.org\/{rel}","templated":true}]}}