{"id":188,"date":"2012-03-20T11:20:57","date_gmt":"2012-03-20T10:20:57","guid":{"rendered":"http:\/\/wp.unil.ch\/archipelessais\/?page_id=188"},"modified":"2013-08-08T11:19:41","modified_gmt":"2013-08-08T09:19:41","slug":"188-2","status":"publish","type":"page","link":"https:\/\/wp.unil.ch\/archipelessais\/188-2\/","title":{"rendered":"Volume 13"},"content":{"rendered":"<p>&nbsp;<\/p>\n<h1>Politique du polar<\/h1>\n<div><em>Jean-Bernard Pouy<br \/>\n<\/em><\/div>\n<div>\n<div><strong>V\u00e9ronique Rohrbach<br \/>\n<\/strong><\/div>\n<\/div>\n<p><strong><em><\/em><\/strong>Pr\u00e9face de J\u00e9r\u00f4me Meizoz, 2007.<\/p>\n<p><strong><br \/>\nL<\/strong>a litt\u00e9rature engag\u00e9e remet en question la d\u00e9finition d&rsquo;une litt\u00e9rature atemporelle et <a href=\"https:\/\/wp.unil.ch\/archipelessais\/files\/2012\/01\/Essais13couv2.gif\"><img alt=\"\" loading=\"lazy\" decoding=\"async\" class=\"alignright size-medium wp-image-61\" alt=\"\" src=\"https:\/\/wp.unil.ch\/archipelessais\/files\/2012\/01\/Essais13couv2-183x300.gif\" width=\"183\" height=\"300\" srcset=\"https:\/\/wp.unil.ch\/archipelessais\/files\/2012\/01\/Essais13couv2-183x300.gif 183w, https:\/\/wp.unil.ch\/archipelessais\/files\/2012\/01\/Essais13couv2.gif 488w\" sizes=\"auto, (max-width: 183px) 100vw, 183px\" \/><\/a>d\u00e9tach\u00e9e des contingences historiques. Tel est aussi le cas de ce que l&rsquo;on a appel\u00e9, en France, apr\u00e8s la Seconde Guerre, le \u00ab\u00a0roman noir\u00a0\u00bb ou \u00ab\u00a0polar\u00a0\u00bb, ce roman policier venu des \u00c9tats-Unis et qui se distingue du roman d&rsquo;\u00e9nigme par son \u00e9criture b\u00e9havioriste, son r\u00e9alisme et son regard critique sur la soci\u00e9t\u00e9. D\u00e8s les ann\u00e9es soixante-dix, des auteurs r\u00e9unis sous l&rsquo;\u00e9tiquette \u00ab\u00a0n\u00e9o-polar\u00a0\u00bb (Manchette, Vautrin, Daeninckx, Pouy ou Fajardie) pratiquent cette litt\u00e9rature polici\u00e8re qui a la tradition d&rsquo;\u00eatre politiquement engag\u00e9e. Or, pour comprendre l&rsquo;engagement de ces \u00e9crivains au pass\u00e9 militant et leur entr\u00e9e en litt\u00e9rature, il faut se pencher sur la question du genre policier, plus sp\u00e9cifiquement \u00ab\u00a0noir\u00a0\u00bb, et de sa position dans le champ litt\u00e9raire. Car l&rsquo;engagement politique dans les romans s&rsquo;av\u00e8re indissociable d&rsquo;un engagement pour le roman noir, genre minoris\u00e9 au sein du champ, \u00e0 l&rsquo;instar d&rsquo;une fiction polici\u00e8re que l&rsquo;on persiste \u00e0 qualifier p\u00e9jorativement de \u00ab\u00a0paralitt\u00e9rature\u00a0\u00bb. Le genre partage ainsi en quelque sorte le m\u00eame sort que les exclus de la soci\u00e9t\u00e9 dont on a coutume de parler dans le polar\u00a0: litt\u00e9rature en marge, le roman noir \u00e9crit sur les marges. M\u00ealant engagement \u00e0 l&rsquo;extr\u00eame gauche et rejet de la \u00ab\u00a0litt\u00e9rature blanche\u00a0\u00bb, Jean-Bernard Pouy est une figure bien en vue du milieu du polar en France\u00a0: il se pr\u00e9sente comme \u00ab\u00a0un ardent d\u00e9fenseur du roman noir et du roman populaire\u00a0\u00bb. Le p\u00e8re de l&rsquo;enqu\u00eateur libertaire le Poulpe illustre ce double engagement litt\u00e9raire et politique en endossant une posture d&rsquo;\u00e9crivain \u00ab\u00a0populaire\u00a0\u00bb ill\u00e9gitim\u00e9 qui se donne \u00e0 voir dans une pratique d&rsquo;\u00e9criture, une parole et une pr\u00e9sentation de soi au public. Cette posture, analys\u00e9e dans cet essai, lui permet de transformer \u00e0 son avantage le handicap d&rsquo;une position domin\u00e9e dans le champ litt\u00e9raire.<\/p>\n<p>143 p.<\/p>\n","protected":false},"excerpt":{"rendered":"<p>&nbsp; Politique du polar Jean-Bernard Pouy V\u00e9ronique Rohrbach Pr\u00e9face de J\u00e9r\u00f4me Meizoz, 2007. La litt\u00e9rature engag\u00e9e remet en question la d\u00e9finition d&rsquo;une litt\u00e9rature atemporelle et d\u00e9tach\u00e9e des contingences historiques. Tel &hellip; <\/p>\n","protected":false},"author":241,"featured_media":0,"parent":0,"menu_order":0,"comment_status":"closed","ping_status":"closed","template":"","meta":{"_seopress_robots_primary_cat":"","_seopress_titles_title":"","_seopress_titles_desc":"","_seopress_robots_index":"","footnotes":""},"class_list":["post-188","page","type-page","status-publish"],"_links":{"self":[{"href":"https:\/\/wp.unil.ch\/archipelessais\/wp-json\/wp\/v2\/pages\/188","targetHints":{"allow":["GET"]}}],"collection":[{"href":"https:\/\/wp.unil.ch\/archipelessais\/wp-json\/wp\/v2\/pages"}],"about":[{"href":"https:\/\/wp.unil.ch\/archipelessais\/wp-json\/wp\/v2\/types\/page"}],"author":[{"embeddable":true,"href":"https:\/\/wp.unil.ch\/archipelessais\/wp-json\/wp\/v2\/users\/241"}],"replies":[{"embeddable":true,"href":"https:\/\/wp.unil.ch\/archipelessais\/wp-json\/wp\/v2\/comments?post=188"}],"version-history":[{"count":0,"href":"https:\/\/wp.unil.ch\/archipelessais\/wp-json\/wp\/v2\/pages\/188\/revisions"}],"wp:attachment":[{"href":"https:\/\/wp.unil.ch\/archipelessais\/wp-json\/wp\/v2\/media?parent=188"}],"curies":[{"name":"wp","href":"https:\/\/api.w.org\/{rel}","templated":true}]}}