{"id":186,"date":"2012-03-20T11:18:40","date_gmt":"2012-03-20T10:18:40","guid":{"rendered":"http:\/\/wp.unil.ch\/archipelessais\/?page_id=186"},"modified":"2013-08-08T11:20:02","modified_gmt":"2013-08-08T09:20:02","slug":"jean","status":"publish","type":"page","link":"https:\/\/wp.unil.ch\/archipelessais\/jean\/","title":{"rendered":"Volume 12"},"content":{"rendered":"<h1><\/h1>\n<h1>De la dorveille \u00e0 la merveille<\/h1>\n<div><em>L&rsquo;imaginaire onirique dans les lais f\u00e9eriques des XII<sup>e<\/sup> et XIII<sup>e<\/sup> si\u00e8cles<br \/>\n<\/em><\/div>\n<div>\n<div><strong>Fabienne Jan<br \/>\n<\/strong><\/div>\n<\/div>\n<p><strong><em><\/em><\/strong>Postface de Alain Corbellari, 2007.<\/p>\n<p><strong><br \/>\n\u00c0<\/strong> l&rsquo;origine de cet ouvrage, un \u00e9tonnement\u00a0: contrairement \u00e0 beaucoup de textes fran\u00e7ais <a href=\"https:\/\/wp.unil.ch\/archipelessais\/files\/2012\/01\/Essais12couv2.gif\"><img alt=\"\" loading=\"lazy\" decoding=\"async\" class=\"alignright size-medium wp-image-60\" alt=\"\" src=\"https:\/\/wp.unil.ch\/archipelessais\/files\/2012\/01\/Essais12couv2-184x300.gif\" width=\"184\" height=\"300\" srcset=\"https:\/\/wp.unil.ch\/archipelessais\/files\/2012\/01\/Essais12couv2-184x300.gif 184w, https:\/\/wp.unil.ch\/archipelessais\/files\/2012\/01\/Essais12couv2.gif 493w\" sizes=\"auto, (max-width: 184px) 100vw, 184px\" \/><\/a>de la m\u00eame \u00e9poque, les lais des 12<sup>e<\/sup> et 13<sup>e<\/sup> si\u00e8cles (de Marie de France et d&rsquo;autres auteurs anonymes) ne comptent pas de r\u00eave, bien qu&rsquo;on y dorme beaucoup. Pourtant, ils ne semblent pas moins empreints d&rsquo;un onirisme latent, implicite. La premi\u00e8re partie de cet essai cherche \u00e0 montrer que, dans les lais f\u00e9eriques, le moment privil\u00e9gi\u00e9 de la rencontre surnaturelle peut \u00eatre consid\u00e9r\u00e9 comme une r\u00eaverie compensatoire de la part de protagonistes particuli\u00e8rement malheureux. La deuxi\u00e8me partie est consacr\u00e9e au lai anonyme de <em>D\u00e9sir\u00e9<\/em> dont le passage central ressortirait exceptionnellement au registre du r\u00eave, r\u00eave compris ici non plus au sens de r\u00eave \u00e9veill\u00e9, mais de \u00ab\u00a0vrai\u00a0\u00bb r\u00eave nocturne, m\u00eame s&rsquo;il n&rsquo;est pas donn\u00e9 pour tel. Sollicitant aussi bien la classification antique des songes de Macrobe que les th\u00e9ories de Freud et de Winnicot, cette recherche propose de revaloriser les lais anonymes si souvent\u2014 et si injustement \u2014 d\u00e9cri\u00e9s pour leur manque de lisibilit\u00e9 et de coh\u00e9rence\u00a0: il semble en r\u00e9alit\u00e9 pertinent de tirer parti de leurs pr\u00e9tendues incons\u00e9quences par le biais du r\u00eave, dont on sait bien que le contenu manifeste, par essence saugrenu et illogique, r\u00e9siste \u00e0 l&rsquo;entendement.<\/p>\n<p>170 p.<\/p>\n","protected":false},"excerpt":{"rendered":"<p>De la dorveille \u00e0 la merveille L&rsquo;imaginaire onirique dans les lais f\u00e9eriques des XIIe et XIIIe si\u00e8cles Fabienne Jan Postface de Alain Corbellari, 2007. \u00c0 l&rsquo;origine de cet ouvrage, un &hellip; <\/p>\n","protected":false},"author":241,"featured_media":0,"parent":0,"menu_order":0,"comment_status":"closed","ping_status":"closed","template":"","meta":{"_seopress_robots_primary_cat":"","_seopress_titles_title":"","_seopress_titles_desc":"","_seopress_robots_index":"","footnotes":""},"class_list":["post-186","page","type-page","status-publish"],"_links":{"self":[{"href":"https:\/\/wp.unil.ch\/archipelessais\/wp-json\/wp\/v2\/pages\/186","targetHints":{"allow":["GET"]}}],"collection":[{"href":"https:\/\/wp.unil.ch\/archipelessais\/wp-json\/wp\/v2\/pages"}],"about":[{"href":"https:\/\/wp.unil.ch\/archipelessais\/wp-json\/wp\/v2\/types\/page"}],"author":[{"embeddable":true,"href":"https:\/\/wp.unil.ch\/archipelessais\/wp-json\/wp\/v2\/users\/241"}],"replies":[{"embeddable":true,"href":"https:\/\/wp.unil.ch\/archipelessais\/wp-json\/wp\/v2\/comments?post=186"}],"version-history":[{"count":0,"href":"https:\/\/wp.unil.ch\/archipelessais\/wp-json\/wp\/v2\/pages\/186\/revisions"}],"wp:attachment":[{"href":"https:\/\/wp.unil.ch\/archipelessais\/wp-json\/wp\/v2\/media?parent=186"}],"curies":[{"name":"wp","href":"https:\/\/api.w.org\/{rel}","templated":true}]}}