{"id":179,"date":"2012-03-20T11:11:05","date_gmt":"2012-03-20T10:11:05","guid":{"rendered":"http:\/\/wp.unil.ch\/archipelessais\/?page_id=179"},"modified":"2013-08-08T11:21:06","modified_gmt":"2013-08-08T09:21:06","slug":"179-2","status":"publish","type":"page","link":"https:\/\/wp.unil.ch\/archipelessais\/179-2\/","title":{"rendered":"Volume 9"},"content":{"rendered":"<h1>Jardins d&rsquo;hiver et de papier<\/h1>\n<div><em>Regards crois\u00e9s sur le jardin d&rsquo;hiver dans le Paris et la litt\u00e9rature fin-de-si\u00e8cle: un espace entre science et imaginaire<br \/>\n<\/em><\/div>\n<div>\n<div><strong>Maryline Cettou<br \/>\n<\/strong><\/div>\n<\/div>\n<p><strong><em><\/em><\/strong>Pr\u00e9face de Philippe Junod et Postface de Claude Reichler, 2005.<\/p>\n<p><strong><br \/>\nL\u2019<\/strong>\u00e9tude \u00e9claire la profonde dichotomie s\u00e9parant les jardins d\u2019hiver \u00e9difi\u00e9s dans le Paris de <a href=\"https:\/\/wp.unil.ch\/archipelessais\/files\/2012\/01\/Essais9couv.gif\"><img alt=\"\" loading=\"lazy\" decoding=\"async\" class=\"alignright size-medium wp-image-57\" alt=\"\" src=\"https:\/\/wp.unil.ch\/archipelessais\/files\/2012\/01\/Essais9couv-184x300.gif\" width=\"184\" height=\"300\" srcset=\"https:\/\/wp.unil.ch\/archipelessais\/files\/2012\/01\/Essais9couv-184x300.gif 184w, https:\/\/wp.unil.ch\/archipelessais\/files\/2012\/01\/Essais9couv.gif 491w\" sizes=\"auto, (max-width: 184px) 100vw, 184px\" \/><\/a>la fin du 19e si\u00e8cle de leurs homologues \u201cde papier\u201d cr\u00e9\u00e9s par des auteurs contemporains tels Zola, Huysmans ou Rachilde : il s\u2019agit d\u2019appr\u00e9hender le rapport apparemment antinomique que ces serres litt\u00e9raires entretiennent avec ce qui est alors consid\u00e9r\u00e9 comme l\u2019un des fleurons en mati\u00e8re de science et d\u2019esth\u00e9tique. En s\u2019int\u00e9ressant au r\u00f4le d\u00e9volu aux jardins d\u2019hiver parisiens dans la relation triangulaire entre science, nature et soci\u00e9t\u00e9, il appara\u00eet alors que ces derniers, au travers des th\u00e9ories et des pratiques qui les sous-tendent, ne sont pas sans receler nombre d\u2019ambigu\u00eft\u00e9s et de doutes dont le discours officiel ne rend pas compte, mais que les serres de la fin-de-si\u00e8cle s\u2019ing\u00e9nient pr\u00e9cis\u00e9ment \u00e0 mettre en lumi\u00e8re. La mise en place d\u2019une perspective comparatiste \u2014 entre litt\u00e9rature et histoire de l\u2019art et, plus g\u00e9n\u00e9ralement, histoire sociale \u2014 permet de constater comment les serres litt\u00e9raires tour \u00e0 tour prennent le contre-pied des jardins d\u2019hiver r\u00e9els ou agissent comme un r\u00e9v\u00e9lateur \u00e0 leur \u00e9gard, t\u00e9moignant de la posture \u00e9minemment ambivalente entretenue par la fin-de-si\u00e8cle avec son \u00e9poque.<\/p>\n<p>188 p.<\/p>\n","protected":false},"excerpt":{"rendered":"<p>Jardins d&rsquo;hiver et de papier Regards crois\u00e9s sur le jardin d&rsquo;hiver dans le Paris et la litt\u00e9rature fin-de-si\u00e8cle: un espace entre science et imaginaire Maryline Cettou Pr\u00e9face de Philippe Junod &hellip; <\/p>\n","protected":false},"author":241,"featured_media":0,"parent":0,"menu_order":0,"comment_status":"closed","ping_status":"closed","template":"","meta":{"_seopress_robots_primary_cat":"","_seopress_titles_title":"","_seopress_titles_desc":"","_seopress_robots_index":"","footnotes":""},"class_list":["post-179","page","type-page","status-publish"],"_links":{"self":[{"href":"https:\/\/wp.unil.ch\/archipelessais\/wp-json\/wp\/v2\/pages\/179","targetHints":{"allow":["GET"]}}],"collection":[{"href":"https:\/\/wp.unil.ch\/archipelessais\/wp-json\/wp\/v2\/pages"}],"about":[{"href":"https:\/\/wp.unil.ch\/archipelessais\/wp-json\/wp\/v2\/types\/page"}],"author":[{"embeddable":true,"href":"https:\/\/wp.unil.ch\/archipelessais\/wp-json\/wp\/v2\/users\/241"}],"replies":[{"embeddable":true,"href":"https:\/\/wp.unil.ch\/archipelessais\/wp-json\/wp\/v2\/comments?post=179"}],"version-history":[{"count":0,"href":"https:\/\/wp.unil.ch\/archipelessais\/wp-json\/wp\/v2\/pages\/179\/revisions"}],"wp:attachment":[{"href":"https:\/\/wp.unil.ch\/archipelessais\/wp-json\/wp\/v2\/media?parent=179"}],"curies":[{"name":"wp","href":"https:\/\/api.w.org\/{rel}","templated":true}]}}