{"id":177,"date":"2012-03-20T11:09:07","date_gmt":"2012-03-20T10:09:07","guid":{"rendered":"http:\/\/wp.unil.ch\/archipelessais\/?page_id=177"},"modified":"2013-08-08T11:21:53","modified_gmt":"2013-08-08T09:21:53","slug":"laurent","status":"publish","type":"page","link":"https:\/\/wp.unil.ch\/archipelessais\/laurent\/","title":{"rendered":"Volume 8"},"content":{"rendered":"<h1><\/h1>\n<h1>Le pur et le puissant<\/h1>\n<div><em>Callimaque et Segalen. Enqu\u00eate sur l&rsquo;\u00e9nonc\u00e9 litt\u00e9raire<br \/>\n<\/em><\/div>\n<div>\n<div><strong>Maxime Laurent<br \/>\n<\/strong><\/div>\n<\/div>\n<p><strong><em><\/em><\/strong>Pr\u00e9face de No\u00ebl Cordonier et Martin Steinrueck, 2003.<\/p>\n<p><strong><br \/>\nP<\/strong>lus encore que d&rsquo;\u0153uvres singuli\u00e8res, Segalen (1878-1919) s&rsquo;est voulu po\u00e8te et cr\u00e9ateur <a href=\"https:\/\/wp.unil.ch\/archipelessais\/files\/2012\/01\/Essais8couv2.gif\"><img alt=\"\" loading=\"lazy\" decoding=\"async\" class=\"alignright size-medium wp-image-56\" alt=\"\" src=\"https:\/\/wp.unil.ch\/archipelessais\/files\/2012\/01\/Essais8couv2-184x300.gif\" width=\"184\" height=\"300\" srcset=\"https:\/\/wp.unil.ch\/archipelessais\/files\/2012\/01\/Essais8couv2-184x300.gif 184w, https:\/\/wp.unil.ch\/archipelessais\/files\/2012\/01\/Essais8couv2.gif 493w\" sizes=\"auto, (max-width: 184px) 100vw, 184px\" \/><\/a>de genres. Car ce dont il se soucie, ce n&rsquo;est pas tant le po\u00e8me lui-m\u00eame, qu&rsquo;en aval du po\u00e8me, la relation litt\u00e9raire qu&rsquo;il engage. Un po\u00e8me vaut donc surtout comme exemple, comme item de collections. Tout aussi vari\u00e9 et ambitieux, Callimaque (3e si\u00e8cle av. J.-C.) compose \u00e9galement des collections de po\u00e8mes\u00a0: un recueil de <em>Iambes<\/em>, un autre d&rsquo;<em>Hymnes<\/em>\u00a0; et comme Segalen, il invente de nouveaux genres\u00a0: les quatres livres d&rsquo;<em>Aitia<\/em>. Chez l&rsquo;un comme chez l&rsquo;autre, la verve pol\u00e9mique d\u00e9fend une nouvelle conception de la po\u00e9sie, comprise comme l&rsquo;invention d&rsquo;un nouveau rapport au texte. C&rsquo;est sans doute pourquoi ces po\u00e8tes que deux mill\u00e9naires s\u00e9parent ont au moins de commun, et de contemporain, quelques tics de leurs litt\u00e9ratures secondaires. On y voit aujourd&rsquo;hui des po\u00e9tiques dialogiques, orientant tout le travail cr\u00e9ateur sur le moment de la r\u00e9ception &#8211; ce qui est juste. Mais il arrive qu&rsquo;on parle aussi, \u00e0 leur propos, d&rsquo;une \u00e9mancipation du po\u00e9tique ou de la mise en oeuvre d&rsquo;un pouvoir-faire autonome. Au pouvoir et \u00e0 ce qui s&rsquo;y entend d&rsquo;effectif, l&rsquo;auteur de l\u2019ouvrage oppose la puissance et ce qui en elle demeure virtuel. Loin d&rsquo;un pouvoir-faire \u00e9mancip\u00e9, la litt\u00e9rature semble selon l\u2019auteur proc\u00e9der d&rsquo;abord et surtout d&rsquo;un paradoxal (im)pouvoir \u2014 d&rsquo;un pouvoir qui ne peut que pouvoir, sans faire.<\/p>\n<p>157 p.<\/p>\n","protected":false},"excerpt":{"rendered":"<p>Le pur et le puissant Callimaque et Segalen. Enqu\u00eate sur l&rsquo;\u00e9nonc\u00e9 litt\u00e9raire Maxime Laurent Pr\u00e9face de No\u00ebl Cordonier et Martin Steinrueck, 2003. Plus encore que d&rsquo;\u0153uvres singuli\u00e8res, Segalen (1878-1919) s&rsquo;est &hellip; <\/p>\n","protected":false},"author":241,"featured_media":0,"parent":0,"menu_order":0,"comment_status":"closed","ping_status":"closed","template":"","meta":{"_seopress_robots_primary_cat":"","_seopress_titles_title":"","_seopress_titles_desc":"","_seopress_robots_index":"","footnotes":""},"class_list":["post-177","page","type-page","status-publish"],"_links":{"self":[{"href":"https:\/\/wp.unil.ch\/archipelessais\/wp-json\/wp\/v2\/pages\/177","targetHints":{"allow":["GET"]}}],"collection":[{"href":"https:\/\/wp.unil.ch\/archipelessais\/wp-json\/wp\/v2\/pages"}],"about":[{"href":"https:\/\/wp.unil.ch\/archipelessais\/wp-json\/wp\/v2\/types\/page"}],"author":[{"embeddable":true,"href":"https:\/\/wp.unil.ch\/archipelessais\/wp-json\/wp\/v2\/users\/241"}],"replies":[{"embeddable":true,"href":"https:\/\/wp.unil.ch\/archipelessais\/wp-json\/wp\/v2\/comments?post=177"}],"version-history":[{"count":0,"href":"https:\/\/wp.unil.ch\/archipelessais\/wp-json\/wp\/v2\/pages\/177\/revisions"}],"wp:attachment":[{"href":"https:\/\/wp.unil.ch\/archipelessais\/wp-json\/wp\/v2\/media?parent=177"}],"curies":[{"name":"wp","href":"https:\/\/api.w.org\/{rel}","templated":true}]}}