{"id":173,"date":"2012-03-20T11:04:27","date_gmt":"2012-03-20T10:04:27","guid":{"rendered":"http:\/\/wp.unil.ch\/archipelessais\/?page_id=173"},"modified":"2013-08-08T11:23:04","modified_gmt":"2013-08-08T09:23:04","slug":"florey","status":"publish","type":"page","link":"https:\/\/wp.unil.ch\/archipelessais\/florey\/","title":{"rendered":"Volume 6"},"content":{"rendered":"<p>&nbsp;<\/p>\n<h1>Ren\u00e9 Girard, critique litt\u00e9raire?<\/h1>\n<div>\n<div><strong>Sonya Florey<br \/>\n<\/strong><\/div>\n<\/div>\n<p><strong><em><\/em><\/strong>Postface de No\u00ebl Cordonier, 2003.<\/p>\n<p><strong><br \/>\nP<\/strong>enseur inclassable, Ren\u00e9 Girard fascine par son <a href=\"https:\/\/wp.unil.ch\/archipelessais\/files\/2012\/01\/Essais6couv2.gif\"><img alt=\"\" loading=\"lazy\" decoding=\"async\" class=\"alignright size-medium wp-image-54\" alt=\"\" src=\"https:\/\/wp.unil.ch\/archipelessais\/files\/2012\/01\/Essais6couv2-184x300.gif\" width=\"184\" height=\"300\" srcset=\"https:\/\/wp.unil.ch\/archipelessais\/files\/2012\/01\/Essais6couv2-184x300.gif 184w, https:\/\/wp.unil.ch\/archipelessais\/files\/2012\/01\/Essais6couv2.gif 492w\" sizes=\"auto, (max-width: 184px) 100vw, 184px\" \/><\/a>\u00e9rudition ou d\u00e9range par son omnipr\u00e9sence\u00a0: philosophie, th\u00e9ologie, anthropologie, psychologie et litt\u00e9rature sont autant de champs d&rsquo;\u00e9tude qui dialoguent avec la th\u00e9orie du d\u00e9sir mim\u00e9tique. C&rsquo;est autour du Ren\u00e9 Girard \u00ab\u00a0originel\u00a0\u00bb, le critique litt\u00e9raire de <em>Mensonge romantique et v\u00e9rit\u00e9 romanesque<\/em>, que se construit l&rsquo;ouvrage, avec comme pr\u00e9occupation centrale le devenir de la litt\u00e9rature, une fois la machine th\u00e9orique girardienne engag\u00e9e.<\/p>\n<p>97 p.<\/p>\n","protected":false},"excerpt":{"rendered":"<p>&nbsp; Ren\u00e9 Girard, critique litt\u00e9raire? Sonya Florey Postface de No\u00ebl Cordonier, 2003. Penseur inclassable, Ren\u00e9 Girard fascine par son \u00e9rudition ou d\u00e9range par son omnipr\u00e9sence\u00a0: philosophie, th\u00e9ologie, anthropologie, psychologie et &hellip; <\/p>\n","protected":false},"author":241,"featured_media":0,"parent":0,"menu_order":0,"comment_status":"closed","ping_status":"closed","template":"","meta":{"_seopress_robots_primary_cat":"","_seopress_titles_title":"","_seopress_titles_desc":"","_seopress_robots_index":"","footnotes":""},"class_list":["post-173","page","type-page","status-publish"],"_links":{"self":[{"href":"https:\/\/wp.unil.ch\/archipelessais\/wp-json\/wp\/v2\/pages\/173","targetHints":{"allow":["GET"]}}],"collection":[{"href":"https:\/\/wp.unil.ch\/archipelessais\/wp-json\/wp\/v2\/pages"}],"about":[{"href":"https:\/\/wp.unil.ch\/archipelessais\/wp-json\/wp\/v2\/types\/page"}],"author":[{"embeddable":true,"href":"https:\/\/wp.unil.ch\/archipelessais\/wp-json\/wp\/v2\/users\/241"}],"replies":[{"embeddable":true,"href":"https:\/\/wp.unil.ch\/archipelessais\/wp-json\/wp\/v2\/comments?post=173"}],"version-history":[{"count":0,"href":"https:\/\/wp.unil.ch\/archipelessais\/wp-json\/wp\/v2\/pages\/173\/revisions"}],"wp:attachment":[{"href":"https:\/\/wp.unil.ch\/archipelessais\/wp-json\/wp\/v2\/media?parent=173"}],"curies":[{"name":"wp","href":"https:\/\/api.w.org\/{rel}","templated":true}]}}