{"id":148,"date":"2012-03-20T10:43:52","date_gmt":"2012-03-20T09:43:52","guid":{"rendered":"http:\/\/wp.unil.ch\/archipelessais\/?page_id=148"},"modified":"2013-08-08T11:23:46","modified_gmt":"2013-08-08T09:23:46","slug":"wahlen","status":"publish","type":"page","link":"https:\/\/wp.unil.ch\/archipelessais\/wahlen\/","title":{"rendered":"Volume 4"},"content":{"rendered":"<h1><\/h1>\n<h1>\u00ab\u00a0Je n&rsquo;en feray que che que j&rsquo;en aye empens\u00e9!\u00a0\u00bb<\/h1>\n<div><em>Le nain Tronc dans <\/em>Ysa\u00ffe le Triste<\/div>\n<div><\/div>\n<div><strong>Barbara Wahlen<br \/>\n<\/strong><\/div>\n<p>Pr\u00e9face de Jean-Claude M\u00fchlethaler, 2002.<\/p>\n<p>&nbsp;<\/p>\n<p><em><strong>Y<\/strong>sa\u00ffe le triste<\/em> raconte les aventures du h\u00e9ros \u00e9ponyme, fils de Tristan et Yseut, et celles <a href=\"https:\/\/wp.unil.ch\/archipelessais\/files\/2012\/01\/Essais4couv.gif\"><img alt=\"\" loading=\"lazy\" decoding=\"async\" class=\"alignright size-medium wp-image-52\" alt=\"\" src=\"https:\/\/wp.unil.ch\/archipelessais\/files\/2012\/01\/Essais4couv-184x300.gif\" width=\"184\" height=\"300\" srcset=\"https:\/\/wp.unil.ch\/archipelessais\/files\/2012\/01\/Essais4couv-184x300.gif 184w, https:\/\/wp.unil.ch\/archipelessais\/files\/2012\/01\/Essais4couv.gif 492w\" sizes=\"auto, (max-width: 184px) 100vw, 184px\" \/><\/a>de leur petit-fils, Marc l&rsquo;Essili\u00e9. L&rsquo;ouvrage est une \u00e9tude du personnage du nain, Tronc, fid\u00e8le serviteur des deux chevaliers, qui, sous son apparence mis\u00e9rable et hideuse, cache le roi de F\u00e9erie, le bel Aub\u00e9ron. Personnage fascinant, Tronc oscille entre deux p\u00f4les, endroit et envers de la morale chr\u00e9tienne, subtil m\u00e9lange de sagesse et de machiav\u00e9lisme diabolique, de g\u00e9n\u00e9rosit\u00e9 et de cruaut\u00e9. Trickster aux mille tours, il introduit la surprise, le d\u00e9calage de tons dans la succession pr\u00e9visible des exploits chevaleresques et entra\u00eene le r\u00e9cit sur des voies obliques\u00a0: celle du burlesque et du fabliau, d\u00e9tours de la narration qui se multiplient de fa\u00e7on jubilatoire.<\/p>\n<p>176 p.<\/p>\n","protected":false},"excerpt":{"rendered":"<p>\u00ab\u00a0Je n&rsquo;en feray que che que j&rsquo;en aye empens\u00e9!\u00a0\u00bb Le nain Tronc dans Ysa\u00ffe le Triste Barbara Wahlen Pr\u00e9face de Jean-Claude M\u00fchlethaler, 2002. &nbsp; Ysa\u00ffe le triste raconte les aventures &hellip; <\/p>\n","protected":false},"author":241,"featured_media":0,"parent":0,"menu_order":0,"comment_status":"closed","ping_status":"closed","template":"","meta":{"_seopress_robots_primary_cat":"","_seopress_titles_title":"","_seopress_titles_desc":"","_seopress_robots_index":"","footnotes":""},"class_list":["post-148","page","type-page","status-publish"],"_links":{"self":[{"href":"https:\/\/wp.unil.ch\/archipelessais\/wp-json\/wp\/v2\/pages\/148","targetHints":{"allow":["GET"]}}],"collection":[{"href":"https:\/\/wp.unil.ch\/archipelessais\/wp-json\/wp\/v2\/pages"}],"about":[{"href":"https:\/\/wp.unil.ch\/archipelessais\/wp-json\/wp\/v2\/types\/page"}],"author":[{"embeddable":true,"href":"https:\/\/wp.unil.ch\/archipelessais\/wp-json\/wp\/v2\/users\/241"}],"replies":[{"embeddable":true,"href":"https:\/\/wp.unil.ch\/archipelessais\/wp-json\/wp\/v2\/comments?post=148"}],"version-history":[{"count":0,"href":"https:\/\/wp.unil.ch\/archipelessais\/wp-json\/wp\/v2\/pages\/148\/revisions"}],"wp:attachment":[{"href":"https:\/\/wp.unil.ch\/archipelessais\/wp-json\/wp\/v2\/media?parent=148"}],"curies":[{"name":"wp","href":"https:\/\/api.w.org\/{rel}","templated":true}]}}