{"id":1351,"date":"2026-02-05T17:59:49","date_gmt":"2026-02-05T16:59:49","guid":{"rendered":"https:\/\/wp.unil.ch\/archipelessais\/?page_id=1351"},"modified":"2026-02-06T08:10:49","modified_gmt":"2026-02-06T07:10:49","slug":"volume-39","status":"publish","type":"page","link":"https:\/\/wp.unil.ch\/archipelessais\/volume-39\/","title":{"rendered":"Volume 39"},"content":{"rendered":"\n<p><strong>Sartre autobiographe<\/strong><\/p>\n\n\n\n<p>Enjeux de la posture auctoriale autour des <em>Mots<\/em>.<\/p>\n\n\n\n<p><strong><strong>Marie Schmidhauser<\/strong><\/strong><\/p>\n\n\n<div class=\"wp-block-image\">\n<figure class=\"alignright size-large is-resized\"><img loading=\"lazy\" decoding=\"async\" width=\"614\" height=\"1024\" src=\"https:\/\/wp.unil.ch\/archipelessais\/files\/2026\/02\/capture-decran-2026-02-05-a-17.32.11-614x1024.png\" alt=\"capture d\u2019e\u0301cran 2026 02 05 a\u0300 17.32.11\" class=\"wp-image-1342\" style=\"width:193px;height:auto\" srcset=\"https:\/\/wp.unil.ch\/archipelessais\/files\/2026\/02\/capture-decran-2026-02-05-a-17.32.11-614x1024.png 614w, https:\/\/wp.unil.ch\/archipelessais\/files\/2026\/02\/capture-decran-2026-02-05-a-17.32.11-180x300.png 180w, https:\/\/wp.unil.ch\/archipelessais\/files\/2026\/02\/capture-decran-2026-02-05-a-17.32.11-90x150.png 90w, https:\/\/wp.unil.ch\/archipelessais\/files\/2026\/02\/capture-decran-2026-02-05-a-17.32.11-768x1280.png 768w, https:\/\/wp.unil.ch\/archipelessais\/files\/2026\/02\/capture-decran-2026-02-05-a-17.32.11-922x1536.png 922w, https:\/\/wp.unil.ch\/archipelessais\/files\/2026\/02\/capture-decran-2026-02-05-a-17.32.11.png 1146w\" sizes=\"auto, (max-width: 614px) 100vw, 614px\" \/><\/figure>\n<\/div>\n\n\n<p>Dramaturge reconnu, auteur de conviction habitu\u00e9 des pol\u00e9miques, c\u2019est en s\u2019engageant sur le terrain de l\u2019autobiographie que Sartre r\u00e9alise n\u00e9anmoins son \u00ab coup de th\u00e9\u00e2tre \u00bb le plus inattendu au plan g\u00e9n\u00e9rique. Fervent d\u00e9tracteur de l\u2019\u00e9criture personnelle, il n\u2019avait, jusqu\u2019en 1964, jamais souscrit publiquement au r\u00e9cit de soi. Et pourtant, c\u2019est bien une autobiographie qu\u2019offre Sartre \u00e0 ses lecteurs dans <em>Les Mots<\/em>. Le texte, singulier en ce qu\u2019il se limite \u00e0 la narration de l\u2019enfance, l\u2019est aussi par son ambition de d\u00e9mystifier la vocation litt\u00e9raire ; l\u2019\u00e9criture symptomatisant, aux dires de l\u2019auteur, l\u2019int\u00e9riorisation n\u00e9vrotique d\u2019une enfance ali\u00e9nante dont le mythique sc\u00e9nario proc\u00e8de d\u2019une \u00ab Com\u00e9die familiale \u00bb qui n\u00e9gocie les fronti\u00e8res entre imaginaire et r\u00e9alit\u00e9.<\/p>\n\n\n\n<p>Appr\u00e9hendant l\u2019autobiographie sartrienne non pas dans sa seule dimension litt\u00e9raire et esth\u00e9tique, mais comme un objet de <em>discours<\/em>, la pr\u00e9sente recherche se propose d\u2019examiner ce texte en regard de la posture auctoriale que cet objet travaille \u00e0 construire. La confrontation des <em>Mots <\/em>avec un vaste corpus d\u2019entretiens accord\u00e9s par Sartre permet de mettre en exergue les singularit\u00e9s de sa posture d\u2019homme et d\u2019\u00e9crivain : les imp\u00e9ratifs de l\u2019engagement trouvant, au sein de l\u2019espace autobiographique, une expression in\u00e9dite et travers\u00e9e de paradoxes.<\/p>\n\n\n\n<p><\/p>\n\n\n\n<p>139 p.<\/p>\n\n\n\n<p><a href=\"https:\/\/wp.unil.ch\/archipelessais\/files\/2026\/02\/sommaire_39_schmidhauser.pdf\">Table des mati\u00e8res<\/a><br>Lire la <a href=\"https:\/\/wp.unil.ch\/archipelessais\/files\/2026\/02\/postface_schmidhauser_meizoz.pdf\">postface de J\u00e9r\u00f4me Meizoz<\/a><\/p>\n\n\n\n<p><\/p>\n","protected":false},"excerpt":{"rendered":"<p>Sartre autobiographe Enjeux de la posture auctoriale autour des Mots. Marie Schmidhauser Dramaturge reconnu, auteur de conviction habitu\u00e9 des pol\u00e9miques, c\u2019est en s\u2019engageant sur le terrain de l\u2019autobiographie que Sartre &hellip; <\/p>\n","protected":false},"author":1002139,"featured_media":0,"parent":0,"menu_order":0,"comment_status":"closed","ping_status":"closed","template":"","meta":{"_seopress_robots_primary_cat":"","_seopress_titles_title":"","_seopress_titles_desc":"","_seopress_robots_index":"","footnotes":""},"class_list":["post-1351","page","type-page","status-publish"],"_links":{"self":[{"href":"https:\/\/wp.unil.ch\/archipelessais\/wp-json\/wp\/v2\/pages\/1351","targetHints":{"allow":["GET"]}}],"collection":[{"href":"https:\/\/wp.unil.ch\/archipelessais\/wp-json\/wp\/v2\/pages"}],"about":[{"href":"https:\/\/wp.unil.ch\/archipelessais\/wp-json\/wp\/v2\/types\/page"}],"author":[{"embeddable":true,"href":"https:\/\/wp.unil.ch\/archipelessais\/wp-json\/wp\/v2\/users\/1002139"}],"replies":[{"embeddable":true,"href":"https:\/\/wp.unil.ch\/archipelessais\/wp-json\/wp\/v2\/comments?post=1351"}],"version-history":[{"count":3,"href":"https:\/\/wp.unil.ch\/archipelessais\/wp-json\/wp\/v2\/pages\/1351\/revisions"}],"predecessor-version":[{"id":1376,"href":"https:\/\/wp.unil.ch\/archipelessais\/wp-json\/wp\/v2\/pages\/1351\/revisions\/1376"}],"wp:attachment":[{"href":"https:\/\/wp.unil.ch\/archipelessais\/wp-json\/wp\/v2\/media?parent=1351"}],"curies":[{"name":"wp","href":"https:\/\/api.w.org\/{rel}","templated":true}]}}