{"id":1345,"date":"2026-02-05T17:49:32","date_gmt":"2026-02-05T16:49:32","guid":{"rendered":"https:\/\/wp.unil.ch\/archipelessais\/?page_id=1345"},"modified":"2026-02-06T08:11:22","modified_gmt":"2026-02-06T07:11:22","slug":"nouvelle-parution-janvier-2026","status":"publish","type":"page","link":"https:\/\/wp.unil.ch\/archipelessais\/nouvelle-parution-janvier-2026\/","title":{"rendered":"Volume 38"},"content":{"rendered":"\n<p><strong><br>Le livre mat\u00e9rialis\u00e9<\/strong><br>L\u2019imaginaire litt\u00e9raire de l\u2019objet-livre de 1880 \u00e0 1890<\/p>\n\n\n\n<p><strong><strong>Lo\u00efc Dalle<\/strong><\/strong><\/p>\n\n\n<div class=\"wp-block-image\">\n<figure class=\"alignright size-large is-resized\"><img loading=\"lazy\" decoding=\"async\" width=\"608\" height=\"1024\" src=\"https:\/\/wp.unil.ch\/archipelessais\/files\/2026\/02\/capture-decran-2026-02-05-a-17.30.52-608x1024.png\" alt=\"capture d\u2019e\u0301cran 2026 02 05 a\u0300 17.30.52\" class=\"wp-image-1340\" style=\"width:193px;height:auto\" srcset=\"https:\/\/wp.unil.ch\/archipelessais\/files\/2026\/02\/capture-decran-2026-02-05-a-17.30.52-608x1024.png 608w, https:\/\/wp.unil.ch\/archipelessais\/files\/2026\/02\/capture-decran-2026-02-05-a-17.30.52-178x300.png 178w, https:\/\/wp.unil.ch\/archipelessais\/files\/2026\/02\/capture-decran-2026-02-05-a-17.30.52-89x150.png 89w, https:\/\/wp.unil.ch\/archipelessais\/files\/2026\/02\/capture-decran-2026-02-05-a-17.30.52-768x1293.png 768w, https:\/\/wp.unil.ch\/archipelessais\/files\/2026\/02\/capture-decran-2026-02-05-a-17.30.52-912x1536.png 912w, https:\/\/wp.unil.ch\/archipelessais\/files\/2026\/02\/capture-decran-2026-02-05-a-17.30.52.png 1106w\" sizes=\"auto, (max-width: 608px) 100vw, 608px\" \/><\/figure>\n<\/div>\n\n\n<p>Des feuilles de papier plus ou moins grandes, une couverture en carton ou en cuir, de la colle ou du fil pour maintenir le tout. Un livre. Cet objet, introduit dans notre quotidien par les loisirs ou parfois par l\u2019enseignement, semble au XXIe si\u00e8cle d\u2019une grande trivialit\u00e9. Mais derri\u00e8re cette apparente banalit\u00e9, qu\u2019est-ce qu\u2019un livre ? Quelle est l\u2019histoire culturelle de cet objet, de ce support textuel, de cette marchandise ?<\/p>\n\n\n\n<p>R\u00e9volution industrielle, entr\u00e9e dans la civilisation du journal, \u00e9mergence d\u2019une culture de masse, le XIXe si\u00e8cle est un moment central pour la conception culturelle de l\u2019objet-livre. Devenu un bien de consommation, le livre catalyse la r\u00e9flexion des \u00e9crivains d\u00e9plorant la perte de statut symbolique autant qu\u2019ils louent sa nouvelle capacit\u00e9 de p\u00e9n\u00e9tration m\u00e9diatique. D\u00e8s lors, les auteurs pensent <em>leur <\/em>objet dans sa mat\u00e9rialit\u00e9, s\u2019interrogeant sur son histoire, son actualit\u00e9 et son devenir.<\/p>\n\n\n\n<p>Cet essai nous plonge au c\u0153ur de la repr\u00e9sentation et de l\u2019imaginaire de l\u2019objet-livre au gr\u00e9 des textes du XIXe si\u00e8cle. De Hugo \u00e0 Huysmans, en passant par Gautier, Flaubert ou encore par des rapports d\u2019Exposition universelle, nous nous demanderons : comment se mat\u00e9rialise le livre ?<\/p>\n\n\n\n<p>139 p.<\/p>\n\n\n\n<p><a href=\"https:\/\/wp.unil.ch\/archipelessais\/files\/2026\/02\/sommaire_38_l_dalle.pdf\">Table des mati\u00e8res<\/a><br>Lire la <a href=\"https:\/\/wp.unil.ch\/archipelessais\/files\/2026\/02\/postface_dalle_caraion.pdf\">postface de Marta Caraion<\/a><\/p>\n\n\n\n<p><strong><br><\/strong><\/p>\n","protected":false},"excerpt":{"rendered":"<p>Le livre mat\u00e9rialis\u00e9L\u2019imaginaire litt\u00e9raire de l\u2019objet-livre de 1880 \u00e0 1890 Lo\u00efc Dalle Des feuilles de papier plus ou moins grandes, une couverture en carton ou en cuir, de la colle &hellip; <\/p>\n","protected":false},"author":1002139,"featured_media":0,"parent":0,"menu_order":0,"comment_status":"closed","ping_status":"closed","template":"","meta":{"_seopress_robots_primary_cat":"","_seopress_titles_title":"","_seopress_titles_desc":"","_seopress_robots_index":"","footnotes":""},"class_list":["post-1345","page","type-page","status-publish"],"_links":{"self":[{"href":"https:\/\/wp.unil.ch\/archipelessais\/wp-json\/wp\/v2\/pages\/1345","targetHints":{"allow":["GET"]}}],"collection":[{"href":"https:\/\/wp.unil.ch\/archipelessais\/wp-json\/wp\/v2\/pages"}],"about":[{"href":"https:\/\/wp.unil.ch\/archipelessais\/wp-json\/wp\/v2\/types\/page"}],"author":[{"embeddable":true,"href":"https:\/\/wp.unil.ch\/archipelessais\/wp-json\/wp\/v2\/users\/1002139"}],"replies":[{"embeddable":true,"href":"https:\/\/wp.unil.ch\/archipelessais\/wp-json\/wp\/v2\/comments?post=1345"}],"version-history":[{"count":5,"href":"https:\/\/wp.unil.ch\/archipelessais\/wp-json\/wp\/v2\/pages\/1345\/revisions"}],"predecessor-version":[{"id":1377,"href":"https:\/\/wp.unil.ch\/archipelessais\/wp-json\/wp\/v2\/pages\/1345\/revisions\/1377"}],"wp:attachment":[{"href":"https:\/\/wp.unil.ch\/archipelessais\/wp-json\/wp\/v2\/media?parent=1345"}],"curies":[{"name":"wp","href":"https:\/\/api.w.org\/{rel}","templated":true}]}}